{"id":18178,"date":"2021-11-03T13:30:21","date_gmt":"2021-11-03T13:30:21","guid":{"rendered":"https:\/\/skan.com\/?page_id=18178"},"modified":"2021-11-20T10:10:34","modified_gmt":"2021-11-20T10:10:34","slug":"produkte-pure-solutions","status":"publish","type":"page","link":"https:\/\/skan.com\/en\/products-pure-solutions\/","title":{"rendered":"Products Pure Solutions"},"content":{"rendered":"","protected":false},"excerpt":{"rendered":"","protected":false},"author":17,"featured_media":0,"parent":0,"menu_order":0,"comment_status":"closed","ping_status":"closed","template":"pages\/workbenches-home.php","meta":{"_acf_changed":false,"inline_featured_image":false,"footnotes":""},"class_list":["post-18178","page","type-page","status-publish","hentry"],"acf":[],"yoast_head":"<!-- This site is optimized with the Yoast SEO plugin v26.9 - https:\/\/yoast.com\/product\/yoast-seo-wordpress\/ -->\n<title>Products Pure Solutions - SKAN<\/title>\n<meta name=\"description\" content=\"Die Pure Solutions bietet eine grosse Bandbreite an Produkten f\u00fcr Labor und Forschung, Biotec und Life Sciences, Medizinaltechnik, Spital und Apotheke, Lebensmittelindustrie und Mechatronik. Von Sicherheitswerkb\u00e4nken \u00fcber Laminar Flows zu Abz\u00fcgen und Zubeh\u00f6r.\" \/>\n<meta name=\"robots\" content=\"index, follow, max-snippet:-1, max-image-preview:large, max-video-preview:-1\" \/>\n<link rel=\"canonical\" href=\"https:\/\/skan.com\/en\/products-pure-solutions\/\" \/>\n<meta property=\"og:locale\" content=\"en_US\" \/>\n<meta property=\"og:type\" content=\"article\" \/>\n<meta property=\"og:title\" content=\"Products Pure Solutions - SKAN\" \/>\n<meta property=\"og:description\" content=\"Die Pure Solutions bietet eine grosse Bandbreite an Produkten f\u00fcr Labor und Forschung, Biotec und Life Sciences, Medizinaltechnik, Spital und Apotheke, Lebensmittelindustrie und Mechatronik. Von Sicherheitswerkb\u00e4nken \u00fcber Laminar Flows zu Abz\u00fcgen und Zubeh\u00f6r.\" \/>\n<meta property=\"og:url\" content=\"https:\/\/skan.com\/en\/products-pure-solutions\/\" \/>\n<meta property=\"og:site_name\" content=\"SKAN\" \/>\n<meta property=\"article:modified_time\" content=\"2021-11-20T10:10:34+00:00\" \/>\n<meta name=\"twitter:card\" content=\"summary_large_image\" \/>\n<script type=\"application\/ld+json\" class=\"yoast-schema-graph\">{\"@context\":\"https:\/\/schema.org\",\"@graph\":[{\"@type\":\"WebPage\",\"@id\":\"https:\/\/skan.com\/en\/products-pure-solutions\/\",\"url\":\"https:\/\/skan.com\/en\/products-pure-solutions\/\",\"name\":\"Products Pure Solutions - SKAN\",\"isPartOf\":{\"@id\":\"https:\/\/skan.com\/en\/#website\"},\"datePublished\":\"2021-11-03T13:30:21+00:00\",\"dateModified\":\"2021-11-20T10:10:34+00:00\",\"description\":\"Die Pure Solutions bietet eine grosse Bandbreite an Produkten f\u00fcr Labor und Forschung, Biotec und Life Sciences, Medizinaltechnik, Spital und Apotheke, Lebensmittelindustrie und Mechatronik. Von Sicherheitswerkb\u00e4nken \u00fcber Laminar Flows zu Abz\u00fcgen und Zubeh\u00f6r.\",\"breadcrumb\":{\"@id\":\"https:\/\/skan.com\/en\/products-pure-solutions\/#breadcrumb\"},\"inLanguage\":\"en-US\",\"potentialAction\":[{\"@type\":\"ReadAction\",\"target\":[\"https:\/\/skan.com\/en\/products-pure-solutions\/\"]}]},{\"@type\":\"BreadcrumbList\",\"@id\":\"https:\/\/skan.com\/en\/products-pure-solutions\/#breadcrumb\",\"itemListElement\":[{\"@type\":\"ListItem\",\"position\":1,\"name\":\"Home\",\"item\":\"https:\/\/skan.com\/en\/\"},{\"@type\":\"ListItem\",\"position\":2,\"name\":\"Products Pure Solutions\"}]},{\"@type\":\"WebSite\",\"@id\":\"https:\/\/skan.com\/en\/#website\",\"url\":\"https:\/\/skan.com\/en\/\",\"name\":\"SKAN\",\"description\":\"Ihr Partner f\u00fcr modernste aseptische L\u00f6sungen\",\"potentialAction\":[{\"@type\":\"SearchAction\",\"target\":{\"@type\":\"EntryPoint\",\"urlTemplate\":\"https:\/\/skan.com\/en\/?s={search_term_string}\"},\"query-input\":{\"@type\":\"PropertyValueSpecification\",\"valueRequired\":true,\"valueName\":\"search_term_string\"}}],\"inLanguage\":\"en-US\"}]}<\/script>\n<!-- \/ Yoast SEO plugin. -->","yoast_head_json":{"title":"Products Pure Solutions - SKAN","description":"Die Pure Solutions bietet eine grosse Bandbreite an Produkten f\u00fcr Labor und Forschung, Biotec und Life Sciences, Medizinaltechnik, Spital und Apotheke, Lebensmittelindustrie und Mechatronik. Von Sicherheitswerkb\u00e4nken \u00fcber Laminar Flows zu Abz\u00fcgen und Zubeh\u00f6r.","robots":{"index":"index","follow":"follow","max-snippet":"max-snippet:-1","max-image-preview":"max-image-preview:large","max-video-preview":"max-video-preview:-1"},"canonical":"https:\/\/skan.com\/en\/products-pure-solutions\/","og_locale":"en_US","og_type":"article","og_title":"Products Pure Solutions - SKAN","og_description":"Die Pure Solutions bietet eine grosse Bandbreite an Produkten f\u00fcr Labor und Forschung, Biotec und Life Sciences, Medizinaltechnik, Spital und Apotheke, Lebensmittelindustrie und Mechatronik. Von Sicherheitswerkb\u00e4nken \u00fcber Laminar Flows zu Abz\u00fcgen und Zubeh\u00f6r.","og_url":"https:\/\/skan.com\/en\/products-pure-solutions\/","og_site_name":"SKAN","article_modified_time":"2021-11-20T10:10:34+00:00","twitter_card":"summary_large_image","schema":{"@context":"https:\/\/schema.org","@graph":[{"@type":"WebPage","@id":"https:\/\/skan.com\/en\/products-pure-solutions\/","url":"https:\/\/skan.com\/en\/products-pure-solutions\/","name":"Products Pure Solutions - SKAN","isPartOf":{"@id":"https:\/\/skan.com\/en\/#website"},"datePublished":"2021-11-03T13:30:21+00:00","dateModified":"2021-11-20T10:10:34+00:00","description":"Die Pure Solutions bietet eine grosse Bandbreite an Produkten f\u00fcr Labor und Forschung, Biotec und Life Sciences, Medizinaltechnik, Spital und Apotheke, Lebensmittelindustrie und Mechatronik. Von Sicherheitswerkb\u00e4nken \u00fcber Laminar Flows zu Abz\u00fcgen und Zubeh\u00f6r.","breadcrumb":{"@id":"https:\/\/skan.com\/en\/products-pure-solutions\/#breadcrumb"},"inLanguage":"en-US","potentialAction":[{"@type":"ReadAction","target":["https:\/\/skan.com\/en\/products-pure-solutions\/"]}]},{"@type":"BreadcrumbList","@id":"https:\/\/skan.com\/en\/products-pure-solutions\/#breadcrumb","itemListElement":[{"@type":"ListItem","position":1,"name":"Home","item":"https:\/\/skan.com\/en\/"},{"@type":"ListItem","position":2,"name":"Products Pure Solutions"}]},{"@type":"WebSite","@id":"https:\/\/skan.com\/en\/#website","url":"https:\/\/skan.com\/en\/","name":"SKAN","description":"Ihr Partner f\u00fcr modernste aseptische L\u00f6sungen","potentialAction":[{"@type":"SearchAction","target":{"@type":"EntryPoint","urlTemplate":"https:\/\/skan.com\/en\/?s={search_term_string}"},"query-input":{"@type":"PropertyValueSpecification","valueRequired":true,"valueName":"search_term_string"}}],"inLanguage":"en-US"}]}},"_links":{"self":[{"href":"https:\/\/skan.com\/en\/wp-json\/wp\/v2\/pages\/18178","targetHints":{"allow":["GET"]}}],"collection":[{"href":"https:\/\/skan.com\/en\/wp-json\/wp\/v2\/pages"}],"about":[{"href":"https:\/\/skan.com\/en\/wp-json\/wp\/v2\/types\/page"}],"author":[{"embeddable":true,"href":"https:\/\/skan.com\/en\/wp-json\/wp\/v2\/users\/17"}],"replies":[{"embeddable":true,"href":"https:\/\/skan.com\/en\/wp-json\/wp\/v2\/comments?post=18178"}],"version-history":[{"count":5,"href":"https:\/\/skan.com\/en\/wp-json\/wp\/v2\/pages\/18178\/revisions"}],"predecessor-version":[{"id":18262,"href":"https:\/\/skan.com\/en\/wp-json\/wp\/v2\/pages\/18178\/revisions\/18262"}],"wp:attachment":[{"href":"https:\/\/skan.com\/en\/wp-json\/wp\/v2\/media?parent=18178"}],"curies":[{"name":"wp","href":"https:\/\/api.w.org\/{rel}","templated":true}]}}