{"id":12456,"date":"2021-08-12T14:46:06","date_gmt":"2021-08-12T14:46:06","guid":{"rendered":"https:\/\/skan.clients.ideeal.ch\/?page_id=12456"},"modified":"2025-07-08T07:12:49","modified_gmt":"2025-07-08T07:12:49","slug":"qualitaetskontrolle","status":"publish","type":"page","link":"https:\/\/skan.com\/en\/services\/quality-control\/","title":{"rendered":"Quality Control"},"content":{"rendered":"\t<!-- section hero-->\r\n\t<section id=\"section-hero-block_908be20642bdd19fae772c9260058806\" class=\"section-hero full-height-screen viewport-section\" >\r\n\t\t\t\t\t<a class=\"link-page-back cusomt-mod\" href=\"https:\/\/skan.com\/en\/\" target=\"_self\">\r\n\t\t\t\t<span class=\"page-name\">Home<\/span>\r\n\t\t\t<\/a>\r\n\t\t\t\t<div class=\"container-fluid\">\r\n\t\t\t<div class=\"full-width-row full-height-holder df-row\">\r\n\t\t\t\t\t\t\t\t\t<div class=\"column-text col-lg-6\">\r\n\t\t\t\t\t\t<div class=\"banner-text text-lead text-secondary js-anim-delay-parent-500 js-anim-default-parent\">\r\n\t\t\t\t\t\t\t<h1>Quality Control<\/h1>\n<p>The experts for H<sub>2<\/sub>O<sub>2<\/sub>-based decontamination systems<\/p>\n\t\t\t\t\t\t\t\t\t\t\t\t\t\t<div class=\"scroll-down-block d-lg-block\">\r\n\t\t\t\t\t\t\t\t<a class=\"link-anchor link-anchor-down\" href=\"#anchor-block\">\r\n\t\t\t\t\t\t\t\t\tScroll down\t\t\t\t\t\t\t\t<\/a>\r\n\t\t\t\t\t\t\t<\/div>\r\n\t\t\t\t\t\t<\/div>\r\n\t\t\t\t\t<\/div>\r\n\t\t\t\t\t            \t\t\t\t\t<div class=\"column-image col-lg-6\">\r\n\t\t\t\t\t\t                                                            <div class=\"visual-box animImage\">\r\n                                                            <picture>\r\n                                                                            <source type=\"image\/jpeg\" srcset=\"https:\/\/skan.com\/wp-content\/uploads\/skan-services-overview-quality-control.jpg 375w, https:\/\/skan.com\/wp-content\/uploads\/skan-services-overview-quality-control.jpg 750w\" sizes=\"100vw\" media=\"(max-width: 767px)\"\/>\r\n                                                                        <source type=\"image\/jpeg\" srcset=\"https:\/\/skan.com\/wp-content\/uploads\/skan-services-overview-quality-control.jpg 736w, https:\/\/skan.com\/wp-content\/uploads\/skan-services-overview-quality-control.jpg 1472w\" sizes=\"(min-width: 768px) 50vw, 100vw\"\/>\r\n                                    <img loading=\"lazy\" decoding=\"async\" width=\"1472\" height=\"2000\" src=\"https:\/\/skan.com\/wp-content\/uploads\/skan-services-overview-quality-control.jpg\" class=\"attachment-full size-full\" alt=\"Frau mit Maske vergleicht zwei Reagenzgl\u00e4ser\" \/>                                <\/picture>\r\n                            <\/div>\t\t\t\t\t\t                        \t\t\t\t\t<\/div>\r\n\t            \t\t\t<\/div>\r\n\t\t<\/div>\r\n\t<\/section>\r\n\t<div id=\"anchor-block\"><\/div>\r\n\n\n\t<section id=\"section-content-block_f869affec7a4538b920c9f8ab51f3192\" class=\"section-content info-section-2-columns\">\r\n\t\t<div class=\"container-fluid\">\r\n\t\t\t<div class=\"two-blocks-content\">\r\n\t\t\t\t\t\t\t\t\t<div class=\"article-wrap\">\r\n\t\t\t\t\t\t\t\t\t\t\t\t\t<div class=\"block heading-block\">\r\n\t\t\t\t\t\t\t\t<p>The SKAN Laboratories department is specialized in biological indicators for H<sub>2<\/sub>O<sub>2<\/sub>-based decontamination systems.<\/p>\n\t\t\t\t\t\t\t<\/div>\r\n\t\t\t\t\t\t\t\t\t\t\t\t\t\t\t\t\t\t\t\t\t\t\t\t\t<div class=\"block\">\r\n\t\t\t\t\t\t\t\t<p>The decontamination of isolators and pharmaceutical equipment based on H<sub>2<\/sub>O<sub>2<\/sub> is an established process which is constantly improved and extended by research in SKAN Laboratories. The experienced team of SKAN Laboratories combines the knowledge of microbiology, bioprocess engineering, qualification engineers, and quality assurance experts to determine the right process and the ideal biological indicators for each application.<\/p>\n<p>This expertise enables us to deliver quality products with approved biological indicators along with the associated controls and efficient customer support to meet even the most stringent requirements.<\/p>\n\t\t\t\t\t\t\t<\/div>\r\n\t\t\t\t\t\t\t\t\t\t\t\t\t\t\t\t\t\t\t\t\t\t\t\t\t\t\t\t\t<\/div>\r\n\t\t\t\t\t\t\t\t\t\t\t<\/div>\r\n\t\t<\/div>\r\n\t<\/section>\r\n\n\n\t<!-- section visuals-->\r\n\t<div id=\"section-visuals-block_eaaa21e39843b61ed61587d025cd78ff\" class=\"section-main section-visuals\">\r\n\t\t<div class=\"visuals-container container-fluid\">\r\n\t\t\t<div class=\"full-width-row\">\r\n\t\t\t\t<div class=\"visuals-row js-masonry\" data-masonry-options=\"{&quot;itemSelector&quot;: &quot;.grid-item&quot;, &quot;percentPosition&quot;: true }\">\r\n\t\t\t\t\t\t\t\t\t\t\t\t\t\t\t\t\t\t\t\t\t\t\t<div class=\"visual-column grid-item has-heading\">\r\n\t\t\t\t\t\t\t\t\t\t\t\t\t\t\t\t\t<h2 class=\"visuals-title\">Our services<\/h2>\r\n\t\t\t\t\t\t\t\t\t\t\t\t\t\t\t\t<a class=\"card-visual card-animated card-short\" href=\"https:\/\/skan.com\/en\/services\/quality-control\/viable-spore-count-vsc\/\" target=\"_self\">\r\n\t\t\t\t\t\t\t\t\t<div class=\"card-img\" >\r\n\t\t\t\t\t\t\t\t\t\t\t\t\t\t\t\t\t\t\t\t\t\t\t\t\t\t\t\t\t\t\t<picture>\r\n\t\t\t\t\t\t\t\t\t\t\t\t\t\t\t\t\t\t\t\t\t\t\t\t\t<source type=\"image\/jpeg\" srcset=\"https:\/\/skan.com\/wp-content\/uploads\/skan-services-quality-control-viable-spore-count-vsc.jpg 375w, https:\/\/skan.com\/wp-content\/uploads\/skan-services-quality-control-viable-spore-count-vsc.jpg 750w\" sizes=\"100vw \" media=\"(max-width: 767px)\"\/>\r\n\t\t\t\t\t\t\t\t\t\t\t\t\t\t\t\t\t\t\t\t\t\t\t\t<source type=\"image\/jpeg\" srcset=\"https:\/\/skan.com\/wp-content\/uploads\/skan-services-quality-control-viable-spore-count-vsc.jpg 736w, https:\/\/skan.com\/wp-content\/uploads\/skan-services-quality-control-viable-spore-count-vsc.jpg 1472w\" sizes=\"(min-width: 768px) 50vw, 100vw\"\/>\r\n\t\t\t\t\t\t\t\t\t\t\t\t<img loading=\"lazy\" decoding=\"async\" width=\"1472\" height=\"2000\" src=\"https:\/\/skan.com\/wp-content\/uploads\/skan-services-quality-control-viable-spore-count-vsc.jpg\" class=\"attachment-full size-full\" alt=\"Laborantin pr\u00fcft den Inhalt einer Petrischale\" \/>\t\t\t\t\t\t\t\t\t\t\t<\/picture>\r\n\t\t\t\t\t\t\t\t\t\t\t\t\t\t\t\t\t\t\t<\/div>\r\n\t\t\t\t\t\t\t\t\t\t\t\t\t\t\t\t\t\t\t<div class=\"card-body-wrap\">\r\n\t\t\t\t\t\t\t\t\t\t\t<div class=\"card-body\">\r\n\t\t\t\t\t\t\t\t\t\t\t\t\t\t\t\t\t\t\t\t\t\t\t\t\t<h2 class=\"card-title\">Viable Spore Count (VSC)<\/h2>\r\n\t\t\t\t\t\t\t\t\t\t\t\t\t\t\t\t\t\t\t\t\t\t\t\t\t\t\t\t\t\t\t\t\t\t\t\t\t<p>Evaluation of the spore population on biological indicators<\/p>\r\n\t\t\t\t\t\t\t\t\t\t\t\t\t\t\t\t\t\t\t\t\t\t\t\t\t\t\t\t\t\t\t\t\t\t\t\t\t<div class=\"link-wrap\">\r\n\t\t\t\t\t\t\t\t\t\t\t\t\t\t<span class=\"link-arrowed\">Read more<\/span>\r\n\t\t\t\t\t\t\t\t\t\t\t\t\t<\/div>\r\n\t\t\t\t\t\t\t\t\t\t\t\t\t\t\t\t\t\t\t\t\t\t\t<\/div>\r\n\t\t\t\t\t\t\t\t\t\t<\/div>\r\n\t\t\t\t\t\t\t\t\t\t\t\t\t\t\t\t\t<\/a>\r\n\t\t\t\t\t\t\t<\/div>\r\n\t\t\t\t\t\t\t\t\t\t\t\t\t\t\t\t\t\t\t\t\t\t\t\t\t\t\t\t\t\t\t<div class=\"visual-column grid-item \">\r\n\t\t\t\t\t\t\t\t\t\t\t\t\t\t\t\t<a class=\"card-visual card-animated card-long\" href=\"https:\/\/skan.com\/en\/services\/quality-control\/d-value-estimation\/\" target=\"_self\">\r\n\t\t\t\t\t\t\t\t\t<div class=\"card-img\" >\r\n\t\t\t\t\t\t\t\t\t\t\t\t\t\t\t\t\t\t\t\t\t\t\t\t\t\t\t\t\t\t\t<picture>\r\n\t\t\t\t\t\t\t\t\t\t\t\t\t\t\t\t\t\t\t\t\t\t\t\t\t<source type=\"image\/jpeg\" srcset=\"https:\/\/skan.com\/wp-content\/uploads\/skan-services-quality-control-d-value-estimation.jpg 375w, https:\/\/skan.com\/wp-content\/uploads\/skan-services-quality-control-d-value-estimation.jpg 750w\" sizes=\"100vw \" media=\"(max-width: 767px)\"\/>\r\n\t\t\t\t\t\t\t\t\t\t\t\t\t\t\t\t\t\t\t\t\t\t\t\t<source type=\"image\/jpeg\" srcset=\"https:\/\/skan.com\/wp-content\/uploads\/skan-services-quality-control-d-value-estimation.jpg 736w, https:\/\/skan.com\/wp-content\/uploads\/skan-services-quality-control-d-value-estimation.jpg 1472w\" sizes=\"(min-width: 768px) 50vw, 100vw\"\/>\r\n\t\t\t\t\t\t\t\t\t\t\t\t<img loading=\"lazy\" decoding=\"async\" width=\"1472\" height=\"2000\" src=\"https:\/\/skan.com\/wp-content\/uploads\/skan-services-quality-control-d-value-estimation.jpg\" class=\"attachment-full size-full\" alt=\"Qualit\u00e4tssicherungspr\u00fcfung f\u00fcr biologische Indikatoren\" \/>\t\t\t\t\t\t\t\t\t\t\t<\/picture>\r\n\t\t\t\t\t\t\t\t\t\t\t\t\t\t\t\t\t\t\t<\/div>\r\n\t\t\t\t\t\t\t\t\t\t\t\t\t\t\t\t\t\t\t<div class=\"card-body-wrap\">\r\n\t\t\t\t\t\t\t\t\t\t\t<div class=\"card-body\">\r\n\t\t\t\t\t\t\t\t\t\t\t\t\t\t\t\t\t\t\t\t\t\t\t\t\t<h2 class=\"card-title\">D-Value Estimation<\/h2>\r\n\t\t\t\t\t\t\t\t\t\t\t\t\t\t\t\t\t\t\t\t\t\t\t\t\t\t\t\t\t\t\t\t\t\t\t\t\t<p>Evaluation of the spore\u2019s resistance on biological indicators<\/p>\r\n\t\t\t\t\t\t\t\t\t\t\t\t\t\t\t\t\t\t\t\t\t\t\t\t\t\t\t\t\t\t\t\t\t\t\t\t\t<div class=\"link-wrap\">\r\n\t\t\t\t\t\t\t\t\t\t\t\t\t\t<span class=\"link-arrowed\">Read more<\/span>\r\n\t\t\t\t\t\t\t\t\t\t\t\t\t<\/div>\r\n\t\t\t\t\t\t\t\t\t\t\t\t\t\t\t\t\t\t\t\t\t\t\t<\/div>\r\n\t\t\t\t\t\t\t\t\t\t<\/div>\r\n\t\t\t\t\t\t\t\t\t\t\t\t\t\t\t\t\t<\/a>\r\n\t\t\t\t\t\t\t<\/div>\r\n\t\t\t\t\t\t\t\t\t\t\t\t\t\t\t\t\t\t\t\t\t\t\t\t\t\t\t\t\t\t\t<div class=\"visual-column grid-item \">\r\n\t\t\t\t\t\t\t\t\t\t\t\t\t\t\t\t<a class=\"card-visual card-animated card-short\" href=\"https:\/\/skan.com\/en\/services\/quality-control\/d-value-determination\/\" target=\"_self\">\r\n\t\t\t\t\t\t\t\t\t<div class=\"card-img\" >\r\n\t\t\t\t\t\t\t\t\t\t\t\t\t\t\t\t\t\t\t\t\t\t\t\t\t\t\t\t\t\t\t<picture>\r\n\t\t\t\t\t\t\t\t\t\t\t\t\t\t\t\t\t\t\t\t\t\t\t\t\t<source type=\"image\/jpeg\" srcset=\"https:\/\/skan.com\/wp-content\/uploads\/skan-sevices-quality-control-d-value-determination.jpg 375w, https:\/\/skan.com\/wp-content\/uploads\/skan-sevices-quality-control-d-value-determination.jpg 750w\" sizes=\"100vw \" media=\"(max-width: 767px)\"\/>\r\n\t\t\t\t\t\t\t\t\t\t\t\t\t\t\t\t\t\t\t\t\t\t\t\t<source type=\"image\/jpeg\" srcset=\"https:\/\/skan.com\/wp-content\/uploads\/skan-sevices-quality-control-d-value-determination.jpg 736w, https:\/\/skan.com\/wp-content\/uploads\/skan-sevices-quality-control-d-value-determination.jpg 1472w\" sizes=\"(min-width: 768px) 50vw, 100vw\"\/>\r\n\t\t\t\t\t\t\t\t\t\t\t\t<img loading=\"lazy\" decoding=\"async\" width=\"1472\" height=\"2000\" src=\"https:\/\/skan.com\/wp-content\/uploads\/skan-sevices-quality-control-d-value-determination.jpg\" class=\"attachment-full size-full\" alt=\"H\u00e4nde in Schutzhandschuhen halten ein Messger\u00e4t\" \/>\t\t\t\t\t\t\t\t\t\t\t<\/picture>\r\n\t\t\t\t\t\t\t\t\t\t\t\t\t\t\t\t\t\t\t<\/div>\r\n\t\t\t\t\t\t\t\t\t\t\t\t\t\t\t\t\t\t\t<div class=\"card-body-wrap\">\r\n\t\t\t\t\t\t\t\t\t\t\t<div class=\"card-body\">\r\n\t\t\t\t\t\t\t\t\t\t\t\t\t\t\t\t\t\t\t\t\t\t\t\t\t<h2 class=\"card-title\">D-Value Determination<\/h2>\r\n\t\t\t\t\t\t\t\t\t\t\t\t\t\t\t\t\t\t\t\t\t\t\t\t\t\t\t\t\t\t\t\t\t\t\t\t\t<p>Determination of the spore\u2019s resistance on biological indicators<\/p>\r\n\t\t\t\t\t\t\t\t\t\t\t\t\t\t\t\t\t\t\t\t\t\t\t\t\t\t\t\t\t\t\t\t\t\t\t\t\t<div class=\"link-wrap\">\r\n\t\t\t\t\t\t\t\t\t\t\t\t\t\t<span class=\"link-arrowed\">Read more<\/span>\r\n\t\t\t\t\t\t\t\t\t\t\t\t\t<\/div>\r\n\t\t\t\t\t\t\t\t\t\t\t\t\t\t\t\t\t\t\t\t\t\t\t<\/div>\r\n\t\t\t\t\t\t\t\t\t\t<\/div>\r\n\t\t\t\t\t\t\t\t\t\t\t\t\t\t\t\t\t<\/a>\r\n\t\t\t\t\t\t\t<\/div>\r\n\t\t\t\t\t\t\t\t\t\t\t\t\t\t\t\t\t\t\t\t\t\t\t\t\t\t\t\t\t\t\t<div class=\"visual-column grid-item \">\r\n\t\t\t\t\t\t\t\t\t\t\t\t\t\t\t\t<a class=\"card-visual card-animated card-long\" href=\"https:\/\/skan.com\/en\/services\/quality-control\/total-kill-test\/\" target=\"_self\">\r\n\t\t\t\t\t\t\t\t\t<div class=\"card-img\" >\r\n\t\t\t\t\t\t\t\t\t\t\t\t\t\t\t\t\t\t\t\t\t\t\t\t\t\t\t\t\t\t\t<picture>\r\n\t\t\t\t\t\t\t\t\t\t\t\t\t\t\t\t\t\t\t\t\t\t\t\t\t<source type=\"image\/jpeg\" srcset=\"https:\/\/skan.com\/wp-content\/uploads\/skan-services-quality-control-total-kill-test.jpg 375w, https:\/\/skan.com\/wp-content\/uploads\/skan-services-quality-control-total-kill-test.jpg 750w\" sizes=\"100vw \" media=\"(max-width: 767px)\"\/>\r\n\t\t\t\t\t\t\t\t\t\t\t\t\t\t\t\t\t\t\t\t\t\t\t\t<source type=\"image\/jpeg\" srcset=\"https:\/\/skan.com\/wp-content\/uploads\/skan-services-quality-control-total-kill-test.jpg 736w, https:\/\/skan.com\/wp-content\/uploads\/skan-services-quality-control-total-kill-test.jpg 1472w\" sizes=\"(min-width: 768px) 50vw, 100vw\"\/>\r\n\t\t\t\t\t\t\t\t\t\t\t\t<img loading=\"lazy\" decoding=\"async\" width=\"1472\" height=\"2000\" src=\"https:\/\/skan.com\/wp-content\/uploads\/skan-services-quality-control-total-kill-test.jpg\" class=\"attachment-full size-full\" alt=\"Makroaufnahme eines Mikroskops\" \/>\t\t\t\t\t\t\t\t\t\t\t<\/picture>\r\n\t\t\t\t\t\t\t\t\t\t\t\t\t\t\t\t\t\t\t<\/div>\r\n\t\t\t\t\t\t\t\t\t\t\t\t\t\t\t\t\t\t\t<div class=\"card-body-wrap\">\r\n\t\t\t\t\t\t\t\t\t\t\t<div class=\"card-body\">\r\n\t\t\t\t\t\t\t\t\t\t\t\t\t\t\t\t\t\t\t\t\t\t\t\t\t<h2 class=\"card-title\">Total Kill Test<\/h2>\r\n\t\t\t\t\t\t\t\t\t\t\t\t\t\t\t\t\t\t\t\t\t\t\t\t\t\t\t\t\t\t\t\t\t\t\t\t\t<p>Confirmation of biological indicator\u2019s resistance homogeneity<\/p>\r\n\t\t\t\t\t\t\t\t\t\t\t\t\t\t\t\t\t\t\t\t\t\t\t\t\t\t\t\t\t\t\t\t\t\t\t\t\t<div class=\"link-wrap\">\r\n\t\t\t\t\t\t\t\t\t\t\t\t\t\t<span class=\"link-arrowed\">Read more<\/span>\r\n\t\t\t\t\t\t\t\t\t\t\t\t\t<\/div>\r\n\t\t\t\t\t\t\t\t\t\t\t\t\t\t\t\t\t\t\t\t\t\t\t<\/div>\r\n\t\t\t\t\t\t\t\t\t\t<\/div>\r\n\t\t\t\t\t\t\t\t\t\t\t\t\t\t\t\t\t<\/a>\r\n\t\t\t\t\t\t\t<\/div>\r\n\t\t\t\t\t\t\t\t\t\t\t\t\t\t\t\t\t\t\t\t\t\t\t\t\t\t\t\t\t\t\t<div class=\"visual-column grid-item \">\r\n\t\t\t\t\t\t\t\t\t\t\t\t\t\t\t\t<a class=\"card-visual card-animated card-short\" href=\"https:\/\/skan.com\/en\/services\/quality-control\/microbiological-identification\/\" target=\"_self\">\r\n\t\t\t\t\t\t\t\t\t<div class=\"card-img\" >\r\n\t\t\t\t\t\t\t\t\t\t\t\t\t\t\t\t\t\t\t\t\t\t\t\t\t\t\t\t\t\t\t<picture>\r\n\t\t\t\t\t\t\t\t\t\t\t\t\t\t\t\t\t\t\t\t\t\t\t\t\t<source type=\"image\/jpeg\" srcset=\"https:\/\/skan.com\/wp-content\/uploads\/skan-services-quality-control-microbiological-identification.jpg 375w, https:\/\/skan.com\/wp-content\/uploads\/skan-services-quality-control-microbiological-identification.jpg 750w\" sizes=\"100vw \" media=\"(max-width: 767px)\"\/>\r\n\t\t\t\t\t\t\t\t\t\t\t\t\t\t\t\t\t\t\t\t\t\t\t\t<source type=\"image\/jpeg\" srcset=\"https:\/\/skan.com\/wp-content\/uploads\/skan-services-quality-control-microbiological-identification.jpg 736w, https:\/\/skan.com\/wp-content\/uploads\/skan-services-quality-control-microbiological-identification.jpg 1472w\" sizes=\"(min-width: 768px) 50vw, 100vw\"\/>\r\n\t\t\t\t\t\t\t\t\t\t\t\t<img loading=\"lazy\" decoding=\"async\" width=\"1472\" height=\"2000\" src=\"https:\/\/skan.com\/wp-content\/uploads\/skan-services-quality-control-microbiological-identification.jpg\" class=\"attachment-full size-full\" alt=\"Laborantinnen bewerten gemeinsam eine Graphik\" \/>\t\t\t\t\t\t\t\t\t\t\t<\/picture>\r\n\t\t\t\t\t\t\t\t\t\t\t\t\t\t\t\t\t\t\t<\/div>\r\n\t\t\t\t\t\t\t\t\t\t\t\t\t\t\t\t\t\t\t<div class=\"card-body-wrap\">\r\n\t\t\t\t\t\t\t\t\t\t\t<div class=\"card-body\">\r\n\t\t\t\t\t\t\t\t\t\t\t\t\t\t\t\t\t\t\t\t\t\t\t\t\t<h2 class=\"card-title\">Microbiological Identification<\/h2>\r\n\t\t\t\t\t\t\t\t\t\t\t\t\t\t\t\t\t\t\t\t\t\t\t\t\t\t\t\t\t\t\t\t\t\t\t\t\t<p>Confirmation of the bacterial species on biological indicators<\/p>\r\n\t\t\t\t\t\t\t\t\t\t\t\t\t\t\t\t\t\t\t\t\t\t\t\t\t\t\t\t\t\t\t\t\t\t\t\t\t<div class=\"link-wrap\">\r\n\t\t\t\t\t\t\t\t\t\t\t\t\t\t<span class=\"link-arrowed\">Read more<\/span>\r\n\t\t\t\t\t\t\t\t\t\t\t\t\t<\/div>\r\n\t\t\t\t\t\t\t\t\t\t\t\t\t\t\t\t\t\t\t\t\t\t\t<\/div>\r\n\t\t\t\t\t\t\t\t\t\t<\/div>\r\n\t\t\t\t\t\t\t\t\t\t\t\t\t\t\t\t\t<\/a>\r\n\t\t\t\t\t\t\t<\/div>\r\n\t\t\t\t\t\t\t\t\t\t\t\t\t\t\t\t\t\t\t\t\t\t<\/div>\r\n\t\t\t<\/div>\r\n\t\t<\/div>\r\n\t<\/div>\r\n\r\n\n\n<!-- divider line-->\r\n<hr class=\"divider\"\/>\r\n\n\n\t<!-- section-->\r\n\t<section id=\"section-technology-block_b71762aa4b543bed82d2ec4d46329566\" class=\"section-main section-technology\">\r\n\t\t<div class=\"container-fluid\">\r\n\t\t\t\t\t\t\t<h2 class=\"title-section\">SKANs Biological Indicators<\/h2>\r\n\t\t\t\t\t\t\t\t\t\t\t\t\t<div class=\"gallery-product-list slider-with-controls-mobile\">\r\n\t\t\t\t\t<div class=\"controls\">\r\n\t\t\t\t\t\t<!--.dots-->\r\n\t\t\t\t\t\t<div class=\"arrows\"><\/div>\r\n\t\t\t\t\t<\/div>\r\n\t\t\t\t\t<div class=\"list-slider-mobile js-anim-delay-parent viewport-section\">\r\n\t\t\t\t\t\t\t\t\t\t\t\t\t<div class=\"slide-holder\">\r\n\t\t\t\t\t\t\t\t<div class=\"card-product card-animated \">\r\n\t\t\t\t\t\t\t\t\t\t\t\t\t\t\t\t\t\t\t<div class=\"card-img\">\r\n\t\t\t\t\t\t\t\t\t\t\t<a href=\"https:\/\/skan.com\/en\/products\/accessories\/skan-bi\/\">\r\n\t\t\t\t\t\t\t\t\t\t\t\t<picture>\r\n\t\t\t\t\t\t\t\t\t\t\t\t\t<source type=\"image\/jpeg\" srcset=\"https:\/\/skan.com\/wp-content\/uploads\/skan-biological-indicator-test-system-secure-decontamination-process.png 315w, https:\/\/skan.com\/wp-content\/uploads\/skan-biological-indicator-test-system-secure-decontamination-process.png 630w\" sizes=\"84vw \" media=\"(max-width: 767px)\"\/>\r\n\t\t\t\t\t\t\t\t\t\t\t\t\t<source type=\"image\/jpeg\" srcset=\"https:\/\/skan.com\/wp-content\/uploads\/skan-biological-indicator-test-system-secure-decontamination-process.png 448w, https:\/\/skan.com\/wp-content\/uploads\/skan-biological-indicator-test-system-secure-decontamination-process.png 896w\" sizes=\"(min-width: 768px) 28vw, 100vw\"\/>\r\n\t\t\t\t\t\t\t\t\t\t\t\t\t<img loading=\"lazy\" decoding=\"async\" width=\"736\" height=\"1000\" src=\"https:\/\/skan.com\/wp-content\/uploads\/skan-biological-indicator-test-system-secure-decontamination-process.png\" class=\"attachment-full size-full\" alt=\"SKAN biological indicator test system for secure decontamination processes\" srcset=\"https:\/\/skan.com\/wp-content\/uploads\/skan-biological-indicator-test-system-secure-decontamination-process.png 736w, https:\/\/skan.com\/wp-content\/uploads\/skan-biological-indicator-test-system-secure-decontamination-process-221x300.png 221w\" sizes=\"auto, (max-width: 736px) 100vw, 736px\" \/>\t\t\t\t\t\t\t\t\t\t\t\t<\/picture>\r\n\t\t\t\t\t\t\t\t\t\t\t<\/a>\r\n\t\t\t\t\t\t\t\t\t\t<\/div>\r\n\t\t\t\t\t\t\t\t\t\t\t\t\t\t\t\t\t\t<div class=\"card-body-wrap\">\r\n\t\t\t\t\t\t\t\t\t\t<div class=\"card-body\">\r\n\t\t\t\t\t\t\t\t\t\t\t<h3 class=\"card-title\">\r\n\t\t\t\t\t\t\t\t\t\t\t\t<a href=\"https:\/\/skan.com\/en\/products\/accessories\/skan-bi\/\">SKAN BI<sup>\u00ae<\/sup><\/a>\r\n\t\t\t\t\t\t\t\t\t\t\t<\/h3>\r\n\t\t\t\t\t\t\t\t\t\t\t\t\t\t\t\t\t\t\t\t\t\t\t<p>Biological indicators for the most secure decontamination process<\/p>\r\n\t\t\t\t\t\t\t\t\t\t\t\t\t\t\t\t\t\t\t\t\t\t<div class=\"link-wrap\">\r\n\t\t\t\t\t\t\t\t\t\t\t\t<a class=\"link-arrowed\" href=\"https:\/\/skan.com\/en\/products\/accessories\/skan-bi\/\">View<\/a>\r\n\t\t\t\t\t\t\t\t\t\t\t<\/div>\r\n\t\t\t\t\t\t\t\t\t\t<\/div>\r\n\t\t\t\t\t\t\t\t\t<\/div>\r\n\t\t\t\t\t\t\t\t<\/div>\r\n\t\t\t\t\t\t\t<\/div>\r\n\t\t\t\t\t\t\t\t\t\t\t\t\t\t\t\t\t<\/div>\r\n\t\t\t\t<\/div>\r\n\t\t\t\t\t\t\t\t\t<\/div>\r\n\t<\/section>\r\n","protected":false},"excerpt":{"rendered":"","protected":false},"author":5,"featured_media":0,"parent":12409,"menu_order":0,"comment_status":"closed","ping_status":"closed","template":"","meta":{"_acf_changed":false,"inline_featured_image":false,"footnotes":""},"class_list":["post-12456","page","type-page","status-publish","hentry"],"acf":[],"yoast_head":"<!-- This site is optimized with the Yoast SEO plugin v26.9 - https:\/\/yoast.com\/product\/yoast-seo-wordpress\/ -->\n<title>Quality Control - SKAN<\/title>\n<meta name=\"description\" content=\"SKAN Laboratories develop quality products for decontamination of equipment and aseptic processes based on biological indicators. In addition SKAN offers efficient customer support.\" \/>\n<meta name=\"robots\" content=\"index, follow, max-snippet:-1, max-image-preview:large, max-video-preview:-1\" \/>\n<link rel=\"canonical\" href=\"https:\/\/skan.com\/en\/services\/quality-control\/\" \/>\n<meta property=\"og:locale\" content=\"en_US\" \/>\n<meta property=\"og:type\" content=\"article\" \/>\n<meta property=\"og:title\" content=\"Quality Control - SKAN\" \/>\n<meta property=\"og:description\" content=\"SKAN Laboratories develop quality products for decontamination of equipment and aseptic processes based on biological indicators. In addition SKAN offers efficient customer support.\" \/>\n<meta property=\"og:url\" content=\"https:\/\/skan.com\/en\/services\/quality-control\/\" \/>\n<meta property=\"og:site_name\" content=\"SKAN\" \/>\n<meta property=\"article:modified_time\" content=\"2025-07-08T07:12:49+00:00\" \/>\n<meta name=\"twitter:card\" content=\"summary_large_image\" \/>\n<script type=\"application\/ld+json\" class=\"yoast-schema-graph\">{\"@context\":\"https:\/\/schema.org\",\"@graph\":[{\"@type\":\"WebPage\",\"@id\":\"https:\/\/skan.com\/en\/services\/quality-control\/\",\"url\":\"https:\/\/skan.com\/en\/services\/quality-control\/\",\"name\":\"Quality Control - SKAN\",\"isPartOf\":{\"@id\":\"https:\/\/skan.com\/en\/#website\"},\"datePublished\":\"2021-08-12T14:46:06+00:00\",\"dateModified\":\"2025-07-08T07:12:49+00:00\",\"description\":\"SKAN Laboratories develop quality products for decontamination of equipment and aseptic processes based on biological indicators. In addition SKAN offers efficient customer support.\",\"breadcrumb\":{\"@id\":\"https:\/\/skan.com\/en\/services\/quality-control\/#breadcrumb\"},\"inLanguage\":\"en-US\",\"potentialAction\":[{\"@type\":\"ReadAction\",\"target\":[\"https:\/\/skan.com\/en\/services\/quality-control\/\"]}]},{\"@type\":\"BreadcrumbList\",\"@id\":\"https:\/\/skan.com\/en\/services\/quality-control\/#breadcrumb\",\"itemListElement\":[{\"@type\":\"ListItem\",\"position\":1,\"name\":\"Home\",\"item\":\"https:\/\/skan.com\/en\/\"},{\"@type\":\"ListItem\",\"position\":2,\"name\":\"Services\",\"item\":\"https:\/\/skan.com\/en\/services\/\"},{\"@type\":\"ListItem\",\"position\":3,\"name\":\"Quality Control\"}]},{\"@type\":\"WebSite\",\"@id\":\"https:\/\/skan.com\/en\/#website\",\"url\":\"https:\/\/skan.com\/en\/\",\"name\":\"SKAN\",\"description\":\"Ihr Partner f\u00fcr modernste aseptische L\u00f6sungen\",\"potentialAction\":[{\"@type\":\"SearchAction\",\"target\":{\"@type\":\"EntryPoint\",\"urlTemplate\":\"https:\/\/skan.com\/en\/?s={search_term_string}\"},\"query-input\":{\"@type\":\"PropertyValueSpecification\",\"valueRequired\":true,\"valueName\":\"search_term_string\"}}],\"inLanguage\":\"en-US\"}]}<\/script>\n<!-- \/ Yoast SEO plugin. -->","yoast_head_json":{"title":"Quality Control - SKAN","description":"SKAN Laboratories develop quality products for decontamination of equipment and aseptic processes based on biological indicators. In addition SKAN offers efficient customer support.","robots":{"index":"index","follow":"follow","max-snippet":"max-snippet:-1","max-image-preview":"max-image-preview:large","max-video-preview":"max-video-preview:-1"},"canonical":"https:\/\/skan.com\/en\/services\/quality-control\/","og_locale":"en_US","og_type":"article","og_title":"Quality Control - SKAN","og_description":"SKAN Laboratories develop quality products for decontamination of equipment and aseptic processes based on biological indicators. In addition SKAN offers efficient customer support.","og_url":"https:\/\/skan.com\/en\/services\/quality-control\/","og_site_name":"SKAN","article_modified_time":"2025-07-08T07:12:49+00:00","twitter_card":"summary_large_image","schema":{"@context":"https:\/\/schema.org","@graph":[{"@type":"WebPage","@id":"https:\/\/skan.com\/en\/services\/quality-control\/","url":"https:\/\/skan.com\/en\/services\/quality-control\/","name":"Quality Control - SKAN","isPartOf":{"@id":"https:\/\/skan.com\/en\/#website"},"datePublished":"2021-08-12T14:46:06+00:00","dateModified":"2025-07-08T07:12:49+00:00","description":"SKAN Laboratories develop quality products for decontamination of equipment and aseptic processes based on biological indicators. In addition SKAN offers efficient customer support.","breadcrumb":{"@id":"https:\/\/skan.com\/en\/services\/quality-control\/#breadcrumb"},"inLanguage":"en-US","potentialAction":[{"@type":"ReadAction","target":["https:\/\/skan.com\/en\/services\/quality-control\/"]}]},{"@type":"BreadcrumbList","@id":"https:\/\/skan.com\/en\/services\/quality-control\/#breadcrumb","itemListElement":[{"@type":"ListItem","position":1,"name":"Home","item":"https:\/\/skan.com\/en\/"},{"@type":"ListItem","position":2,"name":"Services","item":"https:\/\/skan.com\/en\/services\/"},{"@type":"ListItem","position":3,"name":"Quality Control"}]},{"@type":"WebSite","@id":"https:\/\/skan.com\/en\/#website","url":"https:\/\/skan.com\/en\/","name":"SKAN","description":"Ihr Partner f\u00fcr modernste aseptische L\u00f6sungen","potentialAction":[{"@type":"SearchAction","target":{"@type":"EntryPoint","urlTemplate":"https:\/\/skan.com\/en\/?s={search_term_string}"},"query-input":{"@type":"PropertyValueSpecification","valueRequired":true,"valueName":"search_term_string"}}],"inLanguage":"en-US"}]}},"_links":{"self":[{"href":"https:\/\/skan.com\/en\/wp-json\/wp\/v2\/pages\/12456","targetHints":{"allow":["GET"]}}],"collection":[{"href":"https:\/\/skan.com\/en\/wp-json\/wp\/v2\/pages"}],"about":[{"href":"https:\/\/skan.com\/en\/wp-json\/wp\/v2\/types\/page"}],"author":[{"embeddable":true,"href":"https:\/\/skan.com\/en\/wp-json\/wp\/v2\/users\/5"}],"replies":[{"embeddable":true,"href":"https:\/\/skan.com\/en\/wp-json\/wp\/v2\/comments?post=12456"}],"version-history":[{"count":41,"href":"https:\/\/skan.com\/en\/wp-json\/wp\/v2\/pages\/12456\/revisions"}],"predecessor-version":[{"id":42287,"href":"https:\/\/skan.com\/en\/wp-json\/wp\/v2\/pages\/12456\/revisions\/42287"}],"up":[{"embeddable":true,"href":"https:\/\/skan.com\/en\/wp-json\/wp\/v2\/pages\/12409"}],"wp:attachment":[{"href":"https:\/\/skan.com\/en\/wp-json\/wp\/v2\/media?parent=12456"}],"curies":[{"name":"wp","href":"https:\/\/api.w.org\/{rel}","templated":true}]}}