{"id":3873,"date":"2020-12-15T22:11:00","date_gmt":"2020-12-15T22:11:00","guid":{"rendered":"https:\/\/skan.clients.ideeal.ch\/?post_type=product&#038;p=3873"},"modified":"2021-10-13T09:03:54","modified_gmt":"2021-10-13T09:03:54","slug":"labster-laborstuehle","status":"publish","type":"product","link":"https:\/\/skan.com\/de\/produkt\/laborprodukte\/laborstuehle-labster\/","title":{"rendered":"Laborst\u00fchle Labster"},"content":{"rendered":"\t<!-- section two-columns-->\r\n\t<section class=\"twocolumns-section\" id=\"secondSection\">\r\n\t\t<div class=\"container-fluid\">\r\n\t\t\t<div class=\"full-width-row df-row\">\r\n\t\t\t\t\t\t\t\t\t<div class=\"column-text col-lg-6 col-xl-5\" id=\"content\">\r\n\t\t\t\t\t\t<div class=\"content-wrap\">\r\n\t\t\t\t\t\t\t\t\t\t\t\t\t\t\t\t<div class=\"content-block\">\r\n\t\t<h2>Anforderungen<\/h2>\n<ul>\n<li>Einfache Reinigung<\/li>\n<li>Kompakte Bauweise<\/li>\n<li>Auf die typischen K\u00f6rperhaltungen in diesem Bereich abgestimmt<\/li>\n<\/ul>\n\t<\/div>\r\n\t\t\t\t\t\t\t\t\t\t\t\t\t\t\t\t<div class=\"content-block\">\r\n\t\t<div class=\"description-wrap\">\r\n\t\t\t\t\t\t\t<p>Normenbezug<\/p>\r\n\t\t\t\t\t\t\t\t\t\t<strong>Reinraumklasse 3 nach EN ISO 14644-1, GMP-gerecht<\/strong>\r\n\t\t\t\t\t<\/div>\r\n\t<\/div>\r\n\t\t\t\t\t\t\t\t\t\t\t\t\t\t\t\t<div class=\"content-block\">\r\n\t\t<ul class=\"accordion accordion-content\">\r\n\t\t\t\t\t\t\t\t\t\t\t\t<li>\r\n\t\t\t\t\t\t\t\t\t\t\t\t\t<a class=\"opener\">L\u00f6sung<\/a>\r\n\t\t\t\t\t\t\t\t\t\t\t\t\t\t\t\t\t\t\t<div class=\"slide\">\r\n\t\t\t\t\t\t\t\t<div class=\"slide-body\">\r\n\t\t\t\t\t\t\t\t\t<p>Ob als Laborstuhl oder als Laborhocker \u2013 Labster ist ein echter Spezialist f\u00fcr h\u00f6chste Standards. Seine laborgerechten Funktionen, sein Komfort und seine Ergonomie setzen Massst\u00e4be f\u00fcr jeden Labor-Arbeitsstuhl und das Sitzen bei der Laborarbeit.<\/p>\n\t\t\t\t\t\t\t\t<\/div>\r\n\t\t\t\t\t\t\t<\/div>\r\n\t\t\t\t\t\t\t\t\t\t\t<\/li>\r\n\t\t\t\t\t\t\t\t\t\t\t\t\t\t\t\t<li>\r\n\t\t\t\t\t\t\t\t\t\t\t\t\t<a class=\"opener\">Funktionsweise<\/a>\r\n\t\t\t\t\t\t\t\t\t\t\t\t\t\t\t\t\t\t\t<div class=\"slide\">\r\n\t\t\t\t\t\t\t\t<div class=\"slide-body\">\r\n\t\t\t\t\t\t\t\t\t<p>Um optimale hygienische Verh\u00e4ltnisse sicherzustellen, verf\u00fcgt der Laborstuhl \u00fcber eine konsequent fugenlose Gestaltung und eine abwaschbare Soft-Cover-Verkleidung der Mechanik.<\/p>\n\t\t\t\t\t\t\t\t<\/div>\r\n\t\t\t\t\t\t\t<\/div>\r\n\t\t\t\t\t\t\t\t\t\t\t<\/li>\r\n\t\t\t\t\t\t\t\t\t\t\t\t\t\t\t\t<li>\r\n\t\t\t\t\t\t\t\t\t\t\t\t\t<a class=\"opener\">Eigenschaften<\/a>\r\n\t\t\t\t\t\t\t\t\t\t\t\t\t\t\t\t\t\t\t<div class=\"slide\">\r\n\t\t\t\t\t\t\t\t<div class=\"slide-body\">\r\n\t\t\t\t\t\t\t\t\t<ul>\n<li>Abwaschbar<\/li>\n<li>Desinfizierbar<\/li>\n<li>Ergonomisch<\/li>\n<li>Komfortabel<\/li>\n<li>Antibakteriell<\/li>\n<li>Fugenlos<\/li>\n<li>Pflegeleicht<\/li>\n<\/ul>\n\t\t\t\t\t\t\t\t<\/div>\r\n\t\t\t\t\t\t\t<\/div>\r\n\t\t\t\t\t\t\t\t\t\t\t<\/li>\r\n\t\t\t\t\t\t\t\t\t\t\t\t\t\t\t\t<li>\r\n\t\t\t\t\t\t\t\t\t\t\t\t\t<a class=\"opener\">Einsatzgebiet<\/a>\r\n\t\t\t\t\t\t\t\t\t\t\t\t\t\t\t\t\t\t\t<div class=\"slide\">\r\n\t\t\t\t\t\t\t\t<div class=\"slide-body\">\r\n\t\t\t\t\t\t\t\t\t<ul>\n<li>Labore und Forschung<\/li>\n<li>Biotec und Life Sciences<\/li>\n<li>Spital und Apotheke<\/li>\n<li>Medizinaltechnik<\/li>\n<li>Lebensmittel<\/li>\n<li>Mechatronik<\/li>\n<\/ul>\n\t\t\t\t\t\t\t\t<\/div>\r\n\t\t\t\t\t\t\t<\/div>\r\n\t\t\t\t\t\t\t\t\t\t\t<\/li>\r\n\t\t\t\t\t\t\t\t\t\t\t\t\t\t\t\t<li>\r\n\t\t\t\t\t\t\t\t\t\t\t\t\t<a class=\"opener\">Zusatzprodukte und Optionen<\/a>\r\n\t\t\t\t\t\t\t\t\t\t\t\t\t\t\t\t\t\t\t<div class=\"slide\">\r\n\t\t\t\t\t\t\t\t<div class=\"slide-body\">\r\n\t\t\t\t\t\t\t\t\t<ul>\n<li>Mit Rollen oder Gleitern<\/li>\n<li>Mit und ohne Fussring<\/li>\n<li>Unterschiedliche Sitzh\u00f6hen<\/li>\n<\/ul>\n\t\t\t\t\t\t\t\t<\/div>\r\n\t\t\t\t\t\t\t<\/div>\r\n\t\t\t\t\t\t\t\t\t\t\t<\/li>\r\n\t\t\t\t\t\t\t\t\t<\/ul>\r\n\t<\/div>\r\n\t\t\t\t\t\t\t\t\t\t\t\t\t\t\t\t<div class=\"content-block\">\r\n\t\t\t\t\t<h2>Downloads<\/h2>\r\n\t\t\t\t\t\t\t<div class=\"btn-download-container\">\r\n\t\t\t\t\t\t\t\t\t\t\t\t\t\t\t<a class=\"btn-download\" href=\"https:\/\/skan.com\/wp-content\/uploads\/labster_de.pdf\" download=\"\">\r\n\t\t\t\t\t\t\t<strong>Brosch\u00fcre Laborst\u00fchle Labster<\/strong>\r\n\t\t\t\t\t\t\t<span class=\"format\">\r\n\t\t\t\t\t\t\t\tPDF\t\t\t\t\t\t\t\t2.13 Mb\t\t\t\t\t\t\t<\/span>\r\n\t\t\t\t\t\t\t<span class=\"icon\"><\/span>\r\n\t\t\t\t\t\t<\/a>\r\n\t\t\t\t\t\t\t\t\t\t\t\t\t\t\t\t\t\t\t\t\t\t\t\t\t\t\t\t\t\t<\/div>\r\n\t\t\t<\/div>\r\n\t\t\t\t\t\t\t\t\t\t\t\t\t\t\t\t<div class=\"content-block\">\r\n\t\t<div class=\"contact-box\">\r\n\t\t\t\t\t\t\t<h3>SKAN Pure Solutions<\/h3>\r\n\t\t\t\t\t\t\t\t\t\t<div class=\"contact-block\">\r\n\t\t\t\t\t<dl>\r\n\t\t\t\t\t\t\t\t\t\t\t\t\t<dt>Tel<\/dt>\r\n\t\t\t\t\t\t\t<dd><a href=\"tel:41614854587\">+41 61 485 45 87<\/a><\/dd>\r\n\t\t\t\t\t\t\t\t\t\t\t\t\t\t\t\t\t<\/dl>\r\n\t\t\t\t<\/div>\r\n\t\t\t\t\t\t\t\t\t\t<div class=\"btn-wrap\">\r\n\t\t\t\t\t<a class=\"btn btn-secondary\" href=\"mailto:vk-lab@skan.ch\" target=\"_self\">Kontakt<\/a>\r\n\t\t\t\t<\/div>\r\n\t\t\t\t\t<\/div>\r\n\t<\/div>\r\n\t\t\t\t\t\t\t                            \t\t\t\t\t\t<\/div>\r\n\t\t\t\t\t<\/div>\r\n\t\t\t\t\t\t\t\t\t\t\t\t\t<aside class=\"column-image col-lg-6 col-offset-xl-1\" id=\"aside\">\r\n\t\t\t\t\t\t<div class=\"gallery-visuals-wrap\">\r\n\t\t\t\t\t\t<div class=\"gallery-visuals\">\r\n\t\t\t\t\t\t\t\t\t\t\t\t\t\t\t<!-- slide-->\r\n\t\t\t\t\t\t\t\t<div class=\"visual-slide d-md-none\">\r\n\t\t\t\t\t\t\t\t\t<div class=\"visual-holder\">\r\n\t\t\t\t\t\t\t\t\t\t<div class=\"visual-frame animImageLeft\">\r\n\t\t\t\t\t\t\t\t\t\t\t<picture>\r\n\t\t\t\t\t\t\t\t\t\t\t\t<source type=\"image\/jpeg\" srcset=\"https:\/\/skan.com\/wp-content\/uploads\/f_skan-labor-produkte-zubehoer-laborstuehle.jpg 375w, https:\/\/skan.com\/wp-content\/uploads\/f_skan-labor-produkte-zubehoer-laborstuehle.jpg 750w\" sizes=\"100vw \" media=\"(max-width: 767px)\"\/>\r\n\t\t\t\t\t\t\t\t\t\t\t\t<source type=\"image\/jpeg\" srcset=\"https:\/\/skan.com\/wp-content\/uploads\/f_skan-labor-produkte-zubehoer-laborstuehle.jpg 740w, https:\/\/skan.com\/wp-content\/uploads\/f_skan-labor-produkte-zubehoer-laborstuehle.jpg 1480w\" sizes=\"(min-width: 768px) 50vw, 100vw\"\/>\r\n\t\t\t\t\t\t\t\t\t\t\t\t<img loading=\"lazy\" decoding=\"async\" width=\"736\" height=\"1000\" src=\"https:\/\/skan.com\/wp-content\/uploads\/f_skan-labor-produkte-zubehoer-laborstuehle.jpg\" class=\"attachment-full size-full wp-post-image\" alt=\"f_skan-labor-produkte-zubehoer-laborstuehle\" srcset=\"https:\/\/skan.com\/wp-content\/uploads\/f_skan-labor-produkte-zubehoer-laborstuehle.jpg 736w, https:\/\/skan.com\/wp-content\/uploads\/f_skan-labor-produkte-zubehoer-laborstuehle-221x300.jpg 221w\" sizes=\"auto, (max-width: 736px) 100vw, 736px\" \/>\t\t\t\t\t\t\t\t\t\t\t<\/picture>\r\n\t\t\t\t\t\t\t\t\t\t<\/div>\r\n\t\t\t\t\t\t\t\t\t<\/div>\r\n\t\t\t\t\t\t\t\t<\/div>\r\n\t\t\t\t\t\t\t\t\t\t\t\t\t\t\t\t\t\t\t\t\t\t\t\t\t\t\t\t\t\t\t\t\t\t\t\t\t\t<!-- slide-->\r\n\t\t\t\t\t\t\t\t\t<div class=\"visual-slide\">\r\n\t\t\t\t\t\t\t\t\t\t<div class=\"visual-holder\" >\r\n\t\t\t\t\t\t\t\t\t\t\t\t\t\t\t\t\t\t\t\t\t\t\t<div class=\"visual-frame animImageLeft  \">\r\n\t\t\t\t\t\t\t\t\t\t\t\t\t<picture>\r\n\t\t\t\t\t\t\t\t\t\t\t\t\t\t<source type=\"image\/jpeg\" srcset=\"https:\/\/skan.com\/wp-content\/uploads\/skan-labor-produkte-zubehoer-laborstuehle-01.jpg 375w, https:\/\/skan.com\/wp-content\/uploads\/skan-labor-produkte-zubehoer-laborstuehle-01.jpg 750w\" sizes=\"100vw \" media=\"(max-width: 767px)\"\/>\r\n\t\t\t\t\t\t\t\t\t\t\t\t\t\t<source type=\"image\/jpeg\" srcset=\"https:\/\/skan.com\/wp-content\/uploads\/skan-labor-produkte-zubehoer-laborstuehle-01.jpg 740w, https:\/\/skan.com\/wp-content\/uploads\/skan-labor-produkte-zubehoer-laborstuehle-01.jpg 1480w\" sizes=\"(min-width: 768px) 50vw, 100vw\"\/>\r\n\t\t\t\t\t\t\t\t\t\t\t\t\t\t<img loading=\"lazy\" decoding=\"async\" width=\"740\" height=\"450\" src=\"https:\/\/skan.com\/wp-content\/uploads\/skan-labor-produkte-zubehoer-laborstuehle-01.jpg\" class=\"attachment-full size-full\" alt=\"skan-labor-produkte-zubehoer-laborstuehle-01\" srcset=\"https:\/\/skan.com\/wp-content\/uploads\/skan-labor-produkte-zubehoer-laborstuehle-01.jpg 740w, https:\/\/skan.com\/wp-content\/uploads\/skan-labor-produkte-zubehoer-laborstuehle-01-300x182.jpg 300w\" sizes=\"auto, (max-width: 740px) 100vw, 740px\" \/>\t\t\t\t\t\t\t\t\t\t\t\t\t<\/picture>\r\n\t\t\t\t\t\t\t\t\t\t\t\t\t\t\t\t\t\t\t\t\t\t\t\t\t\t\t\t\t\t\t\t\t\t\t\t\t\t<\/div>\r\n\t\t\t\t\t\t\t\t\t\t\t\t\t\t\t\t\t\t\t\t\t<\/div>\r\n\t\t\t\t\t\t\t\t\t<\/div>\r\n\t\t\t\t\t\t\t\t\t\t\t\t\t\t\t\t\t\t\t\t\t\t\t\t\t\t\t\t\t\t\t\t\t\t\t\t<\/div>\r\n\t\t\t\t\t\t<\/div>\r\n\t\t\t\t\t<\/aside>\r\n\t\t\t\t\t\t\t<\/div>\r\n\t\t<\/div>\r\n\t<\/section>\r\n\n\n<!-- divider line-->\r\n<hr class=\"divider\"\/>\r\n\n\n\t<!-- section-->\r\n\t<section id=\"section-technology-block_60c7cb7e37561\" class=\"section-main section-technology\">\r\n\t\t<div class=\"container-fluid\">\r\n\t\t\t\t\t\t\t<h2 class=\"title-section\">Empfehlungen<\/h2>\r\n\t\t\t\t\t\t\t\t\t\t\t\t\t<div class=\"gallery-product-list slider-with-controls-mobile\">\r\n\t\t\t\t\t<div class=\"controls\">\r\n\t\t\t\t\t\t<!--.dots-->\r\n\t\t\t\t\t\t<div class=\"arrows\"><\/div>\r\n\t\t\t\t\t<\/div>\r\n\t\t\t\t\t<div class=\"list-slider-mobile js-anim-delay-parent viewport-section\">\r\n\t\t\t\t\t\t\t\t\t\t\t\t\t<div class=\"slide-holder\">\r\n\t\t\t\t\t\t\t\t<div class=\"card-product card-animated \">\r\n\t\t\t\t\t\t\t\t\t\t\t\t\t\t\t\t\t\t\t<div class=\"card-img\">\r\n\t\t\t\t\t\t\t\t\t\t\t<a href=\"https:\/\/skan.com\/de\/produkt\/laborprodukte\/fluessigkeitsabsaugsysteme-vacuubrand-bvc\/\">\r\n\t\t\t\t\t\t\t\t\t\t\t\t<picture>\r\n\t\t\t\t\t\t\t\t\t\t\t\t\t<source type=\"image\/jpeg\" srcset=\"https:\/\/skan.com\/wp-content\/uploads\/c_skan-labor-produkte-zubehoer-vacuubrand.jpg 315w, https:\/\/skan.com\/wp-content\/uploads\/c_skan-labor-produkte-zubehoer-vacuubrand.jpg 630w\" sizes=\"84vw \" media=\"(max-width: 767px)\"\/>\r\n\t\t\t\t\t\t\t\t\t\t\t\t\t<source type=\"image\/jpeg\" srcset=\"https:\/\/skan.com\/wp-content\/uploads\/c_skan-labor-produkte-zubehoer-vacuubrand.jpg 448w, https:\/\/skan.com\/wp-content\/uploads\/c_skan-labor-produkte-zubehoer-vacuubrand.jpg 896w\" sizes=\"(min-width: 768px) 28vw, 100vw\"\/>\r\n\t\t\t\t\t\t\t\t\t\t\t\t\t<img loading=\"lazy\" decoding=\"async\" width=\"448\" height=\"560\" src=\"https:\/\/skan.com\/wp-content\/uploads\/c_skan-labor-produkte-zubehoer-vacuubrand.jpg\" class=\"attachment-full size-full\" alt=\"c_skan-labor-produkte-zubehoer-vacuubrand\" srcset=\"https:\/\/skan.com\/wp-content\/uploads\/c_skan-labor-produkte-zubehoer-vacuubrand.jpg 448w, https:\/\/skan.com\/wp-content\/uploads\/c_skan-labor-produkte-zubehoer-vacuubrand-240x300.jpg 240w\" sizes=\"auto, (max-width: 448px) 100vw, 448px\" \/>\t\t\t\t\t\t\t\t\t\t\t\t<\/picture>\r\n\t\t\t\t\t\t\t\t\t\t\t<\/a>\r\n\t\t\t\t\t\t\t\t\t\t<\/div>\r\n\t\t\t\t\t\t\t\t\t\t\t\t\t\t\t\t\t\t<div class=\"card-body-wrap\">\r\n\t\t\t\t\t\t\t\t\t\t<div class=\"card-body\">\r\n\t\t\t\t\t\t\t\t\t\t\t<h3 class=\"card-title\">\r\n\t\t\t\t\t\t\t\t\t\t\t\t<a href=\"https:\/\/skan.com\/de\/produkt\/laborprodukte\/fluessigkeitsabsaugsysteme-vacuubrand-bvc\/\">Fl\u00fcssigkeitsabsaugsysteme Vacuubrand BVC<\/a>\r\n\t\t\t\t\t\t\t\t\t\t\t<\/h3>\r\n\t\t\t\t\t\t\t\t\t\t\t\t\t\t\t\t\t\t\t\t\t\t\t<p>Sicherheit, Flexibilit\u00e4t, Komfort, Wirtschaftlichkeit<\/p>\r\n\t\t\t\t\t\t\t\t\t\t\t\t\t\t\t\t\t\t\t\t\t\t<div class=\"link-wrap\">\r\n\t\t\t\t\t\t\t\t\t\t\t\t<a class=\"link-arrowed\" href=\"https:\/\/skan.com\/de\/produkt\/laborprodukte\/fluessigkeitsabsaugsysteme-vacuubrand-bvc\/\">Zur Detailseite<\/a>\r\n\t\t\t\t\t\t\t\t\t\t\t<\/div>\r\n\t\t\t\t\t\t\t\t\t\t<\/div>\r\n\t\t\t\t\t\t\t\t\t<\/div>\r\n\t\t\t\t\t\t\t\t<\/div>\r\n\t\t\t\t\t\t\t<\/div>\r\n\t\t\t\t\t\t\t\t\t\t\t\t\t\t\t\t\t<\/div>\r\n\t\t\t\t<\/div>\r\n\t\t\t\t\t\t\t\t\t<\/div>\r\n\t<\/section>\r\n\n\n<!-- divider line-->\r\n<hr class=\"divider\"\/>\r\n\n\n\t<!-- section services-->\r\n\t<section id=\"section-services-block_60c7a08581361\" class=\"section-main section-services \">\r\n\t\t<div class=\"container-fluid\">\r\n\t\t\t\t\t\t\t<h2 class=\"title-section\">Verwandte Services<\/h2>\r\n\t\t\t\t\t\t\t\t\t\t\t\t\t<!-- gallery services list-->\r\n\t\t\t\t<div class=\"gallery-services-list slider-with-controls-mobile\">\r\n\t\t\t\t\t<div class=\"controls\">\r\n\t\t\t\t\t\t<!--.dots-->\r\n\t\t\t\t\t\t<div class=\"arrows\"><\/div>\r\n\t\t\t\t\t<\/div>\r\n\t\t\t\t\t<div class=\"list-slider-mobile\">\r\n\t\t\t\t\t\t\t\t\t\t\t\t\t<div class=\"slide-service\">\r\n\t\t\t\t\t\t\t\t<div class=\"slide-holder popup-service-wrap\">\r\n\t\t\t\t\t\t\t\t\t\t\t\t\t\t\t\t\t\t<a data-hash=\"#reparaturen\" class=\"card-service open-popup-service\" href=\"#\">\r\n\t\t\t\t\t\t\t\t\t\t\t\t\t\t\t\t\t\t\t\t\t<div class=\"card-img\">\r\n\t\t\t\t\t\t\t\t\t\t\t\t<img loading=\"lazy\" decoding=\"async\" width=\"96\" height=\"96\" src=\"https:\/\/skan.com\/wp-content\/uploads\/Reperaturen-Ersatzteile.svg\" class=\"attachment-full size-full\" alt=\"\" \/>\t\t\t\t\t\t\t\t\t\t\t<\/div>\r\n\t\t\t\t\t\t\t\t\t\t\t\t\t\t\t\t\t\t\t\t<div class=\"card-body\">\r\n\t\t\t\t\t\t\t\t\t\t\t<h3 class=\"card-title\">Reparaturen und Ersatzteile<\/h3>\r\n\t\t\t\t\t\t\t\t\t\t\t<p>Immer f\u00fcr Sie da \u2013 Der Reparaturen- und Ersatzteilservice<\/p>\n\t\t\t\t\t\t\t\t\t\t\t\t\t\t\t\t\t\t\t\t\t\t\t<div class=\"link-wrap\">\r\n\t\t\t\t\t\t\t\t\t\t\t\t\t<span class=\"link-arrowed\">Details<span class=\"plus\"><\/span><\/span>\r\n\t\t\t\t\t\t\t\t\t\t\t\t<\/div>\r\n\t\t\t\t\t\t\t\t\t\t\t\t\t\t\t\t\t\t\t\t\t<\/div>\r\n\t\t\t\t\t\t\t\t\t<\/a>\t\t\t\t\t\t\t\t\t\t\t\t\t\t\t\t\t\t\t\t\t\t\t\t\t\t\t\t\t\t\t\t\t\t\t\t\t\t\t\t<div class=\"popup-service\">\r\n\t\t\t\t\t\t\t\t\t\t\t\t<a class=\"close-popup-service btn btn-secondary btn-close\" href=\"#\">Close<\/a>\r\n\t\t\t\t\t\t\t\t\t\t\t\t<div class=\"popup-service-holder\">\r\n\t\t\t\t\t\t\t\t\t\t\t\t\t<div class=\"card-service-popup \">\r\n\t\t\t\t\t\t\t\t\t\t\t\t\t\t\t\t\t\t\t\t\t\t\t\t\t\t\t\t\t<div class=\"card-img\">\r\n\t\t\t\t\t\t\t\t\t\t\t\t\t\t\t\t<img loading=\"lazy\" decoding=\"async\" width=\"96\" height=\"96\" src=\"https:\/\/skan.com\/wp-content\/uploads\/Reperaturen-Ersatzteile.svg\" class=\"attachment-full size-full\" alt=\"\" \/>\t\t\t\t\t\t\t\t\t\t\t\t\t\t\t<\/div>\r\n\t\t\t\t\t\t\t\t\t\t\t\t\t\t\t\t\t\t\t\t\t\t\t\t\t\t\t\t<div class=\"card-body\">\r\n\t\t\t\t\t\t\t\t\t\t\t\t\t\t\t\t\t\t\t\t\t\t\t\t\t\t\t\t\t\t\t<div class=\"title-block\">\r\n\t\t\t\t\t\t\t\t\t\t\t\t\t\t\t\t\t\t\t\t\t\t\t\t\t\t\t\t\t\t\t\t\t\t\t<h2 class=\"card-title\">Reparaturen und Ersatzteile<\/h2>\r\n\t\t\t\t\t\t\t\t\t\t\t\t\t\t\t\t\t\t\t\t\t\t\t\t\t\t\t\t\t\t\t\t\t\t\t\t\t\t\t\t\t\t\t\t\t\t\t\t\t\t\t\t<h3 class=\"card-subtitle\">Immer f\u00fcr Sie da \u2013 Der Reparaturen- und Ersatzteilservice<\/h3>\r\n\t\t\t\t\t\t\t\t\t\t\t\t\t\t\t\t\t\t\t\t\t\t\t\t\t\t\t\t\t\t\t\t\t<\/div>\r\n\t\t\t\t\t\t\t\t\t\t\t\t\t\t\t\t\t\t\t\t\t\t\t\t\t\t\t\t\t\t\t\t\t\t\t\t\t\t\t\t\t\t\t\t\t\t<p>Dank jahrzehntelanger Erfahrung im Bereich Reparatur und Wartung erkennen die Spezialisten der SKAN jedes Problem direkt und wissen um die richtige L\u00f6sung.<\/p>\r\n\t\t\t\t\t\t\t\t\t\t\t\t\t\t\t\t\t\t\t\t\t\t\t\t\t\t\t\t\t\t\t\t\t\t\t\t\t\t\t\t\t\t\t\t\t\t<div class=\"contact-box\">\r\n\t\t\t\t\t\t\t\t\t\t\t\t\t\t\t\t\t\t\t\t\t\t\t\t\t\t\t\t\t\t\t\t\t\t\t<h3>Alles zum Service<\/h3>\r\n\t\t\t\t\t\t\t\t\t\t\t\t\t\t\t\t\t\t\t\t\t\t\t\t\t\t\t\t\t\t\t\t\t\t\t\t\t\t\t\t\t\t\t\t\t\t\t\t\t\t\t\t\t\t\t\t\t\t\t\t\t\t\t\t\t\t\t\t\t<div class=\"btn-wrap\">\r\n\t\t\t\t\t\t\t\t\t\t\t\t\t\t\t\t\t\t\t<a class=\"btn btn-secondary\" href=\"https:\/\/skan.com\/services\/produkte-und-services-fuers-labor\/service-reparaturen-und-ersatzteile\/\" target=\"_self\">Mehr erfahren<\/a>\r\n\t\t\t\t\t\t\t\t\t\t\t\t\t\t\t\t\t\t<\/div>\r\n\t\t\t\t\t\t\t\t\t\t\t\t\t\t\t\t\t\t\t\t\t\t\t\t\t\t\t\t\t\t\t\t\t<\/div>\r\n\t\t\t\t\t\t\t\t\t\t\t\t\t\t\t\t\t\t\t\t\t\t\t\t\t\t\t\t\t<\/div>\r\n\t\t\t\t\t\t\t\t\t\t\t\t\t<\/div>\r\n\t\t\t\t\t\t\t\t\t\t\t\t<\/div>\r\n\t\t\t\t\t\t\t\t\t\t\t<\/div>\r\n\t\t\t\t\t\t\t\t\t\t\t\t\t\t\t\t\t\t\t\t\t\t\t\t\t\t\t<\/div>\r\n\t\t\t\t\t\t\t<\/div>\r\n\t\t\t\t\t\t\t\t\t\t\t\t\t\t\t\t\t<\/div>\r\n\t\t\t\t<\/div>\r\n\t\t\t\t\t<\/div>\r\n\t<\/section>\r\n","protected":false},"excerpt":{"rendered":"<p>Speziell f\u00fcr das Labor entwickelt \u2013 hygienisch, flexibel, kompakt<\/p>\n","protected":false},"author":1,"featured_media":4959,"template":"","product_cat":[47,9,59],"class_list":["post-3873","product","type-product","status-publish","has-post-thumbnail","hentry","product_cat-laborprodukte","product_cat-zubehor","product_cat-zubehoer"],"acf":[],"yoast_head":"<!-- This site is optimized with the Yoast SEO plugin v26.9 - https:\/\/yoast.com\/product\/yoast-seo-wordpress\/ -->\n<title>Laborst\u00fchle Labster - SKAN<\/title>\n<meta name=\"description\" content=\"Ob als Laborstuhl oder als Laborhocker SKANs Labster ist ein echter Spezialist f\u00fcr h\u00f6chste Standards. Seine laborgerechten Funktionen, sein Komfort und seine Ergonomie setzen neue Ma\u00dfst\u00e4be f\u00fcr jeden Labor-Arbeitsstuhl.\" \/>\n<meta name=\"robots\" content=\"index, follow, max-snippet:-1, max-image-preview:large, max-video-preview:-1\" \/>\n<link rel=\"canonical\" href=\"https:\/\/skan.com\/de\/produkt\/laborprodukte\/laborstuehle-labster\/\" \/>\n<meta property=\"og:locale\" content=\"de_DE\" \/>\n<meta property=\"og:type\" content=\"article\" \/>\n<meta property=\"og:title\" content=\"Laborst\u00fchle Labster - SKAN\" \/>\n<meta property=\"og:description\" content=\"Ob als Laborstuhl oder als Laborhocker SKANs Labster ist ein echter Spezialist f\u00fcr h\u00f6chste Standards. Seine laborgerechten Funktionen, sein Komfort und seine Ergonomie setzen neue Ma\u00dfst\u00e4be f\u00fcr jeden Labor-Arbeitsstuhl.\" \/>\n<meta property=\"og:url\" content=\"https:\/\/skan.com\/de\/produkt\/laborprodukte\/laborstuehle-labster\/\" \/>\n<meta property=\"og:site_name\" content=\"SKAN\" \/>\n<meta property=\"article:modified_time\" content=\"2021-10-13T09:03:54+00:00\" \/>\n<meta property=\"og:image\" content=\"https:\/\/skan.com\/wp-content\/uploads\/f_skan-labor-produkte-zubehoer-laborstuehle.jpg\" \/>\n\t<meta property=\"og:image:width\" content=\"736\" \/>\n\t<meta property=\"og:image:height\" content=\"1000\" \/>\n\t<meta property=\"og:image:type\" content=\"image\/jpeg\" \/>\n<meta name=\"twitter:card\" content=\"summary_large_image\" \/>\n<script type=\"application\/ld+json\" class=\"yoast-schema-graph\">{\"@context\":\"https:\/\/schema.org\",\"@graph\":[{\"@type\":\"WebPage\",\"@id\":\"https:\/\/skan.com\/de\/produkt\/laborprodukte\/laborstuehle-labster\/\",\"url\":\"https:\/\/skan.com\/de\/produkt\/laborprodukte\/laborstuehle-labster\/\",\"name\":\"Laborst\u00fchle Labster - SKAN\",\"isPartOf\":{\"@id\":\"https:\/\/skan.com\/de\/#website\"},\"primaryImageOfPage\":{\"@id\":\"https:\/\/skan.com\/de\/produkt\/laborprodukte\/laborstuehle-labster\/#primaryimage\"},\"image\":{\"@id\":\"https:\/\/skan.com\/de\/produkt\/laborprodukte\/laborstuehle-labster\/#primaryimage\"},\"thumbnailUrl\":\"https:\/\/skan.com\/wp-content\/uploads\/f_skan-labor-produkte-zubehoer-laborstuehle.jpg\",\"datePublished\":\"2020-12-15T22:11:00+00:00\",\"dateModified\":\"2021-10-13T09:03:54+00:00\",\"description\":\"Ob als Laborstuhl oder als Laborhocker SKANs Labster ist ein echter Spezialist f\u00fcr h\u00f6chste Standards. Seine laborgerechten Funktionen, sein Komfort und seine Ergonomie setzen neue Ma\u00dfst\u00e4be f\u00fcr jeden Labor-Arbeitsstuhl.\",\"breadcrumb\":{\"@id\":\"https:\/\/skan.com\/de\/produkt\/laborprodukte\/laborstuehle-labster\/#breadcrumb\"},\"inLanguage\":\"de\",\"potentialAction\":[{\"@type\":\"ReadAction\",\"target\":[\"https:\/\/skan.com\/de\/produkt\/laborprodukte\/laborstuehle-labster\/\"]}]},{\"@type\":\"ImageObject\",\"inLanguage\":\"de\",\"@id\":\"https:\/\/skan.com\/de\/produkt\/laborprodukte\/laborstuehle-labster\/#primaryimage\",\"url\":\"https:\/\/skan.com\/wp-content\/uploads\/f_skan-labor-produkte-zubehoer-laborstuehle.jpg\",\"contentUrl\":\"https:\/\/skan.com\/wp-content\/uploads\/f_skan-labor-produkte-zubehoer-laborstuehle.jpg\",\"width\":736,\"height\":1000,\"caption\":\"f_skan-labor-produkte-zubehoer-laborstuehle\"},{\"@type\":\"BreadcrumbList\",\"@id\":\"https:\/\/skan.com\/de\/produkt\/laborprodukte\/laborstuehle-labster\/#breadcrumb\",\"itemListElement\":[{\"@type\":\"ListItem\",\"position\":1,\"name\":\"Home\",\"item\":\"https:\/\/skan.com\/de\/\"},{\"@type\":\"ListItem\",\"position\":2,\"name\":\"Product\",\"item\":\"https:\/\/skan.com\/de\/product\/\"},{\"@type\":\"ListItem\",\"position\":3,\"name\":\"Laborst\u00fchle Labster\"}]},{\"@type\":\"WebSite\",\"@id\":\"https:\/\/skan.com\/de\/#website\",\"url\":\"https:\/\/skan.com\/de\/\",\"name\":\"SKAN\",\"description\":\"Ihr Partner f\u00fcr Forschungslaboratorien\",\"potentialAction\":[{\"@type\":\"SearchAction\",\"target\":{\"@type\":\"EntryPoint\",\"urlTemplate\":\"https:\/\/skan.com\/de\/?s={search_term_string}\"},\"query-input\":{\"@type\":\"PropertyValueSpecification\",\"valueRequired\":true,\"valueName\":\"search_term_string\"}}],\"inLanguage\":\"de\"}]}<\/script>\n<!-- \/ Yoast SEO plugin. -->","yoast_head_json":{"title":"Laborst\u00fchle Labster - SKAN","description":"Ob als Laborstuhl oder als Laborhocker SKANs Labster ist ein echter Spezialist f\u00fcr h\u00f6chste Standards. Seine laborgerechten Funktionen, sein Komfort und seine Ergonomie setzen neue Ma\u00dfst\u00e4be f\u00fcr jeden Labor-Arbeitsstuhl.","robots":{"index":"index","follow":"follow","max-snippet":"max-snippet:-1","max-image-preview":"max-image-preview:large","max-video-preview":"max-video-preview:-1"},"canonical":"https:\/\/skan.com\/de\/produkt\/laborprodukte\/laborstuehle-labster\/","og_locale":"de_DE","og_type":"article","og_title":"Laborst\u00fchle Labster - SKAN","og_description":"Ob als Laborstuhl oder als Laborhocker SKANs Labster ist ein echter Spezialist f\u00fcr h\u00f6chste Standards. Seine laborgerechten Funktionen, sein Komfort und seine Ergonomie setzen neue Ma\u00dfst\u00e4be f\u00fcr jeden Labor-Arbeitsstuhl.","og_url":"https:\/\/skan.com\/de\/produkt\/laborprodukte\/laborstuehle-labster\/","og_site_name":"SKAN","article_modified_time":"2021-10-13T09:03:54+00:00","og_image":[{"width":736,"height":1000,"url":"https:\/\/skan.com\/wp-content\/uploads\/f_skan-labor-produkte-zubehoer-laborstuehle.jpg","type":"image\/jpeg"}],"twitter_card":"summary_large_image","schema":{"@context":"https:\/\/schema.org","@graph":[{"@type":"WebPage","@id":"https:\/\/skan.com\/de\/produkt\/laborprodukte\/laborstuehle-labster\/","url":"https:\/\/skan.com\/de\/produkt\/laborprodukte\/laborstuehle-labster\/","name":"Laborst\u00fchle Labster - SKAN","isPartOf":{"@id":"https:\/\/skan.com\/de\/#website"},"primaryImageOfPage":{"@id":"https:\/\/skan.com\/de\/produkt\/laborprodukte\/laborstuehle-labster\/#primaryimage"},"image":{"@id":"https:\/\/skan.com\/de\/produkt\/laborprodukte\/laborstuehle-labster\/#primaryimage"},"thumbnailUrl":"https:\/\/skan.com\/wp-content\/uploads\/f_skan-labor-produkte-zubehoer-laborstuehle.jpg","datePublished":"2020-12-15T22:11:00+00:00","dateModified":"2021-10-13T09:03:54+00:00","description":"Ob als Laborstuhl oder als Laborhocker SKANs Labster ist ein echter Spezialist f\u00fcr h\u00f6chste Standards. Seine laborgerechten Funktionen, sein Komfort und seine Ergonomie setzen neue Ma\u00dfst\u00e4be f\u00fcr jeden Labor-Arbeitsstuhl.","breadcrumb":{"@id":"https:\/\/skan.com\/de\/produkt\/laborprodukte\/laborstuehle-labster\/#breadcrumb"},"inLanguage":"de","potentialAction":[{"@type":"ReadAction","target":["https:\/\/skan.com\/de\/produkt\/laborprodukte\/laborstuehle-labster\/"]}]},{"@type":"ImageObject","inLanguage":"de","@id":"https:\/\/skan.com\/de\/produkt\/laborprodukte\/laborstuehle-labster\/#primaryimage","url":"https:\/\/skan.com\/wp-content\/uploads\/f_skan-labor-produkte-zubehoer-laborstuehle.jpg","contentUrl":"https:\/\/skan.com\/wp-content\/uploads\/f_skan-labor-produkte-zubehoer-laborstuehle.jpg","width":736,"height":1000,"caption":"f_skan-labor-produkte-zubehoer-laborstuehle"},{"@type":"BreadcrumbList","@id":"https:\/\/skan.com\/de\/produkt\/laborprodukte\/laborstuehle-labster\/#breadcrumb","itemListElement":[{"@type":"ListItem","position":1,"name":"Home","item":"https:\/\/skan.com\/de\/"},{"@type":"ListItem","position":2,"name":"Product","item":"https:\/\/skan.com\/de\/product\/"},{"@type":"ListItem","position":3,"name":"Laborst\u00fchle Labster"}]},{"@type":"WebSite","@id":"https:\/\/skan.com\/de\/#website","url":"https:\/\/skan.com\/de\/","name":"SKAN","description":"Ihr Partner f\u00fcr Forschungslaboratorien","potentialAction":[{"@type":"SearchAction","target":{"@type":"EntryPoint","urlTemplate":"https:\/\/skan.com\/de\/?s={search_term_string}"},"query-input":{"@type":"PropertyValueSpecification","valueRequired":true,"valueName":"search_term_string"}}],"inLanguage":"de"}]}},"_links":{"self":[{"href":"https:\/\/skan.com\/de\/wp-json\/wp\/v2\/product\/3873","targetHints":{"allow":["GET"]}}],"collection":[{"href":"https:\/\/skan.com\/de\/wp-json\/wp\/v2\/product"}],"about":[{"href":"https:\/\/skan.com\/de\/wp-json\/wp\/v2\/types\/product"}],"author":[{"embeddable":true,"href":"https:\/\/skan.com\/de\/wp-json\/wp\/v2\/users\/1"}],"version-history":[{"count":27,"href":"https:\/\/skan.com\/de\/wp-json\/wp\/v2\/product\/3873\/revisions"}],"predecessor-version":[{"id":16928,"href":"https:\/\/skan.com\/de\/wp-json\/wp\/v2\/product\/3873\/revisions\/16928"}],"wp:featuredmedia":[{"embeddable":true,"href":"https:\/\/skan.com\/de\/wp-json\/wp\/v2\/media\/4959"}],"wp:attachment":[{"href":"https:\/\/skan.com\/de\/wp-json\/wp\/v2\/media?parent=3873"}],"wp:term":[{"taxonomy":"product_cat","embeddable":true,"href":"https:\/\/skan.com\/de\/wp-json\/wp\/v2\/product_cat?post=3873"}],"curies":[{"name":"wp","href":"https:\/\/api.w.org\/{rel}","templated":true}]}}