{"id":3842,"date":"2021-01-15T21:51:00","date_gmt":"2021-01-15T21:51:00","guid":{"rendered":"https:\/\/skan.clients.ideeal.ch\/?post_type=product&#038;p=3842"},"modified":"2021-10-15T06:15:19","modified_gmt":"2021-10-15T06:15:19","slug":"fluessigkeitsabsaugsysteme-vacuubrand-bvc","status":"publish","type":"product","link":"https:\/\/skan.com\/de\/produkt\/laborprodukte\/fluessigkeitsabsaugsysteme-vacuubrand-bvc\/","title":{"rendered":"Fl\u00fcssigkeitsabsaugsysteme Vacuubrand BVC"},"content":{"rendered":"\t<!-- section two-columns-->\r\n\t<section class=\"twocolumns-section\" id=\"secondSection\">\r\n\t\t<div class=\"container-fluid\">\r\n\t\t\t<div class=\"full-width-row df-row\">\r\n\t\t\t\t\t\t\t\t\t<div class=\"column-text col-lg-6 col-xl-5\" id=\"content\">\r\n\t\t\t\t\t\t<div class=\"content-wrap\">\r\n\t\t\t\t\t\t\t\t\t\t\t\t\t\t\t\t<div class=\"content-block\">\r\n\t\t<h2>Anforderungen<\/h2>\n<ul>\n<li>Chemiebest\u00e4ndigkeit<\/li>\n<li>Lange Lebensdauer<\/li>\n<li>Minimale Folgekosten f\u00fcr Wartung und Ersatzteile<\/li>\n<\/ul>\n\t<\/div>\r\n\t\t\t\t\t\t\t\t\t\t\t\t\t\t\t\t<div class=\"content-block\">\r\n\t\t<div class=\"description-wrap\">\r\n\t\t\t\t\t\t\t<p>Normenbezug<\/p>\r\n\t\t\t\t\t\t\t\t\t\t<strong>CE: DIN EN 12100:2011, DIN EN 50581:2013<\/strong>\r\n\t\t\t\t\t<\/div>\r\n\t<\/div>\r\n\t\t\t\t\t\t\t\t\t\t\t\t\t\t\t\t<div class=\"content-block\">\r\n\t\t<ul class=\"accordion accordion-content\">\r\n\t\t\t\t\t\t\t\t\t\t\t\t<li>\r\n\t\t\t\t\t\t\t\t\t\t\t\t\t<a class=\"opener\">L\u00f6sung<\/a>\r\n\t\t\t\t\t\t\t\t\t\t\t\t\t\t\t\t\t\t\t<div class=\"slide\">\r\n\t\t\t\t\t\t\t\t<div class=\"slide-body\">\r\n\t\t\t\t\t\t\t\t\t<p>BVC \u2013 Biochem-VacuuCenter sind die optimale L\u00f6sung zum sicheren, sensiblen und effizienten Absaugen von Fl\u00fcssigkeits\u00fcberst\u00e4nden in allen Laboranwendungsbereichen.<\/p>\n<p>Das BVC basic ist zum Anschluss an externe Vakuumquellen vorgesehen. BVC control und BVC professional sind mit einer leistungsf\u00e4higen, chemiebest\u00e4ndigen Membranpumpe ausgestattet.<\/p>\n\t\t\t\t\t\t\t\t<\/div>\r\n\t\t\t\t\t\t\t<\/div>\r\n\t\t\t\t\t\t\t\t\t\t\t<\/li>\r\n\t\t\t\t\t\t\t\t\t\t\t\t\t\t\t\t<li>\r\n\t\t\t\t\t\t\t\t\t\t\t\t\t<a class=\"opener\">Funktionsweise<\/a>\r\n\t\t\t\t\t\t\t\t\t\t\t\t\t\t\t\t\t\t\t<div class=\"slide\">\r\n\t\t\t\t\t\t\t\t<div class=\"slide-body\">\r\n\t\t\t\t\t\t\t\t\t<p>Das Vakuumniveau und damit die Saugkraft am Absaughandgriff l\u00e4sst sich \u00fcber ein Touchpanel feinf\u00fchlig einstellen. Zus\u00e4tzlich besitzt das BVC professional einen ber\u00fchrungslosen F\u00fcllstandssensor und selbstschliessende Schnellkupplungen (4l-PP-Flasche).<\/p>\n<p>Alle Systeme sind mit einer vakuumfesten, autoklavierbaren 4l-PP-Flasche oder f\u00fcr das Arbeiten mit aggressiven Desinfektionsmitteln wie Chlorbleiche mit einer 2l-Borosilikat-Glasflasche erh\u00e4ltlich und f\u00fcr den Anschluss eines zweiten, zus\u00e4tzlichen Absaughandgriffs VHCpro vorbereitet.<\/p>\n\t\t\t\t\t\t\t\t<\/div>\r\n\t\t\t\t\t\t\t<\/div>\r\n\t\t\t\t\t\t\t\t\t\t\t<\/li>\r\n\t\t\t\t\t\t\t\t\t\t\t\t\t\t\t\t<li>\r\n\t\t\t\t\t\t\t\t\t\t\t\t\t<a class=\"opener\">Eigenschaften<\/a>\r\n\t\t\t\t\t\t\t\t\t\t\t\t\t\t\t\t\t\t\t<div class=\"slide\">\r\n\t\t\t\t\t\t\t\t<div class=\"slide-body\">\r\n\t\t\t\t\t\t\t\t\t<ul>\n<li>4l-PP- oder 2l-Glasflasche \u2013 f\u00fcr perfekte Anpassung an die Arbeitsabl\u00e4ufe (Glasversion z.B. f\u00fcr Chlorbleiche)<\/li>\n<li>Kompakte Abmessungen mit Tragegriff \u2013 f\u00fcr flexible, platzsparende Aufstellung bei perfekter Ergonomie<\/li>\n<li>Sehr niedriges Ger\u00e4uschniveau am Arbeitsplatz \u2013 f\u00fcr angenehmes Arbeiten in der t\u00e4glichen Routine<\/li>\n<li>Feinf\u00fchlige Saugkrafteinstellung \u00fcber Touchpanel \u2013 f\u00fcr reproduzierbares Arbeiten<\/li>\n<li>Automatisches Ein-\/Ausschalten der Pumpe zur Vakuumregelung<\/li>\n<\/ul>\n\t\t\t\t\t\t\t\t<\/div>\r\n\t\t\t\t\t\t\t<\/div>\r\n\t\t\t\t\t\t\t\t\t\t\t<\/li>\r\n\t\t\t\t\t\t\t\t\t\t\t\t\t\t\t\t<li>\r\n\t\t\t\t\t\t\t\t\t\t\t\t\t<a class=\"opener\">Einsatzgebiet<\/a>\r\n\t\t\t\t\t\t\t\t\t\t\t\t\t\t\t\t\t\t\t<div class=\"slide\">\r\n\t\t\t\t\t\t\t\t<div class=\"slide-body\">\r\n\t\t\t\t\t\t\t\t\t<ul>\n<li>Labor und Forschung<\/li>\n<li>Biotec und Life Sciences<\/li>\n<li>Spital und Apotheke<\/li>\n<\/ul>\n\t\t\t\t\t\t\t\t<\/div>\r\n\t\t\t\t\t\t\t<\/div>\r\n\t\t\t\t\t\t\t\t\t\t\t<\/li>\r\n\t\t\t\t\t\t\t\t\t\t\t\t\t\t\t\t<li>\r\n\t\t\t\t\t\t\t\t\t\t\t\t\t<a class=\"opener\">Zusatzprodukte und Optionen<\/a>\r\n\t\t\t\t\t\t\t\t\t\t\t\t\t\t\t\t\t\t\t<div class=\"slide\">\r\n\t\t\t\t\t\t\t\t<div class=\"slide-body\">\r\n\t\t\t\t\t\t\t\t\t<ul>\n<li>Fahrbares Untergestell BVC shuttle<\/li>\n<li>VacuuHandControl VHCpro<\/li>\n<li>Tischst\u00e4nder f\u00fcr VacuuHandControl VHCpro<\/li>\n<li>Spitzenaufnehmer 1-fach mit Abwerfer<\/li>\n<\/ul>\n\t\t\t\t\t\t\t\t<\/div>\r\n\t\t\t\t\t\t\t<\/div>\r\n\t\t\t\t\t\t\t\t\t\t\t<\/li>\r\n\t\t\t\t\t\t\t\t\t<\/ul>\r\n\t<\/div>\r\n\t\t\t\t\t\t\t\t\t\t\t\t\t\t\t\t<div class=\"content-block\">\r\n\t\t\t\t\t<h2>Downloads<\/h2>\r\n\t\t\t\t\t\t\t<div class=\"btn-download-container\">\r\n\t\t\t\t\t\t\t\t\t\t\t\t\t\t\t<a class=\"btn-download\" href=\"https:\/\/skan.com\/wp-content\/uploads\/bvc_2017_de_screen.pdf\" download=\"\">\r\n\t\t\t\t\t\t\t<strong>Brosch\u00fcre Fl\u00fcssigkeits-Absaugsysteme Vacuubrand BVC<\/strong>\r\n\t\t\t\t\t\t\t<span class=\"format\">\r\n\t\t\t\t\t\t\t\tPDF\t\t\t\t\t\t\t\t3.08 Mb\t\t\t\t\t\t\t<\/span>\r\n\t\t\t\t\t\t\t<span class=\"icon\"><\/span>\r\n\t\t\t\t\t\t<\/a>\r\n\t\t\t\t\t\t\t\t\t\t\t\t\t\t\t\t\t\t\t\t\t\t\t\t\t\t\t\t\t\t<\/div>\r\n\t\t\t<\/div>\r\n\t\t\t\t\t\t\t\t\t\t\t\t\t\t\t\t<div class=\"content-block\">\r\n\t\t<div class=\"contact-box\">\r\n\t\t\t\t\t\t\t<h3>SKAN Pure Solutions<\/h3>\r\n\t\t\t\t\t\t\t\t\t\t<div class=\"contact-block\">\r\n\t\t\t\t\t<dl>\r\n\t\t\t\t\t\t\t\t\t\t\t\t\t<dt>Tel<\/dt>\r\n\t\t\t\t\t\t\t<dd><a href=\"tel:41614854587\">+41 61 485 45 87<\/a><\/dd>\r\n\t\t\t\t\t\t\t\t\t\t\t\t\t\t\t\t\t<\/dl>\r\n\t\t\t\t<\/div>\r\n\t\t\t\t\t\t\t\t\t\t<div class=\"btn-wrap\">\r\n\t\t\t\t\t<a class=\"btn btn-secondary\" href=\"mailto:vk-lab@skan.ch\" target=\"_self\">Kontakt<\/a>\r\n\t\t\t\t<\/div>\r\n\t\t\t\t\t<\/div>\r\n\t<\/div>\r\n\t\t\t\t\t\t\t                            \t\t\t\t\t\t<\/div>\r\n\t\t\t\t\t<\/div>\r\n\t\t\t\t\t\t\t\t\t\t\t\t\t<aside class=\"column-image col-lg-6 col-offset-xl-1\" id=\"aside\">\r\n\t\t\t\t\t\t<div class=\"gallery-visuals-wrap\">\r\n\t\t\t\t\t\t<div class=\"gallery-visuals\">\r\n\t\t\t\t\t\t\t\t\t\t\t\t\t\t\t<!-- slide-->\r\n\t\t\t\t\t\t\t\t<div class=\"visual-slide d-md-none\">\r\n\t\t\t\t\t\t\t\t\t<div class=\"visual-holder\">\r\n\t\t\t\t\t\t\t\t\t\t<div class=\"visual-frame animImageLeft\">\r\n\t\t\t\t\t\t\t\t\t\t\t<picture>\r\n\t\t\t\t\t\t\t\t\t\t\t\t<source type=\"image\/jpeg\" srcset=\"https:\/\/skan.com\/wp-content\/uploads\/f_skan-labor-produkte-zubehoer-vacuubrand.jpg 375w, https:\/\/skan.com\/wp-content\/uploads\/f_skan-labor-produkte-zubehoer-vacuubrand.jpg 750w\" sizes=\"100vw \" media=\"(max-width: 767px)\"\/>\r\n\t\t\t\t\t\t\t\t\t\t\t\t<source type=\"image\/jpeg\" srcset=\"https:\/\/skan.com\/wp-content\/uploads\/f_skan-labor-produkte-zubehoer-vacuubrand.jpg 740w, https:\/\/skan.com\/wp-content\/uploads\/f_skan-labor-produkte-zubehoer-vacuubrand.jpg 1480w\" sizes=\"(min-width: 768px) 50vw, 100vw\"\/>\r\n\t\t\t\t\t\t\t\t\t\t\t\t<img loading=\"lazy\" decoding=\"async\" width=\"736\" height=\"1000\" src=\"https:\/\/skan.com\/wp-content\/uploads\/f_skan-labor-produkte-zubehoer-vacuubrand.jpg\" class=\"attachment-full size-full wp-post-image\" alt=\"f_skan-labor-produkte-zubehoer-vacuubrand\" srcset=\"https:\/\/skan.com\/wp-content\/uploads\/f_skan-labor-produkte-zubehoer-vacuubrand.jpg 736w, https:\/\/skan.com\/wp-content\/uploads\/f_skan-labor-produkte-zubehoer-vacuubrand-221x300.jpg 221w\" sizes=\"auto, (max-width: 736px) 100vw, 736px\" \/>\t\t\t\t\t\t\t\t\t\t\t<\/picture>\r\n\t\t\t\t\t\t\t\t\t\t<\/div>\r\n\t\t\t\t\t\t\t\t\t<\/div>\r\n\t\t\t\t\t\t\t\t<\/div>\r\n\t\t\t\t\t\t\t\t\t\t\t\t\t\t\t\t\t\t\t\t\t\t\t\t\t\t\t\t\t\t\t\t\t\t\t\t\t\t<!-- slide-->\r\n\t\t\t\t\t\t\t\t\t<div class=\"visual-slide\">\r\n\t\t\t\t\t\t\t\t\t\t<div class=\"visual-holder\" id=\"slide-on-fixed\">\r\n\t\t\t\t\t\t\t\t\t\t\t\t\t\t\t\t\t\t\t\t\t\t\t\t\t\t\t\t\t\t\t\t\t\t\t\t<div class=\"visual-double animImageLeft\">\r\n\t\t\t\t\t\t\t\t\t\t\t\t\t\t<picture>\r\n\t\t\t\t\t\t\t\t\t\t\t\t\t\t\t<source type=\"image\/jpeg\" srcset=\"https:\/\/skan.com\/wp-content\/uploads\/skan-labor-produkte-zubehoer-vacuubrand-01.jpg 188w, https:\/\/skan.com\/wp-content\/uploads\/skan-labor-produkte-zubehoer-vacuubrand-01.jpg 376w\" sizes=\"50vw \" media=\"(max-width: 767px)\"\/>\r\n\t\t\t\t\t\t\t\t\t\t\t\t\t\t\t<source type=\"image\/jpeg\" srcset=\"https:\/\/skan.com\/wp-content\/uploads\/skan-labor-produkte-zubehoer-vacuubrand-01.jpg 368w, https:\/\/skan.com\/wp-content\/uploads\/skan-labor-produkte-zubehoer-vacuubrand-01.jpg 736w\" sizes=\"(min-width: 768px) 23vw, 100vw\"\/>\r\n\t\t\t\t\t\t\t\t\t\t\t\t\t\t\t<img loading=\"lazy\" decoding=\"async\" width=\"367\" height=\"450\" src=\"https:\/\/skan.com\/wp-content\/uploads\/skan-labor-produkte-zubehoer-vacuubrand-01.jpg\" class=\"attachment-full size-full\" alt=\"skan-labor-produkte-zubehoer-vacuubrand-01\" srcset=\"https:\/\/skan.com\/wp-content\/uploads\/skan-labor-produkte-zubehoer-vacuubrand-01.jpg 367w, https:\/\/skan.com\/wp-content\/uploads\/skan-labor-produkte-zubehoer-vacuubrand-01-245x300.jpg 245w, https:\/\/skan.com\/wp-content\/uploads\/skan-labor-produkte-zubehoer-vacuubrand-01-188x230.jpg 188w, https:\/\/skan.com\/wp-content\/uploads\/skan-labor-produkte-zubehoer-vacuubrand-01-254x310.jpg 254w\" sizes=\"auto, (max-width: 367px) 100vw, 367px\" \/>\t\t\t\t\t\t\t\t\t\t\t\t\t\t<\/picture>\r\n\t\t\t\t\t\t\t\t\t\t\t\t\t<\/div>\r\n\t\t\t\t\t\t\t\t\t\t\t\t\t\t\t\t\t\t\t\t\t\t\t\t\t\t\t\t\t\t\t\t\t\t\t\t\t<div class=\"visual-double animImageLeft\">\r\n\t\t\t\t\t\t\t\t\t\t\t\t\t\t<picture>\r\n\t\t\t\t\t\t\t\t\t\t\t\t\t\t\t<source type=\"image\/jpeg\" srcset=\"https:\/\/skan.com\/wp-content\/uploads\/skan-labor-produkte-zubehoer-vacuubrand-02.jpg 188w, https:\/\/skan.com\/wp-content\/uploads\/skan-labor-produkte-zubehoer-vacuubrand-02.jpg 376w\" sizes=\"50vw \" media=\"(max-width: 767px)\"\/>\r\n\t\t\t\t\t\t\t\t\t\t\t\t\t\t\t<source type=\"image\/jpeg\" srcset=\"https:\/\/skan.com\/wp-content\/uploads\/skan-labor-produkte-zubehoer-vacuubrand-02.jpg 368w, https:\/\/skan.com\/wp-content\/uploads\/skan-labor-produkte-zubehoer-vacuubrand-02.jpg 736w\" sizes=\"(min-width: 768px) 23vw, 100vw\"\/>\r\n\t\t\t\t\t\t\t\t\t\t\t\t\t\t\t<img loading=\"lazy\" decoding=\"async\" width=\"367\" height=\"450\" src=\"https:\/\/skan.com\/wp-content\/uploads\/skan-labor-produkte-zubehoer-vacuubrand-02.jpg\" class=\"attachment-full size-full\" alt=\"skan-labor-produkte-zubehoer-vacuubrand-02\" srcset=\"https:\/\/skan.com\/wp-content\/uploads\/skan-labor-produkte-zubehoer-vacuubrand-02.jpg 367w, https:\/\/skan.com\/wp-content\/uploads\/skan-labor-produkte-zubehoer-vacuubrand-02-245x300.jpg 245w, https:\/\/skan.com\/wp-content\/uploads\/skan-labor-produkte-zubehoer-vacuubrand-02-188x230.jpg 188w, https:\/\/skan.com\/wp-content\/uploads\/skan-labor-produkte-zubehoer-vacuubrand-02-254x310.jpg 254w\" sizes=\"auto, (max-width: 367px) 100vw, 367px\" \/>\t\t\t\t\t\t\t\t\t\t\t\t\t\t<\/picture>\r\n\t\t\t\t\t\t\t\t\t\t\t\t\t<\/div>\r\n\t\t\t\t\t\t\t\t\t\t\t\t\t\t\t\t\t\t\t\t\t\t\t\t\t\t\t\t\t\t\t\t\t<\/div>\r\n\t\t\t\t\t\t\t\t\t<\/div>\r\n\t\t\t\t\t\t\t\t\t\t\t\t\t\t\t\t\t\t\t\t\t<\/div>\r\n\t\t\t\t\t\t<\/div>\r\n\t\t\t\t\t<\/aside>\r\n\t\t\t\t\t\t\t<\/div>\r\n\t\t<\/div>\r\n\t<\/section>\r\n\n\n<!-- divider line-->\r\n<hr class=\"divider\"\/>\r\n\n\n\t<!-- section-->\r\n\t<section id=\"section-technology-block_60c7cb7e37561\" class=\"section-main section-technology\">\r\n\t\t<div class=\"container-fluid\">\r\n\t\t\t\t\t\t\t\t\t\t\t\t\t<div class=\"gallery-product-list slider-with-controls-mobile\">\r\n\t\t\t\t\t<div class=\"controls\">\r\n\t\t\t\t\t\t<!--.dots-->\r\n\t\t\t\t\t\t<div class=\"arrows\"><\/div>\r\n\t\t\t\t\t<\/div>\r\n\t\t\t\t\t<div class=\"list-slider-mobile js-anim-delay-parent viewport-section\">\r\n\t\t\t\t\t\t\t\t\t\t\t\t\t<div class=\"slide-holder\">\r\n\t\t\t\t\t\t\t\t<div class=\"card-product card-animated \">\r\n\t\t\t\t\t\t\t\t\t\t\t\t\t\t\t\t\t\t\t<div class=\"card-img\">\r\n\t\t\t\t\t\t\t\t\t\t\t<a href=\"https:\/\/skan.com\/de\/produkt\/laborprodukte\/laborstuehle-labster\/\">\r\n\t\t\t\t\t\t\t\t\t\t\t\t<picture>\r\n\t\t\t\t\t\t\t\t\t\t\t\t\t<source type=\"image\/jpeg\" srcset=\"https:\/\/skan.com\/wp-content\/uploads\/c_skan-labor-produkte-zubehoer-laborstuehle.jpg 315w, https:\/\/skan.com\/wp-content\/uploads\/c_skan-labor-produkte-zubehoer-laborstuehle.jpg 630w\" sizes=\"84vw \" media=\"(max-width: 767px)\"\/>\r\n\t\t\t\t\t\t\t\t\t\t\t\t\t<source type=\"image\/jpeg\" srcset=\"https:\/\/skan.com\/wp-content\/uploads\/c_skan-labor-produkte-zubehoer-laborstuehle.jpg 448w, https:\/\/skan.com\/wp-content\/uploads\/c_skan-labor-produkte-zubehoer-laborstuehle.jpg 896w\" sizes=\"(min-width: 768px) 28vw, 100vw\"\/>\r\n\t\t\t\t\t\t\t\t\t\t\t\t\t<img loading=\"lazy\" decoding=\"async\" width=\"448\" height=\"560\" src=\"https:\/\/skan.com\/wp-content\/uploads\/c_skan-labor-produkte-zubehoer-laborstuehle.jpg\" class=\"attachment-full size-full\" alt=\"c_skan-labor-produkte-zubehoer-laborstuehle\" srcset=\"https:\/\/skan.com\/wp-content\/uploads\/c_skan-labor-produkte-zubehoer-laborstuehle.jpg 448w, https:\/\/skan.com\/wp-content\/uploads\/c_skan-labor-produkte-zubehoer-laborstuehle-240x300.jpg 240w\" sizes=\"auto, (max-width: 448px) 100vw, 448px\" \/>\t\t\t\t\t\t\t\t\t\t\t\t<\/picture>\r\n\t\t\t\t\t\t\t\t\t\t\t<\/a>\r\n\t\t\t\t\t\t\t\t\t\t<\/div>\r\n\t\t\t\t\t\t\t\t\t\t\t\t\t\t\t\t\t\t<div class=\"card-body-wrap\">\r\n\t\t\t\t\t\t\t\t\t\t<div class=\"card-body\">\r\n\t\t\t\t\t\t\t\t\t\t\t<h3 class=\"card-title\">\r\n\t\t\t\t\t\t\t\t\t\t\t\t<a href=\"https:\/\/skan.com\/de\/produkt\/laborprodukte\/laborstuehle-labster\/\">Laborst\u00fchle Labster<\/a>\r\n\t\t\t\t\t\t\t\t\t\t\t<\/h3>\r\n\t\t\t\t\t\t\t\t\t\t\t\t\t\t\t\t\t\t\t\t\t\t\t<p>Speziell f\u00fcr das Labor entwickelt<\/p>\r\n\t\t\t\t\t\t\t\t\t\t\t\t\t\t\t\t\t\t\t\t\t\t<div class=\"link-wrap\">\r\n\t\t\t\t\t\t\t\t\t\t\t\t<a class=\"link-arrowed\" href=\"https:\/\/skan.com\/de\/produkt\/laborprodukte\/laborstuehle-labster\/\">Zur Detailseite<\/a>\r\n\t\t\t\t\t\t\t\t\t\t\t<\/div>\r\n\t\t\t\t\t\t\t\t\t\t<\/div>\r\n\t\t\t\t\t\t\t\t\t<\/div>\r\n\t\t\t\t\t\t\t\t<\/div>\r\n\t\t\t\t\t\t\t<\/div>\r\n\t\t\t\t\t\t\t\t\t\t\t\t\t<div class=\"slide-holder\">\r\n\t\t\t\t\t\t\t\t<div class=\"card-product card-animated \">\r\n\t\t\t\t\t\t\t\t\t\t\t\t\t\t\t\t\t\t\t<div class=\"card-img\">\r\n\t\t\t\t\t\t\t\t\t\t\t<a href=\"https:\/\/skan.com\/de\/produkt\/laborprodukte\/laborabzug-workstation-evo\/\">\r\n\t\t\t\t\t\t\t\t\t\t\t\t<picture>\r\n\t\t\t\t\t\t\t\t\t\t\t\t\t<source type=\"image\/jpeg\" srcset=\"https:\/\/skan.com\/wp-content\/uploads\/Produkte2-scaled.jpg 315w, https:\/\/skan.com\/wp-content\/uploads\/Produkte2-scaled.jpg 630w\" sizes=\"84vw \" media=\"(max-width: 767px)\"\/>\r\n\t\t\t\t\t\t\t\t\t\t\t\t\t<source type=\"image\/jpeg\" srcset=\"https:\/\/skan.com\/wp-content\/uploads\/Produkte2-scaled.jpg 448w, https:\/\/skan.com\/wp-content\/uploads\/Produkte2-scaled.jpg 896w\" sizes=\"(min-width: 768px) 28vw, 100vw\"\/>\r\n\t\t\t\t\t\t\t\t\t\t\t\t\t<img loading=\"lazy\" decoding=\"async\" width=\"1882\" height=\"2560\" src=\"https:\/\/skan.com\/wp-content\/uploads\/Produkte2-scaled.jpg\" class=\"attachment-full size-full\" alt=\"SKAN_Workstation_evo\" srcset=\"https:\/\/skan.com\/wp-content\/uploads\/Produkte2-scaled.jpg 1882w, https:\/\/skan.com\/wp-content\/uploads\/Produkte2-221x300.jpg 221w, https:\/\/skan.com\/wp-content\/uploads\/Produkte2-753x1024.jpg 753w, https:\/\/skan.com\/wp-content\/uploads\/Produkte2-768x1045.jpg 768w, https:\/\/skan.com\/wp-content\/uploads\/Produkte2-1129x1536.jpg 1129w, https:\/\/skan.com\/wp-content\/uploads\/Produkte2-1505x2048.jpg 1505w\" sizes=\"auto, (max-width: 1882px) 100vw, 1882px\" \/>\t\t\t\t\t\t\t\t\t\t\t\t<\/picture>\r\n\t\t\t\t\t\t\t\t\t\t\t<\/a>\r\n\t\t\t\t\t\t\t\t\t\t<\/div>\r\n\t\t\t\t\t\t\t\t\t\t\t\t\t\t\t\t\t\t<div class=\"card-body-wrap\">\r\n\t\t\t\t\t\t\t\t\t\t<div class=\"card-body\">\r\n\t\t\t\t\t\t\t\t\t\t\t<h3 class=\"card-title\">\r\n\t\t\t\t\t\t\t\t\t\t\t\t<a href=\"https:\/\/skan.com\/de\/produkt\/laborprodukte\/laborabzug-workstation-evo\/\">Laborabzug Workstation<sup>evo<sup><\/a>\r\n\t\t\t\t\t\t\t\t\t\t\t<\/h3>\r\n\t\t\t\t\t\t\t\t\t\t\t\t\t\t\t\t\t\t\t\t\t\t\t<p>Die \u00f6kologische Evolution<\/p>\r\n\t\t\t\t\t\t\t\t\t\t\t\t\t\t\t\t\t\t\t\t\t\t<div class=\"link-wrap\">\r\n\t\t\t\t\t\t\t\t\t\t\t\t<a class=\"link-arrowed\" href=\"https:\/\/skan.com\/de\/produkt\/laborprodukte\/laborabzug-workstation-evo\/\">Zur Detailseite<\/a>\r\n\t\t\t\t\t\t\t\t\t\t\t<\/div>\r\n\t\t\t\t\t\t\t\t\t\t<\/div>\r\n\t\t\t\t\t\t\t\t\t<\/div>\r\n\t\t\t\t\t\t\t\t<\/div>\r\n\t\t\t\t\t\t\t<\/div>\r\n\t\t\t\t\t\t\t\t\t\t\t\t\t\t\t\t\t<\/div>\r\n\t\t\t\t<\/div>\r\n\t\t\t\t\t\t\t\t\t<\/div>\r\n\t<\/section>\r\n\n\n<!-- divider line-->\r\n<hr class=\"divider\"\/>\r\n","protected":false},"excerpt":{"rendered":"<p>Die optimale L\u00f6sung zum sicheren, sensiblen und effizienten Absaugen von Fl\u00fcssigkeits\u00fcberst\u00e4nden<\/p>\n","protected":false},"author":1,"featured_media":4951,"template":"","product_cat":[47,9,59],"class_list":["post-3842","product","type-product","status-publish","has-post-thumbnail","hentry","product_cat-laborprodukte","product_cat-zubehor","product_cat-zubehoer"],"acf":[],"yoast_head":"<!-- This site is optimized with the Yoast SEO plugin v26.9 - https:\/\/yoast.com\/product\/yoast-seo-wordpress\/ -->\n<title>Fl\u00fcssigkeitsabsaugsysteme Vacuubrand BVC - SKAN<\/title>\n<meta name=\"description\" content=\"Biochem-VacuuCenter sind SKANs optimale L\u00f6sung zum sicheren, sensiblen und effizienten Absaugen von Fl\u00fcssigkeits\u00fcberst\u00e4nden in allen Laboranwendungsbereichen.\" \/>\n<meta name=\"robots\" content=\"index, follow, max-snippet:-1, max-image-preview:large, max-video-preview:-1\" \/>\n<link rel=\"canonical\" href=\"https:\/\/skan.com\/de\/produkt\/laborprodukte\/fluessigkeitsabsaugsysteme-vacuubrand-bvc\/\" \/>\n<meta property=\"og:locale\" content=\"de_DE\" \/>\n<meta property=\"og:type\" content=\"article\" \/>\n<meta property=\"og:title\" content=\"Fl\u00fcssigkeitsabsaugsysteme Vacuubrand BVC - SKAN\" \/>\n<meta property=\"og:description\" content=\"Biochem-VacuuCenter sind SKANs optimale L\u00f6sung zum sicheren, sensiblen und effizienten Absaugen von Fl\u00fcssigkeits\u00fcberst\u00e4nden in allen Laboranwendungsbereichen.\" \/>\n<meta property=\"og:url\" content=\"https:\/\/skan.com\/de\/produkt\/laborprodukte\/fluessigkeitsabsaugsysteme-vacuubrand-bvc\/\" \/>\n<meta property=\"og:site_name\" content=\"SKAN\" \/>\n<meta property=\"article:modified_time\" content=\"2021-10-15T06:15:19+00:00\" \/>\n<meta property=\"og:image\" content=\"https:\/\/skan.com\/wp-content\/uploads\/f_skan-labor-produkte-zubehoer-vacuubrand.jpg\" \/>\n\t<meta property=\"og:image:width\" content=\"736\" \/>\n\t<meta property=\"og:image:height\" content=\"1000\" \/>\n\t<meta property=\"og:image:type\" content=\"image\/jpeg\" \/>\n<meta name=\"twitter:card\" content=\"summary_large_image\" \/>\n<script type=\"application\/ld+json\" class=\"yoast-schema-graph\">{\"@context\":\"https:\/\/schema.org\",\"@graph\":[{\"@type\":\"WebPage\",\"@id\":\"https:\/\/skan.com\/de\/produkt\/laborprodukte\/fluessigkeitsabsaugsysteme-vacuubrand-bvc\/\",\"url\":\"https:\/\/skan.com\/de\/produkt\/laborprodukte\/fluessigkeitsabsaugsysteme-vacuubrand-bvc\/\",\"name\":\"Fl\u00fcssigkeitsabsaugsysteme Vacuubrand BVC - SKAN\",\"isPartOf\":{\"@id\":\"https:\/\/skan.com\/de\/#website\"},\"primaryImageOfPage\":{\"@id\":\"https:\/\/skan.com\/de\/produkt\/laborprodukte\/fluessigkeitsabsaugsysteme-vacuubrand-bvc\/#primaryimage\"},\"image\":{\"@id\":\"https:\/\/skan.com\/de\/produkt\/laborprodukte\/fluessigkeitsabsaugsysteme-vacuubrand-bvc\/#primaryimage\"},\"thumbnailUrl\":\"https:\/\/skan.com\/wp-content\/uploads\/f_skan-labor-produkte-zubehoer-vacuubrand.jpg\",\"datePublished\":\"2021-01-15T21:51:00+00:00\",\"dateModified\":\"2021-10-15T06:15:19+00:00\",\"description\":\"Biochem-VacuuCenter sind SKANs optimale L\u00f6sung zum sicheren, sensiblen und effizienten Absaugen von Fl\u00fcssigkeits\u00fcberst\u00e4nden in allen Laboranwendungsbereichen.\",\"breadcrumb\":{\"@id\":\"https:\/\/skan.com\/de\/produkt\/laborprodukte\/fluessigkeitsabsaugsysteme-vacuubrand-bvc\/#breadcrumb\"},\"inLanguage\":\"de\",\"potentialAction\":[{\"@type\":\"ReadAction\",\"target\":[\"https:\/\/skan.com\/de\/produkt\/laborprodukte\/fluessigkeitsabsaugsysteme-vacuubrand-bvc\/\"]}]},{\"@type\":\"ImageObject\",\"inLanguage\":\"de\",\"@id\":\"https:\/\/skan.com\/de\/produkt\/laborprodukte\/fluessigkeitsabsaugsysteme-vacuubrand-bvc\/#primaryimage\",\"url\":\"https:\/\/skan.com\/wp-content\/uploads\/f_skan-labor-produkte-zubehoer-vacuubrand.jpg\",\"contentUrl\":\"https:\/\/skan.com\/wp-content\/uploads\/f_skan-labor-produkte-zubehoer-vacuubrand.jpg\",\"width\":736,\"height\":1000,\"caption\":\"f_skan-labor-produkte-zubehoer-vacuubrand\"},{\"@type\":\"BreadcrumbList\",\"@id\":\"https:\/\/skan.com\/de\/produkt\/laborprodukte\/fluessigkeitsabsaugsysteme-vacuubrand-bvc\/#breadcrumb\",\"itemListElement\":[{\"@type\":\"ListItem\",\"position\":1,\"name\":\"Home\",\"item\":\"https:\/\/skan.com\/de\/\"},{\"@type\":\"ListItem\",\"position\":2,\"name\":\"Product\",\"item\":\"https:\/\/skan.com\/de\/product\/\"},{\"@type\":\"ListItem\",\"position\":3,\"name\":\"Fl\u00fcssigkeitsabsaugsysteme Vacuubrand BVC\"}]},{\"@type\":\"WebSite\",\"@id\":\"https:\/\/skan.com\/de\/#website\",\"url\":\"https:\/\/skan.com\/de\/\",\"name\":\"SKAN\",\"description\":\"Ihr Partner f\u00fcr Forschungslaboratorien\",\"potentialAction\":[{\"@type\":\"SearchAction\",\"target\":{\"@type\":\"EntryPoint\",\"urlTemplate\":\"https:\/\/skan.com\/de\/?s={search_term_string}\"},\"query-input\":{\"@type\":\"PropertyValueSpecification\",\"valueRequired\":true,\"valueName\":\"search_term_string\"}}],\"inLanguage\":\"de\"}]}<\/script>\n<!-- \/ Yoast SEO plugin. -->","yoast_head_json":{"title":"Fl\u00fcssigkeitsabsaugsysteme Vacuubrand BVC - SKAN","description":"Biochem-VacuuCenter sind SKANs optimale L\u00f6sung zum sicheren, sensiblen und effizienten Absaugen von Fl\u00fcssigkeits\u00fcberst\u00e4nden in allen Laboranwendungsbereichen.","robots":{"index":"index","follow":"follow","max-snippet":"max-snippet:-1","max-image-preview":"max-image-preview:large","max-video-preview":"max-video-preview:-1"},"canonical":"https:\/\/skan.com\/de\/produkt\/laborprodukte\/fluessigkeitsabsaugsysteme-vacuubrand-bvc\/","og_locale":"de_DE","og_type":"article","og_title":"Fl\u00fcssigkeitsabsaugsysteme Vacuubrand BVC - SKAN","og_description":"Biochem-VacuuCenter sind SKANs optimale L\u00f6sung zum sicheren, sensiblen und effizienten Absaugen von Fl\u00fcssigkeits\u00fcberst\u00e4nden in allen Laboranwendungsbereichen.","og_url":"https:\/\/skan.com\/de\/produkt\/laborprodukte\/fluessigkeitsabsaugsysteme-vacuubrand-bvc\/","og_site_name":"SKAN","article_modified_time":"2021-10-15T06:15:19+00:00","og_image":[{"width":736,"height":1000,"url":"https:\/\/skan.com\/wp-content\/uploads\/f_skan-labor-produkte-zubehoer-vacuubrand.jpg","type":"image\/jpeg"}],"twitter_card":"summary_large_image","schema":{"@context":"https:\/\/schema.org","@graph":[{"@type":"WebPage","@id":"https:\/\/skan.com\/de\/produkt\/laborprodukte\/fluessigkeitsabsaugsysteme-vacuubrand-bvc\/","url":"https:\/\/skan.com\/de\/produkt\/laborprodukte\/fluessigkeitsabsaugsysteme-vacuubrand-bvc\/","name":"Fl\u00fcssigkeitsabsaugsysteme Vacuubrand BVC - SKAN","isPartOf":{"@id":"https:\/\/skan.com\/de\/#website"},"primaryImageOfPage":{"@id":"https:\/\/skan.com\/de\/produkt\/laborprodukte\/fluessigkeitsabsaugsysteme-vacuubrand-bvc\/#primaryimage"},"image":{"@id":"https:\/\/skan.com\/de\/produkt\/laborprodukte\/fluessigkeitsabsaugsysteme-vacuubrand-bvc\/#primaryimage"},"thumbnailUrl":"https:\/\/skan.com\/wp-content\/uploads\/f_skan-labor-produkte-zubehoer-vacuubrand.jpg","datePublished":"2021-01-15T21:51:00+00:00","dateModified":"2021-10-15T06:15:19+00:00","description":"Biochem-VacuuCenter sind SKANs optimale L\u00f6sung zum sicheren, sensiblen und effizienten Absaugen von Fl\u00fcssigkeits\u00fcberst\u00e4nden in allen Laboranwendungsbereichen.","breadcrumb":{"@id":"https:\/\/skan.com\/de\/produkt\/laborprodukte\/fluessigkeitsabsaugsysteme-vacuubrand-bvc\/#breadcrumb"},"inLanguage":"de","potentialAction":[{"@type":"ReadAction","target":["https:\/\/skan.com\/de\/produkt\/laborprodukte\/fluessigkeitsabsaugsysteme-vacuubrand-bvc\/"]}]},{"@type":"ImageObject","inLanguage":"de","@id":"https:\/\/skan.com\/de\/produkt\/laborprodukte\/fluessigkeitsabsaugsysteme-vacuubrand-bvc\/#primaryimage","url":"https:\/\/skan.com\/wp-content\/uploads\/f_skan-labor-produkte-zubehoer-vacuubrand.jpg","contentUrl":"https:\/\/skan.com\/wp-content\/uploads\/f_skan-labor-produkte-zubehoer-vacuubrand.jpg","width":736,"height":1000,"caption":"f_skan-labor-produkte-zubehoer-vacuubrand"},{"@type":"BreadcrumbList","@id":"https:\/\/skan.com\/de\/produkt\/laborprodukte\/fluessigkeitsabsaugsysteme-vacuubrand-bvc\/#breadcrumb","itemListElement":[{"@type":"ListItem","position":1,"name":"Home","item":"https:\/\/skan.com\/de\/"},{"@type":"ListItem","position":2,"name":"Product","item":"https:\/\/skan.com\/de\/product\/"},{"@type":"ListItem","position":3,"name":"Fl\u00fcssigkeitsabsaugsysteme Vacuubrand BVC"}]},{"@type":"WebSite","@id":"https:\/\/skan.com\/de\/#website","url":"https:\/\/skan.com\/de\/","name":"SKAN","description":"Ihr Partner f\u00fcr Forschungslaboratorien","potentialAction":[{"@type":"SearchAction","target":{"@type":"EntryPoint","urlTemplate":"https:\/\/skan.com\/de\/?s={search_term_string}"},"query-input":{"@type":"PropertyValueSpecification","valueRequired":true,"valueName":"search_term_string"}}],"inLanguage":"de"}]}},"_links":{"self":[{"href":"https:\/\/skan.com\/de\/wp-json\/wp\/v2\/product\/3842","targetHints":{"allow":["GET"]}}],"collection":[{"href":"https:\/\/skan.com\/de\/wp-json\/wp\/v2\/product"}],"about":[{"href":"https:\/\/skan.com\/de\/wp-json\/wp\/v2\/types\/product"}],"author":[{"embeddable":true,"href":"https:\/\/skan.com\/de\/wp-json\/wp\/v2\/users\/1"}],"version-history":[{"count":32,"href":"https:\/\/skan.com\/de\/wp-json\/wp\/v2\/product\/3842\/revisions"}],"predecessor-version":[{"id":16821,"href":"https:\/\/skan.com\/de\/wp-json\/wp\/v2\/product\/3842\/revisions\/16821"}],"wp:featuredmedia":[{"embeddable":true,"href":"https:\/\/skan.com\/de\/wp-json\/wp\/v2\/media\/4951"}],"wp:attachment":[{"href":"https:\/\/skan.com\/de\/wp-json\/wp\/v2\/media?parent=3842"}],"wp:term":[{"taxonomy":"product_cat","embeddable":true,"href":"https:\/\/skan.com\/de\/wp-json\/wp\/v2\/product_cat?post=3842"}],"curies":[{"name":"wp","href":"https:\/\/api.w.org\/{rel}","templated":true}]}}