{"id":32238,"date":"2023-05-02T14:18:59","date_gmt":"2023-05-02T14:18:59","guid":{"rendered":"https:\/\/skan.com\/?post_type=product&#038;p=32238"},"modified":"2023-09-29T07:45:15","modified_gmt":"2023-09-29T07:45:15","slug":"remote-fat","status":"publish","type":"product","link":"https:\/\/skan.com\/de\/produkt\/digital-ventures\/remote-fat\/","title":{"rendered":"remote FAT"},"content":{"rendered":"\t<!-- section two-columns-->\r\n\t<section class=\"twocolumns-section\" id=\"secondSection\">\r\n\t\t<div class=\"container-fluid\">\r\n\t\t\t<div class=\"full-width-row df-row\">\r\n\t\t\t\t\t\t\t\t\t<div class=\"column-text col-lg-6 col-xl-5\" id=\"content\">\r\n\t\t\t\t\t\t<div class=\"content-wrap\">\r\n\t\t\t\t\t\t\t\t\t\t\t\t\t\t\t\t<div class=\"content-block\">\r\n\t\t<p>Mit dem remote Factory Acceptance Test (FAT) bietet die SKAN ihren Kunden die M\u00f6glichkeit, den Test schnell, unkompliziert und ohne zus\u00e4tzlichen Aufwand von ihrem eigenen Standort aus durchzuf\u00fchren. Unsere umfangreiche Erfahrung in der Durchf\u00fchrung von remote FATs erm\u00f6glicht es uns, individuelle Kundenbed\u00fcrfnisse bestens zu verstehen und einen massgeschneiderten Service anzubieten. Dabei ist unser remote FAT \u00e4usserst flexibel und passt sich perfekt an die Bed\u00fcrfnisse jedes einzelnen Kunden an.<\/p>\n<h2>Der remote FAT bietet zahlreiche Vorteile f\u00fcr Unternehmen, die ihre Prozesse effizienter gestalten und Kosten sparen m\u00f6chten:<\/h2>\n<ul>\n<li><strong>Einsparung von Reisekosten<\/strong>: Geringere Reisekosten, da sich die beteiligten Personen von einem beliebigen Ort weltweit zuschalten k\u00f6nnen.<\/li>\n<li><strong>Skalierbarkeit<\/strong>: Der Test l\u00e4sst sich individuell anpassen und erm\u00f6glicht es Kunden, beliebig viele prozessrelevante Personen schnell und einfach hinzuzuf\u00fcgen und so sicherzustellen, dass alle notwendigen Parteien involviert sind.<\/li>\n<li><strong>Einfache Handhabung<\/strong>: Die Anwendung ist benutzerfreundlich und erfordert nur eine geringe Vorbereitungszeit, was Zeit und Ressourcen spart.<\/li>\n<li><strong>Massgeschneiderte Anwendung<\/strong>: Der Test wird individuell auf die Bed\u00fcrfnisse jedes Kunden zugeschnitten.<\/li>\n<\/ul>\n\t<\/div>\r\n\t\t\t\t\t\t\t\t\t\t\t\t\t\t\t\t<div class=\"content-block\">\r\n\t\t<ul class=\"accordion accordion-content\">\r\n\t\t\t\t\t\t\t\t\t\t\t\t<li>\r\n\t\t\t\t\t\t\t\t\t\t\t\t\t<a class=\"opener\">Wie funktioniert der remote FAT?<\/a>\r\n\t\t\t\t\t\t\t\t\t\t\t\t\t\t\t\t\t\t\t<div class=\"slide\">\r\n\t\t\t\t\t\t\t\t<div class=\"slide-body\">\r\n\t\t\t\t\t\t\t\t\t<p>Der remote FAT ist \u00e4hnlich aufgebaut wie ein \u00fcblicher Vor-Ort-FAT bei der SKAN. Unsere Projektleiter erarbeiten mit dem Kunden einen pers\u00f6nlich zugeschnittenen Ablaufplan und f\u00fchren diesen dann mit den ben\u00f6tigten Mitarbeitern durch. W\u00e4hrend der Durchf\u00fchrung werden die einzelnen Schritte per Live-Video \u00fcbertragen sowie anstehende Fragen diskutiert. Dank mehrerer Kameras kann die abzunehmende Anlage aus allen Winkeln beobachtet werden, sodass den Online-Teilnehmern nichts entgeht. Der Ablaufplan l\u00e4sst zudem genug Spielraum, damit auch spezifisch auf die Abl\u00e4ufe des Kunden eingegangen werden kann.<\/p>\n\t\t\t\t\t\t\t\t<\/div>\r\n\t\t\t\t\t\t\t<\/div>\r\n\t\t\t\t\t\t\t\t\t\t\t<\/li>\r\n\t\t\t\t\t\t\t\t\t\t\t\t\t\t\t\t<li>\r\n\t\t\t\t\t\t\t\t\t\t\t\t\t<a class=\"opener\">L\u00e4sst sich der klassische Vor-Ort-FAT mit dem remote FAT kombinieren? <\/a>\r\n\t\t\t\t\t\t\t\t\t\t\t\t\t\t\t\t\t\t\t<div class=\"slide\">\r\n\t\t\t\t\t\t\t\t<div class=\"slide-body\">\r\n\t\t\t\t\t\t\t\t\t<p>Eine Kombination aus remote FAT und klassischem FAT bietet Vorteile, wenn Sie nicht vollst\u00e4ndig auf letzteren verzichten m\u00f6chten. Auf diese Weise m\u00fcssen nicht alle Mitarbeiter des Kunden w\u00e4hrend des gesamten FATs zur Verf\u00fcgung stehen. Es wird sogar empfohlen, diese Kombination zu nutzen, um wichtige Entscheidungstr\u00e4ger bei Bedarf hinzuziehen zu k\u00f6nnen, ohne dass das Tagesgesch\u00e4ft darunter leidet. Kunden profitieren von eingesparten Reisekosten, und die Arbeitsbelastung der Mitarbeiter wird durch selektive Konsultation minimiert.<\/p>\n\t\t\t\t\t\t\t\t<\/div>\r\n\t\t\t\t\t\t\t<\/div>\r\n\t\t\t\t\t\t\t\t\t\t\t<\/li>\r\n\t\t\t\t\t\t\t\t\t\t\t\t\t\t\t\t<li>\r\n\t\t\t\t\t\t\t\t\t\t\t\t\t<a class=\"opener\">L\u00e4sst sich die Interaktion aufzeichnen?<\/a>\r\n\t\t\t\t\t\t\t\t\t\t\t\t\t\t\t\t\t\t\t<div class=\"slide\">\r\n\t\t\t\t\t\t\t\t<div class=\"slide-body\">\r\n\t\t\t\t\t\t\t\t\t<p>Der remote FAT bietet die M\u00f6glichkeit, Interaktionen in kurzen Videos aufzuzeichnen und verschiedene Tests f\u00fcr zuk\u00fcnftige Zwecke zu archivieren. Dadurch k\u00f6nnen Entscheidungen r\u00fcckwirkend nachvollzogen und Fragen gekl\u00e4rt werden. Wir empfehlen jedoch nicht, den remote FAT vollst\u00e4ndig aufzuzeichnen. Stattdessen evaluieren und definieren unsere Projektmanager gemeinsam mit Ihnen die relevanten Schl\u00fcsselmomente, die sich f\u00fcr eine Aufzeichnung eignen. Auf diese Weise k\u00f6nnen wichtige Erkenntnisse gewonnen werden, ohne unn\u00f6tige Zeit und Ressourcen zu verschwenden.<\/p>\n\t\t\t\t\t\t\t\t<\/div>\r\n\t\t\t\t\t\t\t<\/div>\r\n\t\t\t\t\t\t\t\t\t\t\t<\/li>\r\n\t\t\t\t\t\t\t\t\t<\/ul>\r\n\t<\/div>\r\n\t\t\t\t\t\t\t\t\t\t\t\t\t\t\t\t<div class=\"content-block\">\r\n\t\t<div class=\"contact-box\">\r\n\t\t\t\t\t\t\t<h3>Jetzt das Verkaufsteam kontaktieren!<\/h3>\r\n\t\t\t\t\t\t\t\t\t\t\t\t\t<div class=\"btn-wrap\">\r\n\t\t\t\t\t<a class=\"btn btn-secondary\" href=\"mailto:sales@skan.com\" target=\"_blank\">Jetzt Anfragen<\/a>\r\n\t\t\t\t<\/div>\r\n\t\t\t\t\t<\/div>\r\n\t<\/div>\r\n\t\t\t\t\t\t\t                            \t\t\t\t\t\t<\/div>\r\n\t\t\t\t\t<\/div>\r\n\t\t\t\t\t\t\t\t\t\t\t\t\t<aside class=\"column-image col-lg-6 col-offset-xl-1\" id=\"aside\">\r\n\t\t\t\t\t\t<div class=\"gallery-visuals-wrap\">\r\n\t\t\t\t\t\t<div class=\"gallery-visuals\">\r\n\t\t\t\t\t\t\t\t\t\t\t\t\t\t\t<!-- slide-->\r\n\t\t\t\t\t\t\t\t<div class=\"visual-slide d-md-none\">\r\n\t\t\t\t\t\t\t\t\t<div class=\"visual-holder\">\r\n\t\t\t\t\t\t\t\t\t\t<div class=\"visual-frame animImageLeft\">\r\n\t\t\t\t\t\t\t\t\t\t\t<picture>\r\n\t\t\t\t\t\t\t\t\t\t\t\t<source type=\"image\/jpeg\" srcset=\"https:\/\/skan.com\/wp-content\/uploads\/Keyvisual_remote_FAT.jpg 375w, https:\/\/skan.com\/wp-content\/uploads\/Keyvisual_remote_FAT.jpg 750w\" sizes=\"100vw \" media=\"(max-width: 767px)\"\/>\r\n\t\t\t\t\t\t\t\t\t\t\t\t<source type=\"image\/jpeg\" srcset=\"https:\/\/skan.com\/wp-content\/uploads\/Keyvisual_remote_FAT.jpg 740w, https:\/\/skan.com\/wp-content\/uploads\/Keyvisual_remote_FAT.jpg 1480w\" sizes=\"(min-width: 768px) 50vw, 100vw\"\/>\r\n\t\t\t\t\t\t\t\t\t\t\t\t<img loading=\"lazy\" decoding=\"async\" width=\"1472\" height=\"2000\" src=\"https:\/\/skan.com\/wp-content\/uploads\/Keyvisual_remote_FAT.jpg\" class=\"attachment-full size-full wp-post-image\" alt=\"\" srcset=\"https:\/\/skan.com\/wp-content\/uploads\/Keyvisual_remote_FAT.jpg 1472w, https:\/\/skan.com\/wp-content\/uploads\/Keyvisual_remote_FAT-221x300.jpg 221w, https:\/\/skan.com\/wp-content\/uploads\/Keyvisual_remote_FAT-754x1024.jpg 754w, https:\/\/skan.com\/wp-content\/uploads\/Keyvisual_remote_FAT-768x1043.jpg 768w, https:\/\/skan.com\/wp-content\/uploads\/Keyvisual_remote_FAT-1130x1536.jpg 1130w\" sizes=\"auto, (max-width: 1472px) 100vw, 1472px\" \/>\t\t\t\t\t\t\t\t\t\t\t<\/picture>\r\n\t\t\t\t\t\t\t\t\t\t<\/div>\r\n\t\t\t\t\t\t\t\t\t<\/div>\r\n\t\t\t\t\t\t\t\t<\/div>\r\n\t\t\t\t\t\t\t\t\t\t\t\t\t\t\t\t\t\t\t\t\t\t\t\t\t\t\t\t\t\t\t\t\t\t\t\t\t\t<!-- slide-->\r\n\t\t\t\t\t\t\t\t\t<div class=\"visual-slide\">\r\n\t\t\t\t\t\t\t\t\t\t<div class=\"visual-holder\" >\r\n\t\t\t\t\t\t\t\t\t\t\t\t\t\t\t\t\t\t\t\t\t\t\t<div class=\"visual-frame animImageLeft  \">\r\n\t\t\t\t\t\t\t\t\t\t\t\t\t<picture>\r\n\t\t\t\t\t\t\t\t\t\t\t\t\t\t<source type=\"image\/jpeg\" srcset=\"https:\/\/skan.com\/wp-content\/uploads\/remote-FAT-save-costs.jpg 375w, https:\/\/skan.com\/wp-content\/uploads\/remote-FAT-save-costs.jpg 750w\" sizes=\"100vw \" media=\"(max-width: 767px)\"\/>\r\n\t\t\t\t\t\t\t\t\t\t\t\t\t\t<source type=\"image\/jpeg\" srcset=\"https:\/\/skan.com\/wp-content\/uploads\/remote-FAT-save-costs.jpg 740w, https:\/\/skan.com\/wp-content\/uploads\/remote-FAT-save-costs.jpg 1480w\" sizes=\"(min-width: 768px) 50vw, 100vw\"\/>\r\n\t\t\t\t\t\t\t\t\t\t\t\t\t\t<img loading=\"lazy\" decoding=\"async\" width=\"1480\" height=\"900\" src=\"https:\/\/skan.com\/wp-content\/uploads\/remote-FAT-save-costs.jpg\" class=\"attachment-full size-full\" alt=\"\" srcset=\"https:\/\/skan.com\/wp-content\/uploads\/remote-FAT-save-costs.jpg 1480w, https:\/\/skan.com\/wp-content\/uploads\/remote-FAT-save-costs-300x182.jpg 300w, https:\/\/skan.com\/wp-content\/uploads\/remote-FAT-save-costs-1024x623.jpg 1024w, https:\/\/skan.com\/wp-content\/uploads\/remote-FAT-save-costs-768x467.jpg 768w\" sizes=\"auto, (max-width: 1480px) 100vw, 1480px\" \/>\t\t\t\t\t\t\t\t\t\t\t\t\t<\/picture>\r\n\t\t\t\t\t\t\t\t\t\t\t\t\t\t\t\t\t\t\t\t\t\t\t\t\t\t\t\t\t\t\t\t\t\t\t\t\t\t<\/div>\r\n\t\t\t\t\t\t\t\t\t\t\t\t\t\t\t\t\t\t\t\t\t<\/div>\r\n\t\t\t\t\t\t\t\t\t<\/div>\r\n\t\t\t\t\t\t\t\t\t\t\t\t\t\t\t\t\t\t\t\t\t\t\t\t\t\t\t\t\t\t\t\t<!-- slide-->\r\n\t\t\t\t\t\t\t\t\t<div class=\"visual-slide\">\r\n\t\t\t\t\t\t\t\t\t\t<div class=\"visual-holder\" >\r\n\t\t\t\t\t\t\t\t\t\t\t\t\t\t\t\t\t\t\t\t\t\t\t<div class=\"visual-frame animImageLeft  \">\r\n\t\t\t\t\t\t\t\t\t\t\t\t\t<picture>\r\n\t\t\t\t\t\t\t\t\t\t\t\t\t\t<source type=\"image\/jpeg\" srcset=\"https:\/\/skan.com\/wp-content\/uploads\/Remote-FAT-on-isolator.jpg 375w, https:\/\/skan.com\/wp-content\/uploads\/Remote-FAT-on-isolator.jpg 750w\" sizes=\"100vw \" media=\"(max-width: 767px)\"\/>\r\n\t\t\t\t\t\t\t\t\t\t\t\t\t\t<source type=\"image\/jpeg\" srcset=\"https:\/\/skan.com\/wp-content\/uploads\/Remote-FAT-on-isolator.jpg 740w, https:\/\/skan.com\/wp-content\/uploads\/Remote-FAT-on-isolator.jpg 1480w\" sizes=\"(min-width: 768px) 50vw, 100vw\"\/>\r\n\t\t\t\t\t\t\t\t\t\t\t\t\t\t<img loading=\"lazy\" decoding=\"async\" width=\"1480\" height=\"900\" src=\"https:\/\/skan.com\/wp-content\/uploads\/Remote-FAT-on-isolator.jpg\" class=\"attachment-full size-full\" alt=\"\" srcset=\"https:\/\/skan.com\/wp-content\/uploads\/Remote-FAT-on-isolator.jpg 1480w, https:\/\/skan.com\/wp-content\/uploads\/Remote-FAT-on-isolator-300x182.jpg 300w, https:\/\/skan.com\/wp-content\/uploads\/Remote-FAT-on-isolator-1024x623.jpg 1024w, https:\/\/skan.com\/wp-content\/uploads\/Remote-FAT-on-isolator-768x467.jpg 768w\" sizes=\"auto, (max-width: 1480px) 100vw, 1480px\" \/>\t\t\t\t\t\t\t\t\t\t\t\t\t<\/picture>\r\n\t\t\t\t\t\t\t\t\t\t\t\t\t\t\t\t\t\t\t\t\t\t\t\t\t\t\t\t\t\t\t\t\t\t\t\t\t\t<\/div>\r\n\t\t\t\t\t\t\t\t\t\t\t\t\t\t\t\t\t\t\t\t\t<\/div>\r\n\t\t\t\t\t\t\t\t\t<\/div>\r\n\t\t\t\t\t\t\t\t\t\t\t\t\t\t\t\t\t\t\t\t\t\t\t\t\t\t\t\t\t\t\t\t\t\t\t\t<\/div>\r\n\t\t\t\t\t\t<\/div>\r\n\t\t\t\t\t<\/aside>\r\n\t\t\t\t\t\t\t<\/div>\r\n\t\t<\/div>\r\n\t<\/section>\r\n","protected":false},"excerpt":{"rendered":"<p>Warum vor Ort, wenn es auch remote geht?<\/p>\n","protected":false},"author":3,"featured_media":32216,"template":"","product_cat":[311,315],"class_list":["post-32238","product","type-product","status-publish","has-post-thumbnail","hentry","product_cat-digital-ventures","product_cat-ux-2"],"acf":[],"yoast_head":"<!-- This site is optimized with the Yoast SEO plugin v26.9 - https:\/\/yoast.com\/product\/yoast-seo-wordpress\/ -->\n<title>FAT - Warum vor Ort, wenn es auch remote geht?<\/title>\n<meta name=\"description\" content=\"SKAN bietet die M\u00f6glichkeit, den Test schnell, unkompliziert und ohne zus\u00e4tzlichen Aufwand vom eigenen Standort aus durchzuf\u00fchren.\" \/>\n<meta name=\"robots\" content=\"index, follow, max-snippet:-1, max-image-preview:large, max-video-preview:-1\" \/>\n<link rel=\"canonical\" href=\"https:\/\/skan.com\/de\/produkt\/digital-ventures\/remote-fat\/\" \/>\n<meta property=\"og:locale\" content=\"de_DE\" \/>\n<meta property=\"og:type\" content=\"article\" \/>\n<meta property=\"og:title\" content=\"FAT - Warum vor Ort, wenn es auch remote geht?\" \/>\n<meta property=\"og:description\" content=\"SKAN bietet die M\u00f6glichkeit, den Test schnell, unkompliziert und ohne zus\u00e4tzlichen Aufwand vom eigenen Standort aus durchzuf\u00fchren.\" \/>\n<meta property=\"og:url\" content=\"https:\/\/skan.com\/de\/produkt\/digital-ventures\/remote-fat\/\" \/>\n<meta property=\"og:site_name\" content=\"SKAN\" \/>\n<meta property=\"article:modified_time\" content=\"2023-09-29T07:45:15+00:00\" \/>\n<meta property=\"og:image\" content=\"https:\/\/skan.com\/wp-content\/uploads\/Keyvisual_remote_FAT.jpg\" \/>\n\t<meta property=\"og:image:width\" content=\"1472\" \/>\n\t<meta property=\"og:image:height\" content=\"2000\" \/>\n\t<meta property=\"og:image:type\" content=\"image\/jpeg\" \/>\n<meta name=\"twitter:card\" content=\"summary_large_image\" \/>\n<script type=\"application\/ld+json\" class=\"yoast-schema-graph\">{\"@context\":\"https:\/\/schema.org\",\"@graph\":[{\"@type\":\"WebPage\",\"@id\":\"https:\/\/skan.com\/de\/produkt\/digital-ventures\/remote-fat\/\",\"url\":\"https:\/\/skan.com\/de\/produkt\/digital-ventures\/remote-fat\/\",\"name\":\"FAT - Warum vor Ort, wenn es auch remote geht?\",\"isPartOf\":{\"@id\":\"https:\/\/skan.com\/de\/#website\"},\"primaryImageOfPage\":{\"@id\":\"https:\/\/skan.com\/de\/produkt\/digital-ventures\/remote-fat\/#primaryimage\"},\"image\":{\"@id\":\"https:\/\/skan.com\/de\/produkt\/digital-ventures\/remote-fat\/#primaryimage\"},\"thumbnailUrl\":\"https:\/\/skan.com\/wp-content\/uploads\/Keyvisual_remote_FAT.jpg\",\"datePublished\":\"2023-05-02T14:18:59+00:00\",\"dateModified\":\"2023-09-29T07:45:15+00:00\",\"description\":\"SKAN bietet die M\u00f6glichkeit, den Test schnell, unkompliziert und ohne zus\u00e4tzlichen Aufwand vom eigenen Standort aus durchzuf\u00fchren.\",\"breadcrumb\":{\"@id\":\"https:\/\/skan.com\/de\/produkt\/digital-ventures\/remote-fat\/#breadcrumb\"},\"inLanguage\":\"de\",\"potentialAction\":[{\"@type\":\"ReadAction\",\"target\":[\"https:\/\/skan.com\/de\/produkt\/digital-ventures\/remote-fat\/\"]}]},{\"@type\":\"ImageObject\",\"inLanguage\":\"de\",\"@id\":\"https:\/\/skan.com\/de\/produkt\/digital-ventures\/remote-fat\/#primaryimage\",\"url\":\"https:\/\/skan.com\/wp-content\/uploads\/Keyvisual_remote_FAT.jpg\",\"contentUrl\":\"https:\/\/skan.com\/wp-content\/uploads\/Keyvisual_remote_FAT.jpg\",\"width\":1472,\"height\":2000},{\"@type\":\"BreadcrumbList\",\"@id\":\"https:\/\/skan.com\/de\/produkt\/digital-ventures\/remote-fat\/#breadcrumb\",\"itemListElement\":[{\"@type\":\"ListItem\",\"position\":1,\"name\":\"Home\",\"item\":\"https:\/\/skan.com\/de\/\"},{\"@type\":\"ListItem\",\"position\":2,\"name\":\"Product\",\"item\":\"https:\/\/skan.com\/de\/product\/\"},{\"@type\":\"ListItem\",\"position\":3,\"name\":\"remote FAT\"}]},{\"@type\":\"WebSite\",\"@id\":\"https:\/\/skan.com\/de\/#website\",\"url\":\"https:\/\/skan.com\/de\/\",\"name\":\"SKAN\",\"description\":\"Ihr Partner f\u00fcr Forschungslaboratorien\",\"potentialAction\":[{\"@type\":\"SearchAction\",\"target\":{\"@type\":\"EntryPoint\",\"urlTemplate\":\"https:\/\/skan.com\/de\/?s={search_term_string}\"},\"query-input\":{\"@type\":\"PropertyValueSpecification\",\"valueRequired\":true,\"valueName\":\"search_term_string\"}}],\"inLanguage\":\"de\"}]}<\/script>\n<!-- \/ Yoast SEO plugin. -->","yoast_head_json":{"title":"FAT - Warum vor Ort, wenn es auch remote geht?","description":"SKAN bietet die M\u00f6glichkeit, den Test schnell, unkompliziert und ohne zus\u00e4tzlichen Aufwand vom eigenen Standort aus durchzuf\u00fchren.","robots":{"index":"index","follow":"follow","max-snippet":"max-snippet:-1","max-image-preview":"max-image-preview:large","max-video-preview":"max-video-preview:-1"},"canonical":"https:\/\/skan.com\/de\/produkt\/digital-ventures\/remote-fat\/","og_locale":"de_DE","og_type":"article","og_title":"FAT - Warum vor Ort, wenn es auch remote geht?","og_description":"SKAN bietet die M\u00f6glichkeit, den Test schnell, unkompliziert und ohne zus\u00e4tzlichen Aufwand vom eigenen Standort aus durchzuf\u00fchren.","og_url":"https:\/\/skan.com\/de\/produkt\/digital-ventures\/remote-fat\/","og_site_name":"SKAN","article_modified_time":"2023-09-29T07:45:15+00:00","og_image":[{"width":1472,"height":2000,"url":"https:\/\/skan.com\/wp-content\/uploads\/Keyvisual_remote_FAT.jpg","type":"image\/jpeg"}],"twitter_card":"summary_large_image","schema":{"@context":"https:\/\/schema.org","@graph":[{"@type":"WebPage","@id":"https:\/\/skan.com\/de\/produkt\/digital-ventures\/remote-fat\/","url":"https:\/\/skan.com\/de\/produkt\/digital-ventures\/remote-fat\/","name":"FAT - Warum vor Ort, wenn es auch remote geht?","isPartOf":{"@id":"https:\/\/skan.com\/de\/#website"},"primaryImageOfPage":{"@id":"https:\/\/skan.com\/de\/produkt\/digital-ventures\/remote-fat\/#primaryimage"},"image":{"@id":"https:\/\/skan.com\/de\/produkt\/digital-ventures\/remote-fat\/#primaryimage"},"thumbnailUrl":"https:\/\/skan.com\/wp-content\/uploads\/Keyvisual_remote_FAT.jpg","datePublished":"2023-05-02T14:18:59+00:00","dateModified":"2023-09-29T07:45:15+00:00","description":"SKAN bietet die M\u00f6glichkeit, den Test schnell, unkompliziert und ohne zus\u00e4tzlichen Aufwand vom eigenen Standort aus durchzuf\u00fchren.","breadcrumb":{"@id":"https:\/\/skan.com\/de\/produkt\/digital-ventures\/remote-fat\/#breadcrumb"},"inLanguage":"de","potentialAction":[{"@type":"ReadAction","target":["https:\/\/skan.com\/de\/produkt\/digital-ventures\/remote-fat\/"]}]},{"@type":"ImageObject","inLanguage":"de","@id":"https:\/\/skan.com\/de\/produkt\/digital-ventures\/remote-fat\/#primaryimage","url":"https:\/\/skan.com\/wp-content\/uploads\/Keyvisual_remote_FAT.jpg","contentUrl":"https:\/\/skan.com\/wp-content\/uploads\/Keyvisual_remote_FAT.jpg","width":1472,"height":2000},{"@type":"BreadcrumbList","@id":"https:\/\/skan.com\/de\/produkt\/digital-ventures\/remote-fat\/#breadcrumb","itemListElement":[{"@type":"ListItem","position":1,"name":"Home","item":"https:\/\/skan.com\/de\/"},{"@type":"ListItem","position":2,"name":"Product","item":"https:\/\/skan.com\/de\/product\/"},{"@type":"ListItem","position":3,"name":"remote FAT"}]},{"@type":"WebSite","@id":"https:\/\/skan.com\/de\/#website","url":"https:\/\/skan.com\/de\/","name":"SKAN","description":"Ihr Partner f\u00fcr Forschungslaboratorien","potentialAction":[{"@type":"SearchAction","target":{"@type":"EntryPoint","urlTemplate":"https:\/\/skan.com\/de\/?s={search_term_string}"},"query-input":{"@type":"PropertyValueSpecification","valueRequired":true,"valueName":"search_term_string"}}],"inLanguage":"de"}]}},"_links":{"self":[{"href":"https:\/\/skan.com\/de\/wp-json\/wp\/v2\/product\/32238","targetHints":{"allow":["GET"]}}],"collection":[{"href":"https:\/\/skan.com\/de\/wp-json\/wp\/v2\/product"}],"about":[{"href":"https:\/\/skan.com\/de\/wp-json\/wp\/v2\/types\/product"}],"author":[{"embeddable":true,"href":"https:\/\/skan.com\/de\/wp-json\/wp\/v2\/users\/3"}],"version-history":[{"count":12,"href":"https:\/\/skan.com\/de\/wp-json\/wp\/v2\/product\/32238\/revisions"}],"predecessor-version":[{"id":34313,"href":"https:\/\/skan.com\/de\/wp-json\/wp\/v2\/product\/32238\/revisions\/34313"}],"wp:featuredmedia":[{"embeddable":true,"href":"https:\/\/skan.com\/de\/wp-json\/wp\/v2\/media\/32216"}],"wp:attachment":[{"href":"https:\/\/skan.com\/de\/wp-json\/wp\/v2\/media?parent=32238"}],"wp:term":[{"taxonomy":"product_cat","embeddable":true,"href":"https:\/\/skan.com\/de\/wp-json\/wp\/v2\/product_cat?post=32238"}],"curies":[{"name":"wp","href":"https:\/\/api.w.org\/{rel}","templated":true}]}}