{"id":31591,"date":"2023-05-02T14:14:30","date_gmt":"2023-05-02T14:14:30","guid":{"rendered":"https:\/\/skan.com\/?post_type=product&#038;p=31591"},"modified":"2023-09-29T08:52:49","modified_gmt":"2023-09-29T08:52:49","slug":"xr-mockup","status":"publish","type":"product","link":"https:\/\/skan.com\/de\/produkt\/digital-ventures\/xr-mockup\/","title":{"rendered":"XR mockup"},"content":{"rendered":"\t<!-- section two-columns-->\r\n\t<section class=\"twocolumns-section\" id=\"secondSection\">\r\n\t\t<div class=\"container-fluid\">\r\n\t\t\t<div class=\"full-width-row df-row\">\r\n\t\t\t\t\t\t\t\t\t<div class=\"column-text col-lg-6 col-xl-5\" id=\"content\">\r\n\t\t\t\t\t\t<div class=\"content-wrap\">\r\n\t\t\t\t\t\t\t\t\t\t\t\t\t\t\t\t<div class=\"content-block\">\r\n\t\t<p>Das Extended Reality Mockup ist unsere digitale L\u00f6sung f\u00fcr die Planung und Umsetzung von Projekten. Durch das Einpflegen von Konstruktionsdaten, k\u00f6nnen unsere Produkte bereits in der Designphase realit\u00e4tsgetreu in der virtuellen Welt dargestellt und erlebt werden. Unser physisches Modell, inklusive Handschuheingriffe und echter Objekte, stellt dabei sicher, dass physische Feedbacks und Ergonomie-\u00dcberpr\u00fcfungen weiterhin vollst\u00e4ndig abgebildet werden k\u00f6nnen.<\/p>\n<h2>Vorteile der Durchf\u00fchrung eines XR mockups<\/h2>\n<ul>\n<li>Zeitnahe Durchf\u00fchrung des Mockups bereits wenige Wochen nach Auftragseingang m\u00f6glich<\/li>\n<li>Extrem hoher Detaillierungsgrad der Anlagen und Produkte aufgrund der direkten Implementierung von Konstruktionsdaten<\/li>\n<li>Moderne Arbeitsweise dank digitaler Werkzeuge, z. B. Einblendung von Distanzen und Bereichen<\/li>\n<li>Ergonomie-\u00dcberpr\u00fcfungen durch den Einsatz realer Objekte innerhalb der virtuellen Welt<\/li>\n<li>Massgeschneiderter Mockup-Prozess durch Einbindung von kundenspezifischen Daten<\/li>\n<li>Remote-Teilnahme dank netzwerkf\u00e4higer Technologien m\u00f6glich<\/li>\n<\/ul>\n\t<\/div>\r\n\t\t\t\t\t\t\t\t\t\t\t\t\t\t\t\t<div class=\"content-block\">\r\n\t\t<ul class=\"accordion accordion-content\">\r\n\t\t\t\t\t\t\t\t\t\t\t\t<li>\r\n\t\t\t\t\t\t\t\t\t\t\t\t\t<a class=\"opener\">Wie viel Platz ben\u00f6tigt das XR mockup?<\/a>\r\n\t\t\t\t\t\t\t\t\t\t\t\t\t\t\t\t\t\t\t<div class=\"slide\">\r\n\t\t\t\t\t\t\t\t<div class=\"slide-body\">\r\n\t\t\t\t\t\t\t\t\t<p>Im Vergleich zu physischen Modellen, ben\u00f6tigt unser System nur wenige Quadratmeter, eine geringe Vorbereitungszeit und ist vollst\u00e4ndig mobil einsetzbar. Dies bietet eine Flexibilit\u00e4t, die mit herk\u00f6mmlichen Mitteln bisher unerreichbar war. Ob an unserem Hauptsitz in der Schweiz, an einem unserer anderen Standorte in Deutschland, Japan, den USA, Belgien oder direkt auf dem Firmengel\u00e4nde des Kunden: Unser Extended Reality Mockup ist innerhalb k\u00fcrzester Zeit einsatzbereit und erlaubt ein immersives Eintauchen in die Umgebung f\u00fcr eine effiziente Planung.<\/p>\n\t\t\t\t\t\t\t\t<\/div>\r\n\t\t\t\t\t\t\t<\/div>\r\n\t\t\t\t\t\t\t\t\t\t\t<\/li>\r\n\t\t\t\t\t\t\t\t\t\t\t\t\t\t\t\t<li>\r\n\t\t\t\t\t\t\t\t\t\t\t\t\t<a class=\"opener\">Wie pr\u00e4zise ist das System?<\/a>\r\n\t\t\t\t\t\t\t\t\t\t\t\t\t\t\t\t\t\t\t<div class=\"slide\">\r\n\t\t\t\t\t\t\t\t<div class=\"slide-body\">\r\n\t\t\t\t\t\t\t\t\t<p>F\u00fcr das Extended Reality Mockup verwenden wir nur die besten Komponenten auf dem Markt. Dazu z\u00e4hlen State-of-the-Art-Technologien, wie Tracking-Systeme f\u00fcr Objekte, K\u00f6rper und H\u00e4nde, sowie neueste Head-Mounted-Displays.<\/p>\n<p>So erreichen wir nicht nur einen hohen Detaillierungsgrad der dargestellten Inhalte, sondern gew\u00e4hrleisten auch eine Pr\u00e4zision des Systems von unter 0,2 mm. Dem maximalen Komfort beim Erleben der virtuellen Realit\u00e4t steht somit nichts mehr im Wege.<\/p>\n\t\t\t\t\t\t\t\t<\/div>\r\n\t\t\t\t\t\t\t<\/div>\r\n\t\t\t\t\t\t\t\t\t\t\t<\/li>\r\n\t\t\t\t\t\t\t\t\t\t\t\t\t\t\t\t<li>\r\n\t\t\t\t\t\t\t\t\t\t\t\t\t<a class=\"opener\">L\u00e4sst sich der Prozess an konkrete Bed\u00fcrfnisse anpassen? <\/a>\r\n\t\t\t\t\t\t\t\t\t\t\t\t\t\t\t\t\t\t\t<div class=\"slide\">\r\n\t\t\t\t\t\t\t\t<div class=\"slide-body\">\r\n\t\t\t\t\t\t\t\t\t<p>Mit der Kombination aus pr\u00e4zisen virtuellen Inhalten und detailgetreuen realen Objekten vereinen wir das Beste aus der physischen Realit\u00e4t und der digitalen Virtualit\u00e4t. Dadurch erm\u00f6glichen wir die \u00dcberpr\u00fcfung und Durchf\u00fchrung von individuell abgestimmten Kundenprozessen.<\/p>\n<p>Zus\u00e4tzlich bietet unser Hybrid-System die M\u00f6glichkeit der schnellen und pr\u00e4zisen Integration von kundenspezifischen Komponenten und Objekten. So k\u00f6nnen alle wichtigen Aspekte, Schnittstellen und Prozesse realit\u00e4tsnah simuliert und detailgetreu abgebildet werden.<\/p>\n\t\t\t\t\t\t\t\t<\/div>\r\n\t\t\t\t\t\t\t<\/div>\r\n\t\t\t\t\t\t\t\t\t\t\t<\/li>\r\n\t\t\t\t\t\t\t\t\t\t\t\t\t\t\t\t<li>\r\n\t\t\t\t\t\t\t\t\t\t\t\t\t<a class=\"opener\">Wie f\u00f6rdern wir die effektive Zusammenarbeit beim Mockup-Prozess?<\/a>\r\n\t\t\t\t\t\t\t\t\t\t\t\t\t\t\t\t\t\t\t<div class=\"slide\">\r\n\t\t\t\t\t\t\t\t<div class=\"slide-body\">\r\n\t\t\t\t\t\t\t\t\t<p>Durch den Einsatz von digitalen Technologien bietet unser System eine effiziente und zielf\u00fchrende Zusammenarbeit. Mehrere Personen k\u00f6nnen gleichzeitig an einem Mockup-Modell vor Ort arbeiten oder sich per Fernzugriff dazuschalten.<\/p>\n<p>Dadurch erhalten unsere Kunden ein hohes Mass an Flexibilit\u00e4t, um selbst zu entscheiden, wer wann und wie am Mockup-Prozess beteiligt sein soll. Diese Art der Zusammenarbeit erlaubt es, alle relevanten Verfahren und Abh\u00e4ngigkeiten zu ber\u00fccksichtigen und sicherzustellen, dass das Endergebnis den Anforderungen entspricht.<\/p>\n\t\t\t\t\t\t\t\t<\/div>\r\n\t\t\t\t\t\t\t<\/div>\r\n\t\t\t\t\t\t\t\t\t\t\t<\/li>\r\n\t\t\t\t\t\t\t\t\t<\/ul>\r\n\t<\/div>\r\n\t\t\t\t\t\t\t\t\t\t\t\t\t\t\t\t<div class=\"content-block\">\r\n\t\t<div class=\"contact-box\">\r\n\t\t\t\t\t\t\t<h3>Jetzt das Verkaufsteam kontaktieren!<\/h3>\r\n\t\t\t\t\t\t\t\t\t\t\t\t\t<div class=\"btn-wrap\">\r\n\t\t\t\t\t<a class=\"btn btn-secondary\" href=\"mailto:sales@skan.com\" target=\"_blank\">Jetzt Anfragen<\/a>\r\n\t\t\t\t<\/div>\r\n\t\t\t\t\t<\/div>\r\n\t<\/div>\r\n\t\t\t\t\t\t\t                            \t\t\t\t\t\t<\/div>\r\n\t\t\t\t\t<\/div>\r\n\t\t\t\t\t\t\t\t\t\t\t\t\t<aside class=\"column-image col-lg-6 col-offset-xl-1\" id=\"aside\">\r\n\t\t\t\t\t\t<div class=\"gallery-visuals-wrap\">\r\n\t\t\t\t\t\t<div class=\"gallery-visuals\">\r\n\t\t\t\t\t\t\t\t\t\t\t\t\t\t\t<!-- slide-->\r\n\t\t\t\t\t\t\t\t<div class=\"visual-slide d-md-none\">\r\n\t\t\t\t\t\t\t\t\t<div class=\"visual-holder\">\r\n\t\t\t\t\t\t\t\t\t\t<div class=\"visual-frame animImageLeft\">\r\n\t\t\t\t\t\t\t\t\t\t\t<picture>\r\n\t\t\t\t\t\t\t\t\t\t\t\t<source type=\"image\/jpeg\" srcset=\"https:\/\/skan.com\/wp-content\/uploads\/Keyvisual_XR_mockup.jpg 375w, https:\/\/skan.com\/wp-content\/uploads\/Keyvisual_XR_mockup.jpg 750w\" sizes=\"100vw \" media=\"(max-width: 767px)\"\/>\r\n\t\t\t\t\t\t\t\t\t\t\t\t<source type=\"image\/jpeg\" srcset=\"https:\/\/skan.com\/wp-content\/uploads\/Keyvisual_XR_mockup.jpg 740w, https:\/\/skan.com\/wp-content\/uploads\/Keyvisual_XR_mockup.jpg 1480w\" sizes=\"(min-width: 768px) 50vw, 100vw\"\/>\r\n\t\t\t\t\t\t\t\t\t\t\t\t<img loading=\"lazy\" decoding=\"async\" width=\"1472\" height=\"2000\" src=\"https:\/\/skan.com\/wp-content\/uploads\/Keyvisual_XR_mockup.jpg\" class=\"attachment-full size-full wp-post-image\" alt=\"\" srcset=\"https:\/\/skan.com\/wp-content\/uploads\/Keyvisual_XR_mockup.jpg 1472w, https:\/\/skan.com\/wp-content\/uploads\/Keyvisual_XR_mockup-221x300.jpg 221w, https:\/\/skan.com\/wp-content\/uploads\/Keyvisual_XR_mockup-754x1024.jpg 754w, https:\/\/skan.com\/wp-content\/uploads\/Keyvisual_XR_mockup-768x1043.jpg 768w, https:\/\/skan.com\/wp-content\/uploads\/Keyvisual_XR_mockup-1130x1536.jpg 1130w\" sizes=\"auto, (max-width: 1472px) 100vw, 1472px\" \/>\t\t\t\t\t\t\t\t\t\t\t<\/picture>\r\n\t\t\t\t\t\t\t\t\t\t<\/div>\r\n\t\t\t\t\t\t\t\t\t<\/div>\r\n\t\t\t\t\t\t\t\t<\/div>\r\n\t\t\t\t\t\t\t\t\t\t\t\t\t\t\t\t\t\t\t\t\t\t\t\t\t\t\t\t\t\t\t\t\t\t\t\t\t\t<!-- slide-->\r\n\t\t\t\t\t\t\t\t\t<div class=\"visual-slide\">\r\n\t\t\t\t\t\t\t\t\t\t<div class=\"visual-holder\" >\r\n\t\t\t\t\t\t\t\t\t\t\t\t\t\t\t\t\t\t\t\t\t\t\t<div class=\"visual-frame animImageLeft  \">\r\n\t\t\t\t\t\t\t\t\t\t\t\t\t<picture>\r\n\t\t\t\t\t\t\t\t\t\t\t\t\t\t<source type=\"image\/jpeg\" srcset=\"https:\/\/skan.com\/wp-content\/uploads\/xr-mockup-realistic-visualization.jpg 375w, https:\/\/skan.com\/wp-content\/uploads\/xr-mockup-realistic-visualization.jpg 750w\" sizes=\"100vw \" media=\"(max-width: 767px)\"\/>\r\n\t\t\t\t\t\t\t\t\t\t\t\t\t\t<source type=\"image\/jpeg\" srcset=\"https:\/\/skan.com\/wp-content\/uploads\/xr-mockup-realistic-visualization.jpg 740w, https:\/\/skan.com\/wp-content\/uploads\/xr-mockup-realistic-visualization.jpg 1480w\" sizes=\"(min-width: 768px) 50vw, 100vw\"\/>\r\n\t\t\t\t\t\t\t\t\t\t\t\t\t\t<img loading=\"lazy\" decoding=\"async\" width=\"1480\" height=\"900\" src=\"https:\/\/skan.com\/wp-content\/uploads\/xr-mockup-realistic-visualization.jpg\" class=\"attachment-full size-full\" alt=\"\" srcset=\"https:\/\/skan.com\/wp-content\/uploads\/xr-mockup-realistic-visualization.jpg 1480w, https:\/\/skan.com\/wp-content\/uploads\/xr-mockup-realistic-visualization-300x182.jpg 300w, https:\/\/skan.com\/wp-content\/uploads\/xr-mockup-realistic-visualization-1024x623.jpg 1024w, https:\/\/skan.com\/wp-content\/uploads\/xr-mockup-realistic-visualization-768x467.jpg 768w\" sizes=\"auto, (max-width: 1480px) 100vw, 1480px\" \/>\t\t\t\t\t\t\t\t\t\t\t\t\t<\/picture>\r\n\t\t\t\t\t\t\t\t\t\t\t\t\t\t\t\t\t\t\t\t\t\t\t\t\t\t\t\t\t\t\t\t\t\t\t\t\t\t<\/div>\r\n\t\t\t\t\t\t\t\t\t\t\t\t\t\t\t\t\t\t\t\t\t<\/div>\r\n\t\t\t\t\t\t\t\t\t<\/div>\r\n\t\t\t\t\t\t\t\t\t\t\t\t\t\t\t\t\t\t\t\t\t\t\t\t\t\t\t\t\t\t\t\t<!-- slide-->\r\n\t\t\t\t\t\t\t\t\t<div class=\"visual-slide\">\r\n\t\t\t\t\t\t\t\t\t\t<div class=\"visual-holder\" >\r\n\t\t\t\t\t\t\t\t\t\t\t\t\t\t\t\t\t\t\t\t\t\t\t<div class=\"visual-frame animImageLeft  \">\r\n\t\t\t\t\t\t\t\t\t\t\t\t\t<picture>\r\n\t\t\t\t\t\t\t\t\t\t\t\t\t\t<source type=\"image\/jpeg\" srcset=\"https:\/\/skan.com\/wp-content\/uploads\/Thumbnail_Images_Campaign_1280x720px_XR_mockup.jpg 375w, https:\/\/skan.com\/wp-content\/uploads\/Thumbnail_Images_Campaign_1280x720px_XR_mockup.jpg 750w\" sizes=\"100vw \" media=\"(max-width: 767px)\"\/>\r\n\t\t\t\t\t\t\t\t\t\t\t\t\t\t<source type=\"image\/jpeg\" srcset=\"https:\/\/skan.com\/wp-content\/uploads\/Thumbnail_Images_Campaign_1280x720px_XR_mockup.jpg 740w, https:\/\/skan.com\/wp-content\/uploads\/Thumbnail_Images_Campaign_1280x720px_XR_mockup.jpg 1480w\" sizes=\"(min-width: 768px) 50vw, 100vw\"\/>\r\n\t\t\t\t\t\t\t\t\t\t\t\t\t\t<img loading=\"lazy\" decoding=\"async\" width=\"1280\" height=\"720\" src=\"https:\/\/skan.com\/wp-content\/uploads\/Thumbnail_Images_Campaign_1280x720px_XR_mockup.jpg\" class=\"attachment-full size-full\" alt=\"\" srcset=\"https:\/\/skan.com\/wp-content\/uploads\/Thumbnail_Images_Campaign_1280x720px_XR_mockup.jpg 1280w, https:\/\/skan.com\/wp-content\/uploads\/Thumbnail_Images_Campaign_1280x720px_XR_mockup-300x169.jpg 300w, https:\/\/skan.com\/wp-content\/uploads\/Thumbnail_Images_Campaign_1280x720px_XR_mockup-1024x576.jpg 1024w, https:\/\/skan.com\/wp-content\/uploads\/Thumbnail_Images_Campaign_1280x720px_XR_mockup-768x432.jpg 768w\" sizes=\"auto, (max-width: 1280px) 100vw, 1280px\" \/>\t\t\t\t\t\t\t\t\t\t\t\t\t<\/picture>\r\n\t\t\t\t\t\t\t\t\t\t\t\t\t\t\t\t\t\t\t\t\t\t\t\t\t\t\t<div class=\"btn-wrap\">\r\n\t\t\t\t\t\t\t\t\t\t\t\t\t\t\t<a class=\"btn btn-secondary btn-iconed\" data-fancybox href=\"https:\/\/youtu.be\/QNufbJWGp-o\">Play Video<img loading=\"lazy\" decoding=\"async\" src=\"https:\/\/skan.com\/wp-content\/themes\/skan\/images\/icons\/play.svg\" width=\"30\" height=\"30\" alt=\"fullscreen\"><\/a>\r\n\t\t\t\t\t\t\t\t\t\t\t\t\t\t<\/div>\r\n\t\t\t\t\t\t\t\t\t\t\t\t\t\t\t\t\t\t\t\t\t\t\t\t\t\t\t\t\t\t\t\t\t\t\t\t\t\t<\/div>\r\n\t\t\t\t\t\t\t\t\t\t\t\t\t\t\t\t\t\t\t\t\t<\/div>\r\n\t\t\t\t\t\t\t\t\t<\/div>\r\n\t\t\t\t\t\t\t\t\t\t\t\t\t\t\t\t\t\t\t\t\t\t\t\t\t\t\t\t\t\t\t\t\t\t\t\t<\/div>\r\n\t\t\t\t\t\t<\/div>\r\n\t\t\t\t\t<\/aside>\r\n\t\t\t\t\t\t\t<\/div>\r\n\t\t<\/div>\r\n\t<\/section>\r\n","protected":false},"excerpt":{"rendered":"<p>Das revolution\u00e4re Hybrid-System f\u00fcr das Mockup der Zukunft<\/p>\n","protected":false},"author":3,"featured_media":32214,"template":"","product_cat":[311,315],"class_list":["post-31591","product","type-product","status-publish","has-post-thumbnail","hentry","product_cat-digital-ventures","product_cat-ux-2"],"acf":[],"yoast_head":"<!-- This site is optimized with the Yoast SEO plugin v26.9 - https:\/\/yoast.com\/product\/yoast-seo-wordpress\/ -->\n<title>Das revolution\u00e4re Hybrid-System f\u00fcr das Mockup der Zukunft | SKAN<\/title>\n<meta name=\"description\" content=\"Erleben Sie unsere Produkte bereits in der Designphase realit\u00e4tsgetreu in der virtuellen Welt. Mehr erfahren!\" \/>\n<meta name=\"robots\" content=\"index, follow, max-snippet:-1, max-image-preview:large, max-video-preview:-1\" \/>\n<link rel=\"canonical\" href=\"https:\/\/skan.com\/de\/produkt\/digital-ventures\/xr-mockup\/\" \/>\n<meta property=\"og:locale\" content=\"de_DE\" \/>\n<meta property=\"og:type\" content=\"article\" \/>\n<meta property=\"og:title\" content=\"Das revolution\u00e4re Hybrid-System f\u00fcr das Mockup der Zukunft | SKAN\" \/>\n<meta property=\"og:description\" content=\"Erleben Sie unsere Produkte bereits in der Designphase realit\u00e4tsgetreu in der virtuellen Welt. Mehr erfahren!\" \/>\n<meta property=\"og:url\" content=\"https:\/\/skan.com\/de\/produkt\/digital-ventures\/xr-mockup\/\" \/>\n<meta property=\"og:site_name\" content=\"SKAN\" \/>\n<meta property=\"article:modified_time\" content=\"2023-09-29T08:52:49+00:00\" \/>\n<meta property=\"og:image\" content=\"https:\/\/skan.com\/wp-content\/uploads\/Keyvisual_XR_mockup.jpg\" \/>\n\t<meta property=\"og:image:width\" content=\"1472\" \/>\n\t<meta property=\"og:image:height\" content=\"2000\" \/>\n\t<meta property=\"og:image:type\" content=\"image\/jpeg\" \/>\n<meta name=\"twitter:card\" content=\"summary_large_image\" \/>\n<script type=\"application\/ld+json\" class=\"yoast-schema-graph\">{\"@context\":\"https:\/\/schema.org\",\"@graph\":[{\"@type\":\"WebPage\",\"@id\":\"https:\/\/skan.com\/de\/produkt\/digital-ventures\/xr-mockup\/\",\"url\":\"https:\/\/skan.com\/de\/produkt\/digital-ventures\/xr-mockup\/\",\"name\":\"Das revolution\u00e4re Hybrid-System f\u00fcr das Mockup der Zukunft | SKAN\",\"isPartOf\":{\"@id\":\"https:\/\/skan.com\/de\/#website\"},\"primaryImageOfPage\":{\"@id\":\"https:\/\/skan.com\/de\/produkt\/digital-ventures\/xr-mockup\/#primaryimage\"},\"image\":{\"@id\":\"https:\/\/skan.com\/de\/produkt\/digital-ventures\/xr-mockup\/#primaryimage\"},\"thumbnailUrl\":\"https:\/\/skan.com\/wp-content\/uploads\/Keyvisual_XR_mockup.jpg\",\"datePublished\":\"2023-05-02T14:14:30+00:00\",\"dateModified\":\"2023-09-29T08:52:49+00:00\",\"description\":\"Erleben Sie unsere Produkte bereits in der Designphase realit\u00e4tsgetreu in der virtuellen Welt. Mehr erfahren!\",\"breadcrumb\":{\"@id\":\"https:\/\/skan.com\/de\/produkt\/digital-ventures\/xr-mockup\/#breadcrumb\"},\"inLanguage\":\"de\",\"potentialAction\":[{\"@type\":\"ReadAction\",\"target\":[\"https:\/\/skan.com\/de\/produkt\/digital-ventures\/xr-mockup\/\"]}]},{\"@type\":\"ImageObject\",\"inLanguage\":\"de\",\"@id\":\"https:\/\/skan.com\/de\/produkt\/digital-ventures\/xr-mockup\/#primaryimage\",\"url\":\"https:\/\/skan.com\/wp-content\/uploads\/Keyvisual_XR_mockup.jpg\",\"contentUrl\":\"https:\/\/skan.com\/wp-content\/uploads\/Keyvisual_XR_mockup.jpg\",\"width\":1472,\"height\":2000},{\"@type\":\"BreadcrumbList\",\"@id\":\"https:\/\/skan.com\/de\/produkt\/digital-ventures\/xr-mockup\/#breadcrumb\",\"itemListElement\":[{\"@type\":\"ListItem\",\"position\":1,\"name\":\"Home\",\"item\":\"https:\/\/skan.com\/de\/\"},{\"@type\":\"ListItem\",\"position\":2,\"name\":\"Product\",\"item\":\"https:\/\/skan.com\/de\/product\/\"},{\"@type\":\"ListItem\",\"position\":3,\"name\":\"XR mockup\"}]},{\"@type\":\"WebSite\",\"@id\":\"https:\/\/skan.com\/de\/#website\",\"url\":\"https:\/\/skan.com\/de\/\",\"name\":\"SKAN\",\"description\":\"Ihr Partner f\u00fcr Forschungslaboratorien\",\"potentialAction\":[{\"@type\":\"SearchAction\",\"target\":{\"@type\":\"EntryPoint\",\"urlTemplate\":\"https:\/\/skan.com\/de\/?s={search_term_string}\"},\"query-input\":{\"@type\":\"PropertyValueSpecification\",\"valueRequired\":true,\"valueName\":\"search_term_string\"}}],\"inLanguage\":\"de\"}]}<\/script>\n<!-- \/ Yoast SEO plugin. -->","yoast_head_json":{"title":"Das revolution\u00e4re Hybrid-System f\u00fcr das Mockup der Zukunft | SKAN","description":"Erleben Sie unsere Produkte bereits in der Designphase realit\u00e4tsgetreu in der virtuellen Welt. Mehr erfahren!","robots":{"index":"index","follow":"follow","max-snippet":"max-snippet:-1","max-image-preview":"max-image-preview:large","max-video-preview":"max-video-preview:-1"},"canonical":"https:\/\/skan.com\/de\/produkt\/digital-ventures\/xr-mockup\/","og_locale":"de_DE","og_type":"article","og_title":"Das revolution\u00e4re Hybrid-System f\u00fcr das Mockup der Zukunft | SKAN","og_description":"Erleben Sie unsere Produkte bereits in der Designphase realit\u00e4tsgetreu in der virtuellen Welt. Mehr erfahren!","og_url":"https:\/\/skan.com\/de\/produkt\/digital-ventures\/xr-mockup\/","og_site_name":"SKAN","article_modified_time":"2023-09-29T08:52:49+00:00","og_image":[{"width":1472,"height":2000,"url":"https:\/\/skan.com\/wp-content\/uploads\/Keyvisual_XR_mockup.jpg","type":"image\/jpeg"}],"twitter_card":"summary_large_image","schema":{"@context":"https:\/\/schema.org","@graph":[{"@type":"WebPage","@id":"https:\/\/skan.com\/de\/produkt\/digital-ventures\/xr-mockup\/","url":"https:\/\/skan.com\/de\/produkt\/digital-ventures\/xr-mockup\/","name":"Das revolution\u00e4re Hybrid-System f\u00fcr das Mockup der Zukunft | SKAN","isPartOf":{"@id":"https:\/\/skan.com\/de\/#website"},"primaryImageOfPage":{"@id":"https:\/\/skan.com\/de\/produkt\/digital-ventures\/xr-mockup\/#primaryimage"},"image":{"@id":"https:\/\/skan.com\/de\/produkt\/digital-ventures\/xr-mockup\/#primaryimage"},"thumbnailUrl":"https:\/\/skan.com\/wp-content\/uploads\/Keyvisual_XR_mockup.jpg","datePublished":"2023-05-02T14:14:30+00:00","dateModified":"2023-09-29T08:52:49+00:00","description":"Erleben Sie unsere Produkte bereits in der Designphase realit\u00e4tsgetreu in der virtuellen Welt. Mehr erfahren!","breadcrumb":{"@id":"https:\/\/skan.com\/de\/produkt\/digital-ventures\/xr-mockup\/#breadcrumb"},"inLanguage":"de","potentialAction":[{"@type":"ReadAction","target":["https:\/\/skan.com\/de\/produkt\/digital-ventures\/xr-mockup\/"]}]},{"@type":"ImageObject","inLanguage":"de","@id":"https:\/\/skan.com\/de\/produkt\/digital-ventures\/xr-mockup\/#primaryimage","url":"https:\/\/skan.com\/wp-content\/uploads\/Keyvisual_XR_mockup.jpg","contentUrl":"https:\/\/skan.com\/wp-content\/uploads\/Keyvisual_XR_mockup.jpg","width":1472,"height":2000},{"@type":"BreadcrumbList","@id":"https:\/\/skan.com\/de\/produkt\/digital-ventures\/xr-mockup\/#breadcrumb","itemListElement":[{"@type":"ListItem","position":1,"name":"Home","item":"https:\/\/skan.com\/de\/"},{"@type":"ListItem","position":2,"name":"Product","item":"https:\/\/skan.com\/de\/product\/"},{"@type":"ListItem","position":3,"name":"XR mockup"}]},{"@type":"WebSite","@id":"https:\/\/skan.com\/de\/#website","url":"https:\/\/skan.com\/de\/","name":"SKAN","description":"Ihr Partner f\u00fcr Forschungslaboratorien","potentialAction":[{"@type":"SearchAction","target":{"@type":"EntryPoint","urlTemplate":"https:\/\/skan.com\/de\/?s={search_term_string}"},"query-input":{"@type":"PropertyValueSpecification","valueRequired":true,"valueName":"search_term_string"}}],"inLanguage":"de"}]}},"_links":{"self":[{"href":"https:\/\/skan.com\/de\/wp-json\/wp\/v2\/product\/31591","targetHints":{"allow":["GET"]}}],"collection":[{"href":"https:\/\/skan.com\/de\/wp-json\/wp\/v2\/product"}],"about":[{"href":"https:\/\/skan.com\/de\/wp-json\/wp\/v2\/types\/product"}],"author":[{"embeddable":true,"href":"https:\/\/skan.com\/de\/wp-json\/wp\/v2\/users\/3"}],"version-history":[{"count":27,"href":"https:\/\/skan.com\/de\/wp-json\/wp\/v2\/product\/31591\/revisions"}],"predecessor-version":[{"id":34329,"href":"https:\/\/skan.com\/de\/wp-json\/wp\/v2\/product\/31591\/revisions\/34329"}],"wp:featuredmedia":[{"embeddable":true,"href":"https:\/\/skan.com\/de\/wp-json\/wp\/v2\/media\/32214"}],"wp:attachment":[{"href":"https:\/\/skan.com\/de\/wp-json\/wp\/v2\/media?parent=31591"}],"wp:term":[{"taxonomy":"product_cat","embeddable":true,"href":"https:\/\/skan.com\/de\/wp-json\/wp\/v2\/product_cat?post=31591"}],"curies":[{"name":"wp","href":"https:\/\/api.w.org\/{rel}","templated":true}]}}