{"id":31553,"date":"2023-04-27T13:46:31","date_gmt":"2023-04-27T13:46:31","guid":{"rendered":"https:\/\/skan.com\/?post_type=product&#038;p=31553"},"modified":"2023-09-29T08:51:41","modified_gmt":"2023-09-29T08:51:41","slug":"sphere-health","status":"publish","type":"product","link":"https:\/\/skan.com\/de\/produkt\/digital-ventures\/sphere-health\/","title":{"rendered":"sphere health"},"content":{"rendered":"\t<!-- section two-columns-->\r\n\t<section class=\"twocolumns-section\" id=\"secondSection\">\r\n\t\t<div class=\"container-fluid\">\r\n\t\t\t<div class=\"full-width-row df-row\">\r\n\t\t\t\t\t\t\t\t\t<div class=\"column-text col-lg-6 col-xl-5\" id=\"content\">\r\n\t\t\t\t\t\t<div class=\"content-wrap\">\r\n\t\t\t\t\t\t\t\t\t\t\t\t\t\t\t\t<div class=\"content-block\">\r\n\t\t<p><strong>sphere health<\/strong> ist eine nahtlos integrierte Anwendung zur Zustands\u00fcberwachung von Anlagen. Anlagendaten werden lokal erfasst und regelm\u00e4ssig analysiert, um das Nutzungsende einer Komponente fr\u00fchzeitig zu erkennen. Der Zugriff auf die Anwendung \u00fcber das HMI (Human Machine Interface) kann \u00fcber Ihr Unternehmensnetzwerk erfolgen. Erfasste Daten lassen sich leicht an Ihr PI System(TM) und zentralisierte Daten-Hubs weiterleiten.<\/p>\n<h2>Vorteile von sphere health<\/h2>\n<ul>\n<li>Einzelne Komponenten \u00fcberwachen und wichtige Informationen abrufen, z.\u00a0B. Installationsdatum, Nutzung, Servicehistorie, verbleibende Nutzungsdauer.<\/li>\n<li>Produktions- und Wartungsfenster planen und Empfehlungen f\u00fcr den Komponentenaustausch basierend auf der \u00fcblichen Anlagennutzung erhalten.<\/li>\n<li>Sich Transparenz \u00fcber den Anlagenzustand und Produktions-KPIs verschaffen, um Risikofaktoren f\u00fcr potenzielle Ausf\u00e4lle zu erkennen und zu minimieren.<\/li>\n<li>Mittels Prozessdatentrends aus dem HMI die St\u00f6rungsbeseitigung beschleunigen.<\/li>\n<li>Von \u00fcberall und jederzeit auf Anlagendaten zugreifen und datengest\u00fctzte Entscheidungen treffen, um die Anlagenleistung zu optimieren.<\/li>\n<\/ul>\n\t<\/div>\r\n\t\t\t\t\t\t\t\t\t\t\t\t\t\t\t\t<div class=\"content-block\">\r\n\t\t<ul class=\"accordion accordion-content\">\r\n\t\t\t\t\t\t\t\t\t\t\t\t<li>\r\n\t\t\t\t\t\t\t\t\t\t\t\t\t<a class=\"opener\">Wie funktioniert sphere health?<\/a>\r\n\t\t\t\t\t\t\t\t\t\t\t\t\t\t\t\t\t\t\t<div class=\"slide\">\r\n\t\t\t\t\t\t\t\t<div class=\"slide-body\">\r\n\t\t\t\t\t\t\t\t\t<p>sphere health erfasst und analysiert Zustandsdaten direkt an der Anlage und stellt sie \u00fcber das lokale HMI und auf anderen Datenspeicherungsplattformen bereit.<br \/>\nDank hochmoderner Edge Analytics und vorab trainierten Modellen f\u00fcr maschinelles Lernen kann die Anwendung die verbleibende Nutzungsdauer von Anlagenkomponenten vorhersagen.<\/p>\n<p>Ausserdem bietet sie Empfehlungen f\u00fcr den Teilaustausch in bestimmten Wartungsfenstern und ein digitales Wartungsprotokoll zur Dokumentation aller durchgef\u00fchrten Wartungsmassnahmen.<br \/>\nDashboards mit Anlagendaten fassen den Zustand Ihrer Anlage \u00fcbersichtlich zusammen.<\/p>\n\t\t\t\t\t\t\t\t<\/div>\r\n\t\t\t\t\t\t\t<\/div>\r\n\t\t\t\t\t\t\t\t\t\t\t<\/li>\r\n\t\t\t\t\t\t\t\t\t\t\t\t\t\t\t\t<li>\r\n\t\t\t\t\t\t\t\t\t\t\t\t\t<a class=\"opener\">Wie wird sphere health implementiert?<\/a>\r\n\t\t\t\t\t\t\t\t\t\t\t\t\t\t\t\t\t\t\t<div class=\"slide\">\r\n\t\t\t\t\t\t\t\t<div class=\"slide-body\">\r\n\t\t\t\t\t\t\t\t\t<p>sphere health l\u00e4uft auf einem dedizierten Industrie-PC in Ihrer Anlage. Die Anwendung erfasst SPS-Daten \u00fcber eine Verbindung zum Informationsnetzwerk der Anlage und zeigt sie auf dem lokalen HMI an.<\/p>\n<p>sphere health ist f\u00fcr neue Isolatoren verf\u00fcgbar und kann in Ihre bestehenden Produktionssysteme nachger\u00fcstet werden. In jedem Fall wird die Anwendung nahtlos in die Infrastruktur Ihrer Betriebstechnologie integriert.<\/p>\n\t\t\t\t\t\t\t\t<\/div>\r\n\t\t\t\t\t\t\t<\/div>\r\n\t\t\t\t\t\t\t\t\t\t\t<\/li>\r\n\t\t\t\t\t\t\t\t\t\t\t\t\t\t\t\t<li>\r\n\t\t\t\t\t\t\t\t\t\t\t\t\t<a class=\"opener\">Welche Optionen gibt es?<\/a>\r\n\t\t\t\t\t\t\t\t\t\t\t\t\t\t\t\t\t\t\t<div class=\"slide\">\r\n\t\t\t\t\t\t\t\t<div class=\"slide-body\">\r\n\t\t\t\t\t\t\t\t\t<p>sphere health ist eine SaaS-L\u00f6sung \u2013 eine Neuheit in der Isolatorbranche! Sie zahlen eine einmalige Geb\u00fchr bei Installation der Hardware und der SPS-Schnittstelleneinrichtung, danach eine j\u00e4hrliche Abonnementgeb\u00fchr je nach gew\u00e4hlter Funktion. Folgende Funktionen stehen zur Auswahl:<\/p>\n<ul>\n<li><strong>Basic<\/strong>: Zugriff auf alle SPS-Daten und \u00dcberwachung aller Anlagenkomponenten.<\/li>\n<li><strong>Historian<\/strong>: Weiterleitung aller Daten an ein PI System(TM) und\/oder einen zentralisierten Daten-Hub.<\/li>\n<li><strong>Reporting<\/strong>: Anzeige aller KPIs und anderer Analysedaten Ihrer Anlage.<\/li>\n<\/ul>\n\t\t\t\t\t\t\t\t<\/div>\r\n\t\t\t\t\t\t\t<\/div>\r\n\t\t\t\t\t\t\t\t\t\t\t<\/li>\r\n\t\t\t\t\t\t\t\t\t<\/ul>\r\n\t<\/div>\r\n\t\t\t\t\t\t\t\t\t\t\t\t\t\t\t\t<div class=\"content-block\">\r\n\t\t<div class=\"contact-box\">\r\n\t\t\t\t\t\t\t<h3>Jetzt das Verkaufsteam kontaktieren!<\/h3>\r\n\t\t\t\t\t\t\t\t\t\t\t\t\t<div class=\"btn-wrap\">\r\n\t\t\t\t\t<a class=\"btn btn-secondary\" href=\"mailto:sales@skan.com\" target=\"_blank\">Anfrage senden<\/a>\r\n\t\t\t\t<\/div>\r\n\t\t\t\t\t<\/div>\r\n\t<\/div>\r\n\t\t\t\t\t\t\t                            \t\t\t\t\t\t<\/div>\r\n\t\t\t\t\t<\/div>\r\n\t\t\t\t\t\t\t\t\t\t\t\t\t<aside class=\"column-image col-lg-6 col-offset-xl-1\" id=\"aside\">\r\n\t\t\t\t\t\t<div class=\"gallery-visuals-wrap\">\r\n\t\t\t\t\t\t<div class=\"gallery-visuals\">\r\n\t\t\t\t\t\t\t\t\t\t\t\t\t\t\t<!-- slide-->\r\n\t\t\t\t\t\t\t\t<div class=\"visual-slide d-md-none\">\r\n\t\t\t\t\t\t\t\t\t<div class=\"visual-holder\">\r\n\t\t\t\t\t\t\t\t\t\t<div class=\"visual-frame animImageLeft\">\r\n\t\t\t\t\t\t\t\t\t\t\t<picture>\r\n\t\t\t\t\t\t\t\t\t\t\t\t<source type=\"image\/jpeg\" srcset=\"https:\/\/skan.com\/wp-content\/uploads\/SKAN_Keyvisual_sphere_health_woman_predictive_maintenance_digitalization.jpg 375w, https:\/\/skan.com\/wp-content\/uploads\/SKAN_Keyvisual_sphere_health_woman_predictive_maintenance_digitalization.jpg 750w\" sizes=\"100vw \" media=\"(max-width: 767px)\"\/>\r\n\t\t\t\t\t\t\t\t\t\t\t\t<source type=\"image\/jpeg\" srcset=\"https:\/\/skan.com\/wp-content\/uploads\/SKAN_Keyvisual_sphere_health_woman_predictive_maintenance_digitalization.jpg 740w, https:\/\/skan.com\/wp-content\/uploads\/SKAN_Keyvisual_sphere_health_woman_predictive_maintenance_digitalization.jpg 1480w\" sizes=\"(min-width: 768px) 50vw, 100vw\"\/>\r\n\t\t\t\t\t\t\t\t\t\t\t\t<img loading=\"lazy\" decoding=\"async\" width=\"1472\" height=\"2000\" src=\"https:\/\/skan.com\/wp-content\/uploads\/SKAN_Keyvisual_sphere_health_woman_predictive_maintenance_digitalization.jpg\" class=\"attachment-full size-full wp-post-image\" alt=\"\" srcset=\"https:\/\/skan.com\/wp-content\/uploads\/SKAN_Keyvisual_sphere_health_woman_predictive_maintenance_digitalization.jpg 1472w, https:\/\/skan.com\/wp-content\/uploads\/SKAN_Keyvisual_sphere_health_woman_predictive_maintenance_digitalization-221x300.jpg 221w, https:\/\/skan.com\/wp-content\/uploads\/SKAN_Keyvisual_sphere_health_woman_predictive_maintenance_digitalization-754x1024.jpg 754w, https:\/\/skan.com\/wp-content\/uploads\/SKAN_Keyvisual_sphere_health_woman_predictive_maintenance_digitalization-768x1043.jpg 768w, https:\/\/skan.com\/wp-content\/uploads\/SKAN_Keyvisual_sphere_health_woman_predictive_maintenance_digitalization-1130x1536.jpg 1130w\" sizes=\"auto, (max-width: 1472px) 100vw, 1472px\" \/>\t\t\t\t\t\t\t\t\t\t\t<\/picture>\r\n\t\t\t\t\t\t\t\t\t\t<\/div>\r\n\t\t\t\t\t\t\t\t\t<\/div>\r\n\t\t\t\t\t\t\t\t<\/div>\r\n\t\t\t\t\t\t\t\t\t\t\t\t\t\t\t\t\t\t\t\t\t\t\t\t\t\t\t\t\t\t\t\t\t\t\t\t\t\t<!-- slide-->\r\n\t\t\t\t\t\t\t\t\t<div class=\"visual-slide\">\r\n\t\t\t\t\t\t\t\t\t\t<div class=\"visual-holder\" >\r\n\t\t\t\t\t\t\t\t\t\t\t\t\t\t\t\t\t\t\t\t\t\t\t<div class=\"visual-frame animImageLeft  \">\r\n\t\t\t\t\t\t\t\t\t\t\t\t\t<picture>\r\n\t\t\t\t\t\t\t\t\t\t\t\t\t\t<source type=\"image\/jpeg\" srcset=\"https:\/\/skan.com\/wp-content\/uploads\/Thumbnail_sphere_health_1280x720px.jpg 375w, https:\/\/skan.com\/wp-content\/uploads\/Thumbnail_sphere_health_1280x720px.jpg 750w\" sizes=\"100vw \" media=\"(max-width: 767px)\"\/>\r\n\t\t\t\t\t\t\t\t\t\t\t\t\t\t<source type=\"image\/jpeg\" srcset=\"https:\/\/skan.com\/wp-content\/uploads\/Thumbnail_sphere_health_1280x720px.jpg 740w, https:\/\/skan.com\/wp-content\/uploads\/Thumbnail_sphere_health_1280x720px.jpg 1480w\" sizes=\"(min-width: 768px) 50vw, 100vw\"\/>\r\n\t\t\t\t\t\t\t\t\t\t\t\t\t\t<img loading=\"lazy\" decoding=\"async\" width=\"1280\" height=\"720\" src=\"https:\/\/skan.com\/wp-content\/uploads\/Thumbnail_sphere_health_1280x720px.jpg\" class=\"attachment-full size-full\" alt=\"\" srcset=\"https:\/\/skan.com\/wp-content\/uploads\/Thumbnail_sphere_health_1280x720px.jpg 1280w, https:\/\/skan.com\/wp-content\/uploads\/Thumbnail_sphere_health_1280x720px-300x169.jpg 300w, https:\/\/skan.com\/wp-content\/uploads\/Thumbnail_sphere_health_1280x720px-1024x576.jpg 1024w, https:\/\/skan.com\/wp-content\/uploads\/Thumbnail_sphere_health_1280x720px-768x432.jpg 768w\" sizes=\"auto, (max-width: 1280px) 100vw, 1280px\" \/>\t\t\t\t\t\t\t\t\t\t\t\t\t<\/picture>\r\n\t\t\t\t\t\t\t\t\t\t\t\t\t\t\t\t\t\t\t\t\t\t\t\t\t\t\t<div class=\"btn-wrap\">\r\n\t\t\t\t\t\t\t\t\t\t\t\t\t\t\t<a class=\"btn btn-secondary btn-iconed\" data-fancybox href=\"https:\/\/youtu.be\/PqNrlUUC74o\">Play Video<img loading=\"lazy\" decoding=\"async\" src=\"https:\/\/skan.com\/wp-content\/themes\/skan\/images\/icons\/play.svg\" width=\"30\" height=\"30\" alt=\"fullscreen\"><\/a>\r\n\t\t\t\t\t\t\t\t\t\t\t\t\t\t<\/div>\r\n\t\t\t\t\t\t\t\t\t\t\t\t\t\t\t\t\t\t\t\t\t\t\t\t\t\t\t\t\t\t\t\t\t\t\t\t\t\t<\/div>\r\n\t\t\t\t\t\t\t\t\t\t\t\t\t\t\t\t\t\t\t\t\t<\/div>\r\n\t\t\t\t\t\t\t\t\t<\/div>\r\n\t\t\t\t\t\t\t\t\t\t\t\t\t\t\t\t\t\t\t\t\t\t\t\t\t\t\t\t\t\t\t\t<!-- slide-->\r\n\t\t\t\t\t\t\t\t\t<div class=\"visual-slide\">\r\n\t\t\t\t\t\t\t\t\t\t<div class=\"visual-holder\" id=\"slide-on-fixed\">\r\n\t\t\t\t\t\t\t\t\t\t\t\t\t\t\t\t\t\t\t\t\t\t\t<div class=\"visual-frame animImageLeft gallery-box \">\r\n\t\t\t\t\t\t\t\t\t\t\t\t\t<picture>\r\n\t\t\t\t\t\t\t\t\t\t\t\t\t\t<source type=\"image\/jpeg\" srcset=\"https:\/\/skan.com\/wp-content\/uploads\/sphere_health_graphic.jpg 375w, https:\/\/skan.com\/wp-content\/uploads\/sphere_health_graphic.jpg 750w\" sizes=\"100vw \" media=\"(max-width: 767px)\"\/>\r\n\t\t\t\t\t\t\t\t\t\t\t\t\t\t<source type=\"image\/jpeg\" srcset=\"https:\/\/skan.com\/wp-content\/uploads\/sphere_health_graphic.jpg 740w, https:\/\/skan.com\/wp-content\/uploads\/sphere_health_graphic.jpg 1480w\" sizes=\"(min-width: 768px) 50vw, 100vw\"\/>\r\n\t\t\t\t\t\t\t\t\t\t\t\t\t\t<img loading=\"lazy\" decoding=\"async\" width=\"1480\" height=\"900\" src=\"https:\/\/skan.com\/wp-content\/uploads\/sphere_health_graphic.jpg\" class=\"attachment-full size-full\" alt=\"\" srcset=\"https:\/\/skan.com\/wp-content\/uploads\/sphere_health_graphic.jpg 1480w, https:\/\/skan.com\/wp-content\/uploads\/sphere_health_graphic-300x182.jpg 300w, https:\/\/skan.com\/wp-content\/uploads\/sphere_health_graphic-1024x623.jpg 1024w, https:\/\/skan.com\/wp-content\/uploads\/sphere_health_graphic-768x467.jpg 768w\" sizes=\"auto, (max-width: 1480px) 100vw, 1480px\" \/>\t\t\t\t\t\t\t\t\t\t\t\t\t<\/picture>\r\n\t\t\t\t\t\t\t\t\t\t\t\t\t\t\t\t\t\t\t\t\t\t\t\t\t\t\t\t\t\t\t\t\t\t\t\t\t\t\t\t\t\t\t\t\t\t\t\t\t\t\t\t\t\t\t<div class=\"btn-wrap\">\r\n\t\t\t\t\t\t\t\t\t\t\t\t\t\t\t\t<a class=\"btn btn-secondary btn-iconed-pseudo\" data-fancybox=\"gallery-images-01\" data-src=\"https:\/\/skan.com\/wp-content\/uploads\/sphere_health_graphic.jpg\" href=\"javascript:;\" data-width=\"619\" data-height=\"784\">Vergr\u00f6ssern<\/a>\r\n\t\t\t\t\t\t\t\t\t\t\t\t\t\t\t<\/div>\r\n\t\t\t\t\t\t\t\t\t\t\t\t\t\t\t\t\t\t\t\t\t\t\t\t\t\t\t\t<!-- gallery-images-01 holder-->\r\n\t\t\t\t\t\t\t\t\t\t\t\t\t\t<div class=\"gallery-images-holder\">\r\n\t\t\t\t\t\t\t\t\t\t\t\t\t\t\t\t\t\t\t\t\t\t\t\t\t\t\t\t\t\t\t<img data-fancybox=\"gallery-images-01\" data-src=\"https:\/\/skan.com\/wp-content\/uploads\/Thumbnail_sphere_health_1280x720px.jpg\" alt=\"image description\">\r\n\t\t\t\t\t\t\t\t\t\t\t\t\t\t\t\t\t\t\t\t\t\t\t\t\t\t\t\t\t\t\t\t\t\t\t\t\t\t\t\t\t\t\t\t\t\t\t<img data-fancybox=\"gallery-images-01\" data-src=\"https:\/\/skan.com\/wp-content\/uploads\/sphere_health_graphic.jpg\" alt=\"image description\">\r\n\t\t\t\t\t\t\t\t\t\t\t\t\t\t\t\t\t\t\t\t\t\t\t\t\t\t\t\t\t\t\t\t\t\t\t\t\t\t\t\t\t\t\t\t\t<\/div>\r\n\t\t\t\t\t\t\t\t\t\t\t\t\t\t\t\t\t\t\t\t\t\t\t\t\t<\/div>\r\n\t\t\t\t\t\t\t\t\t\t\t\t\t\t\t\t\t\t\t\t\t<\/div>\r\n\t\t\t\t\t\t\t\t\t<\/div>\r\n\t\t\t\t\t\t\t\t\t\t\t\t\t\t\t\t\t\t\t\t\t<\/div>\r\n\t\t\t\t\t\t<\/div>\r\n\t\t\t\t\t<\/aside>\r\n\t\t\t\t\t\t\t<\/div>\r\n\t\t<\/div>\r\n\t<\/section>\r\n","protected":false},"excerpt":{"rendered":"<p>Vollintegrierte Zustands\u00fcberwachung\/-prognose f\u00fcr Anlagen<\/p>\n","protected":false},"author":3,"featured_media":32113,"template":"","product_cat":[311],"class_list":["post-31553","product","type-product","status-publish","has-post-thumbnail","hentry","product_cat-digital-ventures"],"acf":[],"yoast_head":"<!-- This site is optimized with the Yoast SEO plugin v26.9 - https:\/\/yoast.com\/product\/yoast-seo-wordpress\/ -->\n<title>sphere health SaaS-L\u00f6sung \u2013 eine Neuheit in der Isolatorbranche!<\/title>\n<meta name=\"description\" content=\"sphere health ist eine nahtlos integrierte Anwendung zur Zustands\u00fcberwachung von Anlagen. Mehr erfahren.\" \/>\n<meta name=\"robots\" content=\"index, follow, max-snippet:-1, max-image-preview:large, max-video-preview:-1\" \/>\n<link rel=\"canonical\" href=\"https:\/\/skan.com\/de\/produkt\/digital-ventures\/sphere-health\/\" \/>\n<meta property=\"og:locale\" content=\"de_DE\" \/>\n<meta property=\"og:type\" content=\"article\" \/>\n<meta property=\"og:title\" content=\"sphere health SaaS-L\u00f6sung \u2013 eine Neuheit in der Isolatorbranche!\" \/>\n<meta property=\"og:description\" content=\"sphere health ist eine nahtlos integrierte Anwendung zur Zustands\u00fcberwachung von Anlagen. Mehr erfahren.\" \/>\n<meta property=\"og:url\" content=\"https:\/\/skan.com\/de\/produkt\/digital-ventures\/sphere-health\/\" \/>\n<meta property=\"og:site_name\" content=\"SKAN\" \/>\n<meta property=\"article:modified_time\" content=\"2023-09-29T08:51:41+00:00\" \/>\n<meta property=\"og:image\" content=\"https:\/\/skan.com\/wp-content\/uploads\/SKAN_Keyvisual_sphere_health_woman_predictive_maintenance_digitalization.jpg\" \/>\n\t<meta property=\"og:image:width\" content=\"1472\" \/>\n\t<meta property=\"og:image:height\" content=\"2000\" \/>\n\t<meta property=\"og:image:type\" content=\"image\/jpeg\" \/>\n<meta name=\"twitter:card\" content=\"summary_large_image\" \/>\n<script type=\"application\/ld+json\" class=\"yoast-schema-graph\">{\"@context\":\"https:\/\/schema.org\",\"@graph\":[{\"@type\":\"WebPage\",\"@id\":\"https:\/\/skan.com\/de\/produkt\/digital-ventures\/sphere-health\/\",\"url\":\"https:\/\/skan.com\/de\/produkt\/digital-ventures\/sphere-health\/\",\"name\":\"sphere health SaaS-L\u00f6sung \u2013 eine Neuheit in der Isolatorbranche!\",\"isPartOf\":{\"@id\":\"https:\/\/skan.com\/de\/#website\"},\"primaryImageOfPage\":{\"@id\":\"https:\/\/skan.com\/de\/produkt\/digital-ventures\/sphere-health\/#primaryimage\"},\"image\":{\"@id\":\"https:\/\/skan.com\/de\/produkt\/digital-ventures\/sphere-health\/#primaryimage\"},\"thumbnailUrl\":\"https:\/\/skan.com\/wp-content\/uploads\/SKAN_Keyvisual_sphere_health_woman_predictive_maintenance_digitalization.jpg\",\"datePublished\":\"2023-04-27T13:46:31+00:00\",\"dateModified\":\"2023-09-29T08:51:41+00:00\",\"description\":\"sphere health ist eine nahtlos integrierte Anwendung zur Zustands\u00fcberwachung von Anlagen. Mehr erfahren.\",\"breadcrumb\":{\"@id\":\"https:\/\/skan.com\/de\/produkt\/digital-ventures\/sphere-health\/#breadcrumb\"},\"inLanguage\":\"de\",\"potentialAction\":[{\"@type\":\"ReadAction\",\"target\":[\"https:\/\/skan.com\/de\/produkt\/digital-ventures\/sphere-health\/\"]}]},{\"@type\":\"ImageObject\",\"inLanguage\":\"de\",\"@id\":\"https:\/\/skan.com\/de\/produkt\/digital-ventures\/sphere-health\/#primaryimage\",\"url\":\"https:\/\/skan.com\/wp-content\/uploads\/SKAN_Keyvisual_sphere_health_woman_predictive_maintenance_digitalization.jpg\",\"contentUrl\":\"https:\/\/skan.com\/wp-content\/uploads\/SKAN_Keyvisual_sphere_health_woman_predictive_maintenance_digitalization.jpg\",\"width\":1472,\"height\":2000},{\"@type\":\"BreadcrumbList\",\"@id\":\"https:\/\/skan.com\/de\/produkt\/digital-ventures\/sphere-health\/#breadcrumb\",\"itemListElement\":[{\"@type\":\"ListItem\",\"position\":1,\"name\":\"Home\",\"item\":\"https:\/\/skan.com\/de\/\"},{\"@type\":\"ListItem\",\"position\":2,\"name\":\"Product\",\"item\":\"https:\/\/skan.com\/de\/product\/\"},{\"@type\":\"ListItem\",\"position\":3,\"name\":\"sphere health\"}]},{\"@type\":\"WebSite\",\"@id\":\"https:\/\/skan.com\/de\/#website\",\"url\":\"https:\/\/skan.com\/de\/\",\"name\":\"SKAN\",\"description\":\"Ihr Partner f\u00fcr Forschungslaboratorien\",\"potentialAction\":[{\"@type\":\"SearchAction\",\"target\":{\"@type\":\"EntryPoint\",\"urlTemplate\":\"https:\/\/skan.com\/de\/?s={search_term_string}\"},\"query-input\":{\"@type\":\"PropertyValueSpecification\",\"valueRequired\":true,\"valueName\":\"search_term_string\"}}],\"inLanguage\":\"de\"}]}<\/script>\n<!-- \/ Yoast SEO plugin. -->","yoast_head_json":{"title":"sphere health SaaS-L\u00f6sung \u2013 eine Neuheit in der Isolatorbranche!","description":"sphere health ist eine nahtlos integrierte Anwendung zur Zustands\u00fcberwachung von Anlagen. Mehr erfahren.","robots":{"index":"index","follow":"follow","max-snippet":"max-snippet:-1","max-image-preview":"max-image-preview:large","max-video-preview":"max-video-preview:-1"},"canonical":"https:\/\/skan.com\/de\/produkt\/digital-ventures\/sphere-health\/","og_locale":"de_DE","og_type":"article","og_title":"sphere health SaaS-L\u00f6sung \u2013 eine Neuheit in der Isolatorbranche!","og_description":"sphere health ist eine nahtlos integrierte Anwendung zur Zustands\u00fcberwachung von Anlagen. Mehr erfahren.","og_url":"https:\/\/skan.com\/de\/produkt\/digital-ventures\/sphere-health\/","og_site_name":"SKAN","article_modified_time":"2023-09-29T08:51:41+00:00","og_image":[{"width":1472,"height":2000,"url":"https:\/\/skan.com\/wp-content\/uploads\/SKAN_Keyvisual_sphere_health_woman_predictive_maintenance_digitalization.jpg","type":"image\/jpeg"}],"twitter_card":"summary_large_image","schema":{"@context":"https:\/\/schema.org","@graph":[{"@type":"WebPage","@id":"https:\/\/skan.com\/de\/produkt\/digital-ventures\/sphere-health\/","url":"https:\/\/skan.com\/de\/produkt\/digital-ventures\/sphere-health\/","name":"sphere health SaaS-L\u00f6sung \u2013 eine Neuheit in der Isolatorbranche!","isPartOf":{"@id":"https:\/\/skan.com\/de\/#website"},"primaryImageOfPage":{"@id":"https:\/\/skan.com\/de\/produkt\/digital-ventures\/sphere-health\/#primaryimage"},"image":{"@id":"https:\/\/skan.com\/de\/produkt\/digital-ventures\/sphere-health\/#primaryimage"},"thumbnailUrl":"https:\/\/skan.com\/wp-content\/uploads\/SKAN_Keyvisual_sphere_health_woman_predictive_maintenance_digitalization.jpg","datePublished":"2023-04-27T13:46:31+00:00","dateModified":"2023-09-29T08:51:41+00:00","description":"sphere health ist eine nahtlos integrierte Anwendung zur Zustands\u00fcberwachung von Anlagen. Mehr erfahren.","breadcrumb":{"@id":"https:\/\/skan.com\/de\/produkt\/digital-ventures\/sphere-health\/#breadcrumb"},"inLanguage":"de","potentialAction":[{"@type":"ReadAction","target":["https:\/\/skan.com\/de\/produkt\/digital-ventures\/sphere-health\/"]}]},{"@type":"ImageObject","inLanguage":"de","@id":"https:\/\/skan.com\/de\/produkt\/digital-ventures\/sphere-health\/#primaryimage","url":"https:\/\/skan.com\/wp-content\/uploads\/SKAN_Keyvisual_sphere_health_woman_predictive_maintenance_digitalization.jpg","contentUrl":"https:\/\/skan.com\/wp-content\/uploads\/SKAN_Keyvisual_sphere_health_woman_predictive_maintenance_digitalization.jpg","width":1472,"height":2000},{"@type":"BreadcrumbList","@id":"https:\/\/skan.com\/de\/produkt\/digital-ventures\/sphere-health\/#breadcrumb","itemListElement":[{"@type":"ListItem","position":1,"name":"Home","item":"https:\/\/skan.com\/de\/"},{"@type":"ListItem","position":2,"name":"Product","item":"https:\/\/skan.com\/de\/product\/"},{"@type":"ListItem","position":3,"name":"sphere health"}]},{"@type":"WebSite","@id":"https:\/\/skan.com\/de\/#website","url":"https:\/\/skan.com\/de\/","name":"SKAN","description":"Ihr Partner f\u00fcr Forschungslaboratorien","potentialAction":[{"@type":"SearchAction","target":{"@type":"EntryPoint","urlTemplate":"https:\/\/skan.com\/de\/?s={search_term_string}"},"query-input":{"@type":"PropertyValueSpecification","valueRequired":true,"valueName":"search_term_string"}}],"inLanguage":"de"}]}},"_links":{"self":[{"href":"https:\/\/skan.com\/de\/wp-json\/wp\/v2\/product\/31553","targetHints":{"allow":["GET"]}}],"collection":[{"href":"https:\/\/skan.com\/de\/wp-json\/wp\/v2\/product"}],"about":[{"href":"https:\/\/skan.com\/de\/wp-json\/wp\/v2\/types\/product"}],"author":[{"embeddable":true,"href":"https:\/\/skan.com\/de\/wp-json\/wp\/v2\/users\/3"}],"version-history":[{"count":26,"href":"https:\/\/skan.com\/de\/wp-json\/wp\/v2\/product\/31553\/revisions"}],"predecessor-version":[{"id":34325,"href":"https:\/\/skan.com\/de\/wp-json\/wp\/v2\/product\/31553\/revisions\/34325"}],"wp:featuredmedia":[{"embeddable":true,"href":"https:\/\/skan.com\/de\/wp-json\/wp\/v2\/media\/32113"}],"wp:attachment":[{"href":"https:\/\/skan.com\/de\/wp-json\/wp\/v2\/media?parent=31553"}],"wp:term":[{"taxonomy":"product_cat","embeddable":true,"href":"https:\/\/skan.com\/de\/wp-json\/wp\/v2\/product_cat?post=31553"}],"curies":[{"name":"wp","href":"https:\/\/api.w.org\/{rel}","templated":true}]}}