{"id":31358,"date":"2023-04-27T13:57:03","date_gmt":"2023-04-27T13:57:03","guid":{"rendered":"https:\/\/skan.com\/?post_type=product&#038;p=31358"},"modified":"2023-09-29T08:50:57","modified_gmt":"2023-09-29T08:50:57","slug":"sphere-connect","status":"publish","type":"product","link":"https:\/\/skan.com\/de\/produkt\/digital-ventures\/sphere-connect\/","title":{"rendered":"sphere connect"},"content":{"rendered":"\t<!-- section two-columns-->\r\n\t<section class=\"twocolumns-section\" id=\"secondSection\">\r\n\t\t<div class=\"container-fluid\">\r\n\t\t\t<div class=\"full-width-row df-row\">\r\n\t\t\t\t\t\t\t\t\t<div class=\"column-text col-lg-6 col-xl-5\" id=\"content\">\r\n\t\t\t\t\t\t<div class=\"content-wrap\">\r\n\t\t\t\t\t\t\t\t\t\t\t\t\t\t\t\t<div class=\"content-block\">\r\n\t\t<p><strong>sphere connect<\/strong> bietet eine einfache Plug-and-Play-L\u00f6sung f\u00fcr die Anbindung von SKAN Ger\u00e4ten an Ihre Datenmanagement-Plattform. Diese Komplettl\u00f6sung deckt den gesamten Bedarf an Datenaustausch, Anlagenmodellierung, Dashboard-Erstellung in Echtzeit und Berichterstattung ab.<\/p>\n<p>Die Kompetenz von SKAN im Bereich Datenmanagement konzentriert sich \u2013 jedoch nicht ausschliesslich \u2013 auf das AVEVA PI-System, ein erstklassiges L\u00f6sungspaket f\u00fcr die Erfassung, Verbesserung, Speicherung und den Abruf von zuverl\u00e4ssigen Betriebsdaten in Echtzeit.<\/p>\n<h2>Vorteile von sphere connect:<\/h2>\n<ul>\n<li><strong>Vor validierte L\u00f6sung<\/strong>: Mit einer 21 CFR Part 11-konformen Dokumentation verfolgt sphere connect das Ziel, die Validierung f\u00fcr den Kunden m\u00fchelos zu gestalten und gleichzeitig die Einhaltung gesetzlicher Vorschriften zu priorisieren. Mit unseren vor validierten L\u00f6sungen und der umfassenden Dokumentation sparen unsere Kunden wertvolle Zeit.<\/li>\n<li><strong>Modularer Aufbau<\/strong>: Die Module, Anwendungen und Funktionen sind individuell anpassbar, um Flexibilit\u00e4t und Skalierbarkeit zu gew\u00e4hrleisten.<\/li>\n<li><strong>Plug-and-Play<\/strong>: Die einsatzbereiten Konfigurationsdateien von sphere connect machen die Integration des PI-Systems einfach und sparen wertvolle Zeit und Aufwand bei der Integration.<\/li>\n<li><strong>Komplettl\u00f6sung aus einer Hand<\/strong>: Wir kombinieren unser Wissen \u00fcber Ger\u00e4te und unsere Kompetenz f\u00fcr das PI-System, um eine umfassende Komplettl\u00f6sung anzubieten, die das Datenmanagement optimiert und Zeit und Geld spart.<\/li>\n<li><strong>Datengest\u00fctzte Entscheidungen<\/strong>: sphere connect erleichtert die \u00dcberwachung von Anlagen, die Erkennung von Problemen und die Optimierung von Produktionsprozessen und verbessert so die Produktivit\u00e4t und Effizienz.<\/li>\n<\/ul>\n\t<\/div>\r\n\t\t\t\t\t\t\t\t\t\t\t\t\t\t\t\t<div class=\"content-block\">\r\n\t\t<ul class=\"accordion accordion-content\">\r\n\t\t\t\t\t\t\t\t\t\t\t\t<li>\r\n\t\t\t\t\t\t\t\t\t\t\t\t\t<a class=\"opener\">Wie wird sphere connect implementiert?<\/a>\r\n\t\t\t\t\t\t\t\t\t\t\t\t\t\t\t\t\t\t\t<div class=\"slide\">\r\n\t\t\t\t\t\t\t\t<div class=\"slide-body\">\r\n\t\t\t\t\t\t\t\t\t<p>Die von Ihren Ger\u00e4ten erzeugten Informationen werden \u00fcber einen OPC\u00a0UA-Server zur Verf\u00fcgung gestellt, der die Datenerfassung in Echtzeit und die \u00dcbertragung an Ihren Data Historian erm\u00f6glicht. Ein PI\u00a0Connector der 2.\u00a0Generation f\u00fcr OPC\u00a0UA wird verwendet, um Ihren Isolator mit Ihrem AVEVA\u00a0PI-System zu verbinden.<\/p>\n<p>Die gesammelten Daten werden mithilfe einer prozessbasierten Logik organisiert, um ein optimiertes hierarchisches Modell des Isolators zur besseren Visualisierung zu erstellen. Dies umfasst auch Statusaktualisierungen und GxP-bezogene Informationen wie Dekontaminationsdaten.<\/p>\n<p>Die gesetzlich vorgeschriebenen Daten k\u00f6nnen auch in Ihr AVEVA PI-System \u00fcbertragen werden. Dazu geh\u00f6ren Alarme und Informationen \u00fcber den Audit Trail, die \u00fcber das SQL-Protokoll erfasst werden.<\/p>\n\t\t\t\t\t\t\t\t<\/div>\r\n\t\t\t\t\t\t\t<\/div>\r\n\t\t\t\t\t\t\t\t\t\t\t<\/li>\r\n\t\t\t\t\t\t\t\t\t\t\t\t\t\t\t\t<li>\r\n\t\t\t\t\t\t\t\t\t\t\t\t\t<a class=\"opener\">Was geh\u00f6rt dazu?<\/a>\r\n\t\t\t\t\t\t\t\t\t\t\t\t\t\t\t\t\t\t\t<div class=\"slide\">\r\n\t\t\t\t\t\t\t\t<div class=\"slide-body\">\r\n\t\t\t\t\t\t\t\t\t<ul>\n<li>Dokumentation, die den gesetzlichen Anforderungen entspricht<\/li>\n<li>Schritt-f\u00fcr-Schritt-Anleitungen<\/li>\n<li>Vorkonfigurierte Konfigurationsdateien<\/li>\n<li>Unterst\u00fctzung bei der Implementierung<\/li>\n<\/ul>\n\t\t\t\t\t\t\t\t<\/div>\r\n\t\t\t\t\t\t\t<\/div>\r\n\t\t\t\t\t\t\t\t\t\t\t<\/li>\r\n\t\t\t\t\t\t\t\t\t\t\t\t\t\t\t\t<li>\r\n\t\t\t\t\t\t\t\t\t\t\t\t\t<a class=\"opener\">Welche zus\u00e4tzlichen Leistungen gibt es?<\/a>\r\n\t\t\t\t\t\t\t\t\t\t\t\t\t\t\t\t\t\t\t<div class=\"slide\">\r\n\t\t\t\t\t\t\t\t<div class=\"slide-body\">\r\n\t\t\t\t\t\t\t\t\t<p>sphere connect bietet Beratung oder massgeschneiderte Dienstleistungen und Implementierung nach Bedarf:<\/p>\n<ul>\n<li>Installation, Konfiguration und Migration<\/li>\n<li>Erstellung\/Einrichtung von PI-projektbezogenen Konzepten<\/li>\n<li>\u00dcberwachung des PI-Status<\/li>\n<li>Berichte (RtReports, Excel, PowerBI, Microsoft SQL Reporting Services)<\/li>\n<li>Kundenspezifische PI Vision Displays<\/li>\n<li>KPI-Berechnung<\/li>\n<li>Kundenspezifische Analysen<\/li>\n<\/ul>\n\t\t\t\t\t\t\t\t<\/div>\r\n\t\t\t\t\t\t\t<\/div>\r\n\t\t\t\t\t\t\t\t\t\t\t<\/li>\r\n\t\t\t\t\t\t\t\t\t<\/ul>\r\n\t<\/div>\r\n\t\t\t\t\t\t\t\t\t\t\t\t\t\t\t\t<div class=\"content-block\">\r\n\t\t<div class=\"contact-box\">\r\n\t\t\t\t\t\t\t<h3>Jetzt das Verkaufsteam kontaktieren!<\/h3>\r\n\t\t\t\t\t\t\t\t\t\t\t\t\t<div class=\"btn-wrap\">\r\n\t\t\t\t\t<a class=\"btn btn-secondary\" href=\"mailto:sales@skan.com\" target=\"_blank\">Anfrage senden<\/a>\r\n\t\t\t\t<\/div>\r\n\t\t\t\t\t<\/div>\r\n\t<\/div>\r\n\t\t\t\t\t\t\t                            \t\t\t\t\t\t<\/div>\r\n\t\t\t\t\t<\/div>\r\n\t\t\t\t\t\t\t\t\t\t\t\t\t<aside class=\"column-image col-lg-6 col-offset-xl-1\" id=\"aside\">\r\n\t\t\t\t\t\t<div class=\"gallery-visuals-wrap\">\r\n\t\t\t\t\t\t<div class=\"gallery-visuals\">\r\n\t\t\t\t\t\t\t\t\t\t\t\t\t\t\t<!-- slide-->\r\n\t\t\t\t\t\t\t\t<div class=\"visual-slide d-md-none\">\r\n\t\t\t\t\t\t\t\t\t<div class=\"visual-holder\">\r\n\t\t\t\t\t\t\t\t\t\t<div class=\"visual-frame animImageLeft\">\r\n\t\t\t\t\t\t\t\t\t\t\t<picture>\r\n\t\t\t\t\t\t\t\t\t\t\t\t<source type=\"image\/jpeg\" srcset=\"https:\/\/skan.com\/wp-content\/uploads\/SKAN_Keyvisual_sphere_connect_man_data_analytics_digitalization.jpg 375w, https:\/\/skan.com\/wp-content\/uploads\/SKAN_Keyvisual_sphere_connect_man_data_analytics_digitalization.jpg 750w\" sizes=\"100vw \" media=\"(max-width: 767px)\"\/>\r\n\t\t\t\t\t\t\t\t\t\t\t\t<source type=\"image\/jpeg\" srcset=\"https:\/\/skan.com\/wp-content\/uploads\/SKAN_Keyvisual_sphere_connect_man_data_analytics_digitalization.jpg 740w, https:\/\/skan.com\/wp-content\/uploads\/SKAN_Keyvisual_sphere_connect_man_data_analytics_digitalization.jpg 1480w\" sizes=\"(min-width: 768px) 50vw, 100vw\"\/>\r\n\t\t\t\t\t\t\t\t\t\t\t\t<img loading=\"lazy\" decoding=\"async\" width=\"1472\" height=\"2000\" src=\"https:\/\/skan.com\/wp-content\/uploads\/SKAN_Keyvisual_sphere_connect_man_data_analytics_digitalization.jpg\" class=\"attachment-full size-full wp-post-image\" alt=\"\" srcset=\"https:\/\/skan.com\/wp-content\/uploads\/SKAN_Keyvisual_sphere_connect_man_data_analytics_digitalization.jpg 1472w, https:\/\/skan.com\/wp-content\/uploads\/SKAN_Keyvisual_sphere_connect_man_data_analytics_digitalization-221x300.jpg 221w, https:\/\/skan.com\/wp-content\/uploads\/SKAN_Keyvisual_sphere_connect_man_data_analytics_digitalization-754x1024.jpg 754w, https:\/\/skan.com\/wp-content\/uploads\/SKAN_Keyvisual_sphere_connect_man_data_analytics_digitalization-768x1043.jpg 768w, https:\/\/skan.com\/wp-content\/uploads\/SKAN_Keyvisual_sphere_connect_man_data_analytics_digitalization-1130x1536.jpg 1130w\" sizes=\"auto, (max-width: 1472px) 100vw, 1472px\" \/>\t\t\t\t\t\t\t\t\t\t\t<\/picture>\r\n\t\t\t\t\t\t\t\t\t\t<\/div>\r\n\t\t\t\t\t\t\t\t\t<\/div>\r\n\t\t\t\t\t\t\t\t<\/div>\r\n\t\t\t\t\t\t\t\t\t\t\t\t\t\t\t\t\t\t\t\t\t\t\t\t\t\t\t\t\t\t\t\t\t\t\t\t\t\t<!-- slide-->\r\n\t\t\t\t\t\t\t\t\t<div class=\"visual-slide\">\r\n\t\t\t\t\t\t\t\t\t\t<div class=\"visual-holder\" >\r\n\t\t\t\t\t\t\t\t\t\t\t\t\t\t\t\t\t\t\t\t\t\t\t<div class=\"visual-frame animImageLeft  \">\r\n\t\t\t\t\t\t\t\t\t\t\t\t\t<picture>\r\n\t\t\t\t\t\t\t\t\t\t\t\t\t\t<source type=\"image\/jpeg\" srcset=\"https:\/\/skan.com\/wp-content\/uploads\/Thumbnail_sphere_connect_1280x720px.jpg 375w, https:\/\/skan.com\/wp-content\/uploads\/Thumbnail_sphere_connect_1280x720px.jpg 750w\" sizes=\"100vw \" media=\"(max-width: 767px)\"\/>\r\n\t\t\t\t\t\t\t\t\t\t\t\t\t\t<source type=\"image\/jpeg\" srcset=\"https:\/\/skan.com\/wp-content\/uploads\/Thumbnail_sphere_connect_1280x720px.jpg 740w, https:\/\/skan.com\/wp-content\/uploads\/Thumbnail_sphere_connect_1280x720px.jpg 1480w\" sizes=\"(min-width: 768px) 50vw, 100vw\"\/>\r\n\t\t\t\t\t\t\t\t\t\t\t\t\t\t<img loading=\"lazy\" decoding=\"async\" width=\"1280\" height=\"720\" src=\"https:\/\/skan.com\/wp-content\/uploads\/Thumbnail_sphere_connect_1280x720px.jpg\" class=\"attachment-full size-full\" alt=\"\" srcset=\"https:\/\/skan.com\/wp-content\/uploads\/Thumbnail_sphere_connect_1280x720px.jpg 1280w, https:\/\/skan.com\/wp-content\/uploads\/Thumbnail_sphere_connect_1280x720px-300x169.jpg 300w, https:\/\/skan.com\/wp-content\/uploads\/Thumbnail_sphere_connect_1280x720px-1024x576.jpg 1024w, https:\/\/skan.com\/wp-content\/uploads\/Thumbnail_sphere_connect_1280x720px-768x432.jpg 768w\" sizes=\"auto, (max-width: 1280px) 100vw, 1280px\" \/>\t\t\t\t\t\t\t\t\t\t\t\t\t<\/picture>\r\n\t\t\t\t\t\t\t\t\t\t\t\t\t\t\t\t\t\t\t\t\t\t\t\t\t\t\t<div class=\"btn-wrap\">\r\n\t\t\t\t\t\t\t\t\t\t\t\t\t\t\t<a class=\"btn btn-secondary btn-iconed\" data-fancybox href=\"https:\/\/youtu.be\/Io4caOWhoPE\">Play Video<img loading=\"lazy\" decoding=\"async\" src=\"https:\/\/skan.com\/wp-content\/themes\/skan\/images\/icons\/play.svg\" width=\"30\" height=\"30\" alt=\"fullscreen\"><\/a>\r\n\t\t\t\t\t\t\t\t\t\t\t\t\t\t<\/div>\r\n\t\t\t\t\t\t\t\t\t\t\t\t\t\t\t\t\t\t\t\t\t\t\t\t\t\t\t\t\t\t\t\t\t\t\t\t\t\t<\/div>\r\n\t\t\t\t\t\t\t\t\t\t\t\t\t\t\t\t\t\t\t\t\t<\/div>\r\n\t\t\t\t\t\t\t\t\t<\/div>\r\n\t\t\t\t\t\t\t\t\t\t\t\t\t\t\t\t\t\t\t\t\t\t\t\t\t\t\t\t\t\t\t\t<!-- slide-->\r\n\t\t\t\t\t\t\t\t\t<div class=\"visual-slide\">\r\n\t\t\t\t\t\t\t\t\t\t<div class=\"visual-holder\" id=\"slide-on-fixed\">\r\n\t\t\t\t\t\t\t\t\t\t\t\t\t\t\t\t\t\t\t\t\t\t\t<div class=\"visual-frame animImageLeft gallery-box \">\r\n\t\t\t\t\t\t\t\t\t\t\t\t\t<picture>\r\n\t\t\t\t\t\t\t\t\t\t\t\t\t\t<source type=\"image\/jpeg\" srcset=\"https:\/\/skan.com\/wp-content\/uploads\/sphere_connect_graphic.jpg 375w, https:\/\/skan.com\/wp-content\/uploads\/sphere_connect_graphic.jpg 750w\" sizes=\"100vw \" media=\"(max-width: 767px)\"\/>\r\n\t\t\t\t\t\t\t\t\t\t\t\t\t\t<source type=\"image\/jpeg\" srcset=\"https:\/\/skan.com\/wp-content\/uploads\/sphere_connect_graphic.jpg 740w, https:\/\/skan.com\/wp-content\/uploads\/sphere_connect_graphic.jpg 1480w\" sizes=\"(min-width: 768px) 50vw, 100vw\"\/>\r\n\t\t\t\t\t\t\t\t\t\t\t\t\t\t<img loading=\"lazy\" decoding=\"async\" width=\"1480\" height=\"900\" src=\"https:\/\/skan.com\/wp-content\/uploads\/sphere_connect_graphic.jpg\" class=\"attachment-full size-full\" alt=\"\" srcset=\"https:\/\/skan.com\/wp-content\/uploads\/sphere_connect_graphic.jpg 1480w, https:\/\/skan.com\/wp-content\/uploads\/sphere_connect_graphic-300x182.jpg 300w, https:\/\/skan.com\/wp-content\/uploads\/sphere_connect_graphic-1024x623.jpg 1024w, https:\/\/skan.com\/wp-content\/uploads\/sphere_connect_graphic-768x467.jpg 768w\" sizes=\"auto, (max-width: 1480px) 100vw, 1480px\" \/>\t\t\t\t\t\t\t\t\t\t\t\t\t<\/picture>\r\n\t\t\t\t\t\t\t\t\t\t\t\t\t\t\t\t\t\t\t\t\t\t\t\t\t\t\t\t\t\t\t\t\t\t\t\t\t\t\t\t\t\t\t\t\t\t\t\t\t\t\t\t\t\t\t<div class=\"btn-wrap\">\r\n\t\t\t\t\t\t\t\t\t\t\t\t\t\t\t\t<a class=\"btn btn-secondary btn-iconed-pseudo\" data-fancybox=\"gallery-images-01\" data-src=\"https:\/\/skan.com\/wp-content\/uploads\/sphere_connect_graphic.jpg\" href=\"javascript:;\" data-width=\"619\" data-height=\"784\">Vergr\u00f6ssern<\/a>\r\n\t\t\t\t\t\t\t\t\t\t\t\t\t\t\t<\/div>\r\n\t\t\t\t\t\t\t\t\t\t\t\t\t\t\t\t\t\t\t\t\t\t\t\t\t\t\t\t<!-- gallery-images-01 holder-->\r\n\t\t\t\t\t\t\t\t\t\t\t\t\t\t<div class=\"gallery-images-holder\">\r\n\t\t\t\t\t\t\t\t\t\t\t\t\t\t\t\t\t\t\t\t\t\t\t\t\t\t\t\t\t\t\t<img data-fancybox=\"gallery-images-01\" data-src=\"https:\/\/skan.com\/wp-content\/uploads\/Thumbnail_sphere_connect_1280x720px.jpg\" alt=\"image description\">\r\n\t\t\t\t\t\t\t\t\t\t\t\t\t\t\t\t\t\t\t\t\t\t\t\t\t\t\t\t\t\t\t\t\t\t\t\t\t\t\t\t\t\t\t\t\t\t\t<img data-fancybox=\"gallery-images-01\" data-src=\"https:\/\/skan.com\/wp-content\/uploads\/sphere_connect_graphic.jpg\" alt=\"image description\">\r\n\t\t\t\t\t\t\t\t\t\t\t\t\t\t\t\t\t\t\t\t\t\t\t\t\t\t\t\t\t\t\t\t\t\t\t\t\t\t\t\t\t\t\t\t\t<\/div>\r\n\t\t\t\t\t\t\t\t\t\t\t\t\t\t\t\t\t\t\t\t\t\t\t\t\t<\/div>\r\n\t\t\t\t\t\t\t\t\t\t\t\t\t\t\t\t\t\t\t\t\t<\/div>\r\n\t\t\t\t\t\t\t\t\t<\/div>\r\n\t\t\t\t\t\t\t\t\t\t\t\t\t\t\t\t\t\t\t\t\t<\/div>\r\n\t\t\t\t\t\t<\/div>\r\n\t\t\t\t\t<\/aside>\r\n\t\t\t\t\t\t\t<\/div>\r\n\t\t<\/div>\r\n\t<\/section>\r\n\n\n\t<section id=\"section-content-block_dd41c11c78ae7561b63eb531ceeba7ea\" class=\"section-content\">\r\n\t\t<div class=\"container-fluid\">\r\n\t\t\t<div class=\"article-wrap\">\r\n\t\t\t\t\t\t\t\t\t<div class=\"block img-block\">\r\n\t\t\t\t\t\t\t\t\t\t\t\t\t<h2>Integration des PI Systems mit SKAN Isolatoren<\/h2>\r\n\t\t\t\t\t\t\t\t\t\t\t\t\t\t\t\t\t\t\t\t\t\t\t\t\t<div class=\"video-wrap img-wrap\">\r\n\t\t\t\t\t\t\t\t\t\t\t\t\t\t\t\t\t<div class=\"vd\">\r\n\t\t\t\t\t\t\t\t\t\t<img loading=\"lazy\" decoding=\"async\" width=\"1280\" height=\"720\" src=\"https:\/\/skan.com\/wp-content\/uploads\/Integration-of-PI-System-with-SKAN-Isolators.jpg\" class=\"attachment-full size-full\" alt=\"\" srcset=\"https:\/\/skan.com\/wp-content\/uploads\/Integration-of-PI-System-with-SKAN-Isolators.jpg 1280w, https:\/\/skan.com\/wp-content\/uploads\/Integration-of-PI-System-with-SKAN-Isolators-300x169.jpg 300w, https:\/\/skan.com\/wp-content\/uploads\/Integration-of-PI-System-with-SKAN-Isolators-1024x576.jpg 1024w, https:\/\/skan.com\/wp-content\/uploads\/Integration-of-PI-System-with-SKAN-Isolators-768x432.jpg 768w\" sizes=\"auto, (max-width: 1280px) 100vw, 1280px\" \/>\t\t\t\t\t\t\t\t\t<\/div>\r\n\t\t\t\t\t\t\t\t\t<div class=\"vm\">\r\n\t\t\t\t\t\t\t\t\t\t\t\t\t\t\t\t\t\t\t\t\t<img loading=\"lazy\" decoding=\"async\" width=\"1280\" height=\"720\" src=\"https:\/\/skan.com\/wp-content\/uploads\/Integration-of-PI-System-with-SKAN-Isolators.jpg\" class=\"attachment-full size-full\" alt=\"\" srcset=\"https:\/\/skan.com\/wp-content\/uploads\/Integration-of-PI-System-with-SKAN-Isolators.jpg 1280w, https:\/\/skan.com\/wp-content\/uploads\/Integration-of-PI-System-with-SKAN-Isolators-300x169.jpg 300w, https:\/\/skan.com\/wp-content\/uploads\/Integration-of-PI-System-with-SKAN-Isolators-1024x576.jpg 1024w, https:\/\/skan.com\/wp-content\/uploads\/Integration-of-PI-System-with-SKAN-Isolators-768x432.jpg 768w\" sizes=\"auto, (max-width: 1280px) 100vw, 1280px\" \/>\t\t\t\t\t\t\t\t\t\t\t\t\t\t\t\t\t\t\t<\/div>\r\n\t\t\t\t\t\t\t\t\t\t\t\t\t\t\t\t\t\t\t\t\t\t\t\t\t<div class=\"btn-wrap\">\r\n\t\t\t\t\t\t\t\t\t\t<a data-fancybox href=\"https:\/\/www.youtube.com\/watch?v=aE38uIRzd8k\" title=\"Play Video\">\r\n                                            <svg width=\"140\" height=\"140\" viewBox=\"0 0 140 140\" fill=\"none\" xmlns=\"http:\/\/www.w3.org\/2000\/svg\">\r\n                                                <circle cx=\"70\" cy=\"70\" r=\"69.25\" stroke=\"#fff\" stroke-opacity=\".8\" stroke-width=\"1.5\"><\/circle>\r\n                                                <path d=\"m60 50 26 20-26 20V50Z\" fill=\"#fff\"><\/path>\r\n                                            <\/svg>\r\n                                        <\/a>\r\n\t\t\t\t\t\t\t\t\t<\/div>\r\n\t\t\t\t\t\t\t\t\t\t\t\t\t\t\t<\/div>\r\n\t\t\t\t\t\t\t\t\t\t\t<\/div>\r\n\t\t\t\t\t\t\t<\/div>\r\n\t\t<\/div>\r\n\t<\/section>\r\n","protected":false},"excerpt":{"rendered":"<p>Eine nahtlose Verbindung Ihrer SKAN Ger\u00e4te mit Ihrer Datenmanagement-Plattform<\/p>\n","protected":false},"author":3,"featured_media":32154,"template":"","product_cat":[311],"class_list":["post-31358","product","type-product","status-publish","has-post-thumbnail","hentry","product_cat-digital-ventures"],"acf":[],"yoast_head":"<!-- This site is optimized with the Yoast SEO plugin v26.9 - https:\/\/yoast.com\/product\/yoast-seo-wordpress\/ -->\n<title>Plug-and-Play-L\u00f6sung | sphere connect<\/title>\n<meta name=\"description\" content=\"sphere connect bietet eine einfache Plug-and-Play-L\u00f6sung f\u00fcr die Anbindung von SKAN Ger\u00e4ten an Ihre Datenmanagement-Plattform. Mehr erfahren.\" \/>\n<meta name=\"robots\" content=\"index, follow, max-snippet:-1, max-image-preview:large, max-video-preview:-1\" \/>\n<link rel=\"canonical\" href=\"https:\/\/skan.com\/de\/produkt\/digital-ventures\/sphere-connect\/\" \/>\n<meta property=\"og:locale\" content=\"de_DE\" \/>\n<meta property=\"og:type\" content=\"article\" \/>\n<meta property=\"og:title\" content=\"Plug-and-Play-L\u00f6sung | sphere connect\" \/>\n<meta property=\"og:description\" content=\"sphere connect bietet eine einfache Plug-and-Play-L\u00f6sung f\u00fcr die Anbindung von SKAN Ger\u00e4ten an Ihre Datenmanagement-Plattform. Mehr erfahren.\" \/>\n<meta property=\"og:url\" content=\"https:\/\/skan.com\/de\/produkt\/digital-ventures\/sphere-connect\/\" \/>\n<meta property=\"og:site_name\" content=\"SKAN\" \/>\n<meta property=\"article:modified_time\" content=\"2023-09-29T08:50:57+00:00\" \/>\n<meta property=\"og:image\" content=\"https:\/\/skan.com\/wp-content\/uploads\/SKAN_Keyvisual_sphere_connect_man_data_analytics_digitalization.jpg\" \/>\n\t<meta property=\"og:image:width\" content=\"1472\" \/>\n\t<meta property=\"og:image:height\" content=\"2000\" \/>\n\t<meta property=\"og:image:type\" content=\"image\/jpeg\" \/>\n<meta name=\"twitter:card\" content=\"summary_large_image\" \/>\n<script type=\"application\/ld+json\" class=\"yoast-schema-graph\">{\"@context\":\"https:\/\/schema.org\",\"@graph\":[{\"@type\":\"WebPage\",\"@id\":\"https:\/\/skan.com\/de\/produkt\/digital-ventures\/sphere-connect\/\",\"url\":\"https:\/\/skan.com\/de\/produkt\/digital-ventures\/sphere-connect\/\",\"name\":\"Plug-and-Play-L\u00f6sung | sphere connect\",\"isPartOf\":{\"@id\":\"https:\/\/skan.com\/de\/#website\"},\"primaryImageOfPage\":{\"@id\":\"https:\/\/skan.com\/de\/produkt\/digital-ventures\/sphere-connect\/#primaryimage\"},\"image\":{\"@id\":\"https:\/\/skan.com\/de\/produkt\/digital-ventures\/sphere-connect\/#primaryimage\"},\"thumbnailUrl\":\"https:\/\/skan.com\/wp-content\/uploads\/SKAN_Keyvisual_sphere_connect_man_data_analytics_digitalization.jpg\",\"datePublished\":\"2023-04-27T13:57:03+00:00\",\"dateModified\":\"2023-09-29T08:50:57+00:00\",\"description\":\"sphere connect bietet eine einfache Plug-and-Play-L\u00f6sung f\u00fcr die Anbindung von SKAN Ger\u00e4ten an Ihre Datenmanagement-Plattform. Mehr erfahren.\",\"breadcrumb\":{\"@id\":\"https:\/\/skan.com\/de\/produkt\/digital-ventures\/sphere-connect\/#breadcrumb\"},\"inLanguage\":\"de\",\"potentialAction\":[{\"@type\":\"ReadAction\",\"target\":[\"https:\/\/skan.com\/de\/produkt\/digital-ventures\/sphere-connect\/\"]}]},{\"@type\":\"ImageObject\",\"inLanguage\":\"de\",\"@id\":\"https:\/\/skan.com\/de\/produkt\/digital-ventures\/sphere-connect\/#primaryimage\",\"url\":\"https:\/\/skan.com\/wp-content\/uploads\/SKAN_Keyvisual_sphere_connect_man_data_analytics_digitalization.jpg\",\"contentUrl\":\"https:\/\/skan.com\/wp-content\/uploads\/SKAN_Keyvisual_sphere_connect_man_data_analytics_digitalization.jpg\",\"width\":1472,\"height\":2000},{\"@type\":\"BreadcrumbList\",\"@id\":\"https:\/\/skan.com\/de\/produkt\/digital-ventures\/sphere-connect\/#breadcrumb\",\"itemListElement\":[{\"@type\":\"ListItem\",\"position\":1,\"name\":\"Home\",\"item\":\"https:\/\/skan.com\/de\/\"},{\"@type\":\"ListItem\",\"position\":2,\"name\":\"Product\",\"item\":\"https:\/\/skan.com\/de\/product\/\"},{\"@type\":\"ListItem\",\"position\":3,\"name\":\"sphere connect\"}]},{\"@type\":\"WebSite\",\"@id\":\"https:\/\/skan.com\/de\/#website\",\"url\":\"https:\/\/skan.com\/de\/\",\"name\":\"SKAN\",\"description\":\"Ihr Partner f\u00fcr Forschungslaboratorien\",\"potentialAction\":[{\"@type\":\"SearchAction\",\"target\":{\"@type\":\"EntryPoint\",\"urlTemplate\":\"https:\/\/skan.com\/de\/?s={search_term_string}\"},\"query-input\":{\"@type\":\"PropertyValueSpecification\",\"valueRequired\":true,\"valueName\":\"search_term_string\"}}],\"inLanguage\":\"de\"}]}<\/script>\n<!-- \/ Yoast SEO plugin. -->","yoast_head_json":{"title":"Plug-and-Play-L\u00f6sung | sphere connect","description":"sphere connect bietet eine einfache Plug-and-Play-L\u00f6sung f\u00fcr die Anbindung von SKAN Ger\u00e4ten an Ihre Datenmanagement-Plattform. Mehr erfahren.","robots":{"index":"index","follow":"follow","max-snippet":"max-snippet:-1","max-image-preview":"max-image-preview:large","max-video-preview":"max-video-preview:-1"},"canonical":"https:\/\/skan.com\/de\/produkt\/digital-ventures\/sphere-connect\/","og_locale":"de_DE","og_type":"article","og_title":"Plug-and-Play-L\u00f6sung | sphere connect","og_description":"sphere connect bietet eine einfache Plug-and-Play-L\u00f6sung f\u00fcr die Anbindung von SKAN Ger\u00e4ten an Ihre Datenmanagement-Plattform. Mehr erfahren.","og_url":"https:\/\/skan.com\/de\/produkt\/digital-ventures\/sphere-connect\/","og_site_name":"SKAN","article_modified_time":"2023-09-29T08:50:57+00:00","og_image":[{"width":1472,"height":2000,"url":"https:\/\/skan.com\/wp-content\/uploads\/SKAN_Keyvisual_sphere_connect_man_data_analytics_digitalization.jpg","type":"image\/jpeg"}],"twitter_card":"summary_large_image","schema":{"@context":"https:\/\/schema.org","@graph":[{"@type":"WebPage","@id":"https:\/\/skan.com\/de\/produkt\/digital-ventures\/sphere-connect\/","url":"https:\/\/skan.com\/de\/produkt\/digital-ventures\/sphere-connect\/","name":"Plug-and-Play-L\u00f6sung | sphere connect","isPartOf":{"@id":"https:\/\/skan.com\/de\/#website"},"primaryImageOfPage":{"@id":"https:\/\/skan.com\/de\/produkt\/digital-ventures\/sphere-connect\/#primaryimage"},"image":{"@id":"https:\/\/skan.com\/de\/produkt\/digital-ventures\/sphere-connect\/#primaryimage"},"thumbnailUrl":"https:\/\/skan.com\/wp-content\/uploads\/SKAN_Keyvisual_sphere_connect_man_data_analytics_digitalization.jpg","datePublished":"2023-04-27T13:57:03+00:00","dateModified":"2023-09-29T08:50:57+00:00","description":"sphere connect bietet eine einfache Plug-and-Play-L\u00f6sung f\u00fcr die Anbindung von SKAN Ger\u00e4ten an Ihre Datenmanagement-Plattform. Mehr erfahren.","breadcrumb":{"@id":"https:\/\/skan.com\/de\/produkt\/digital-ventures\/sphere-connect\/#breadcrumb"},"inLanguage":"de","potentialAction":[{"@type":"ReadAction","target":["https:\/\/skan.com\/de\/produkt\/digital-ventures\/sphere-connect\/"]}]},{"@type":"ImageObject","inLanguage":"de","@id":"https:\/\/skan.com\/de\/produkt\/digital-ventures\/sphere-connect\/#primaryimage","url":"https:\/\/skan.com\/wp-content\/uploads\/SKAN_Keyvisual_sphere_connect_man_data_analytics_digitalization.jpg","contentUrl":"https:\/\/skan.com\/wp-content\/uploads\/SKAN_Keyvisual_sphere_connect_man_data_analytics_digitalization.jpg","width":1472,"height":2000},{"@type":"BreadcrumbList","@id":"https:\/\/skan.com\/de\/produkt\/digital-ventures\/sphere-connect\/#breadcrumb","itemListElement":[{"@type":"ListItem","position":1,"name":"Home","item":"https:\/\/skan.com\/de\/"},{"@type":"ListItem","position":2,"name":"Product","item":"https:\/\/skan.com\/de\/product\/"},{"@type":"ListItem","position":3,"name":"sphere connect"}]},{"@type":"WebSite","@id":"https:\/\/skan.com\/de\/#website","url":"https:\/\/skan.com\/de\/","name":"SKAN","description":"Ihr Partner f\u00fcr Forschungslaboratorien","potentialAction":[{"@type":"SearchAction","target":{"@type":"EntryPoint","urlTemplate":"https:\/\/skan.com\/de\/?s={search_term_string}"},"query-input":{"@type":"PropertyValueSpecification","valueRequired":true,"valueName":"search_term_string"}}],"inLanguage":"de"}]}},"_links":{"self":[{"href":"https:\/\/skan.com\/de\/wp-json\/wp\/v2\/product\/31358","targetHints":{"allow":["GET"]}}],"collection":[{"href":"https:\/\/skan.com\/de\/wp-json\/wp\/v2\/product"}],"about":[{"href":"https:\/\/skan.com\/de\/wp-json\/wp\/v2\/types\/product"}],"author":[{"embeddable":true,"href":"https:\/\/skan.com\/de\/wp-json\/wp\/v2\/users\/3"}],"version-history":[{"count":48,"href":"https:\/\/skan.com\/de\/wp-json\/wp\/v2\/product\/31358\/revisions"}],"predecessor-version":[{"id":34321,"href":"https:\/\/skan.com\/de\/wp-json\/wp\/v2\/product\/31358\/revisions\/34321"}],"wp:featuredmedia":[{"embeddable":true,"href":"https:\/\/skan.com\/de\/wp-json\/wp\/v2\/media\/32154"}],"wp:attachment":[{"href":"https:\/\/skan.com\/de\/wp-json\/wp\/v2\/media?parent=31358"}],"wp:term":[{"taxonomy":"product_cat","embeddable":true,"href":"https:\/\/skan.com\/de\/wp-json\/wp\/v2\/product_cat?post=31358"}],"curies":[{"name":"wp","href":"https:\/\/api.w.org\/{rel}","templated":true}]}}