{"id":900,"date":"2021-07-15T15:52:56","date_gmt":"2021-07-15T15:52:56","guid":{"rendered":"https:\/\/skan.clients.ideeal.ch\/?page_id=900"},"modified":"2026-02-24T13:08:36","modified_gmt":"2026-02-24T13:08:36","slug":"impressum","status":"publish","type":"page","link":"https:\/\/skan.com\/de\/impressum\/","title":{"rendered":"Impressum"},"content":{"rendered":"\t<section class=\"text-section \">\r\n\t\t<div id=\"text-sectionblock_ef966d7aa4fa7ca6bc08b16cfa46deec\" class=\"section-main twocolumns-section\">\r\n\t\t\t<div class=\"container-fluid\">\r\n\t\t\t\t\t\t\t\t\t<h1>Impressum<\/h1>\r\n\t\t\t\t\t\t\t\t<div class=\"column-text\">\r\n\t\t\t\t\t<h2>Kontaktadresse<\/h2>\n<p>SKAN AG<br \/>\nKreuzstrasse 5<br \/>\n4123 Allschwil<\/p>\n<p>Telefon: +41 61 485 44 44<br \/>\nTelefax: +41 61 485 44 45<br \/>\nE-Mail: <a href=\"mailto:info@skan.com\">info@skan.com<\/a><\/p>\n<h2>Vertretungsberechtigte Person<\/h2>\n<p>CEO, Jonas Greutert<\/p>\n<h2>Unternehmensidentifikationsnummer (UID-Nummer)<\/h2>\n<p>CHE-105.823.802<\/p>\n<h2>Haftungsausschluss<\/h2>\n<p>SKAN AG \u00fcbernimmt keine Haftung hinsichtlich der inhaltlichen Richtigkeit, Genauigkeit, Aktualit\u00e4t Zuverl\u00e4ssigkeit oder Vollst\u00e4ndigkeit der auf diesen Internetseiten enthaltenen Informationen. Haftungsanspr\u00fcche gegen den Autor f\u00fcr direkte oder indirekte Sch\u00e4den materieller oder immaterieller Art, welche aufgrund der Nutzung oder wegen fehlender Nutzungsm\u00f6glichkeiten von www.skan.com sowie aufgrund von Fehlern oder Auslassungen in den Inhalten entstanden sind, sind ausgeschlossen.<\/p>\n<p>Der Autor beh\u00e4lt es sich ausdr\u00fccklich vor, Teile der Seiten oder das gesamte Angebot ohne gesonderte Ank\u00fcndigung zu ver\u00e4ndern, zu erg\u00e4nzen, zu l\u00f6schen oder die Ver\u00f6ffentlichung zeitweise oder endg\u00fcltig einzustellen. Allf\u00e4llige Angebote auf diesen Internetseiten sind unverbindlich.<\/p>\n<h2>Haftung f\u00fcr Links<\/h2>\n<p>F\u00fcr Verweise und Links auf externe Websiten Dritter \u00fcbernimmt SKAN AG keine Verantwortung. F\u00fcr die Inhalte der verlinkten Seiten ist stets der jeweilige Anbieter oder Betreiber der Seiten verantwortlich. Eine Nutzung erfolgt auf eigenes Risiko.<\/p>\n<h2>Geistiges Eigentum<\/h2>\n<p>Diese Internetseiten beinhalten Bilder und Informationen deren Urheber- und\/oder andere Rechte daran ausschliesslich der SKAN AG geh\u00f6ren. Die (vollst\u00e4ndige oder teilweise) Vervielf\u00e4ltigung, Bearbeitung, Verbreitung und jede Art der Verwertung f\u00fcr \u00f6ffentliche oder kommerzielle Zwecke bed\u00fcrfen der vorherigen schriftlichen Zustimmung des Rechtsinhabers. Kein Bestandteil dieser Internetseite ist so konzipiert, dass dadurch eine Lizenz oder ein Recht zur Nutzung eines Bildes, einer eingetragenen Marke oder eines Logo einger\u00e4umt wird.<\/p>\n\t\t\t\t<\/div>\r\n\t\t\t<\/div>\r\n\t\t<\/div>\r\n\t<\/section>\r\n","protected":false},"excerpt":{"rendered":"","protected":false},"author":1,"featured_media":0,"parent":0,"menu_order":0,"comment_status":"closed","ping_status":"closed","template":"","meta":{"_acf_changed":false,"inline_featured_image":false,"footnotes":""},"class_list":["post-900","page","type-page","status-publish","hentry"],"acf":[],"yoast_head":"<!-- This site is optimized with the Yoast SEO plugin v26.9 - https:\/\/yoast.com\/product\/yoast-seo-wordpress\/ -->\n<title>Impressum - SKAN<\/title>\n<meta name=\"description\" content=\"SKAN AG Kreuzstrasse 5. 4123 Allschwil. Telefon: +41 61 485 44 44. Telefax: +41 61 485 44 45. E-Mail: info@skan.ch\" \/>\n<meta name=\"robots\" content=\"index, follow, max-snippet:-1, max-image-preview:large, max-video-preview:-1\" \/>\n<link rel=\"canonical\" href=\"https:\/\/skan.com\/de\/impressum\/\" \/>\n<meta property=\"og:locale\" content=\"de_DE\" \/>\n<meta property=\"og:type\" content=\"article\" \/>\n<meta property=\"og:title\" content=\"Impressum - SKAN\" \/>\n<meta property=\"og:description\" content=\"SKAN AG Kreuzstrasse 5. 4123 Allschwil. Telefon: +41 61 485 44 44. Telefax: +41 61 485 44 45. E-Mail: info@skan.ch\" \/>\n<meta property=\"og:url\" content=\"https:\/\/skan.com\/de\/impressum\/\" \/>\n<meta property=\"og:site_name\" content=\"SKAN\" \/>\n<meta property=\"article:modified_time\" content=\"2026-02-24T13:08:36+00:00\" \/>\n<meta name=\"twitter:card\" content=\"summary_large_image\" \/>\n<script type=\"application\/ld+json\" class=\"yoast-schema-graph\">{\"@context\":\"https:\/\/schema.org\",\"@graph\":[{\"@type\":\"WebPage\",\"@id\":\"https:\/\/skan.com\/de\/impressum\/\",\"url\":\"https:\/\/skan.com\/de\/impressum\/\",\"name\":\"Impressum - SKAN\",\"isPartOf\":{\"@id\":\"https:\/\/skan.com\/de\/#website\"},\"datePublished\":\"2021-07-15T15:52:56+00:00\",\"dateModified\":\"2026-02-24T13:08:36+00:00\",\"description\":\"SKAN AG Kreuzstrasse 5. 4123 Allschwil. Telefon: +41 61 485 44 44. Telefax: +41 61 485 44 45. E-Mail: info@skan.ch\",\"breadcrumb\":{\"@id\":\"https:\/\/skan.com\/de\/impressum\/#breadcrumb\"},\"inLanguage\":\"de\",\"potentialAction\":[{\"@type\":\"ReadAction\",\"target\":[\"https:\/\/skan.com\/de\/impressum\/\"]}]},{\"@type\":\"BreadcrumbList\",\"@id\":\"https:\/\/skan.com\/de\/impressum\/#breadcrumb\",\"itemListElement\":[{\"@type\":\"ListItem\",\"position\":1,\"name\":\"Home\",\"item\":\"https:\/\/skan.com\/de\/\"},{\"@type\":\"ListItem\",\"position\":2,\"name\":\"Impressum\"}]},{\"@type\":\"WebSite\",\"@id\":\"https:\/\/skan.com\/de\/#website\",\"url\":\"https:\/\/skan.com\/de\/\",\"name\":\"SKAN\",\"description\":\"Ihr Partner f\u00fcr Forschungslaboratorien\",\"potentialAction\":[{\"@type\":\"SearchAction\",\"target\":{\"@type\":\"EntryPoint\",\"urlTemplate\":\"https:\/\/skan.com\/de\/?s={search_term_string}\"},\"query-input\":{\"@type\":\"PropertyValueSpecification\",\"valueRequired\":true,\"valueName\":\"search_term_string\"}}],\"inLanguage\":\"de\"}]}<\/script>\n<!-- \/ Yoast SEO plugin. -->","yoast_head_json":{"title":"Impressum - SKAN","description":"SKAN AG Kreuzstrasse 5. 4123 Allschwil. Telefon: +41 61 485 44 44. Telefax: +41 61 485 44 45. E-Mail: info@skan.ch","robots":{"index":"index","follow":"follow","max-snippet":"max-snippet:-1","max-image-preview":"max-image-preview:large","max-video-preview":"max-video-preview:-1"},"canonical":"https:\/\/skan.com\/de\/impressum\/","og_locale":"de_DE","og_type":"article","og_title":"Impressum - SKAN","og_description":"SKAN AG Kreuzstrasse 5. 4123 Allschwil. Telefon: +41 61 485 44 44. Telefax: +41 61 485 44 45. E-Mail: info@skan.ch","og_url":"https:\/\/skan.com\/de\/impressum\/","og_site_name":"SKAN","article_modified_time":"2026-02-24T13:08:36+00:00","twitter_card":"summary_large_image","schema":{"@context":"https:\/\/schema.org","@graph":[{"@type":"WebPage","@id":"https:\/\/skan.com\/de\/impressum\/","url":"https:\/\/skan.com\/de\/impressum\/","name":"Impressum - SKAN","isPartOf":{"@id":"https:\/\/skan.com\/de\/#website"},"datePublished":"2021-07-15T15:52:56+00:00","dateModified":"2026-02-24T13:08:36+00:00","description":"SKAN AG Kreuzstrasse 5. 4123 Allschwil. Telefon: +41 61 485 44 44. Telefax: +41 61 485 44 45. E-Mail: info@skan.ch","breadcrumb":{"@id":"https:\/\/skan.com\/de\/impressum\/#breadcrumb"},"inLanguage":"de","potentialAction":[{"@type":"ReadAction","target":["https:\/\/skan.com\/de\/impressum\/"]}]},{"@type":"BreadcrumbList","@id":"https:\/\/skan.com\/de\/impressum\/#breadcrumb","itemListElement":[{"@type":"ListItem","position":1,"name":"Home","item":"https:\/\/skan.com\/de\/"},{"@type":"ListItem","position":2,"name":"Impressum"}]},{"@type":"WebSite","@id":"https:\/\/skan.com\/de\/#website","url":"https:\/\/skan.com\/de\/","name":"SKAN","description":"Ihr Partner f\u00fcr Forschungslaboratorien","potentialAction":[{"@type":"SearchAction","target":{"@type":"EntryPoint","urlTemplate":"https:\/\/skan.com\/de\/?s={search_term_string}"},"query-input":{"@type":"PropertyValueSpecification","valueRequired":true,"valueName":"search_term_string"}}],"inLanguage":"de"}]}},"_links":{"self":[{"href":"https:\/\/skan.com\/de\/wp-json\/wp\/v2\/pages\/900","targetHints":{"allow":["GET"]}}],"collection":[{"href":"https:\/\/skan.com\/de\/wp-json\/wp\/v2\/pages"}],"about":[{"href":"https:\/\/skan.com\/de\/wp-json\/wp\/v2\/types\/page"}],"author":[{"embeddable":true,"href":"https:\/\/skan.com\/de\/wp-json\/wp\/v2\/users\/1"}],"replies":[{"embeddable":true,"href":"https:\/\/skan.com\/de\/wp-json\/wp\/v2\/comments?post=900"}],"version-history":[{"count":15,"href":"https:\/\/skan.com\/de\/wp-json\/wp\/v2\/pages\/900\/revisions"}],"predecessor-version":[{"id":43524,"href":"https:\/\/skan.com\/de\/wp-json\/wp\/v2\/pages\/900\/revisions\/43524"}],"wp:attachment":[{"href":"https:\/\/skan.com\/de\/wp-json\/wp\/v2\/media?parent=900"}],"curies":[{"name":"wp","href":"https:\/\/api.w.org\/{rel}","templated":true}]}}