{"id":6378,"date":"2021-08-18T15:32:45","date_gmt":"2021-08-18T15:32:45","guid":{"rendered":"https:\/\/skan.clients.ideeal.ch\/?page_id=6378"},"modified":"2024-04-11T11:58:17","modified_gmt":"2024-04-11T11:58:17","slug":"aseptic-technologies","status":"publish","type":"page","link":"https:\/\/skan.com\/de\/unternehmen\/standorte\/standort-aseptic-technologies\/","title":{"rendered":"Standort Aseptic Technologies"},"content":{"rendered":"\t<!-- section hero-->\r\n\t<section id=\"section-hero-block_6541cff1dd9b1973a41c1b6747ee003c\" class=\"section-hero full-height-screen viewport-section\" >\r\n\t\t\t\t\t<a class=\"link-page-back cusomt-mod\" href=\"https:\/\/skan.com\/de\/\" target=\"_self\">\r\n\t\t\t\t<span class=\"page-name\">Startseite<\/span>\r\n\t\t\t<\/a>\r\n\t\t\t\t<div class=\"container-fluid\">\r\n\t\t\t<div class=\"full-width-row full-height-holder df-row\">\r\n\t\t\t\t\t\t\t\t\t<div class=\"column-text col-lg-6\">\r\n\t\t\t\t\t\t<div class=\"banner-text text-lead text-secondary js-anim-delay-parent-500 js-anim-default-parent\">\r\n\t\t\t\t\t\t\t<h1>Aseptic Technologies<\/h1>\n<p>Aseptic Technologies verbessert die Qualit\u00e4t aseptischer Prozesse, indem es innovative und anwenderorientierte Anlagen, Ger\u00e4te und Dienstleistungen mit modernster der Technik f\u00fcr die Pharmaindustrie bereitstellt.<\/p>\n\t\t\t\t\t\t\t\t\t\t\t\t\t\t\t<div class=\"btn-wrap\">\r\n\t\t\t\t\t\t\t\t\t<a class=\"btn btn-secondary\" href=\"https:\/\/www.aseptictech.com\/contact-form\" target=\"_blank\">Kontaktformular<\/a>\r\n\t\t\t\t\t\t\t\t<\/div>\r\n\t\t\t\t\t\t\t\t\t\t\t\t\t\t<div class=\"scroll-down-block d-lg-block\">\r\n\t\t\t\t\t\t\t\t<a class=\"link-anchor link-anchor-down\" href=\"#anchor-block\">\r\n\t\t\t\t\t\t\t\t\tWeiter\t\t\t\t\t\t\t\t<\/a>\r\n\t\t\t\t\t\t\t<\/div>\r\n\t\t\t\t\t\t<\/div>\r\n\t\t\t\t\t<\/div>\r\n\t\t\t\t\t            \t\t\t\t\t<div class=\"column-image col-lg-6\">\r\n\t\t\t\t\t\t                                                            <div class=\"visual-box animImage\">\r\n                                                            <picture>\r\n                                                                            <source type=\"image\/jpeg\" srcset=\"https:\/\/skan.com\/wp-content\/uploads\/skan-locations-aseptich-technologies-aseptic-filling-cell-and-gene-therapy.jpg 375w, https:\/\/skan.com\/wp-content\/uploads\/skan-locations-aseptich-technologies-aseptic-filling-cell-and-gene-therapy.jpg 750w\" sizes=\"100vw\" media=\"(max-width: 767px)\"\/>\r\n                                                                        <source type=\"image\/jpeg\" srcset=\"https:\/\/skan.com\/wp-content\/uploads\/skan-locations-aseptich-technologies-aseptic-filling-cell-and-gene-therapy.jpg 736w, https:\/\/skan.com\/wp-content\/uploads\/skan-locations-aseptich-technologies-aseptic-filling-cell-and-gene-therapy.jpg 1472w\" sizes=\"(min-width: 768px) 50vw, 100vw\"\/>\r\n                                    <img loading=\"lazy\" decoding=\"async\" width=\"1472\" height=\"2000\" src=\"https:\/\/skan.com\/wp-content\/uploads\/skan-locations-aseptich-technologies-aseptic-filling-cell-and-gene-therapy.jpg\" class=\"attachment-full size-full\" alt=\"\" srcset=\"https:\/\/skan.com\/wp-content\/uploads\/skan-locations-aseptich-technologies-aseptic-filling-cell-and-gene-therapy.jpg 1472w, https:\/\/skan.com\/wp-content\/uploads\/skan-locations-aseptich-technologies-aseptic-filling-cell-and-gene-therapy-221x300.jpg 221w, https:\/\/skan.com\/wp-content\/uploads\/skan-locations-aseptich-technologies-aseptic-filling-cell-and-gene-therapy-754x1024.jpg 754w, https:\/\/skan.com\/wp-content\/uploads\/skan-locations-aseptich-technologies-aseptic-filling-cell-and-gene-therapy-768x1043.jpg 768w, https:\/\/skan.com\/wp-content\/uploads\/skan-locations-aseptich-technologies-aseptic-filling-cell-and-gene-therapy-1130x1536.jpg 1130w\" sizes=\"auto, (max-width: 1472px) 100vw, 1472px\" \/>                                <\/picture>\r\n                            <\/div>\t\t\t\t\t\t                        \t\t\t\t\t<\/div>\r\n\t            \t\t\t<\/div>\r\n\t\t<\/div>\r\n\t<\/section>\r\n\t<div id=\"anchor-block\"><\/div>\r\n\n\n\t<section id=\"section-content-block_f8d360d8b0deb766ad2ffc41990b3dd1\" class=\"section-content info-section-2-columns\">\r\n\t\t<div class=\"container-fluid\">\r\n\t\t\t<div class=\"two-blocks-content\">\r\n\t\t\t\t\t\t\t\t\t<div class=\"article-wrap\">\r\n\t\t\t\t\t\t\t\t\t\t\t\t\t<div class=\"block heading-block\">\r\n\t\t\t\t\t\t\t\t<p>Aseptic Technologies wurde 2002 gegr\u00fcndet und stellt Fill &amp; Finish L\u00f6sungen her. Ihre Kernkompetenz liegt in der Innovation von aseptischen Abf\u00fcllprozessen f\u00fcr biopharmazeutische Produkte, einschliesslich Zell- und Gentherapieprodukten.<\/p>\n<p>Als Mitglied der SKAN-Gruppe seit 2011 nutzt Aseptic Technologies die technologische Exzellenz von SKAN bei der Entwicklung von Isolatoren und bietet weltweit integrierte L\u00f6sungen f\u00fcr Fill &amp; Finish Projekte.<\/p>\n\t\t\t\t\t\t\t<\/div>\r\n\t\t\t\t\t\t\t\t\t\t\t\t                            <aside class=\"mobile-mod\">\r\n                                <div class=\"widget\">\r\n                                    <div class=\"contact-block\">\r\n\t\t\t\t\t\t\t\t\t\t\t\t\t\t\t\t\t\t\t\t                                            <h3>Aseptic Technologies<\/h3>\r\n\t\t\t\t\t\t\t\t\t\t\t\t\t\t\t\t\t\t\t\t                                            <div class=\"contact-block-holder\">\r\n\t\t\t\t\t\t\t\t\t\t\t\t                                                    <address>Rue Camille Hubert, 7-9<br>5032 Gembloux \/ Les Isnes<br>Belgien<\/address>\r\n\t\t\t\t\t\t\t\t\t\t\t\t\t\t\t\t\t\t\t\t\t\t\t\t                                                    <dl>\r\n\t\t\t\t\t\t\t\t\t\t\t\t\t\t                                                            <dt>Tel<\/dt>\r\n                                                            <dd><a href=\"tel:3281409410\">+32 81 409 410<\/a><\/dd>\r\n\t\t\t\t\t\t\t\t\t\t\t\t\t\t\t\t\t\t\t\t\t\t\t\t\t\t\t\t\t\t\t\t\t\t\t\t\t\t\t\t\t\t                                                    <\/dl>\r\n\t\t\t\t\t\t\t\t\t\t\t\t                                            <\/div>\r\n\t\t\t\t\t\t\t\t\t\t\t\t\t\t\t\t\t\t\t\t                                            <a class=\"btn btn-secondary\" href=\"https:\/\/www.aseptictech.com\/contact-form\" target=\"_blank\">Kontaktformular<\/a>\r\n\t\t\t\t\t\t\t\t\t\t                                    <\/div>\r\n                                <\/div>\r\n                            <\/aside>\r\n\t\t\t\t\t\t\t\t\t\t\t\t\t\t\t\t\t\t\t<div class=\"block\">\r\n\t\t\t\t\t\t\t\t<p><a href=\"https:\/\/www.aseptictech.com\/\" target=\"_blank\" rel=\"noopener\">Aseptic Technologies<\/a> entwickelt, patentiert, produziert und vermarktet Ger\u00e4te, die eine optimale aseptische Sicherheit garantieren und die neusten regulatorischen Anforderungen erf\u00fcllen, w\u00e4hrend sie die Validierungs- und Betriebsprozesse auf die sicherste Weise vereinfachen.<\/p>\n<p>Die <a href=\"https:\/\/www.aseptictech.com\/en\/closed-vials\" target=\"_blank\" rel=\"noopener\">AT-Closed Vial\u00ae<\/a> Technologie ist eine der wichtigsten Innovationen von Aseptic Technologies. Sie erm\u00f6glicht die Abf\u00fcllung von vorsterilisierten Fl\u00e4schchen, um das Risiko einer Chargenkontamination erheblich zu verringern und gleichzeitig die Abf\u00fcllung und Fertigstellung des Arzneimittels zu vereinfachen.<br \/>\nDas Unternehmen stellt auch andere Produkte im Zusammenhang mit der aseptischen Abf\u00fcllung her, z. B. Abf\u00fcllkits (<a href=\"https:\/\/www.aseptictech.com\/en\/product-path\" target=\"_blank\" rel=\"noopener\">AT-Filling Kit\u2122<\/a>) und aseptische Verbindungssysteme (<a href=\"https:\/\/www.aseptictech.com\/en\/aseptic-liquid-connection\" target=\"_blank\" rel=\"noopener\">AT-Connector\u2122<\/a> System), die f\u00fcr den Transfer steriler Fl\u00fcssigkeiten \u00fcber Trennw\u00e4nde hinweg verwendet werden.<\/p>\n<p>Seit 2015 haben SKAN und Aseptic Technologies ihre Kr\u00e4fte bei der Entwicklung neuer Plattformen geb\u00fcndelt, die die jeweiligen Technologien der beiden Unternehmen kombinieren, um integrierte L\u00f6sungen anzubieten, die den zuk\u00fcnftigen Erwartungen der Industrie gerecht werden.<\/p>\n<p>Aseptic Technologies ist nach ISO 9001 und ISO15378 zertifiziert.<\/p>\n\t\t\t\t\t\t\t<\/div>\r\n\t\t\t\t\t\t\t\t\t\t\t\t\t\t\t\t\t\t\t\t\t\t\t\t\t\t\t\t\t<\/div>\r\n\t\t\t\t\t\t\t\t\t\t\t\t\t<aside class=\"desktop-mod\">\r\n\t\t\t\t\t\t<div class=\"widget\">\r\n\t\t\t\t\t\t\t<div class=\"contact-block\">\r\n\t\t\t\t\t\t\t\t\t\t\t\t\t\t\t\t\t\t\t\t\t\t\t\t\t<h3>Aseptic Technologies<\/h3>\r\n\t\t\t\t\t\t\t\t\t\t\t\t\t\t\t\t\t\t\t\t\t\t\t\t\t<div class=\"contact-block-holder\">\r\n\t\t\t\t\t\t\t\t\t\t\t\t\t\t\t\t\t\t\t\t\t<address>Rue Camille Hubert, 7-9<br>5032 Gembloux \/ Les Isnes<br>Belgien<\/address>\r\n\t\t\t\t\t\t\t\t\t\t\t\t\t\t\t\t\t\t\t\t\t\t\t\t\t\t\t\t\t\t\t<dl>\r\n\t\t\t\t\t\t\t\t\t\t\t\t\t\t\t\t\t\t\t\t\t\t\t\t\t<dt>Tel<\/dt>\r\n\t\t\t\t\t\t\t\t\t\t\t\t\t<dd><a href=\"tel:3281409410\">+32 81 409 410<\/a><\/dd>\r\n\t\t\t\t\t\t\t\t\t\t\t\t\t\t\t\t\t\t\t\t\t\t\t\t\t\t\t\t\t\t\t\t\t\t\t\t\t\t\t\t\t\t\t\t\t\t\t<\/dl>\r\n\t\t\t\t\t\t\t\t\t\t\t\t\t\t\t\t\t\t\t<\/div>\r\n\t\t\t\t\t\t\t\t\t\t\t\t\t\t\t\t\t\t\t\t\t\t\t\t\t<a class=\"btn btn-secondary\" href=\"https:\/\/www.aseptictech.com\/contact-form\" target=\"_blank\">Kontaktformular<\/a>\r\n\t\t\t\t\t\t\t\t\t\t\t\t\t\t\t<\/div>\r\n\t\t\t\t\t\t<\/div>\r\n\t\t\t\t\t<\/aside>\r\n\t\t\t\t\t\t\t<\/div>\r\n\t\t<\/div>\r\n\t<\/section>\r\n","protected":false},"excerpt":{"rendered":"","protected":false},"author":3,"featured_media":0,"parent":12406,"menu_order":0,"comment_status":"closed","ping_status":"closed","template":"","meta":{"_acf_changed":false,"inline_featured_image":false,"footnotes":""},"class_list":["post-6378","page","type-page","status-publish","hentry"],"acf":[],"yoast_head":"<!-- This site is optimized with the Yoast SEO plugin v26.9 - https:\/\/yoast.com\/product\/yoast-seo-wordpress\/ -->\n<title>The first closed ready-to-fill container | Aseptic Technologies | SKAN Group<\/title>\n<meta name=\"description\" content=\"AT-L\u00f6sungen wurden entwickelt, um die aseptische Abf\u00fcll- &amp; Endverarbeitung zu optimieren und ein kompromissloses Sterilit\u00e4tsniveau zu gew\u00e4hrleisten. Mehr erfahren.\" \/>\n<meta name=\"robots\" content=\"index, follow, max-snippet:-1, max-image-preview:large, max-video-preview:-1\" \/>\n<link rel=\"canonical\" href=\"https:\/\/skan.com\/de\/unternehmen\/standorte\/standort-aseptic-technologies\/\" \/>\n<meta property=\"og:locale\" content=\"de_DE\" \/>\n<meta property=\"og:type\" content=\"article\" \/>\n<meta property=\"og:title\" content=\"The first closed ready-to-fill container | Aseptic Technologies | SKAN Group\" \/>\n<meta property=\"og:description\" content=\"AT-L\u00f6sungen wurden entwickelt, um die aseptische Abf\u00fcll- &amp; Endverarbeitung zu optimieren und ein kompromissloses Sterilit\u00e4tsniveau zu gew\u00e4hrleisten. Mehr erfahren.\" \/>\n<meta property=\"og:url\" content=\"https:\/\/skan.com\/de\/unternehmen\/standorte\/standort-aseptic-technologies\/\" \/>\n<meta property=\"og:site_name\" content=\"SKAN\" \/>\n<meta property=\"article:modified_time\" content=\"2024-04-11T11:58:17+00:00\" \/>\n<meta name=\"twitter:card\" content=\"summary_large_image\" \/>\n<script type=\"application\/ld+json\" class=\"yoast-schema-graph\">{\"@context\":\"https:\/\/schema.org\",\"@graph\":[{\"@type\":\"WebPage\",\"@id\":\"https:\/\/skan.com\/de\/unternehmen\/standorte\/standort-aseptic-technologies\/\",\"url\":\"https:\/\/skan.com\/de\/unternehmen\/standorte\/standort-aseptic-technologies\/\",\"name\":\"The first closed ready-to-fill container | Aseptic Technologies | SKAN Group\",\"isPartOf\":{\"@id\":\"https:\/\/skan.com\/de\/#website\"},\"datePublished\":\"2021-08-18T15:32:45+00:00\",\"dateModified\":\"2024-04-11T11:58:17+00:00\",\"description\":\"AT-L\u00f6sungen wurden entwickelt, um die aseptische Abf\u00fcll- & Endverarbeitung zu optimieren und ein kompromissloses Sterilit\u00e4tsniveau zu gew\u00e4hrleisten. Mehr erfahren.\",\"breadcrumb\":{\"@id\":\"https:\/\/skan.com\/de\/unternehmen\/standorte\/standort-aseptic-technologies\/#breadcrumb\"},\"inLanguage\":\"de\",\"potentialAction\":[{\"@type\":\"ReadAction\",\"target\":[\"https:\/\/skan.com\/de\/unternehmen\/standorte\/standort-aseptic-technologies\/\"]}]},{\"@type\":\"BreadcrumbList\",\"@id\":\"https:\/\/skan.com\/de\/unternehmen\/standorte\/standort-aseptic-technologies\/#breadcrumb\",\"itemListElement\":[{\"@type\":\"ListItem\",\"position\":1,\"name\":\"Home\",\"item\":\"https:\/\/skan.com\/de\/\"},{\"@type\":\"ListItem\",\"position\":2,\"name\":\"Unternehmen\",\"item\":\"https:\/\/skan.com\/de\/unternehmen\/\"},{\"@type\":\"ListItem\",\"position\":3,\"name\":\"Standorte\",\"item\":\"https:\/\/skan.com\/de\/unternehmen\/standorte\/\"},{\"@type\":\"ListItem\",\"position\":4,\"name\":\"Standort Aseptic Technologies\"}]},{\"@type\":\"WebSite\",\"@id\":\"https:\/\/skan.com\/de\/#website\",\"url\":\"https:\/\/skan.com\/de\/\",\"name\":\"SKAN\",\"description\":\"Ihr Partner f\u00fcr Forschungslaboratorien\",\"potentialAction\":[{\"@type\":\"SearchAction\",\"target\":{\"@type\":\"EntryPoint\",\"urlTemplate\":\"https:\/\/skan.com\/de\/?s={search_term_string}\"},\"query-input\":{\"@type\":\"PropertyValueSpecification\",\"valueRequired\":true,\"valueName\":\"search_term_string\"}}],\"inLanguage\":\"de\"}]}<\/script>\n<!-- \/ Yoast SEO plugin. -->","yoast_head_json":{"title":"The first closed ready-to-fill container | Aseptic Technologies | SKAN Group","description":"AT-L\u00f6sungen wurden entwickelt, um die aseptische Abf\u00fcll- & Endverarbeitung zu optimieren und ein kompromissloses Sterilit\u00e4tsniveau zu gew\u00e4hrleisten. Mehr erfahren.","robots":{"index":"index","follow":"follow","max-snippet":"max-snippet:-1","max-image-preview":"max-image-preview:large","max-video-preview":"max-video-preview:-1"},"canonical":"https:\/\/skan.com\/de\/unternehmen\/standorte\/standort-aseptic-technologies\/","og_locale":"de_DE","og_type":"article","og_title":"The first closed ready-to-fill container | Aseptic Technologies | SKAN Group","og_description":"AT-L\u00f6sungen wurden entwickelt, um die aseptische Abf\u00fcll- & Endverarbeitung zu optimieren und ein kompromissloses Sterilit\u00e4tsniveau zu gew\u00e4hrleisten. Mehr erfahren.","og_url":"https:\/\/skan.com\/de\/unternehmen\/standorte\/standort-aseptic-technologies\/","og_site_name":"SKAN","article_modified_time":"2024-04-11T11:58:17+00:00","twitter_card":"summary_large_image","schema":{"@context":"https:\/\/schema.org","@graph":[{"@type":"WebPage","@id":"https:\/\/skan.com\/de\/unternehmen\/standorte\/standort-aseptic-technologies\/","url":"https:\/\/skan.com\/de\/unternehmen\/standorte\/standort-aseptic-technologies\/","name":"The first closed ready-to-fill container | Aseptic Technologies | SKAN Group","isPartOf":{"@id":"https:\/\/skan.com\/de\/#website"},"datePublished":"2021-08-18T15:32:45+00:00","dateModified":"2024-04-11T11:58:17+00:00","description":"AT-L\u00f6sungen wurden entwickelt, um die aseptische Abf\u00fcll- & Endverarbeitung zu optimieren und ein kompromissloses Sterilit\u00e4tsniveau zu gew\u00e4hrleisten. Mehr erfahren.","breadcrumb":{"@id":"https:\/\/skan.com\/de\/unternehmen\/standorte\/standort-aseptic-technologies\/#breadcrumb"},"inLanguage":"de","potentialAction":[{"@type":"ReadAction","target":["https:\/\/skan.com\/de\/unternehmen\/standorte\/standort-aseptic-technologies\/"]}]},{"@type":"BreadcrumbList","@id":"https:\/\/skan.com\/de\/unternehmen\/standorte\/standort-aseptic-technologies\/#breadcrumb","itemListElement":[{"@type":"ListItem","position":1,"name":"Home","item":"https:\/\/skan.com\/de\/"},{"@type":"ListItem","position":2,"name":"Unternehmen","item":"https:\/\/skan.com\/de\/unternehmen\/"},{"@type":"ListItem","position":3,"name":"Standorte","item":"https:\/\/skan.com\/de\/unternehmen\/standorte\/"},{"@type":"ListItem","position":4,"name":"Standort Aseptic Technologies"}]},{"@type":"WebSite","@id":"https:\/\/skan.com\/de\/#website","url":"https:\/\/skan.com\/de\/","name":"SKAN","description":"Ihr Partner f\u00fcr Forschungslaboratorien","potentialAction":[{"@type":"SearchAction","target":{"@type":"EntryPoint","urlTemplate":"https:\/\/skan.com\/de\/?s={search_term_string}"},"query-input":{"@type":"PropertyValueSpecification","valueRequired":true,"valueName":"search_term_string"}}],"inLanguage":"de"}]}},"_links":{"self":[{"href":"https:\/\/skan.com\/de\/wp-json\/wp\/v2\/pages\/6378","targetHints":{"allow":["GET"]}}],"collection":[{"href":"https:\/\/skan.com\/de\/wp-json\/wp\/v2\/pages"}],"about":[{"href":"https:\/\/skan.com\/de\/wp-json\/wp\/v2\/types\/page"}],"author":[{"embeddable":true,"href":"https:\/\/skan.com\/de\/wp-json\/wp\/v2\/users\/3"}],"replies":[{"embeddable":true,"href":"https:\/\/skan.com\/de\/wp-json\/wp\/v2\/comments?post=6378"}],"version-history":[{"count":30,"href":"https:\/\/skan.com\/de\/wp-json\/wp\/v2\/pages\/6378\/revisions"}],"predecessor-version":[{"id":37804,"href":"https:\/\/skan.com\/de\/wp-json\/wp\/v2\/pages\/6378\/revisions\/37804"}],"up":[{"embeddable":true,"href":"https:\/\/skan.com\/de\/wp-json\/wp\/v2\/pages\/12406"}],"wp:attachment":[{"href":"https:\/\/skan.com\/de\/wp-json\/wp\/v2\/media?parent=6378"}],"curies":[{"name":"wp","href":"https:\/\/api.w.org\/{rel}","templated":true}]}}