{"id":38911,"date":"2024-08-27T07:14:44","date_gmt":"2024-08-27T07:14:44","guid":{"rendered":"https:\/\/skan.com\/?page_id=38911"},"modified":"2024-08-27T07:41:25","modified_gmt":"2024-08-27T07:41:25","slug":"danke-fuer-ihre-anfrage-laborabzuege","status":"publish","type":"page","link":"https:\/\/skan.com\/de\/abzuege\/danke-fuer-ihre-anfrage-laborabzuege\/","title":{"rendered":"Danke f\u00fcr Ihre Anfrage Laborabz\u00fcge"},"content":{"rendered":"\t<!-- section hero-->\r\n\t<section id=\"section-hero-block_897c5aa3429bd06b0c06fec8a568cc4d\" class=\"section-hero full-height-screen viewport-section\" >\r\n\t\t\t\t<div class=\"container-fluid\">\r\n\t\t\t<div class=\"full-width-row full-height-holder df-row\">\r\n\t\t\t\t\t\t\t\t\t<div class=\"column-text col-lg-6\">\r\n\t\t\t\t\t\t<div class=\"banner-text text-lead text-secondary js-anim-delay-parent-500 js-anim-default-parent\">\r\n\t\t\t\t\t\t\t<h1>Danke<\/h1>\n<p>Wir haben Ihre Anfrage erhalten und werden uns so schnell wie m\u00f6glich bei Ihnen melden. Ihr Anliegen ist uns wichtig und wir freuen uns darauf, Sie zu unterst\u00fctzen.<\/p>\n\t\t\t\t\t\t\t\t\t\t\t\t\t\t<div class=\"scroll-down-block d-lg-block\">\r\n\t\t\t\t\t\t\t\t<a class=\"link-anchor link-anchor-down\" href=\"#anchor-block\">\r\n\t\t\t\t\t\t\t\t\tWeiter\t\t\t\t\t\t\t\t<\/a>\r\n\t\t\t\t\t\t\t<\/div>\r\n\t\t\t\t\t\t<\/div>\r\n\t\t\t\t\t<\/div>\r\n\t\t\t\t\t            \t\t\t\t\t<div class=\"column-image col-lg-6\">\r\n\t\t\t\t\t\t                                                    <div class=\"visual-box video-mod animImage\">\r\n                                <picture>\r\n                                                                            <source type=\"image\/jpeg\" srcset=\"https:\/\/skan.com\/wp-content\/uploads\/karriere-quadratisch-740x740x2-1.jpg 375w, https:\/\/skan.com\/wp-content\/uploads\/karriere-quadratisch-740x740x2-1.jpg 750w\" sizes=\"100vw\" media=\"(max-width: 767px)\"\/>\r\n                                                                        <source type=\"image\/jpeg\" srcset=\"https:\/\/skan.com\/wp-content\/uploads\/karriere-quadratisch-740x740x2-1.jpg 736w, https:\/\/skan.com\/wp-content\/uploads\/karriere-quadratisch-740x740x2-1.jpg 1472w\" sizes=\"(min-width: 768px) 50vw, 100vw\"\/>\r\n                                    <img loading=\"lazy\" decoding=\"async\" width=\"1480\" height=\"1480\" src=\"https:\/\/skan.com\/wp-content\/uploads\/karriere-quadratisch-740x740x2-1.jpg\" class=\"attachment-full size-full\" alt=\"Eine Gruppe von Menschen die sich zusammen in der SKAN Arena unterhalten.\" srcset=\"https:\/\/skan.com\/wp-content\/uploads\/karriere-quadratisch-740x740x2-1.jpg 1480w, https:\/\/skan.com\/wp-content\/uploads\/karriere-quadratisch-740x740x2-1-300x300.jpg 300w, https:\/\/skan.com\/wp-content\/uploads\/karriere-quadratisch-740x740x2-1-1024x1024.jpg 1024w, https:\/\/skan.com\/wp-content\/uploads\/karriere-quadratisch-740x740x2-1-150x150.jpg 150w, https:\/\/skan.com\/wp-content\/uploads\/karriere-quadratisch-740x740x2-1-768x768.jpg 768w, https:\/\/skan.com\/wp-content\/uploads\/karriere-quadratisch-740x740x2-1-50x50.jpg 50w\" sizes=\"auto, (max-width: 1480px) 100vw, 1480px\" \/>                                <\/picture>\r\n                                                            <\/div>\r\n                        \t\t\t\t\t<\/div>\r\n\t            \t\t\t<\/div>\r\n\t\t<\/div>\r\n\t<\/section>\r\n\t<div id=\"anchor-block\"><\/div>\r\n\n\n\t<!-- section-->\r\n\t<section id=\"section-technology-block_433bfd0eadacfcc3d077060eec2cb8f2\" class=\"section-main section-technology\">\r\n\t\t<div class=\"container-fluid\">\r\n\t\t\t\t\t\t\t<h2 class=\"title-section\">Kennen Sie schon unsere anderen Produkte?<\/h2>\r\n\t\t\t\t\t\t\t\t\t\t\t\t\t<div class=\"gallery-product-list slider-with-controls-mobile\">\r\n\t\t\t\t\t<div class=\"controls\">\r\n\t\t\t\t\t\t<!--.dots-->\r\n\t\t\t\t\t\t<div class=\"arrows\"><\/div>\r\n\t\t\t\t\t<\/div>\r\n\t\t\t\t\t<div class=\"list-slider-mobile js-anim-delay-parent viewport-section\">\r\n\t\t\t\t\t\t\t\t\t\t\t\t\t<div class=\"slide-holder\">\r\n\t\t\t\t\t\t\t\t<div class=\"card-product card-animated \">\r\n\t\t\t\t\t\t\t\t\t\t\t\t\t\t\t\t\t\t\t<div class=\"card-img\">\r\n\t\t\t\t\t\t\t\t\t\t\t<a href=\"https:\/\/skan.com\/de\/produkt\/laborprodukte\/persoenliche-schutzausruestung-psa-fuer-chemikalien-und-mikrobiologie\/\">\r\n\t\t\t\t\t\t\t\t\t\t\t\t<picture>\r\n\t\t\t\t\t\t\t\t\t\t\t\t\t<source type=\"image\/jpeg\" srcset=\"https:\/\/skan.com\/wp-content\/uploads\/Kittel.jpg 315w, https:\/\/skan.com\/wp-content\/uploads\/Kittel.jpg 630w\" sizes=\"84vw \" media=\"(max-width: 767px)\"\/>\r\n\t\t\t\t\t\t\t\t\t\t\t\t\t<source type=\"image\/jpeg\" srcset=\"https:\/\/skan.com\/wp-content\/uploads\/Kittel.jpg 448w, https:\/\/skan.com\/wp-content\/uploads\/Kittel.jpg 896w\" sizes=\"(min-width: 768px) 28vw, 100vw\"\/>\r\n\t\t\t\t\t\t\t\t\t\t\t\t\t<img loading=\"lazy\" decoding=\"async\" width=\"570\" height=\"816\" src=\"https:\/\/skan.com\/wp-content\/uploads\/Kittel.jpg\" class=\"attachment-full size-full\" alt=\"Frau steht in einem Labor mit einem gelben Kittel, einer Kopfhaube und einer Maske und arbeitet\" srcset=\"https:\/\/skan.com\/wp-content\/uploads\/Kittel.jpg 570w, https:\/\/skan.com\/wp-content\/uploads\/Kittel-210x300.jpg 210w\" sizes=\"auto, (max-width: 570px) 100vw, 570px\" \/>\t\t\t\t\t\t\t\t\t\t\t\t<\/picture>\r\n\t\t\t\t\t\t\t\t\t\t\t<\/a>\r\n\t\t\t\t\t\t\t\t\t\t<\/div>\r\n\t\t\t\t\t\t\t\t\t\t\t\t\t\t\t\t\t\t<div class=\"card-body-wrap\">\r\n\t\t\t\t\t\t\t\t\t\t<div class=\"card-body\">\r\n\t\t\t\t\t\t\t\t\t\t\t<h3 class=\"card-title\">\r\n\t\t\t\t\t\t\t\t\t\t\t\t<a href=\"https:\/\/skan.com\/de\/produkt\/laborprodukte\/persoenliche-schutzausruestung-psa-fuer-chemikalien-und-mikrobiologie\/\">Pers\u00f6nliche Schutzausr\u00fcstung (PSA) f\u00fcr Chemikalien und Mikrobiologie<\/a>\r\n\t\t\t\t\t\t\t\t\t\t\t<\/h3>\r\n\t\t\t\t\t\t\t\t\t\t\t\t\t\t\t\t\t\t\t\t\t\t\t<p>Der Komplettschutz f\u00fcr Anwender und Produkt<\/p>\r\n\t\t\t\t\t\t\t\t\t\t\t\t\t\t\t\t\t\t\t\t\t\t<div class=\"link-wrap\">\r\n\t\t\t\t\t\t\t\t\t\t\t\t<a class=\"link-arrowed\" href=\"https:\/\/skan.com\/de\/produkt\/laborprodukte\/persoenliche-schutzausruestung-psa-fuer-chemikalien-und-mikrobiologie\/\">Zur Detailseite<\/a>\r\n\t\t\t\t\t\t\t\t\t\t\t<\/div>\r\n\t\t\t\t\t\t\t\t\t\t<\/div>\r\n\t\t\t\t\t\t\t\t\t<\/div>\r\n\t\t\t\t\t\t\t\t<\/div>\r\n\t\t\t\t\t\t\t<\/div>\r\n\t\t\t\t\t\t\t\t\t\t\t\t\t<div class=\"slide-holder\">\r\n\t\t\t\t\t\t\t\t<div class=\"card-product card-animated \">\r\n\t\t\t\t\t\t\t\t\t\t\t\t\t\t\t\t\t\t\t<div class=\"card-img\">\r\n\t\t\t\t\t\t\t\t\t\t\t<a href=\"https:\/\/skan.com\/de\/produkt\/laborprodukte\/sicherheitswerkbank-claire-klasse-ii-23-filter\/\">\r\n\t\t\t\t\t\t\t\t\t\t\t\t<picture>\r\n\t\t\t\t\t\t\t\t\t\t\t\t\t<source type=\"image\/jpeg\" srcset=\"https:\/\/skan.com\/wp-content\/uploads\/neo-2-scaled.jpg 315w, https:\/\/skan.com\/wp-content\/uploads\/neo-2-scaled.jpg 630w\" sizes=\"84vw \" media=\"(max-width: 767px)\"\/>\r\n\t\t\t\t\t\t\t\t\t\t\t\t\t<source type=\"image\/jpeg\" srcset=\"https:\/\/skan.com\/wp-content\/uploads\/neo-2-scaled.jpg 448w, https:\/\/skan.com\/wp-content\/uploads\/neo-2-scaled.jpg 896w\" sizes=\"(min-width: 768px) 28vw, 100vw\"\/>\r\n\t\t\t\t\t\t\t\t\t\t\t\t\t<img loading=\"lazy\" decoding=\"async\" width=\"1882\" height=\"2560\" src=\"https:\/\/skan.com\/wp-content\/uploads\/neo-2-scaled.jpg\" class=\"attachment-full size-full\" alt=\"SKAN_claire_neo_Blatt_Nachhaltigkeit\" srcset=\"https:\/\/skan.com\/wp-content\/uploads\/neo-2-scaled.jpg 1882w, https:\/\/skan.com\/wp-content\/uploads\/neo-2-221x300.jpg 221w, https:\/\/skan.com\/wp-content\/uploads\/neo-2-753x1024.jpg 753w, https:\/\/skan.com\/wp-content\/uploads\/neo-2-768x1045.jpg 768w, https:\/\/skan.com\/wp-content\/uploads\/neo-2-1129x1536.jpg 1129w, https:\/\/skan.com\/wp-content\/uploads\/neo-2-1505x2048.jpg 1505w\" sizes=\"auto, (max-width: 1882px) 100vw, 1882px\" \/>\t\t\t\t\t\t\t\t\t\t\t\t<\/picture>\r\n\t\t\t\t\t\t\t\t\t\t\t<\/a>\r\n\t\t\t\t\t\t\t\t\t\t<\/div>\r\n\t\t\t\t\t\t\t\t\t\t\t\t\t\t\t\t\t\t<div class=\"card-body-wrap\">\r\n\t\t\t\t\t\t\t\t\t\t<div class=\"card-body\">\r\n\t\t\t\t\t\t\t\t\t\t\t<h3 class=\"card-title\">\r\n\t\t\t\t\t\t\t\t\t\t\t\t<a href=\"https:\/\/skan.com\/de\/produkt\/laborprodukte\/sicherheitswerkbank-claire-klasse-ii-23-filter\/\">Sicherheitswerkbank Klasse II claire\u00ae neo<\/a>\r\n\t\t\t\t\t\t\t\t\t\t\t<\/h3>\r\n\t\t\t\t\t\t\t\t\t\t\t\t\t\t\t\t\t\t\t\t\t\t\t<p>Technik die hilft, Extremes zu leisten<\/p>\r\n\t\t\t\t\t\t\t\t\t\t\t\t\t\t\t\t\t\t\t\t\t\t<div class=\"link-wrap\">\r\n\t\t\t\t\t\t\t\t\t\t\t\t<a class=\"link-arrowed\" href=\"https:\/\/skan.com\/de\/produkt\/laborprodukte\/sicherheitswerkbank-claire-klasse-ii-23-filter\/\">Zur Detailseite<\/a>\r\n\t\t\t\t\t\t\t\t\t\t\t<\/div>\r\n\t\t\t\t\t\t\t\t\t\t<\/div>\r\n\t\t\t\t\t\t\t\t\t<\/div>\r\n\t\t\t\t\t\t\t\t<\/div>\r\n\t\t\t\t\t\t\t<\/div>\r\n\t\t\t\t\t\t\t\t\t\t\t\t\t<div class=\"slide-holder\">\r\n\t\t\t\t\t\t\t\t<div class=\"card-product card-animated \">\r\n\t\t\t\t\t\t\t\t\t\t\t\t\t\t\t\t\t\t\t<div class=\"card-img\">\r\n\t\t\t\t\t\t\t\t\t\t\t<a href=\"https:\/\/skan.com\/de\/produkt\/laborprodukte\/tragbare-luftpartikelzaehler-met-one-3400\/\">\r\n\t\t\t\t\t\t\t\t\t\t\t\t<picture>\r\n\t\t\t\t\t\t\t\t\t\t\t\t\t<source type=\"image\/jpeg\" srcset=\"https:\/\/skan.com\/wp-content\/uploads\/particle-counting-air-met-one-3400-plus-hero_web.jpg 315w, https:\/\/skan.com\/wp-content\/uploads\/particle-counting-air-met-one-3400-plus-hero_web.jpg 630w\" sizes=\"84vw \" media=\"(max-width: 767px)\"\/>\r\n\t\t\t\t\t\t\t\t\t\t\t\t\t<source type=\"image\/jpeg\" srcset=\"https:\/\/skan.com\/wp-content\/uploads\/particle-counting-air-met-one-3400-plus-hero_web.jpg 448w, https:\/\/skan.com\/wp-content\/uploads\/particle-counting-air-met-one-3400-plus-hero_web.jpg 896w\" sizes=\"(min-width: 768px) 28vw, 100vw\"\/>\r\n\t\t\t\t\t\t\t\t\t\t\t\t\t<img loading=\"lazy\" decoding=\"async\" width=\"1472\" height=\"2000\" src=\"https:\/\/skan.com\/wp-content\/uploads\/particle-counting-air-met-one-3400-plus-hero_web.jpg\" class=\"attachment-full size-full\" alt=\"SKAN-Beckman-Coulter-particle-counting-air-met-one-3400-plus\" srcset=\"https:\/\/skan.com\/wp-content\/uploads\/particle-counting-air-met-one-3400-plus-hero_web.jpg 1472w, https:\/\/skan.com\/wp-content\/uploads\/particle-counting-air-met-one-3400-plus-hero_web-221x300.jpg 221w, https:\/\/skan.com\/wp-content\/uploads\/particle-counting-air-met-one-3400-plus-hero_web-754x1024.jpg 754w, https:\/\/skan.com\/wp-content\/uploads\/particle-counting-air-met-one-3400-plus-hero_web-768x1043.jpg 768w, https:\/\/skan.com\/wp-content\/uploads\/particle-counting-air-met-one-3400-plus-hero_web-1130x1536.jpg 1130w\" sizes=\"auto, (max-width: 1472px) 100vw, 1472px\" \/>\t\t\t\t\t\t\t\t\t\t\t\t<\/picture>\r\n\t\t\t\t\t\t\t\t\t\t\t<\/a>\r\n\t\t\t\t\t\t\t\t\t\t<\/div>\r\n\t\t\t\t\t\t\t\t\t\t\t\t\t\t\t\t\t\t<div class=\"card-body-wrap\">\r\n\t\t\t\t\t\t\t\t\t\t<div class=\"card-body\">\r\n\t\t\t\t\t\t\t\t\t\t\t<h3 class=\"card-title\">\r\n\t\t\t\t\t\t\t\t\t\t\t\t<a href=\"https:\/\/skan.com\/de\/produkt\/laborprodukte\/tragbare-luftpartikelzaehler-met-one-3400\/\">Tragbare Luftpartikelz\u00e4hler MET ONE 3400+<\/a>\r\n\t\t\t\t\t\t\t\t\t\t\t<\/h3>\r\n\t\t\t\t\t\t\t\t\t\t\t\t\t\t\t\t\t\t\t\t\t\t\t<p>Vereinfacht die routinem\u00e4ssige Reinraum\u00fcberwachung<\/p>\r\n\t\t\t\t\t\t\t\t\t\t\t\t\t\t\t\t\t\t\t\t\t\t<div class=\"link-wrap\">\r\n\t\t\t\t\t\t\t\t\t\t\t\t<a class=\"link-arrowed\" href=\"https:\/\/skan.com\/de\/produkt\/laborprodukte\/tragbare-luftpartikelzaehler-met-one-3400\/\">Zur Detailseite<\/a>\r\n\t\t\t\t\t\t\t\t\t\t\t<\/div>\r\n\t\t\t\t\t\t\t\t\t\t<\/div>\r\n\t\t\t\t\t\t\t\t\t<\/div>\r\n\t\t\t\t\t\t\t\t<\/div>\r\n\t\t\t\t\t\t\t<\/div>\r\n\t\t\t\t\t\t\t\t\t\t\t\t\t\t\t\t\t<\/div>\r\n\t\t\t\t<\/div>\r\n\t\t\t\t\t\t\t\t\t<\/div>\r\n\t<\/section>\r\n","protected":false},"excerpt":{"rendered":"","protected":false},"author":24,"featured_media":0,"parent":37131,"menu_order":0,"comment_status":"closed","ping_status":"closed","template":"","meta":{"_acf_changed":false,"inline_featured_image":false,"footnotes":""},"class_list":["post-38911","page","type-page","status-publish","hentry"],"acf":[],"yoast_head":"<!-- This site is optimized with the Yoast SEO plugin v26.9 - https:\/\/yoast.com\/product\/yoast-seo-wordpress\/ -->\n<title>Danke f\u00fcr Ihre Anfrage | SKAN Pure Solutions<\/title>\n<meta name=\"description\" content=\"Wir haben Ihre Anfrage erhalten und werden uns so schnell wie m\u00f6glich bei Ihnen melden. Wir freuen uns darauf, Sie zu unterst\u00fctzen.\" \/>\n<meta name=\"robots\" content=\"index, nofollow, max-snippet:-1, max-image-preview:large, max-video-preview:-1\" \/>\n<link rel=\"canonical\" href=\"https:\/\/skan.com\/de\/abzuege\/danke-fuer-ihre-anfrage-laborabzuege\/\" \/>\n<meta property=\"og:locale\" content=\"de_DE\" \/>\n<meta property=\"og:type\" content=\"article\" \/>\n<meta property=\"og:title\" content=\"Danke f\u00fcr Ihre Anfrage | SKAN Pure Solutions\" \/>\n<meta property=\"og:description\" content=\"Wir haben Ihre Anfrage erhalten und werden uns so schnell wie m\u00f6glich bei Ihnen melden. Wir freuen uns darauf, Sie zu unterst\u00fctzen.\" \/>\n<meta property=\"og:url\" content=\"https:\/\/skan.com\/de\/abzuege\/danke-fuer-ihre-anfrage-laborabzuege\/\" \/>\n<meta property=\"og:site_name\" content=\"SKAN\" \/>\n<meta property=\"article:modified_time\" content=\"2024-08-27T07:41:25+00:00\" \/>\n<meta name=\"twitter:card\" content=\"summary_large_image\" \/>\n<script type=\"application\/ld+json\" class=\"yoast-schema-graph\">{\"@context\":\"https:\/\/schema.org\",\"@graph\":[{\"@type\":\"WebPage\",\"@id\":\"https:\/\/skan.com\/de\/abzuege\/danke-fuer-ihre-anfrage-laborabzuege\/\",\"url\":\"https:\/\/skan.com\/de\/abzuege\/danke-fuer-ihre-anfrage-laborabzuege\/\",\"name\":\"Danke f\u00fcr Ihre Anfrage | SKAN Pure Solutions\",\"isPartOf\":{\"@id\":\"https:\/\/skan.com\/de\/#website\"},\"datePublished\":\"2024-08-27T07:14:44+00:00\",\"dateModified\":\"2024-08-27T07:41:25+00:00\",\"description\":\"Wir haben Ihre Anfrage erhalten und werden uns so schnell wie m\u00f6glich bei Ihnen melden. Wir freuen uns darauf, Sie zu unterst\u00fctzen.\",\"breadcrumb\":{\"@id\":\"https:\/\/skan.com\/de\/abzuege\/danke-fuer-ihre-anfrage-laborabzuege\/#breadcrumb\"},\"inLanguage\":\"de\",\"potentialAction\":[{\"@type\":\"ReadAction\",\"target\":[\"https:\/\/skan.com\/de\/abzuege\/danke-fuer-ihre-anfrage-laborabzuege\/\"]}]},{\"@type\":\"BreadcrumbList\",\"@id\":\"https:\/\/skan.com\/de\/abzuege\/danke-fuer-ihre-anfrage-laborabzuege\/#breadcrumb\",\"itemListElement\":[{\"@type\":\"ListItem\",\"position\":1,\"name\":\"Home\",\"item\":\"https:\/\/skan.com\/de\/\"},{\"@type\":\"ListItem\",\"position\":2,\"name\":\"Abz\u00fcge\",\"item\":\"https:\/\/skan.com\/de\/produkt\/laborprodukte\/laborabzuege\/\"},{\"@type\":\"ListItem\",\"position\":3,\"name\":\"Danke f\u00fcr Ihre Anfrage Laborabz\u00fcge\"}]},{\"@type\":\"WebSite\",\"@id\":\"https:\/\/skan.com\/de\/#website\",\"url\":\"https:\/\/skan.com\/de\/\",\"name\":\"SKAN\",\"description\":\"Ihr Partner f\u00fcr Forschungslaboratorien\",\"potentialAction\":[{\"@type\":\"SearchAction\",\"target\":{\"@type\":\"EntryPoint\",\"urlTemplate\":\"https:\/\/skan.com\/de\/?s={search_term_string}\"},\"query-input\":{\"@type\":\"PropertyValueSpecification\",\"valueRequired\":true,\"valueName\":\"search_term_string\"}}],\"inLanguage\":\"de\"}]}<\/script>\n<!-- \/ Yoast SEO plugin. -->","yoast_head_json":{"title":"Danke f\u00fcr Ihre Anfrage | SKAN Pure Solutions","description":"Wir haben Ihre Anfrage erhalten und werden uns so schnell wie m\u00f6glich bei Ihnen melden. Wir freuen uns darauf, Sie zu unterst\u00fctzen.","robots":{"index":"index","follow":"nofollow","max-snippet":"max-snippet:-1","max-image-preview":"max-image-preview:large","max-video-preview":"max-video-preview:-1"},"canonical":"https:\/\/skan.com\/de\/abzuege\/danke-fuer-ihre-anfrage-laborabzuege\/","og_locale":"de_DE","og_type":"article","og_title":"Danke f\u00fcr Ihre Anfrage | SKAN Pure Solutions","og_description":"Wir haben Ihre Anfrage erhalten und werden uns so schnell wie m\u00f6glich bei Ihnen melden. Wir freuen uns darauf, Sie zu unterst\u00fctzen.","og_url":"https:\/\/skan.com\/de\/abzuege\/danke-fuer-ihre-anfrage-laborabzuege\/","og_site_name":"SKAN","article_modified_time":"2024-08-27T07:41:25+00:00","twitter_card":"summary_large_image","schema":{"@context":"https:\/\/schema.org","@graph":[{"@type":"WebPage","@id":"https:\/\/skan.com\/de\/abzuege\/danke-fuer-ihre-anfrage-laborabzuege\/","url":"https:\/\/skan.com\/de\/abzuege\/danke-fuer-ihre-anfrage-laborabzuege\/","name":"Danke f\u00fcr Ihre Anfrage | SKAN Pure Solutions","isPartOf":{"@id":"https:\/\/skan.com\/de\/#website"},"datePublished":"2024-08-27T07:14:44+00:00","dateModified":"2024-08-27T07:41:25+00:00","description":"Wir haben Ihre Anfrage erhalten und werden uns so schnell wie m\u00f6glich bei Ihnen melden. Wir freuen uns darauf, Sie zu unterst\u00fctzen.","breadcrumb":{"@id":"https:\/\/skan.com\/de\/abzuege\/danke-fuer-ihre-anfrage-laborabzuege\/#breadcrumb"},"inLanguage":"de","potentialAction":[{"@type":"ReadAction","target":["https:\/\/skan.com\/de\/abzuege\/danke-fuer-ihre-anfrage-laborabzuege\/"]}]},{"@type":"BreadcrumbList","@id":"https:\/\/skan.com\/de\/abzuege\/danke-fuer-ihre-anfrage-laborabzuege\/#breadcrumb","itemListElement":[{"@type":"ListItem","position":1,"name":"Home","item":"https:\/\/skan.com\/de\/"},{"@type":"ListItem","position":2,"name":"Abz\u00fcge","item":"https:\/\/skan.com\/de\/produkt\/laborprodukte\/laborabzuege\/"},{"@type":"ListItem","position":3,"name":"Danke f\u00fcr Ihre Anfrage Laborabz\u00fcge"}]},{"@type":"WebSite","@id":"https:\/\/skan.com\/de\/#website","url":"https:\/\/skan.com\/de\/","name":"SKAN","description":"Ihr Partner f\u00fcr Forschungslaboratorien","potentialAction":[{"@type":"SearchAction","target":{"@type":"EntryPoint","urlTemplate":"https:\/\/skan.com\/de\/?s={search_term_string}"},"query-input":{"@type":"PropertyValueSpecification","valueRequired":true,"valueName":"search_term_string"}}],"inLanguage":"de"}]}},"_links":{"self":[{"href":"https:\/\/skan.com\/de\/wp-json\/wp\/v2\/pages\/38911","targetHints":{"allow":["GET"]}}],"collection":[{"href":"https:\/\/skan.com\/de\/wp-json\/wp\/v2\/pages"}],"about":[{"href":"https:\/\/skan.com\/de\/wp-json\/wp\/v2\/types\/page"}],"author":[{"embeddable":true,"href":"https:\/\/skan.com\/de\/wp-json\/wp\/v2\/users\/24"}],"replies":[{"embeddable":true,"href":"https:\/\/skan.com\/de\/wp-json\/wp\/v2\/comments?post=38911"}],"version-history":[{"count":3,"href":"https:\/\/skan.com\/de\/wp-json\/wp\/v2\/pages\/38911\/revisions"}],"predecessor-version":[{"id":38916,"href":"https:\/\/skan.com\/de\/wp-json\/wp\/v2\/pages\/38911\/revisions\/38916"}],"up":[{"embeddable":true,"href":"https:\/\/skan.com\/de\/wp-json\/wp\/v2\/pages\/37131"}],"wp:attachment":[{"href":"https:\/\/skan.com\/de\/wp-json\/wp\/v2\/media?parent=38911"}],"curies":[{"name":"wp","href":"https:\/\/api.w.org\/{rel}","templated":true}]}}