{"id":38866,"date":"2024-08-19T12:25:03","date_gmt":"2024-08-19T12:25:03","guid":{"rendered":"https:\/\/skan.com\/?page_id=38866"},"modified":"2024-08-19T12:26:49","modified_gmt":"2024-08-19T12:26:49","slug":"newsletter-abmeldung","status":"publish","type":"page","link":"https:\/\/skan.com\/de\/newsletter\/abmeldung\/","title":{"rendered":"Newsletter: Abmelden"},"content":{"rendered":"\t<!-- section hero-->\r\n\t<section id=\"section-hero-block_09e36a42234690b334989b4ca022ecf0\" class=\"section-hero full-height-screen viewport-section\" >\r\n\t\t\t\t<div class=\"container-fluid\">\r\n\t\t\t<div class=\"full-width-row full-height-holder df-row\">\r\n\t\t\t\t\t\t\t\t\t<div class=\"column-text col-lg-6\">\r\n\t\t\t\t\t\t<div class=\"banner-text text-lead text-secondary js-anim-delay-parent-500 js-anim-default-parent\">\r\n\t\t\t\t\t\t\t<h1>Sie sind jetzt abgemeldet<\/h1>\n<p>Ihre E-Mail-Adresse wurde erfolgreich von unserer Newsletter-Liste entfernt. Es tut uns leid, Sie gehen zu sehen, aber wir respektieren Ihre Entscheidung.<br \/>\nSollten Sie es sich anders \u00fcberlegen, k\u00f6nnen Sie sich gerne wieder f\u00fcr Brancheneinblicke und Gesch\u00e4ftsinformationen anmelden!<br \/>\nVielen Dank f\u00fcr Ihre Zeit<\/p>\n\t\t\t\t\t\t\t\t\t\t\t\t\t\t<div class=\"scroll-down-block d-lg-block\">\r\n\t\t\t\t\t\t\t\t<a class=\"link-anchor link-anchor-down\" href=\"#anchor-block\">\r\n\t\t\t\t\t\t\t\t\tWeiter\t\t\t\t\t\t\t\t<\/a>\r\n\t\t\t\t\t\t\t<\/div>\r\n\t\t\t\t\t\t<\/div>\r\n\t\t\t\t\t<\/div>\r\n\t\t\t\t\t            \t\t\t\t\t<div class=\"column-image col-lg-6\">\r\n\t\t\t\t\t\t                                                            <div class=\"visual-box animImage\">\r\n                                                            <picture>\r\n                                                                            <source type=\"image\/jpeg\" srcset=\"https:\/\/skan.com\/wp-content\/uploads\/Platzhalter-hero-bild-skan-website.png 375w, https:\/\/skan.com\/wp-content\/uploads\/Platzhalter-hero-bild-skan-website.png 750w\" sizes=\"100vw\" media=\"(max-width: 767px)\"\/>\r\n                                                                        <source type=\"image\/jpeg\" srcset=\"https:\/\/skan.com\/wp-content\/uploads\/Platzhalter-hero-bild-skan-website.png 736w, https:\/\/skan.com\/wp-content\/uploads\/Platzhalter-hero-bild-skan-website.png 1472w\" sizes=\"(min-width: 768px) 50vw, 100vw\"\/>\r\n                                    <img loading=\"lazy\" decoding=\"async\" width=\"1472\" height=\"2000\" src=\"https:\/\/skan.com\/wp-content\/uploads\/Platzhalter-hero-bild-skan-website.png\" class=\"attachment-full size-full\" alt=\"\" srcset=\"https:\/\/skan.com\/wp-content\/uploads\/Platzhalter-hero-bild-skan-website.png 1472w, https:\/\/skan.com\/wp-content\/uploads\/Platzhalter-hero-bild-skan-website-221x300.png 221w, https:\/\/skan.com\/wp-content\/uploads\/Platzhalter-hero-bild-skan-website-754x1024.png 754w, https:\/\/skan.com\/wp-content\/uploads\/Platzhalter-hero-bild-skan-website-768x1043.png 768w, https:\/\/skan.com\/wp-content\/uploads\/Platzhalter-hero-bild-skan-website-1130x1536.png 1130w\" sizes=\"auto, (max-width: 1472px) 100vw, 1472px\" \/>                                <\/picture>\r\n                            <\/div>\t\t\t\t\t\t                        \t\t\t\t\t<\/div>\r\n\t            \t\t\t<\/div>\r\n\t\t<\/div>\r\n\t<\/section>\r\n\t<div id=\"anchor-block\"><\/div>\r\n","protected":false},"excerpt":{"rendered":"","protected":false},"author":3,"featured_media":0,"parent":0,"menu_order":0,"comment_status":"closed","ping_status":"closed","template":"","meta":{"_acf_changed":false,"inline_featured_image":false,"footnotes":""},"class_list":["post-38866","page","type-page","status-publish","hentry"],"acf":[],"yoast_head":"<!-- This site is optimized with the Yoast SEO plugin v26.9 - https:\/\/yoast.com\/product\/yoast-seo-wordpress\/ -->\n<title>Newsletter: Abmelden - SKAN<\/title>\n<meta name=\"robots\" content=\"noindex, nofollow\" \/>\n<meta property=\"og:locale\" content=\"de_DE\" \/>\n<meta property=\"og:type\" content=\"article\" \/>\n<meta property=\"og:title\" content=\"Newsletter: Abmelden - SKAN\" \/>\n<meta property=\"og:url\" content=\"https:\/\/skan.com\/de\/newsletter\/abmeldung\/\" \/>\n<meta property=\"og:site_name\" content=\"SKAN\" \/>\n<meta property=\"article:modified_time\" content=\"2024-08-19T12:26:49+00:00\" \/>\n<meta name=\"twitter:card\" content=\"summary_large_image\" \/>\n<script type=\"application\/ld+json\" class=\"yoast-schema-graph\">{\"@context\":\"https:\/\/schema.org\",\"@graph\":[{\"@type\":\"WebPage\",\"@id\":\"https:\/\/skan.com\/de\/newsletter\/abmeldung\/\",\"url\":\"https:\/\/skan.com\/de\/newsletter\/abmeldung\/\",\"name\":\"Newsletter: Abmelden - SKAN\",\"isPartOf\":{\"@id\":\"https:\/\/skan.com\/de\/#website\"},\"datePublished\":\"2024-08-19T12:25:03+00:00\",\"dateModified\":\"2024-08-19T12:26:49+00:00\",\"breadcrumb\":{\"@id\":\"https:\/\/skan.com\/de\/newsletter\/abmeldung\/#breadcrumb\"},\"inLanguage\":\"de\",\"potentialAction\":[{\"@type\":\"ReadAction\",\"target\":[\"https:\/\/skan.com\/de\/newsletter\/abmeldung\/\"]}]},{\"@type\":\"BreadcrumbList\",\"@id\":\"https:\/\/skan.com\/de\/newsletter\/abmeldung\/#breadcrumb\",\"itemListElement\":[{\"@type\":\"ListItem\",\"position\":1,\"name\":\"Home\",\"item\":\"https:\/\/skan.com\/de\/\"},{\"@type\":\"ListItem\",\"position\":2,\"name\":\"Newsletter: Abmelden\"}]},{\"@type\":\"WebSite\",\"@id\":\"https:\/\/skan.com\/de\/#website\",\"url\":\"https:\/\/skan.com\/de\/\",\"name\":\"SKAN\",\"description\":\"Ihr Partner f\u00fcr Forschungslaboratorien\",\"potentialAction\":[{\"@type\":\"SearchAction\",\"target\":{\"@type\":\"EntryPoint\",\"urlTemplate\":\"https:\/\/skan.com\/de\/?s={search_term_string}\"},\"query-input\":{\"@type\":\"PropertyValueSpecification\",\"valueRequired\":true,\"valueName\":\"search_term_string\"}}],\"inLanguage\":\"de\"}]}<\/script>\n<!-- \/ Yoast SEO plugin. -->","yoast_head_json":{"title":"Newsletter: Abmelden - SKAN","robots":{"index":"noindex","follow":"nofollow"},"og_locale":"de_DE","og_type":"article","og_title":"Newsletter: Abmelden - SKAN","og_url":"https:\/\/skan.com\/de\/newsletter\/abmeldung\/","og_site_name":"SKAN","article_modified_time":"2024-08-19T12:26:49+00:00","twitter_card":"summary_large_image","schema":{"@context":"https:\/\/schema.org","@graph":[{"@type":"WebPage","@id":"https:\/\/skan.com\/de\/newsletter\/abmeldung\/","url":"https:\/\/skan.com\/de\/newsletter\/abmeldung\/","name":"Newsletter: Abmelden - SKAN","isPartOf":{"@id":"https:\/\/skan.com\/de\/#website"},"datePublished":"2024-08-19T12:25:03+00:00","dateModified":"2024-08-19T12:26:49+00:00","breadcrumb":{"@id":"https:\/\/skan.com\/de\/newsletter\/abmeldung\/#breadcrumb"},"inLanguage":"de","potentialAction":[{"@type":"ReadAction","target":["https:\/\/skan.com\/de\/newsletter\/abmeldung\/"]}]},{"@type":"BreadcrumbList","@id":"https:\/\/skan.com\/de\/newsletter\/abmeldung\/#breadcrumb","itemListElement":[{"@type":"ListItem","position":1,"name":"Home","item":"https:\/\/skan.com\/de\/"},{"@type":"ListItem","position":2,"name":"Newsletter: Abmelden"}]},{"@type":"WebSite","@id":"https:\/\/skan.com\/de\/#website","url":"https:\/\/skan.com\/de\/","name":"SKAN","description":"Ihr Partner f\u00fcr Forschungslaboratorien","potentialAction":[{"@type":"SearchAction","target":{"@type":"EntryPoint","urlTemplate":"https:\/\/skan.com\/de\/?s={search_term_string}"},"query-input":{"@type":"PropertyValueSpecification","valueRequired":true,"valueName":"search_term_string"}}],"inLanguage":"de"}]}},"_links":{"self":[{"href":"https:\/\/skan.com\/de\/wp-json\/wp\/v2\/pages\/38866","targetHints":{"allow":["GET"]}}],"collection":[{"href":"https:\/\/skan.com\/de\/wp-json\/wp\/v2\/pages"}],"about":[{"href":"https:\/\/skan.com\/de\/wp-json\/wp\/v2\/types\/page"}],"author":[{"embeddable":true,"href":"https:\/\/skan.com\/de\/wp-json\/wp\/v2\/users\/3"}],"replies":[{"embeddable":true,"href":"https:\/\/skan.com\/de\/wp-json\/wp\/v2\/comments?post=38866"}],"version-history":[{"count":3,"href":"https:\/\/skan.com\/de\/wp-json\/wp\/v2\/pages\/38866\/revisions"}],"predecessor-version":[{"id":38870,"href":"https:\/\/skan.com\/de\/wp-json\/wp\/v2\/pages\/38866\/revisions\/38870"}],"wp:attachment":[{"href":"https:\/\/skan.com\/de\/wp-json\/wp\/v2\/media?parent=38866"}],"curies":[{"name":"wp","href":"https:\/\/api.w.org\/{rel}","templated":true}]}}