{"id":36033,"date":"2024-04-10T07:53:03","date_gmt":"2024-04-10T07:53:03","guid":{"rendered":"https:\/\/skan.com\/?page_id=36033"},"modified":"2024-06-03T10:01:56","modified_gmt":"2024-06-03T10:01:56","slug":"standort-brasilien","status":"publish","type":"page","link":"https:\/\/skan.com\/de\/unternehmen\/standorte\/standort-brasilien\/","title":{"rendered":"Standort Brasilien"},"content":{"rendered":"\t<!-- section hero-->\r\n\t<section id=\"section-hero-block_f1f059c4935fcc22a31d1623566b4a2d\" class=\"section-hero full-height-screen viewport-section\" >\r\n\t\t\t\t<div class=\"container-fluid\">\r\n\t\t\t<div class=\"full-width-row full-height-holder df-row\">\r\n\t\t\t\t\t\t\t\t\t<div class=\"column-text col-lg-6\">\r\n\t\t\t\t\t\t<div class=\"banner-text text-lead text-secondary js-anim-delay-parent-500 js-anim-default-parent\">\r\n\t\t\t\t\t\t\t<h1>SKAN do Brasil<\/h1>\n\t\t\t\t\t\t\t\t\t\t\t\t\t\t<div class=\"scroll-down-block d-lg-block\">\r\n\t\t\t\t\t\t\t\t<a class=\"link-anchor link-anchor-down\" href=\"#anchor-block\">\r\n\t\t\t\t\t\t\t\t\tWeiter\t\t\t\t\t\t\t\t<\/a>\r\n\t\t\t\t\t\t\t<\/div>\r\n\t\t\t\t\t\t<\/div>\r\n\t\t\t\t\t<\/div>\r\n\t\t\t\t\t            \t\t\t\t\t<div class=\"column-image col-lg-6\">\r\n\t\t\t\t\t\t                                                    <div class=\"visual-box video-mod animImage\">\r\n                                <picture>\r\n                                                                            <source type=\"image\/jpeg\" srcset=\"https:\/\/skan.com\/wp-content\/uploads\/Brasil_SaoPaulo_c.jpg 375w, https:\/\/skan.com\/wp-content\/uploads\/Brasil_SaoPaulo_c.jpg 750w\" sizes=\"100vw\" media=\"(max-width: 767px)\"\/>\r\n                                                                        <source type=\"image\/jpeg\" srcset=\"https:\/\/skan.com\/wp-content\/uploads\/Brasil_SaoPaulo_c.jpg 736w, https:\/\/skan.com\/wp-content\/uploads\/Brasil_SaoPaulo_c.jpg 1472w\" sizes=\"(min-width: 768px) 50vw, 100vw\"\/>\r\n                                    <img loading=\"lazy\" decoding=\"async\" width=\"1472\" height=\"2000\" src=\"https:\/\/skan.com\/wp-content\/uploads\/Brasil_SaoPaulo_c.jpg\" class=\"attachment-full size-full\" alt=\"Brasilien-Flagge und im Hintergrund eine Stadt.\" srcset=\"https:\/\/skan.com\/wp-content\/uploads\/Brasil_SaoPaulo_c.jpg 1472w, https:\/\/skan.com\/wp-content\/uploads\/Brasil_SaoPaulo_c-221x300.jpg 221w, https:\/\/skan.com\/wp-content\/uploads\/Brasil_SaoPaulo_c-754x1024.jpg 754w, https:\/\/skan.com\/wp-content\/uploads\/Brasil_SaoPaulo_c-768x1043.jpg 768w, https:\/\/skan.com\/wp-content\/uploads\/Brasil_SaoPaulo_c-1130x1536.jpg 1130w\" sizes=\"auto, (max-width: 1472px) 100vw, 1472px\" \/>                                <\/picture>\r\n                                                            <\/div>\r\n                        \t\t\t\t\t<\/div>\r\n\t            \t\t\t<\/div>\r\n\t\t<\/div>\r\n\t<\/section>\r\n\t<div id=\"anchor-block\"><\/div>\r\n\n\n\t<section id=\"section-content-block_51973a0569c4cad952f3a5dbdf151202\" class=\"section-content info-section-2-columns\">\r\n\t\t<div class=\"container-fluid\">\r\n\t\t\t<div class=\"two-blocks-content\">\r\n\t\t\t\t\t\t\t\t\t<div class=\"article-wrap\">\r\n\t\t\t\t\t\t\t\t\t\t\t\t                            <aside class=\"mobile-mod\">\r\n                                <div class=\"widget\">\r\n                                    <div class=\"contact-block\">\r\n\t\t\t\t\t\t\t\t\t\t\t\t\t\t\t\t\t\t\t\t                                            <h3>SKAN do Brasil<\/h3>\r\n\t\t\t\t\t\t\t\t\t\t\t\t\t\t\t\t\t\t\t\t                                            <div class=\"contact-block-holder\">\r\n\t\t\t\t\t\t\t\t\t\t\t\t                                                    <address>Green Valley Alphaville<br> Av. Andromeda, 885 &#8211; 28th Floor, Office 2823<br> Barueri<br> CEP: 06473-000<br> S\u00e3o Paulo &#8211; SP \u2013 Brazil<\/address>\r\n\t\t\t\t\t\t\t\t\t\t\t\t\t\t\t\t\t\t\t\t\t\t\t\t                                                    <dl>\r\n\t\t\t\t\t\t\t\t\t\t\t\t\t\t                                                            <dt>Tel<\/dt>\r\n                                                            <dd><a href=\"tel:551141919493\">+55 11 4191 9493<\/a><\/dd>\r\n\t\t\t\t\t\t\t\t\t\t\t\t\t\t\t\t\t\t\t\t\t\t\t\t\t\t\t\t\t\t\t\t\t\t\t\t\t\t\t\t\t\t                                                            <dt>Mail<\/dt>\r\n                                                            <dd><a href=\"mailto:&#83;k&#97;nD&#111;B&#114;asi&#108;&#64;ska&#110;.&#99;&#111;&#109;\">Ska&#110;&#68;&#111;&#66;r&#97;&#115;il&#64;&#115;k&#97;n&#46;co&#109;<\/a><\/dd>\r\n\t\t\t\t\t\t\t\t\t\t\t\t\t\t                                                    <\/dl>\r\n\t\t\t\t\t\t\t\t\t\t\t\t                                            <\/div>\r\n\t\t\t\t\t\t\t\t\t\t\t\t\t\t\t\t\t\t\t\t                                    <\/div>\r\n                                <\/div>\r\n                            <\/aside>\r\n\t\t\t\t\t\t\t\t\t\t\t\t\t\t\t\t\t\t\t<div class=\"block\">\r\n\t\t\t\t\t\t\t\t<p>Am 05. Februar 2024 wurde SKAN do Brasil, die erste brasilianische Tochtergesellschaft in S\u00e3o Paulo gegr\u00fcndet. Von dort aus werden der direkte Vertrieb, die Qualifizierung und der After-Sales-Support f\u00fcr SKAN Isolatorsysteme in Brasilien sichergestellt.<\/p>\n\t\t\t\t\t\t\t<\/div>\r\n\t\t\t\t\t\t\t\t\t\t\t\t\t\t\t\t\t\t\t\t\t\t\t\t\t\t\t\t\t<\/div>\r\n\t\t\t\t\t\t\t\t\t\t\t\t\t<aside class=\"desktop-mod\">\r\n\t\t\t\t\t\t<div class=\"widget\">\r\n\t\t\t\t\t\t\t<div class=\"contact-block\">\r\n\t\t\t\t\t\t\t\t\t\t\t\t\t\t\t\t\t\t\t\t\t\t\t\t\t<h3>SKAN do Brasil<\/h3>\r\n\t\t\t\t\t\t\t\t\t\t\t\t\t\t\t\t\t\t\t\t\t\t\t\t\t<div class=\"contact-block-holder\">\r\n\t\t\t\t\t\t\t\t\t\t\t\t\t\t\t\t\t\t\t\t\t<address>Green Valley Alphaville<br> Av. Andromeda, 885 &#8211; 28th Floor, Office 2823<br> Barueri<br> CEP: 06473-000<br> S\u00e3o Paulo &#8211; SP \u2013 Brazil<\/address>\r\n\t\t\t\t\t\t\t\t\t\t\t\t\t\t\t\t\t\t\t\t\t\t\t\t\t\t\t\t\t\t\t<dl>\r\n\t\t\t\t\t\t\t\t\t\t\t\t\t\t\t\t\t\t\t\t\t\t\t\t\t<dt>Tel<\/dt>\r\n\t\t\t\t\t\t\t\t\t\t\t\t\t<dd><a href=\"tel:551141919493\">+55 11 4191 9493<\/a><\/dd>\r\n\t\t\t\t\t\t\t\t\t\t\t\t\t\t\t\t\t\t\t\t\t\t\t\t\t\t\t\t\t\t\t\t\t\t\t\t\t\t\t\t\t\t\t\t\t\t\t\t\t<dt>Mail<\/dt>\r\n\t\t\t\t\t\t\t\t\t\t\t\t\t<dd><a href=\"mailto:Sk&#97;&#110;DoBr&#97;s&#105;&#108;&#64;&#115;kan&#46;co&#109;\">&#83;&#107;&#97;nDoBr&#97;&#115;&#105;l&#64;&#115;&#107;&#97;&#110;.com<\/a><\/dd>\r\n\t\t\t\t\t\t\t\t\t\t\t\t\t\t\t\t\t\t\t\t\t\t\t<\/dl>\r\n\t\t\t\t\t\t\t\t\t\t\t\t\t\t\t\t\t\t\t<\/div>\r\n\t\t\t\t\t\t\t\t\t\t\t\t\t\t\t\t\t\t\t\t\t\t\t<\/div>\r\n\t\t\t\t\t\t<\/div>\r\n\t\t\t\t\t<\/aside>\r\n\t\t\t\t\t\t\t<\/div>\r\n\t\t<\/div>\r\n\t<\/section>\r\n\n\n<!-- divider line-->\r\n<hr class=\"divider\"\/>\r\n\n\n\t<section class=\"text-section \">\r\n\t\t<div id=\"text-sectionblock_df80c1c7312253139f21c6fdd03709cc\" class=\"section-main twocolumns-section\">\r\n\t\t\t<div class=\"container-fluid\">\r\n\t\t\t\t\t\t\t\t\t<h1>Offene Stellen<\/h1>\r\n\t\t\t\t\t\t\t\t<div class=\"column-text\">\r\n\t\t\t\t\t<p>Hier gelangen Sie zu den <a href=\"https:\/\/jobs.skan.com\/search\/?createNewAlert=false&amp;q=sao+paulo&amp;optionsFacetsDD_dept=&amp;optionsFacetsDD_city=&amp;_ga=2.83877918.904272929.1717400362-2013996437.1713353059\" target=\"_blank\" rel=\"noopener\">offenen Stellen in S\u00e3o Paulo<\/a>.<\/p>\n\t\t\t\t<\/div>\r\n\t\t\t<\/div>\r\n\t\t<\/div>\r\n\t<\/section>\r\n","protected":false},"excerpt":{"rendered":"","protected":false},"author":17,"featured_media":0,"parent":12406,"menu_order":0,"comment_status":"closed","ping_status":"closed","template":"","meta":{"_acf_changed":false,"inline_featured_image":false,"footnotes":""},"class_list":["post-36033","page","type-page","status-publish","hentry"],"acf":[],"yoast_head":"<!-- This site is optimized with the Yoast SEO plugin v26.9 - https:\/\/yoast.com\/product\/yoast-seo-wordpress\/ -->\n<title>SKAN do Brasil \u2013 SKAN er\u00f6ffnet Tochterunternehmen in S\u00e3o Paulo<\/title>\n<meta name=\"description\" content=\"SKAN do Brasil, sichert den direkten Vertrieb, Service und Kundensupport f\u00fcr SKAN Isolatorsysteme in Brasilien.\" \/>\n<meta name=\"robots\" content=\"index, follow, max-snippet:-1, max-image-preview:large, max-video-preview:-1\" \/>\n<link rel=\"canonical\" href=\"https:\/\/skan.com\/de\/unternehmen\/standorte\/standort-brasilien\/\" \/>\n<meta property=\"og:locale\" content=\"de_DE\" \/>\n<meta property=\"og:type\" content=\"article\" \/>\n<meta property=\"og:title\" content=\"SKAN do Brasil \u2013 SKAN er\u00f6ffnet Tochterunternehmen in S\u00e3o Paulo\" \/>\n<meta property=\"og:description\" content=\"SKAN do Brasil, sichert den direkten Vertrieb, Service und Kundensupport f\u00fcr SKAN Isolatorsysteme in Brasilien.\" \/>\n<meta property=\"og:url\" content=\"https:\/\/skan.com\/de\/unternehmen\/standorte\/standort-brasilien\/\" \/>\n<meta property=\"og:site_name\" content=\"SKAN\" \/>\n<meta property=\"article:modified_time\" content=\"2024-06-03T10:01:56+00:00\" \/>\n<meta name=\"twitter:card\" content=\"summary_large_image\" \/>\n<script type=\"application\/ld+json\" class=\"yoast-schema-graph\">{\"@context\":\"https:\/\/schema.org\",\"@graph\":[{\"@type\":\"WebPage\",\"@id\":\"https:\/\/skan.com\/de\/unternehmen\/standorte\/standort-brasilien\/\",\"url\":\"https:\/\/skan.com\/de\/unternehmen\/standorte\/standort-brasilien\/\",\"name\":\"SKAN do Brasil \u2013 SKAN er\u00f6ffnet Tochterunternehmen in S\u00e3o Paulo\",\"isPartOf\":{\"@id\":\"https:\/\/skan.com\/de\/#website\"},\"datePublished\":\"2024-04-10T07:53:03+00:00\",\"dateModified\":\"2024-06-03T10:01:56+00:00\",\"description\":\"SKAN do Brasil, sichert den direkten Vertrieb, Service und Kundensupport f\u00fcr SKAN Isolatorsysteme in Brasilien.\",\"breadcrumb\":{\"@id\":\"https:\/\/skan.com\/de\/unternehmen\/standorte\/standort-brasilien\/#breadcrumb\"},\"inLanguage\":\"de\",\"potentialAction\":[{\"@type\":\"ReadAction\",\"target\":[\"https:\/\/skan.com\/de\/unternehmen\/standorte\/standort-brasilien\/\"]}]},{\"@type\":\"BreadcrumbList\",\"@id\":\"https:\/\/skan.com\/de\/unternehmen\/standorte\/standort-brasilien\/#breadcrumb\",\"itemListElement\":[{\"@type\":\"ListItem\",\"position\":1,\"name\":\"Home\",\"item\":\"https:\/\/skan.com\/de\/\"},{\"@type\":\"ListItem\",\"position\":2,\"name\":\"Unternehmen\",\"item\":\"https:\/\/skan.com\/de\/unternehmen\/\"},{\"@type\":\"ListItem\",\"position\":3,\"name\":\"Standorte\",\"item\":\"https:\/\/skan.com\/de\/unternehmen\/standorte\/\"},{\"@type\":\"ListItem\",\"position\":4,\"name\":\"Standort Brasilien\"}]},{\"@type\":\"WebSite\",\"@id\":\"https:\/\/skan.com\/de\/#website\",\"url\":\"https:\/\/skan.com\/de\/\",\"name\":\"SKAN\",\"description\":\"Ihr Partner f\u00fcr Forschungslaboratorien\",\"potentialAction\":[{\"@type\":\"SearchAction\",\"target\":{\"@type\":\"EntryPoint\",\"urlTemplate\":\"https:\/\/skan.com\/de\/?s={search_term_string}\"},\"query-input\":{\"@type\":\"PropertyValueSpecification\",\"valueRequired\":true,\"valueName\":\"search_term_string\"}}],\"inLanguage\":\"de\"}]}<\/script>\n<!-- \/ Yoast SEO plugin. -->","yoast_head_json":{"title":"SKAN do Brasil \u2013 SKAN er\u00f6ffnet Tochterunternehmen in S\u00e3o Paulo","description":"SKAN do Brasil, sichert den direkten Vertrieb, Service und Kundensupport f\u00fcr SKAN Isolatorsysteme in Brasilien.","robots":{"index":"index","follow":"follow","max-snippet":"max-snippet:-1","max-image-preview":"max-image-preview:large","max-video-preview":"max-video-preview:-1"},"canonical":"https:\/\/skan.com\/de\/unternehmen\/standorte\/standort-brasilien\/","og_locale":"de_DE","og_type":"article","og_title":"SKAN do Brasil \u2013 SKAN er\u00f6ffnet Tochterunternehmen in S\u00e3o Paulo","og_description":"SKAN do Brasil, sichert den direkten Vertrieb, Service und Kundensupport f\u00fcr SKAN Isolatorsysteme in Brasilien.","og_url":"https:\/\/skan.com\/de\/unternehmen\/standorte\/standort-brasilien\/","og_site_name":"SKAN","article_modified_time":"2024-06-03T10:01:56+00:00","twitter_card":"summary_large_image","schema":{"@context":"https:\/\/schema.org","@graph":[{"@type":"WebPage","@id":"https:\/\/skan.com\/de\/unternehmen\/standorte\/standort-brasilien\/","url":"https:\/\/skan.com\/de\/unternehmen\/standorte\/standort-brasilien\/","name":"SKAN do Brasil \u2013 SKAN er\u00f6ffnet Tochterunternehmen in S\u00e3o Paulo","isPartOf":{"@id":"https:\/\/skan.com\/de\/#website"},"datePublished":"2024-04-10T07:53:03+00:00","dateModified":"2024-06-03T10:01:56+00:00","description":"SKAN do Brasil, sichert den direkten Vertrieb, Service und Kundensupport f\u00fcr SKAN Isolatorsysteme in Brasilien.","breadcrumb":{"@id":"https:\/\/skan.com\/de\/unternehmen\/standorte\/standort-brasilien\/#breadcrumb"},"inLanguage":"de","potentialAction":[{"@type":"ReadAction","target":["https:\/\/skan.com\/de\/unternehmen\/standorte\/standort-brasilien\/"]}]},{"@type":"BreadcrumbList","@id":"https:\/\/skan.com\/de\/unternehmen\/standorte\/standort-brasilien\/#breadcrumb","itemListElement":[{"@type":"ListItem","position":1,"name":"Home","item":"https:\/\/skan.com\/de\/"},{"@type":"ListItem","position":2,"name":"Unternehmen","item":"https:\/\/skan.com\/de\/unternehmen\/"},{"@type":"ListItem","position":3,"name":"Standorte","item":"https:\/\/skan.com\/de\/unternehmen\/standorte\/"},{"@type":"ListItem","position":4,"name":"Standort Brasilien"}]},{"@type":"WebSite","@id":"https:\/\/skan.com\/de\/#website","url":"https:\/\/skan.com\/de\/","name":"SKAN","description":"Ihr Partner f\u00fcr Forschungslaboratorien","potentialAction":[{"@type":"SearchAction","target":{"@type":"EntryPoint","urlTemplate":"https:\/\/skan.com\/de\/?s={search_term_string}"},"query-input":{"@type":"PropertyValueSpecification","valueRequired":true,"valueName":"search_term_string"}}],"inLanguage":"de"}]}},"_links":{"self":[{"href":"https:\/\/skan.com\/de\/wp-json\/wp\/v2\/pages\/36033","targetHints":{"allow":["GET"]}}],"collection":[{"href":"https:\/\/skan.com\/de\/wp-json\/wp\/v2\/pages"}],"about":[{"href":"https:\/\/skan.com\/de\/wp-json\/wp\/v2\/types\/page"}],"author":[{"embeddable":true,"href":"https:\/\/skan.com\/de\/wp-json\/wp\/v2\/users\/17"}],"replies":[{"embeddable":true,"href":"https:\/\/skan.com\/de\/wp-json\/wp\/v2\/comments?post=36033"}],"version-history":[{"count":22,"href":"https:\/\/skan.com\/de\/wp-json\/wp\/v2\/pages\/36033\/revisions"}],"predecessor-version":[{"id":38312,"href":"https:\/\/skan.com\/de\/wp-json\/wp\/v2\/pages\/36033\/revisions\/38312"}],"up":[{"embeddable":true,"href":"https:\/\/skan.com\/de\/wp-json\/wp\/v2\/pages\/12406"}],"wp:attachment":[{"href":"https:\/\/skan.com\/de\/wp-json\/wp\/v2\/media?parent=36033"}],"curies":[{"name":"wp","href":"https:\/\/api.w.org\/{rel}","templated":true}]}}