{"id":35940,"date":"2024-01-15T09:08:13","date_gmt":"2024-01-15T09:08:13","guid":{"rendered":"https:\/\/skan.com\/?page_id=35940"},"modified":"2024-02-20T13:01:05","modified_gmt":"2024-02-20T13:01:05","slug":"neolution-air","status":"publish","type":"page","link":"https:\/\/skan.com\/de\/neolution-air\/","title":{"rendered":"neolution Air"},"content":{"rendered":"\t<!-- section hero-->\r\n\t<section id=\"section-hero-block_a54b4f550e9850f24ff110fab53c375b\" class=\"section-hero full-height-screen viewport-section\" >\r\n\t\t\t\t<div class=\"container-fluid\">\r\n\t\t\t<div class=\"full-width-row full-height-holder df-row\">\r\n\t\t\t\t\t\t\t\t\t<div class=\"column-text col-lg-6\">\r\n\t\t\t\t\t\t<div class=\"banner-text text-lead text-secondary js-anim-delay-parent-500 js-anim-default-parent\">\r\n\t\t\t\t\t\t\t<h1 class=\"h2 teu-cat-title\">Neolution<sup>\u00ae <\/sup>Air FFP2- und FFP3-Masken<\/h1>\n<p>H\u00f6chstmass an Schutz, Qualit\u00e4t und Komfort<\/p>\n<p>&nbsp;<\/p>\n\t\t\t\t\t\t\t\t\t\t\t\t\t\t\t<div class=\"btn-wrap\">\r\n\t\t\t\t\t\t\t\t\t<a class=\"btn btn-primary\" href=\"mailto:psa@skan.ch?subject=Anfrage%20f%C3%BCr%20eine%20Pers%C3%B6nliche%20Beratung\" target=\"_blank\">Beratung &amp; Kostenlose Muster<\/a>\r\n\t\t\t\t\t\t\t\t<\/div>\r\n\t\t\t\t\t\t\t\t\t\t\t\t\t\t<div class=\"scroll-down-block d-lg-block\">\r\n\t\t\t\t\t\t\t\t<a class=\"link-anchor link-anchor-down\" href=\"#anchor-block\">\r\n\t\t\t\t\t\t\t\t\tWeiter\t\t\t\t\t\t\t\t<\/a>\r\n\t\t\t\t\t\t\t<\/div>\r\n\t\t\t\t\t\t<\/div>\r\n\t\t\t\t\t<\/div>\r\n\t\t\t\t\t            \t\t\t\t\t<div class=\"column-image col-lg-6\">\r\n\t\t\t\t\t\t                                                            <div class=\"visual-box animImage\">\r\n                                                            <picture>\r\n                                                                            <source type=\"image\/jpeg\" srcset=\"https:\/\/skan.com\/wp-content\/uploads\/AT_Vial_Operator_2-scaled-e1705408306511.jpg 375w, https:\/\/skan.com\/wp-content\/uploads\/AT_Vial_Operator_2-scaled-e1705408306511.jpg 750w\" sizes=\"100vw\" media=\"(max-width: 767px)\"\/>\r\n                                                                        <source type=\"image\/jpeg\" srcset=\"https:\/\/skan.com\/wp-content\/uploads\/AT_Vial_Operator_2-scaled-e1705408306511.jpg 736w, https:\/\/skan.com\/wp-content\/uploads\/AT_Vial_Operator_2-scaled-e1705408306511.jpg 1472w\" sizes=\"(min-width: 768px) 50vw, 100vw\"\/>\r\n                                    <img loading=\"lazy\" decoding=\"async\" width=\"2308\" height=\"1736\" src=\"https:\/\/skan.com\/wp-content\/uploads\/AT_Vial_Operator_2-scaled-e1705408306511.jpg\" class=\"attachment-full size-full\" alt=\"Eine Person tr\u00e4gt eine Schutzbrille und Neolution Air Maske von SKAN AG.\" srcset=\"https:\/\/skan.com\/wp-content\/uploads\/AT_Vial_Operator_2-scaled-e1705408306511.jpg 2308w, https:\/\/skan.com\/wp-content\/uploads\/AT_Vial_Operator_2-scaled-e1705408306511-300x226.jpg 300w, https:\/\/skan.com\/wp-content\/uploads\/AT_Vial_Operator_2-scaled-e1705408306511-1024x770.jpg 1024w, https:\/\/skan.com\/wp-content\/uploads\/AT_Vial_Operator_2-scaled-e1705408306511-768x578.jpg 768w, https:\/\/skan.com\/wp-content\/uploads\/AT_Vial_Operator_2-scaled-e1705408306511-1536x1155.jpg 1536w, https:\/\/skan.com\/wp-content\/uploads\/AT_Vial_Operator_2-scaled-e1705408306511-2048x1540.jpg 2048w\" sizes=\"auto, (max-width: 2308px) 100vw, 2308px\" \/>                                <\/picture>\r\n                            <\/div>\t\t\t\t\t\t                                                    <div class=\"visual-box video-mod animImage\">\r\n                                <picture>\r\n                                                                            <source type=\"image\/jpeg\" srcset=\"https:\/\/skan.com\/wp-content\/uploads\/253.jpg 375w, https:\/\/skan.com\/wp-content\/uploads\/253.jpg 750w\" sizes=\"100vw\" media=\"(max-width: 767px)\"\/>\r\n                                                                        <source type=\"image\/jpeg\" srcset=\"https:\/\/skan.com\/wp-content\/uploads\/253.jpg 736w, https:\/\/skan.com\/wp-content\/uploads\/253.jpg 1472w\" sizes=\"(min-width: 768px) 50vw, 100vw\"\/>\r\n                                    <img loading=\"lazy\" decoding=\"async\" width=\"1200\" height=\"1200\" src=\"https:\/\/skan.com\/wp-content\/uploads\/253.jpg\" class=\"attachment-full size-full\" alt=\"\" srcset=\"https:\/\/skan.com\/wp-content\/uploads\/253.jpg 1200w, https:\/\/skan.com\/wp-content\/uploads\/253-300x300.jpg 300w, https:\/\/skan.com\/wp-content\/uploads\/253-1024x1024.jpg 1024w, https:\/\/skan.com\/wp-content\/uploads\/253-150x150.jpg 150w, https:\/\/skan.com\/wp-content\/uploads\/253-768x768.jpg 768w, https:\/\/skan.com\/wp-content\/uploads\/253-50x50.jpg 50w\" sizes=\"auto, (max-width: 1200px) 100vw, 1200px\" \/>                                <\/picture>\r\n                                                            <\/div>\r\n                        \t\t\t\t\t<\/div>\r\n\t            \t\t\t<\/div>\r\n\t\t<\/div>\r\n\t<\/section>\r\n\t<div id=\"anchor-block\"><\/div>\r\n\n\n\t<section id=\"section-content-block_3ba67d2182283cf6baf765ce10342ab7\" class=\"section-content info-section-2-columns\">\r\n\t\t<div class=\"container-fluid\">\r\n\t\t\t<div class=\"two-blocks-content\">\r\n\t\t\t\t\t\t\t\t\t<div class=\"article-wrap\">\r\n\t\t\t\t\t\t\t\t\t\t\t\t\t<div class=\"block heading-block\">\r\n\t\t\t\t\t\t\t\t<p>Die neue Serie von filtrierenden Halbmasken &#8222;Made in Germany&#8220; mit Kopfb\u00e4nder oder Ohrschlaufen kombiniert h\u00f6chste Sicherheit und verbesserten Komfort.<\/p>\n\t\t\t\t\t\t\t<\/div>\r\n\t\t\t\t\t\t\t\t\t\t\t\t                            <aside class=\"mobile-mod\">\r\n                                <div class=\"widget\">\r\n                                    <div class=\"contact-block\">\r\n\t\t\t\t\t\t\t\t\t\t\t\t\t\t\t\t\t\t\t\t                                            <h3>SKAN Pure Solutions<\/h3>\r\n\t\t\t\t\t\t\t\t\t\t\t\t\t\t\t\t\t\t\t\t                                            <div class=\"contact-block-holder\">\r\n\t\t\t\t\t\t\t\t\t\t\t\t                                                    <address>Kreuzstrasse 5, 4123 Allschwil<\/address>\r\n\t\t\t\t\t\t\t\t\t\t\t\t\t\t\t\t\t\t\t\t\t\t\t\t                                                    <dl>\r\n\t\t\t\t\t\t\t\t\t\t\t\t\t\t                                                            <dt>Tel<\/dt>\r\n                                                            <dd><a href=\"tel:41614854587\"> +41 61 485 45 87<\/a><\/dd>\r\n\t\t\t\t\t\t\t\t\t\t\t\t\t\t\t\t\t\t\t\t\t\t\t\t\t\t\t\t\t\t\t\t\t\t\t\t\t\t\t\t\t\t                                                            <dt>Mail<\/dt>\r\n                                                            <dd><a href=\"mailto:ps&#97;&#64;&#115;k&#97;&#110;.&#99;h\">p&#115;a&#64;&#115;&#107;&#97;n&#46;c&#104;<\/a><\/dd>\r\n\t\t\t\t\t\t\t\t\t\t\t\t\t\t                                                    <\/dl>\r\n\t\t\t\t\t\t\t\t\t\t\t\t                                            <\/div>\r\n\t\t\t\t\t\t\t\t\t\t\t\t\t\t\t\t\t\t\t\t                                    <\/div>\r\n                                <\/div>\r\n                            <\/aside>\r\n\t\t\t\t\t\t\t\t\t\t\t\t\t\t\t\t\t\t\t<div class=\"block\">\r\n\t\t\t\t\t\t\t\t<p>Sicher- und komfortabel &#8211; Mit unseren FFP2- und FFP3 Schutzmasken, sch\u00fctzen Sie Ihre Mitarbeitenden effektiv vor Schadstoffen, Viren und Partikeln<\/p>\n<p>SKAN begleitet Sie bei der Erstellung und Optimierung des Schutzkleidungskonzepts \u2013 von der Identifikation der Gefahrstoffe bis hin zum Tragetest.<\/p>\n<p><strong>Zwei Modelle: Neolution<\/strong><sup>\u00ae <\/sup><strong>Air und Neolution<\/strong><sup>\u00ae <\/sup><strong>Air Loop<\/strong><br \/>\nDie Neolution<sup>\u00ae <\/sup>Air sichert mit ihren komfortablen elastischen Strickb\u00e4ndern einen stabilen Sitz ohne Druckstellen und Kneifen. Die elastischen B\u00e4nder werden um den Hinterkopf- und Nacken gelegt.<br \/>\nDie Neolution<sup>\u00ae <\/sup>Air Loop hingegen, punktet mit Ohrschlaufen, die sich schnell und einfach an- und ablegen lassen. Durch die weichen, gestrickten Schlaufen passt sich die Maske bequem an das Ohr an und es entstehen beim Anwender keine Druckstellen.<\/p>\n<p>Die Hochwertigen Materialien bieten maximalen Tragekomfort und h\u00f6chste Filterleistung in ihrer Klasse. Die Maske punktet nicht nur mit ihrer Leichtigkeit, sie ist auch extrem luftdurchl\u00e4ssig und sorgt somit f\u00fcr ein optimales Tragegef\u00fchl. Durch die drei beweglichen Teile der Maske, folgt diese den Kieferbewegungen beim sprechen.<br \/>\n<span class=\"ui-provider ed bli blj blk bll blm bln blo blp blq blr bls blt blu blv blw blx bly blz bma bmb bmc bmd bme bmf bmg bmh bmi bmj bmk bml bmm bmn bmo bmp\" dir=\"ltr\">Diese Atemschutzmaske nach EN 149 ist auch eine medizinische Gesichtsmaske nach EN 14683 und ist aufgrund einer niedrigen Partikelabgabe auch f\u00fcr den Einsatz in ISO Reinr\u00e4umen der Klassen 3-9 geeignet.<\/span><\/p>\n<p><strong>Vorteile der Neolution<sup>\u00ae <\/sup>Serie<\/strong><\/p>\n<ul style=\"list-style-type: circle;\">\n<li>Auf Biokomtabilit\u00e4t getestet<\/li>\n<li>Hygienisch einzeln verpackt<\/li>\n<li>Verformbarer Nasenb\u00fcgel<\/li>\n<li>Geringer Atemwiederstand<\/li>\n<li>Dolomitstaub gepr\u00fcft<\/li>\n<\/ul>\n\t\t\t\t\t\t\t<\/div>\r\n\t\t\t\t\t\t\t\t\t\t\t\t\t\t\t\t\t\t\t\t\t\t\t\t\t\t\t\t\t<\/div>\r\n\t\t\t\t\t\t\t\t\t\t\t\t\t<aside class=\"desktop-mod\">\r\n\t\t\t\t\t\t<div class=\"widget\">\r\n\t\t\t\t\t\t\t<div class=\"contact-block\">\r\n\t\t\t\t\t\t\t\t\t\t\t\t\t\t\t\t\t\t\t\t\t\t\t\t\t<h3>SKAN Pure Solutions<\/h3>\r\n\t\t\t\t\t\t\t\t\t\t\t\t\t\t\t\t\t\t\t\t\t\t\t\t\t<div class=\"contact-block-holder\">\r\n\t\t\t\t\t\t\t\t\t\t\t\t\t\t\t\t\t\t\t\t\t<address>Kreuzstrasse 5, 4123 Allschwil<\/address>\r\n\t\t\t\t\t\t\t\t\t\t\t\t\t\t\t\t\t\t\t\t\t\t\t\t\t\t\t\t\t\t\t<dl>\r\n\t\t\t\t\t\t\t\t\t\t\t\t\t\t\t\t\t\t\t\t\t\t\t\t\t<dt>Tel<\/dt>\r\n\t\t\t\t\t\t\t\t\t\t\t\t\t<dd><a href=\"tel:41614854587\"> +41 61 485 45 87<\/a><\/dd>\r\n\t\t\t\t\t\t\t\t\t\t\t\t\t\t\t\t\t\t\t\t\t\t\t\t\t\t\t\t\t\t\t\t\t\t\t\t\t\t\t\t\t\t\t\t\t\t\t\t\t<dt>Mail<\/dt>\r\n\t\t\t\t\t\t\t\t\t\t\t\t\t<dd><a href=\"mailto:p&#115;&#97;&#64;sk&#97;n.&#99;h\">psa&#64;sk&#97;n&#46;&#99;&#104;<\/a><\/dd>\r\n\t\t\t\t\t\t\t\t\t\t\t\t\t\t\t\t\t\t\t\t\t\t\t<\/dl>\r\n\t\t\t\t\t\t\t\t\t\t\t\t\t\t\t\t\t\t\t<\/div>\r\n\t\t\t\t\t\t\t\t\t\t\t\t\t\t\t\t\t\t\t\t\t\t\t<\/div>\r\n\t\t\t\t\t\t<\/div>\r\n\t\t\t\t\t<\/aside>\r\n\t\t\t\t\t\t\t<\/div>\r\n\t\t<\/div>\r\n\t<\/section>\r\n\n\n\t<section id=\"venues-blockblock_4ccd4f1be930e7ab010e5dd4371e5b52\" class=\"venues-section section section-main\">\r\n\t\t<div class=\"container-fluid\">\r\n\t\t\t\t\t\t\t<h2>Kontaktieren Sie uns<\/h2>\r\n\t\t\t\t\t\t\t\t\t\t\t\t\t<div class=\"cards-event-group\">\r\n\t\t\t\t\t\t\t\t\t\t\t\t\t\t\t\t\t\t<div class=\"card-event\">\r\n\t\t\t\t\t\t\t\t\t\t\t\t\t\t\t\t\t<div class=\"card-img\">\r\n\t\t\t\t\t\t\t\t\t\t<div>\r\n\t\t\t\t\t\t\t\t\t\t\t<div class=\"vd\">\r\n\t\t\t\t\t\t\t\t\t\t\t\t<img loading=\"lazy\" decoding=\"async\" width=\"540\" height=\"420\" src=\"https:\/\/skan.com\/wp-content\/uploads\/David-Marek-quer.jpg\" class=\"attachment-full size-full\" alt=\"\" srcset=\"https:\/\/skan.com\/wp-content\/uploads\/David-Marek-quer.jpg 540w, https:\/\/skan.com\/wp-content\/uploads\/David-Marek-quer-300x233.jpg 300w\" sizes=\"auto, (max-width: 540px) 100vw, 540px\" \/>\t\t\t\t\t\t\t\t\t\t\t<\/div>\r\n\t\t\t\t\t\t\t\t\t\t\t<div class=\"vm\">\r\n\t\t\t\t\t\t\t\t\t\t\t\t\t\t\t\t\t\t\t\t\t\t\t\t\t<img loading=\"lazy\" decoding=\"async\" width=\"540\" height=\"420\" src=\"https:\/\/skan.com\/wp-content\/uploads\/David-Marek-quer.jpg\" class=\"attachment-full size-full\" alt=\"\" srcset=\"https:\/\/skan.com\/wp-content\/uploads\/David-Marek-quer.jpg 540w, https:\/\/skan.com\/wp-content\/uploads\/David-Marek-quer-300x233.jpg 300w\" sizes=\"auto, (max-width: 540px) 100vw, 540px\" \/>\t\t\t\t\t\t\t\t\t\t\t\t\t\t\t\t\t\t\t\t\t\t\t<\/div>\r\n\t\t\t\t\t\t\t\t\t\t<\/div>\r\n\t\t\t\t\t\t\t\t\t<\/div>\r\n\t\t\t\t\t\t\t\t\t\t\t\t\t\t\t\t\t\t\t\t\t\t\t\t\t<div class=\"card-body\">\r\n\t\t\t\t\t\t\t\t\t\t\t\t\t\t\t\t\t\t\t\t\t<div class=\"card-body-col\">\r\n\t\t\t\t\t\t\t\t\t\t\t\t\t\t\t\t\t\t\t\t\t\t\t\t\t<time datetime=\"undefined\">Sales Manager PSA<\/time>\r\n\t\t\t\t\t\t\t\t\t\t\t\t\t\t\t\t\t\t\t\t\t\t\t\t\t\t\t\t\t\t\t\t\t\t\t\t\t<h2 class=\"card-title\">David Marek<\/h2>\r\n\t\t\t\t\t\t\t\t\t\t\t\t\t\t\t\t\t\t\t\t\t\t\t\t\t\t\t\t\t\t\t\t\t\t\t\t\t<p>Haben Sie Fragen? Ich berate Sie gerne pers\u00f6nlich!<\/p>\r\n\t\t\t\t\t\t\t\t\t\t\t\t\t\t\t\t\t\t\t\t\t\t\t\t\t\t\t\t\t\t\t\t\t\t\t\t\t<div class=\"btn-wrap\">\r\n\t\t\t\t\t\t\t\t\t\t\t\t\t\t<a class=\"btn btn-primary btn-large\" href=\"mailto:psa@skan.ch\" target=\"_blank\">Kontakt<\/a>\r\n\t\t\t\t\t\t\t\t\t\t\t\t\t<\/div>\r\n\t\t\t\t\t\t\t\t\t\t\t\t\t\t\t\t\t\t\t\t\t\t\t<\/div>\r\n\t\t\t\t\t\t\t\t\t\t\t\t\t\t\t\t\t\t\t\t\t\t\t\t\t\t\t\t\t\t\t<div class=\"card-body-col\">\r\n\t\t\t\t\t\t\t\t\t\t\t\t<div class=\"location-block\">\r\n\t\t\t\t\t\t\t\t\t\t\t\t\t<address>\r\n\t\t\t\t\t\t\t\t\t\t\t\t\t\t\t\t\t\t\t\t\t\t\t\t\t\t\t\t\t<strong class=\"address-title\">SKAN AG<\/strong>\r\n\t\t\t\t\t\t\t\t\t\t\t\t\t\t\t\t\t\t\t\t\t\t\t\t\t\t\t\tAllschwil, Switzerland\t\t\t\t\t\t\t\t\t\t\t\t\t<\/address>\r\n\t\t\t\t\t\t\t\t\t\t\t\t<\/div>\r\n\t\t\t\t\t\t\t\t\t\t\t<\/div>\r\n\t\t\t\t\t\t\t\t\t\t\t\t\t\t\t\t\t\t\t<\/div>\r\n\t\t\t\t\t\t\t\t\t\t\t\t\t\t\t<\/div>\r\n\t\t\t\t\t\t\t\t\t\t\t\t\t\t\t<\/div>\r\n\t\t\t\t\t<\/div>\r\n\t<\/section>\r\n\n\n\t<!-- section services-->\r\n\t<section id=\"section-services-block_d491eff77ee733424a4343bb4555eec9\" class=\"section-main section-services \">\r\n\t\t<div class=\"container-fluid\">\r\n\t\t\t\t\t\t\t<h2 class=\"title-section\">Weshalb sollten sie SKAN als Partner ausw\u00e4hlen?<\/h2>\r\n\t\t\t\t\t\t\t\t\t\t\t\t\t<!-- gallery services list-->\r\n\t\t\t\t<div class=\"gallery-services-list slider-with-controls-mobile\">\r\n\t\t\t\t\t<div class=\"controls\">\r\n\t\t\t\t\t\t<!--.dots-->\r\n\t\t\t\t\t\t<div class=\"arrows\"><\/div>\r\n\t\t\t\t\t<\/div>\r\n\t\t\t\t\t<div class=\"list-slider-mobile\">\r\n\t\t\t\t\t\t\t\t\t\t\t\t\t<div class=\"slide-service\">\r\n\t\t\t\t\t\t\t\t<div class=\"slide-holder popup-service-wrap\">\r\n\t\t\t\t\t\t\t\t\t\t\t\t\t\t\t\t\t\t<div class=\"card-service open-popup-service\">\r\n\t\t\t\t\t\t\t\t\t\t\t\t\t\t\t\t\t\t\t\t\t<div class=\"card-img\">\r\n\t\t\t\t\t\t\t\t\t\t\t\t<img loading=\"lazy\" decoding=\"async\" width=\"96\" height=\"96\" src=\"https:\/\/skan.com\/wp-content\/uploads\/Digital-Twin.svg\" class=\"attachment-full size-full\" alt=\"\" \/>\t\t\t\t\t\t\t\t\t\t\t<\/div>\r\n\t\t\t\t\t\t\t\t\t\t\t\t\t\t\t\t\t\t\t\t<div class=\"card-body\">\r\n\t\t\t\t\t\t\t\t\t\t\t<h3 class=\"card-title\">Expertenberatung<\/h3>\r\n\t\t\t\t\t\t\t\t\t\t\t<p>Reinr\u00e4ume, Labore und Ihre Anforderungen sind unser t\u00e4glich Brot. Gemeinsam mit Ihnen entwickeln wir das optimale Schutzkleidungskonzept f\u00fcr Ihre Bed\u00fcrfnisse.<\/p>\n\t\t\t\t\t\t\t\t\t\t\t\t\t\t\t\t\t\t\t\t\t<\/div>\r\n\t\t\t\t\t\t\t\t\t<\/div>\t\t\t\t\t\t\t\t\t\t\t\t\t\t\t\t\t<\/div>\r\n\t\t\t\t\t\t\t<\/div>\r\n\t\t\t\t\t\t\t\t\t\t\t\t\t<div class=\"slide-service\">\r\n\t\t\t\t\t\t\t\t<div class=\"slide-holder popup-service-wrap\">\r\n\t\t\t\t\t\t\t\t\t\t\t\t\t\t\t\t\t\t<div class=\"card-service open-popup-service\">\r\n\t\t\t\t\t\t\t\t\t\t\t\t\t\t\t\t\t\t\t\t\t<div class=\"card-img\">\r\n\t\t\t\t\t\t\t\t\t\t\t\t<img loading=\"lazy\" decoding=\"async\" width=\"96\" height=\"96\" src=\"https:\/\/skan.com\/wp-content\/uploads\/Agilitaet.svg\" class=\"attachment-full size-full\" alt=\"\" \/>\t\t\t\t\t\t\t\t\t\t\t<\/div>\r\n\t\t\t\t\t\t\t\t\t\t\t\t\t\t\t\t\t\t\t\t<div class=\"card-body\">\r\n\t\t\t\t\t\t\t\t\t\t\t<h3 class=\"card-title\">Schnelle Verf\u00fcgbarkeit<\/h3>\r\n\t\t\t\t\t\t\t\t\t\t\t<p>Kurze Transportwege und ein intelligentes Lagersystem erm\u00f6glichen schnelle Verf\u00fcgbarkeiten unseres Schutzkleidungssortiments.<\/p>\n\t\t\t\t\t\t\t\t\t\t\t\t\t\t\t\t\t\t\t\t\t<\/div>\r\n\t\t\t\t\t\t\t\t\t<\/div>\t\t\t\t\t\t\t\t\t\t\t\t\t\t\t\t\t<\/div>\r\n\t\t\t\t\t\t\t<\/div>\r\n\t\t\t\t\t\t\t\t\t\t\t\t\t<div class=\"slide-service\">\r\n\t\t\t\t\t\t\t\t<div class=\"slide-holder popup-service-wrap\">\r\n\t\t\t\t\t\t\t\t\t\t\t\t\t\t\t\t\t\t<div class=\"card-service open-popup-service\">\r\n\t\t\t\t\t\t\t\t\t\t\t\t\t\t\t\t\t\t\t\t\t<div class=\"card-img\">\r\n\t\t\t\t\t\t\t\t\t\t\t\t<img loading=\"lazy\" decoding=\"async\" width=\"96\" height=\"96\" src=\"https:\/\/skan.com\/wp-content\/uploads\/Atmosphaere.svg\" class=\"attachment-full size-full\" alt=\"\" \/>\t\t\t\t\t\t\t\t\t\t\t<\/div>\r\n\t\t\t\t\t\t\t\t\t\t\t\t\t\t\t\t\t\t\t\t<div class=\"card-body\">\r\n\t\t\t\t\t\t\t\t\t\t\t<h3 class=\"card-title\">H\u00f6chste Produktqualit\u00e4t<\/h3>\r\n\t\t\t\t\t\t\t\t\t\t\t<p>Die Produkte in unserem Sortiment werden sorgf\u00e4ltig gepr\u00fcft und ausgew\u00e4hlt. So erhalten Sie stets die h\u00f6chste SKAN-Qualit\u00e4t.<\/p>\n\t\t\t\t\t\t\t\t\t\t\t\t\t\t\t\t\t\t\t\t\t<\/div>\r\n\t\t\t\t\t\t\t\t\t<\/div>\t\t\t\t\t\t\t\t\t\t\t\t\t\t\t\t\t<\/div>\r\n\t\t\t\t\t\t\t<\/div>\r\n\t\t\t\t\t\t\t\t\t\t\t\t\t<div class=\"slide-service\">\r\n\t\t\t\t\t\t\t\t<div class=\"slide-holder popup-service-wrap\">\r\n\t\t\t\t\t\t\t\t\t\t\t\t\t\t\t\t\t\t<div class=\"card-service open-popup-service\">\r\n\t\t\t\t\t\t\t\t\t\t\t\t\t\t\t\t\t\t\t\t\t<div class=\"card-img\">\r\n\t\t\t\t\t\t\t\t\t\t\t\t<img loading=\"lazy\" decoding=\"async\" width=\"96\" height=\"96\" src=\"https:\/\/skan.com\/wp-content\/uploads\/GXP-Qualification.svg\" class=\"attachment-full size-full\" alt=\"\" \/>\t\t\t\t\t\t\t\t\t\t\t<\/div>\r\n\t\t\t\t\t\t\t\t\t\t\t\t\t\t\t\t\t\t\t\t<div class=\"card-body\">\r\n\t\t\t\t\t\t\t\t\t\t\t<h3 class=\"card-title\">Normenkonform<\/h3>\r\n\t\t\t\t\t\t\t\t\t\t\t<p>Seien Sie auf der sicheren Seite &#8211; wir beraten Sie \u00fcber die aktuellsten Regularien und Anforderungen im aseptischen Bereich (PSA-Kategorie III, PSA-Verordnung 2016\/425, GMP Annex 1).<\/p>\n\t\t\t\t\t\t\t\t\t\t\t\t\t\t\t\t\t\t\t\t\t<\/div>\r\n\t\t\t\t\t\t\t\t\t<\/div>\t\t\t\t\t\t\t\t\t\t\t\t\t\t\t\t\t<\/div>\r\n\t\t\t\t\t\t\t<\/div>\r\n\t\t\t\t\t\t\t\t\t\t\t\t\t\t\t\t\t<\/div>\r\n\t\t\t\t<\/div>\r\n\t\t\t\t\t<\/div>\r\n\t<\/section>\r\n","protected":false},"excerpt":{"rendered":"","protected":false},"author":35,"featured_media":0,"parent":0,"menu_order":0,"comment_status":"closed","ping_status":"closed","template":"","meta":{"_acf_changed":false,"inline_featured_image":false,"footnotes":""},"class_list":["post-35940","page","type-page","status-publish","hentry"],"acf":[],"yoast_head":"<!-- This site is optimized with the Yoast SEO plugin v26.9 - https:\/\/yoast.com\/product\/yoast-seo-wordpress\/ -->\n<title>Neolution Air, die richtige Schutzmaske f\u00fcr Ihre Anwendung<\/title>\n<meta name=\"description\" content=\"SKAN bietet Ihnen die optimale Atemschutzmaske, welche selbst gegen die kleinsten Bakterien und Partikel sch\u00fctzt\" \/>\n<meta name=\"robots\" content=\"noindex, nofollow\" \/>\n<meta property=\"og:locale\" content=\"de_DE\" \/>\n<meta property=\"og:type\" content=\"article\" \/>\n<meta property=\"og:title\" content=\"Neolution Air, die richtige Schutzmaske f\u00fcr Ihre Anwendung\" \/>\n<meta property=\"og:description\" content=\"SKAN bietet Ihnen die optimale Atemschutzmaske, welche selbst gegen die kleinsten Bakterien und Partikel sch\u00fctzt\" \/>\n<meta property=\"og:url\" content=\"https:\/\/skan.com\/de\/neolution-air\/\" \/>\n<meta property=\"og:site_name\" content=\"SKAN\" \/>\n<meta property=\"article:modified_time\" content=\"2024-02-20T13:01:05+00:00\" \/>\n<meta name=\"twitter:card\" content=\"summary_large_image\" \/>\n<script type=\"application\/ld+json\" class=\"yoast-schema-graph\">{\"@context\":\"https:\/\/schema.org\",\"@graph\":[{\"@type\":\"WebPage\",\"@id\":\"https:\/\/skan.com\/de\/neolution-air\/\",\"url\":\"https:\/\/skan.com\/de\/neolution-air\/\",\"name\":\"Neolution Air, die richtige Schutzmaske f\u00fcr Ihre Anwendung\",\"isPartOf\":{\"@id\":\"https:\/\/skan.com\/de\/#website\"},\"datePublished\":\"2024-01-15T09:08:13+00:00\",\"dateModified\":\"2024-02-20T13:01:05+00:00\",\"description\":\"SKAN bietet Ihnen die optimale Atemschutzmaske, welche selbst gegen die kleinsten Bakterien und Partikel sch\u00fctzt\",\"breadcrumb\":{\"@id\":\"https:\/\/skan.com\/de\/neolution-air\/#breadcrumb\"},\"inLanguage\":\"de\",\"potentialAction\":[{\"@type\":\"ReadAction\",\"target\":[\"https:\/\/skan.com\/de\/neolution-air\/\"]}]},{\"@type\":\"BreadcrumbList\",\"@id\":\"https:\/\/skan.com\/de\/neolution-air\/#breadcrumb\",\"itemListElement\":[{\"@type\":\"ListItem\",\"position\":1,\"name\":\"Home\",\"item\":\"https:\/\/skan.com\/de\/\"},{\"@type\":\"ListItem\",\"position\":2,\"name\":\"neolution Air\"}]},{\"@type\":\"WebSite\",\"@id\":\"https:\/\/skan.com\/de\/#website\",\"url\":\"https:\/\/skan.com\/de\/\",\"name\":\"SKAN\",\"description\":\"Ihr Partner f\u00fcr Forschungslaboratorien\",\"potentialAction\":[{\"@type\":\"SearchAction\",\"target\":{\"@type\":\"EntryPoint\",\"urlTemplate\":\"https:\/\/skan.com\/de\/?s={search_term_string}\"},\"query-input\":{\"@type\":\"PropertyValueSpecification\",\"valueRequired\":true,\"valueName\":\"search_term_string\"}}],\"inLanguage\":\"de\"}]}<\/script>\n<!-- \/ Yoast SEO plugin. -->","yoast_head_json":{"title":"Neolution Air, die richtige Schutzmaske f\u00fcr Ihre Anwendung","description":"SKAN bietet Ihnen die optimale Atemschutzmaske, welche selbst gegen die kleinsten Bakterien und Partikel sch\u00fctzt","robots":{"index":"noindex","follow":"nofollow"},"og_locale":"de_DE","og_type":"article","og_title":"Neolution Air, die richtige Schutzmaske f\u00fcr Ihre Anwendung","og_description":"SKAN bietet Ihnen die optimale Atemschutzmaske, welche selbst gegen die kleinsten Bakterien und Partikel sch\u00fctzt","og_url":"https:\/\/skan.com\/de\/neolution-air\/","og_site_name":"SKAN","article_modified_time":"2024-02-20T13:01:05+00:00","twitter_card":"summary_large_image","schema":{"@context":"https:\/\/schema.org","@graph":[{"@type":"WebPage","@id":"https:\/\/skan.com\/de\/neolution-air\/","url":"https:\/\/skan.com\/de\/neolution-air\/","name":"Neolution Air, die richtige Schutzmaske f\u00fcr Ihre Anwendung","isPartOf":{"@id":"https:\/\/skan.com\/de\/#website"},"datePublished":"2024-01-15T09:08:13+00:00","dateModified":"2024-02-20T13:01:05+00:00","description":"SKAN bietet Ihnen die optimale Atemschutzmaske, welche selbst gegen die kleinsten Bakterien und Partikel sch\u00fctzt","breadcrumb":{"@id":"https:\/\/skan.com\/de\/neolution-air\/#breadcrumb"},"inLanguage":"de","potentialAction":[{"@type":"ReadAction","target":["https:\/\/skan.com\/de\/neolution-air\/"]}]},{"@type":"BreadcrumbList","@id":"https:\/\/skan.com\/de\/neolution-air\/#breadcrumb","itemListElement":[{"@type":"ListItem","position":1,"name":"Home","item":"https:\/\/skan.com\/de\/"},{"@type":"ListItem","position":2,"name":"neolution Air"}]},{"@type":"WebSite","@id":"https:\/\/skan.com\/de\/#website","url":"https:\/\/skan.com\/de\/","name":"SKAN","description":"Ihr Partner f\u00fcr Forschungslaboratorien","potentialAction":[{"@type":"SearchAction","target":{"@type":"EntryPoint","urlTemplate":"https:\/\/skan.com\/de\/?s={search_term_string}"},"query-input":{"@type":"PropertyValueSpecification","valueRequired":true,"valueName":"search_term_string"}}],"inLanguage":"de"}]}},"_links":{"self":[{"href":"https:\/\/skan.com\/de\/wp-json\/wp\/v2\/pages\/35940","targetHints":{"allow":["GET"]}}],"collection":[{"href":"https:\/\/skan.com\/de\/wp-json\/wp\/v2\/pages"}],"about":[{"href":"https:\/\/skan.com\/de\/wp-json\/wp\/v2\/types\/page"}],"author":[{"embeddable":true,"href":"https:\/\/skan.com\/de\/wp-json\/wp\/v2\/users\/35"}],"replies":[{"embeddable":true,"href":"https:\/\/skan.com\/de\/wp-json\/wp\/v2\/comments?post=35940"}],"version-history":[{"count":34,"href":"https:\/\/skan.com\/de\/wp-json\/wp\/v2\/pages\/35940\/revisions"}],"predecessor-version":[{"id":36008,"href":"https:\/\/skan.com\/de\/wp-json\/wp\/v2\/pages\/35940\/revisions\/36008"}],"wp:attachment":[{"href":"https:\/\/skan.com\/de\/wp-json\/wp\/v2\/media?parent=35940"}],"curies":[{"name":"wp","href":"https:\/\/api.w.org\/{rel}","templated":true}]}}