{"id":3240,"date":"2021-08-11T09:43:27","date_gmt":"2021-08-11T09:43:27","guid":{"rendered":"https:\/\/skan.clients.ideeal.ch\/?page_id=3240"},"modified":"2021-08-25T08:09:14","modified_gmt":"2021-08-25T08:09:14","slug":"landingpage-seo-reinraum","status":"publish","type":"page","link":"https:\/\/skan.com\/de\/landingpage-seo-reinraum\/","title":{"rendered":"Landingpage SEO Reinraum"},"content":{"rendered":"\t<!-- section hero-->\r\n\t<section id=\"section-hero-block_61019c8d42b89\" class=\"section-hero full-height-screen viewport-section\" >\r\n\t\t\t\t\t<a class=\"link-page-back cusomt-mod\" href=\"#\" target=\"_self\">\r\n\t\t\t\t<span class=\"page-name\">Branchen<\/span>\r\n\t\t\t<\/a>\r\n\t\t\t\t<div class=\"container-fluid\">\r\n\t\t\t<div class=\"full-width-row full-height-holder df-row\">\r\n\t\t\t\t\t\t\t\t\t<div class=\"column-text col-lg-6\">\r\n\t\t\t\t\t\t<div class=\"banner-text text-lead text-secondary js-anim-delay-parent-500 js-anim-default-parent\">\r\n\t\t\t\t\t\t\t<h1>Reinraum<\/h1>\n<p>Im Zeitalter der Digitalisierung und Nanotechnologie kommt dem Arbeitsplatz in puncto \u201esauberes Umfeld\u201c ein immer h\u00f6herer Stellenwert zu. Der Reinraum bietet diese Bedingungen f\u00fcr Branchen wie Halbleitertechnik, Lasertechnik, Medizintechnik, Feinwerktechnik, Uhrenindustrie, Optik, Luft- und Raumfahrt oder die Lebensmittelindustrie \u2013 und sichert so die Produktqualit\u00e4t. Modular konstruierte Cleanroom-Kits haben den Vorteil, dass sie schnell aufgebaut sind, und sp\u00e4ter \u2013 falls sich die Anforderungen und Produktionsabl\u00e4ufe ver\u00e4ndern \u2013 ebenso leicht erweitert und angepasst werden k\u00f6nnen. \u00dcber welche spezifischen Eigenschaften verf\u00fcgt so ein Reinraum<\/p>\n\t\t\t\t\t\t\t\t\t\t\t\t\t\t<div class=\"scroll-down-block d-lg-block\">\r\n\t\t\t\t\t\t\t\t<a class=\"link-anchor link-anchor-down\" href=\"#anchor-block\">\r\n\t\t\t\t\t\t\t\t\tWeiter\t\t\t\t\t\t\t\t<\/a>\r\n\t\t\t\t\t\t\t<\/div>\r\n\t\t\t\t\t\t<\/div>\r\n\t\t\t\t\t<\/div>\r\n\t\t\t\t\t            \t\t\t\t\t<div class=\"column-image col-lg-6\">\r\n\t\t\t\t\t\t                                                            <div class=\"visual-box animImage\">\r\n                                                            <picture>\r\n                                                                            <source type=\"image\/jpeg\" srcset=\"https:\/\/skan.com\/wp-content\/uploads\/skan-pure-solutions-reinraum-cleanroomkit-seo.jpg 375w, https:\/\/skan.com\/wp-content\/uploads\/skan-pure-solutions-reinraum-cleanroomkit-seo.jpg 750w\" sizes=\"100vw\" media=\"(max-width: 767px)\"\/>\r\n                                                                        <source type=\"image\/jpeg\" srcset=\"https:\/\/skan.com\/wp-content\/uploads\/skan-pure-solutions-reinraum-cleanroomkit-seo.jpg 736w, https:\/\/skan.com\/wp-content\/uploads\/skan-pure-solutions-reinraum-cleanroomkit-seo.jpg 1472w\" sizes=\"(min-width: 768px) 50vw, 100vw\"\/>\r\n                                    <img loading=\"lazy\" decoding=\"async\" width=\"1472\" height=\"1600\" src=\"https:\/\/skan.com\/wp-content\/uploads\/skan-pure-solutions-reinraum-cleanroomkit-seo.jpg\" class=\"attachment-full size-full\" alt=\"\" srcset=\"https:\/\/skan.com\/wp-content\/uploads\/skan-pure-solutions-reinraum-cleanroomkit-seo.jpg 1472w, https:\/\/skan.com\/wp-content\/uploads\/skan-pure-solutions-reinraum-cleanroomkit-seo-276x300.jpg 276w, https:\/\/skan.com\/wp-content\/uploads\/skan-pure-solutions-reinraum-cleanroomkit-seo-942x1024.jpg 942w, https:\/\/skan.com\/wp-content\/uploads\/skan-pure-solutions-reinraum-cleanroomkit-seo-768x835.jpg 768w, https:\/\/skan.com\/wp-content\/uploads\/skan-pure-solutions-reinraum-cleanroomkit-seo-1413x1536.jpg 1413w, https:\/\/skan.com\/wp-content\/uploads\/skan-pure-solutions-reinraum-cleanroomkit-seo-736x800.jpg 736w\" sizes=\"auto, (max-width: 1472px) 100vw, 1472px\" \/>                                <\/picture>\r\n                            <\/div>\t\t\t\t\t\t                        \t\t\t\t\t<\/div>\r\n\t            \t\t\t<\/div>\r\n\t\t<\/div>\r\n\t<\/section>\r\n\t<div id=\"anchor-block\"><\/div>\r\n\n\n<!-- divider line-->\r\n<hr class=\"divider\"\/>\r\n\n\n\t<section class=\"text-section \">\r\n\t\t<div id=\"text-sectionblock_610aa7dd526b3\" class=\"section-main twocolumns-section\">\r\n\t\t\t<div class=\"container-fluid\">\r\n\t\t\t\t\t\t\t\t\t<h1>Mit modularem Konzept Reinraum-Atmosph\u00e4re schaffen<\/h1>\r\n\t\t\t\t\t\t\t\t<div class=\"column-text\">\r\n\t\t\t\t\t<h2>Der Reinraum als Garant f\u00fcr h\u00f6chste Produktqualit\u00e4t<\/h2>\n<p>Schmutz und Staubteilchen haben in Branchen wie der Medizintechnik, Feinwerktechnik, Optik oder Uhrenindustrie nichts zu suchen. Clean Rooms bieten hier eine ad\u00e4quate L\u00f6sung f\u00fcr h\u00f6chste Produktqualit\u00e4t und vermeiden teure Ausschussware oder sogar R\u00fcckrufe. Denn nichts ist schwieriger zur\u00fcckzugewinnen als verlorenes Kundenvertrauen. Dabei muss so ein Reinraum keinesfalls eine teure Anschaffung sein. Die L\u00f6sung zeigt sich in der modularen Bauweise. Die Tr\u00e4gerkonstruktion besteht hier aus leichtem und dennoch \u00e4usserst korrosionsbest\u00e4ndigem und robusten Aluminium. Formschl\u00fcssig sind Kunststoffpanels eingelassen, die dem Staub keine Angriffsfl\u00e4che bieten. Verantwortlich f\u00fcr die Reinraum-Qualit\u00e4t zeichnen indessen die ausgekl\u00fcgelten Clean Air Module (CAM) inklusive Filtersystem.<\/p>\n<h2>Effizienter Reinraum f\u00fcr ISO Klassen 7 + 8<\/h2>\n<p>In den Clean Air Modulen kommen leistungsstarke H14 HEPA-Filter zum Einsatz, die einen Abscheidegrad von 99,997 % aufweisen. Der komplette Reinraum ist mit seinen glatten Oberfl\u00e4chen so konstruiert, dass sich so gut wie keine Partikel in den Kanten absetzen k\u00f6nnen. Auch tr\u00e4gt die schn\u00f6rkellose Bauweise zur einfachen Reinigung bei und spart somit Zeit und Geld. Es stehen 4 Gr\u00f6ssen zur Verf\u00fcgung, entweder mit oder ohne Personenschleuse, auch individuelle Cleanrooms sind m\u00f6glich. Ein weiterer Vorteil zeigt sich in der einfachen Montage. Das SKAN Service-Team \u00fcbernimmt gerne den Aufbau des Reinraums, auf Wunsch kann auch eine Reinraum-Messung durchgef\u00fchrt werden. Mithilfe der detaillierten Bauanleitung und etwas handwerklichem Geschick l\u00e4sst sich der Reinraum aber auch praktisch von jedermann selbst aufbauen.<\/p>\n<h2>Cleanroom Kits von SKAN und die Features<\/h2>\n<p>Es liegt in der Natur der Sache, dass in Reinraum-Atmosph\u00e4re genaues und konzentriertes Arbeiten gefordert ist, um komplexeste Aufgaben zu erf\u00fcllen. Ein Arbeiten ohne Hindernisse sowie eine angenehme Lichtatmosph\u00e4re k\u00f6nnen da nur von Vorteil sein. Der Zutritt in den Reinraum erfolgt durch eine sanft schliessende Schiebet\u00fcre. Im Innenraum wird das Team von einer energiesparenden aber hocheffizienten LED Beleuchtung empfangen. Die SKAN Reinr\u00e4ume lassen sich leicht erweitern und passen sich den gegebenen Umst\u00e4nden an.<\/p>\n\t\t\t\t<\/div>\r\n\t\t\t<\/div>\r\n\t\t<\/div>\r\n\t<\/section>\r\n\n\n<!-- divider line-->\r\n<hr class=\"divider\"\/>\r\n\n\n\t<!-- section-->\r\n\t<section id=\"section-technology-block_60d9bf1a2faaf\" class=\"section-main section-technology\">\r\n\t\t<div class=\"container-fluid\">\r\n\t\t\t\t\t\t\t<h2 class=\"title-section\">Produkte<\/h2>\r\n\t\t\t\t\t\t\t\t\t\t\t<\/div>\r\n\t<\/section>\r\n","protected":false},"excerpt":{"rendered":"","protected":false},"author":16,"featured_media":0,"parent":0,"menu_order":0,"comment_status":"closed","ping_status":"closed","template":"","meta":{"_acf_changed":false,"inline_featured_image":false,"footnotes":""},"class_list":["post-3240","page","type-page","status-publish","hentry"],"acf":[],"yoast_head":"<!-- This site is optimized with the Yoast SEO plugin v26.9 - https:\/\/yoast.com\/product\/yoast-seo-wordpress\/ -->\n<title>Landingpage SEO Reinraum - SKAN<\/title>\n<meta name=\"robots\" content=\"index, follow, max-snippet:-1, max-image-preview:large, max-video-preview:-1\" \/>\n<link rel=\"canonical\" href=\"https:\/\/skan.com\/de\/landingpage-seo-reinraum\/\" \/>\n<meta property=\"og:locale\" content=\"de_DE\" \/>\n<meta property=\"og:type\" content=\"article\" \/>\n<meta property=\"og:title\" content=\"Landingpage SEO Reinraum - SKAN\" \/>\n<meta property=\"og:url\" content=\"https:\/\/skan.com\/de\/landingpage-seo-reinraum\/\" \/>\n<meta property=\"og:site_name\" content=\"SKAN\" \/>\n<meta property=\"article:modified_time\" content=\"2021-08-25T08:09:14+00:00\" \/>\n<meta name=\"twitter:card\" content=\"summary_large_image\" \/>\n<script type=\"application\/ld+json\" class=\"yoast-schema-graph\">{\"@context\":\"https:\/\/schema.org\",\"@graph\":[{\"@type\":\"WebPage\",\"@id\":\"https:\/\/skan.com\/de\/landingpage-seo-reinraum\/\",\"url\":\"https:\/\/skan.com\/de\/landingpage-seo-reinraum\/\",\"name\":\"Landingpage SEO Reinraum - SKAN\",\"isPartOf\":{\"@id\":\"https:\/\/skan.com\/de\/#website\"},\"datePublished\":\"2021-08-11T09:43:27+00:00\",\"dateModified\":\"2021-08-25T08:09:14+00:00\",\"breadcrumb\":{\"@id\":\"https:\/\/skan.com\/de\/landingpage-seo-reinraum\/#breadcrumb\"},\"inLanguage\":\"de\",\"potentialAction\":[{\"@type\":\"ReadAction\",\"target\":[\"https:\/\/skan.com\/de\/landingpage-seo-reinraum\/\"]}]},{\"@type\":\"BreadcrumbList\",\"@id\":\"https:\/\/skan.com\/de\/landingpage-seo-reinraum\/#breadcrumb\",\"itemListElement\":[{\"@type\":\"ListItem\",\"position\":1,\"name\":\"Home\",\"item\":\"https:\/\/skan.com\/de\/\"},{\"@type\":\"ListItem\",\"position\":2,\"name\":\"Landingpage SEO Reinraum\"}]},{\"@type\":\"WebSite\",\"@id\":\"https:\/\/skan.com\/de\/#website\",\"url\":\"https:\/\/skan.com\/de\/\",\"name\":\"SKAN\",\"description\":\"Ihr Partner f\u00fcr Forschungslaboratorien\",\"potentialAction\":[{\"@type\":\"SearchAction\",\"target\":{\"@type\":\"EntryPoint\",\"urlTemplate\":\"https:\/\/skan.com\/de\/?s={search_term_string}\"},\"query-input\":{\"@type\":\"PropertyValueSpecification\",\"valueRequired\":true,\"valueName\":\"search_term_string\"}}],\"inLanguage\":\"de\"}]}<\/script>\n<!-- \/ Yoast SEO plugin. -->","yoast_head_json":{"title":"Landingpage SEO Reinraum - SKAN","robots":{"index":"index","follow":"follow","max-snippet":"max-snippet:-1","max-image-preview":"max-image-preview:large","max-video-preview":"max-video-preview:-1"},"canonical":"https:\/\/skan.com\/de\/landingpage-seo-reinraum\/","og_locale":"de_DE","og_type":"article","og_title":"Landingpage SEO Reinraum - SKAN","og_url":"https:\/\/skan.com\/de\/landingpage-seo-reinraum\/","og_site_name":"SKAN","article_modified_time":"2021-08-25T08:09:14+00:00","twitter_card":"summary_large_image","schema":{"@context":"https:\/\/schema.org","@graph":[{"@type":"WebPage","@id":"https:\/\/skan.com\/de\/landingpage-seo-reinraum\/","url":"https:\/\/skan.com\/de\/landingpage-seo-reinraum\/","name":"Landingpage SEO Reinraum - SKAN","isPartOf":{"@id":"https:\/\/skan.com\/de\/#website"},"datePublished":"2021-08-11T09:43:27+00:00","dateModified":"2021-08-25T08:09:14+00:00","breadcrumb":{"@id":"https:\/\/skan.com\/de\/landingpage-seo-reinraum\/#breadcrumb"},"inLanguage":"de","potentialAction":[{"@type":"ReadAction","target":["https:\/\/skan.com\/de\/landingpage-seo-reinraum\/"]}]},{"@type":"BreadcrumbList","@id":"https:\/\/skan.com\/de\/landingpage-seo-reinraum\/#breadcrumb","itemListElement":[{"@type":"ListItem","position":1,"name":"Home","item":"https:\/\/skan.com\/de\/"},{"@type":"ListItem","position":2,"name":"Landingpage SEO Reinraum"}]},{"@type":"WebSite","@id":"https:\/\/skan.com\/de\/#website","url":"https:\/\/skan.com\/de\/","name":"SKAN","description":"Ihr Partner f\u00fcr Forschungslaboratorien","potentialAction":[{"@type":"SearchAction","target":{"@type":"EntryPoint","urlTemplate":"https:\/\/skan.com\/de\/?s={search_term_string}"},"query-input":{"@type":"PropertyValueSpecification","valueRequired":true,"valueName":"search_term_string"}}],"inLanguage":"de"}]}},"_links":{"self":[{"href":"https:\/\/skan.com\/de\/wp-json\/wp\/v2\/pages\/3240","targetHints":{"allow":["GET"]}}],"collection":[{"href":"https:\/\/skan.com\/de\/wp-json\/wp\/v2\/pages"}],"about":[{"href":"https:\/\/skan.com\/de\/wp-json\/wp\/v2\/types\/page"}],"author":[{"embeddable":true,"href":"https:\/\/skan.com\/de\/wp-json\/wp\/v2\/users\/16"}],"replies":[{"embeddable":true,"href":"https:\/\/skan.com\/de\/wp-json\/wp\/v2\/comments?post=3240"}],"version-history":[{"count":9,"href":"https:\/\/skan.com\/de\/wp-json\/wp\/v2\/pages\/3240\/revisions"}],"predecessor-version":[{"id":3253,"href":"https:\/\/skan.com\/de\/wp-json\/wp\/v2\/pages\/3240\/revisions\/3253"}],"wp:attachment":[{"href":"https:\/\/skan.com\/de\/wp-json\/wp\/v2\/media?parent=3240"}],"curies":[{"name":"wp","href":"https:\/\/api.w.org\/{rel}","templated":true}]}}