{"id":3186,"date":"2021-08-11T09:07:42","date_gmt":"2021-08-11T09:07:42","guid":{"rendered":"https:\/\/skan.clients.ideeal.ch\/?page_id=3186"},"modified":"2021-08-25T08:09:01","modified_gmt":"2021-08-25T08:09:01","slug":"landingpage-seo-laminar-flow","status":"publish","type":"page","link":"https:\/\/skan.com\/de\/landingpage-seo-laminar-flow\/","title":{"rendered":"Landingpage SEO Laminar Flow"},"content":{"rendered":"\t<!-- section hero-->\r\n\t<section id=\"section-hero-block_61019c8d42b89\" class=\"section-hero full-height-screen viewport-section\" >\r\n\t\t\t\t\t<a class=\"link-page-back cusomt-mod\" href=\"#\" target=\"_self\">\r\n\t\t\t\t<span class=\"page-name\">Branchen<\/span>\r\n\t\t\t<\/a>\r\n\t\t\t\t<div class=\"container-fluid\">\r\n\t\t\t<div class=\"full-width-row full-height-holder df-row\">\r\n\t\t\t\t\t\t\t\t\t<div class=\"column-text col-lg-6\">\r\n\t\t\t\t\t\t<div class=\"banner-text text-lead text-secondary js-anim-delay-parent-500 js-anim-default-parent\">\r\n\t\t\t\t\t\t\t<h1>Laminar Flow<\/h1>\n<p>Zahlreiche Anlagen von SKAN sind mit Laminar Flow ausgestattet. Dabei handelt es sich um eine spezielle Technologie der Luftf\u00fchrung. Laminar Flow erzeugt einen gleichm\u00e4ssigen, turbulenzarmen Luftstrom ohne Verwirbelungen und R\u00fcckstr\u00f6mungen. In der Regel verl\u00e4uft der Luftzug vertikal von oben nach unten. Es gibt aber auch Produktschutz-Werkb\u00e4nke mit turbulenzarmer, horizontaler Verdr\u00e4ngungsstr\u00f6mung.<\/p>\n\t\t\t\t\t\t\t\t\t\t\t\t\t\t<div class=\"scroll-down-block d-lg-block\">\r\n\t\t\t\t\t\t\t\t<a class=\"link-anchor link-anchor-down\" href=\"#anchor-block\">\r\n\t\t\t\t\t\t\t\t\tWeiter\t\t\t\t\t\t\t\t<\/a>\r\n\t\t\t\t\t\t\t<\/div>\r\n\t\t\t\t\t\t<\/div>\r\n\t\t\t\t\t<\/div>\r\n\t\t\t\t\t            \t\t\t\t\t<div class=\"column-image col-lg-6\">\r\n\t\t\t\t\t\t                                                            <div class=\"visual-box animImage\">\r\n                                                            <picture>\r\n                                                                            <source type=\"image\/jpeg\" srcset=\"https:\/\/skan.com\/wp-content\/uploads\/skan-pure-solutions-laminarflow.jpg 375w, https:\/\/skan.com\/wp-content\/uploads\/skan-pure-solutions-laminarflow.jpg 750w\" sizes=\"100vw\" media=\"(max-width: 767px)\"\/>\r\n                                                                        <source type=\"image\/jpeg\" srcset=\"https:\/\/skan.com\/wp-content\/uploads\/skan-pure-solutions-laminarflow.jpg 736w, https:\/\/skan.com\/wp-content\/uploads\/skan-pure-solutions-laminarflow.jpg 1472w\" sizes=\"(min-width: 768px) 50vw, 100vw\"\/>\r\n                                    <img loading=\"lazy\" decoding=\"async\" width=\"1472\" height=\"1600\" src=\"https:\/\/skan.com\/wp-content\/uploads\/skan-pure-solutions-laminarflow.jpg\" class=\"attachment-full size-full\" alt=\"\" srcset=\"https:\/\/skan.com\/wp-content\/uploads\/skan-pure-solutions-laminarflow.jpg 1472w, https:\/\/skan.com\/wp-content\/uploads\/skan-pure-solutions-laminarflow-276x300.jpg 276w, https:\/\/skan.com\/wp-content\/uploads\/skan-pure-solutions-laminarflow-942x1024.jpg 942w, https:\/\/skan.com\/wp-content\/uploads\/skan-pure-solutions-laminarflow-768x835.jpg 768w, https:\/\/skan.com\/wp-content\/uploads\/skan-pure-solutions-laminarflow-1413x1536.jpg 1413w, https:\/\/skan.com\/wp-content\/uploads\/skan-pure-solutions-laminarflow-736x800.jpg 736w\" sizes=\"auto, (max-width: 1472px) 100vw, 1472px\" \/>                                <\/picture>\r\n                            <\/div>\t\t\t\t\t\t                        \t\t\t\t\t<\/div>\r\n\t            \t\t\t<\/div>\r\n\t\t<\/div>\r\n\t<\/section>\r\n\t<div id=\"anchor-block\"><\/div>\r\n\n\n<!-- divider line-->\r\n<hr class=\"divider\"\/>\r\n\n\n\t<section class=\"text-section \">\r\n\t\t<div id=\"text-sectionblock_610aa7dd526b3\" class=\"section-main twocolumns-section\">\r\n\t\t\t<div class=\"container-fluid\">\r\n\t\t\t\t\t\t\t\t\t<h1>Laminar Flow &#8211; Technologie f\u00fcr partikelfreie Zonen<\/h1>\r\n\t\t\t\t\t\t\t\t<div class=\"column-text\">\r\n\t\t\t\t\t<h2>Welchen Vorteil bietet Laminar Flow?<\/h2>\n<p>Die Laminar Flow-Technologie erzeugt eine gleichm\u00e4ssige Str\u00f6mung. Ausser bei heftigen Hand- und Personenbewegungen, externen Luftstromquellen sowie anderen St\u00f6rungen bleibt der Luftstrom nahezu konstant auf ein bestimmtes Ziel gerichtet. Der Laminar Flow wirkt einer Kreuzkontamination effektiv entgegen. Die Luft str\u00f6mt in Schichten, ohne dass sich diese vermischen. Der permanente Strom gefilterter Luft bef\u00f6rdert selbst feine Partikel mit gleichm\u00e4ssiger Geschwindigkeit auf direktem Weg aus dem Arbeitsbereich und h\u00e4lt diesen somit rein. Es entsteht eine partikelfreie Arbeitsatmosph\u00e4re. HEPA Filter in der Sicherheitswerkbank und an anderen Laminar Flow-Ger\u00e4ten halten Aerosole und Mikroorganismen zuverl\u00e4ssig zur\u00fcck. Die st\u00e4ndige Luftzufuhr verhindert das Eindringen von Partikeln in die saubere Zone. Entstehen Partikel in der reinen Zone, dann gelangen diese mit der Str\u00f6mung nach draussen. Das Laminar Flow-System ist somit Teil eines umfassenden Hygiene- und Reinheitskonzepts. SKAN bietet drei Schutzarten: Schutz f\u00fcr die Umgebung, das Produkt und die Person. Die Erzeugung eines reinen Bereiches sch\u00fctzt das betreffende Produkt vor einer \u00fcber die Luft stattfindenden \u00dcbertragung von Mikroorganismen und Partikeln. Dar\u00fcber hinaus profitiert der Anwender, durch ein gezieltes Zusammenspiel von Laminar Flow, Luftf\u00fchrung und mehreren Filterstufen, von einem Schutz seiner Person. Der Umgang mit toxischen und infekti\u00f6sen biologischen Arbeitsstoffen gestaltet sich somit sicher. Ausserdem verhindern direkt an der Quelle sitzende Filter die Kontamination der Umgebung mit Schadstoffen.<\/p>\n<h2>Die Einsatzgebiete der Laminar Flow-Technologie<\/h2>\n<p>Laminar Flow bietet in vielen Bereichen Vorteile. Die Technologie kommt insbesondere in der Mikroskopie, Physiologie und bei der Probenvorbereitung in wissenschaftlichen Laboren zum Einsatz. Laminar Flow ist unter anderem in die Sicherheitswerkbank integriert und erm\u00f6glicht somit selbst mit gef\u00e4hrlichen Stoffen ein risikoarmes Arbeiten. Hierbei stehen stets die speziellen Bed\u00fcrfnisse der Anwender im Fokus. Eine Sicherheitswerkbank von SKAN leistet in Laboren und Forschungseinrichtungen ebenso gute Dienste wie im Bereich der Biotec- und Life-Sciences. Die innovativen Produkte sind unter anderem im Spital und in Apotheken sowie allgemein in der Medizinaltechnik im Einsatz. Selbst in der Lebensmittelindustrie und in der Mechatronik sch\u00e4tzt man die hochentwickelten Technologien. Dar\u00fcber hinaus konzipiert SKAN auf Wunsch reine Bereiche und Arbeitspl\u00e4tze mit Laminar Flow, die perfekt auf die jeweiligen Bed\u00fcrfnisse abgestimmt ist<\/p>\n\t\t\t\t<\/div>\r\n\t\t\t<\/div>\r\n\t\t<\/div>\r\n\t<\/section>\r\n\n\n<!-- divider line-->\r\n<hr class=\"divider\"\/>\r\n\n\n\t<!-- section-->\r\n\t<section id=\"section-technology-block_60d9bf1a2faaf\" class=\"section-main section-technology\">\r\n\t\t<div class=\"container-fluid\">\r\n\t\t\t\t\t\t\t<h2 class=\"title-section\">Produkte<\/h2>\r\n\t\t\t\t\t\t\t\t\t\t\t<\/div>\r\n\t<\/section>\r\n","protected":false},"excerpt":{"rendered":"","protected":false},"author":16,"featured_media":0,"parent":0,"menu_order":0,"comment_status":"closed","ping_status":"closed","template":"","meta":{"_acf_changed":false,"inline_featured_image":false,"footnotes":""},"class_list":["post-3186","page","type-page","status-publish","hentry"],"acf":[],"yoast_head":"<!-- This site is optimized with the Yoast SEO plugin v26.9 - https:\/\/yoast.com\/product\/yoast-seo-wordpress\/ -->\n<title>Landingpage SEO Laminar Flow - SKAN<\/title>\n<meta name=\"robots\" content=\"index, follow, max-snippet:-1, max-image-preview:large, max-video-preview:-1\" \/>\n<link rel=\"canonical\" href=\"https:\/\/skan.com\/de\/landingpage-seo-laminar-flow\/\" \/>\n<meta property=\"og:locale\" content=\"de_DE\" \/>\n<meta property=\"og:type\" content=\"article\" \/>\n<meta property=\"og:title\" content=\"Landingpage SEO Laminar Flow - SKAN\" \/>\n<meta property=\"og:url\" content=\"https:\/\/skan.com\/de\/landingpage-seo-laminar-flow\/\" \/>\n<meta property=\"og:site_name\" content=\"SKAN\" \/>\n<meta property=\"article:modified_time\" content=\"2021-08-25T08:09:01+00:00\" \/>\n<meta name=\"twitter:card\" content=\"summary_large_image\" \/>\n<script type=\"application\/ld+json\" class=\"yoast-schema-graph\">{\"@context\":\"https:\/\/schema.org\",\"@graph\":[{\"@type\":\"WebPage\",\"@id\":\"https:\/\/skan.com\/de\/landingpage-seo-laminar-flow\/\",\"url\":\"https:\/\/skan.com\/de\/landingpage-seo-laminar-flow\/\",\"name\":\"Landingpage SEO Laminar Flow - SKAN\",\"isPartOf\":{\"@id\":\"https:\/\/skan.com\/de\/#website\"},\"datePublished\":\"2021-08-11T09:07:42+00:00\",\"dateModified\":\"2021-08-25T08:09:01+00:00\",\"breadcrumb\":{\"@id\":\"https:\/\/skan.com\/de\/landingpage-seo-laminar-flow\/#breadcrumb\"},\"inLanguage\":\"de\",\"potentialAction\":[{\"@type\":\"ReadAction\",\"target\":[\"https:\/\/skan.com\/de\/landingpage-seo-laminar-flow\/\"]}]},{\"@type\":\"BreadcrumbList\",\"@id\":\"https:\/\/skan.com\/de\/landingpage-seo-laminar-flow\/#breadcrumb\",\"itemListElement\":[{\"@type\":\"ListItem\",\"position\":1,\"name\":\"Home\",\"item\":\"https:\/\/skan.com\/de\/\"},{\"@type\":\"ListItem\",\"position\":2,\"name\":\"Landingpage SEO Laminar Flow\"}]},{\"@type\":\"WebSite\",\"@id\":\"https:\/\/skan.com\/de\/#website\",\"url\":\"https:\/\/skan.com\/de\/\",\"name\":\"SKAN\",\"description\":\"Ihr Partner f\u00fcr Forschungslaboratorien\",\"potentialAction\":[{\"@type\":\"SearchAction\",\"target\":{\"@type\":\"EntryPoint\",\"urlTemplate\":\"https:\/\/skan.com\/de\/?s={search_term_string}\"},\"query-input\":{\"@type\":\"PropertyValueSpecification\",\"valueRequired\":true,\"valueName\":\"search_term_string\"}}],\"inLanguage\":\"de\"}]}<\/script>\n<!-- \/ Yoast SEO plugin. -->","yoast_head_json":{"title":"Landingpage SEO Laminar Flow - SKAN","robots":{"index":"index","follow":"follow","max-snippet":"max-snippet:-1","max-image-preview":"max-image-preview:large","max-video-preview":"max-video-preview:-1"},"canonical":"https:\/\/skan.com\/de\/landingpage-seo-laminar-flow\/","og_locale":"de_DE","og_type":"article","og_title":"Landingpage SEO Laminar Flow - SKAN","og_url":"https:\/\/skan.com\/de\/landingpage-seo-laminar-flow\/","og_site_name":"SKAN","article_modified_time":"2021-08-25T08:09:01+00:00","twitter_card":"summary_large_image","schema":{"@context":"https:\/\/schema.org","@graph":[{"@type":"WebPage","@id":"https:\/\/skan.com\/de\/landingpage-seo-laminar-flow\/","url":"https:\/\/skan.com\/de\/landingpage-seo-laminar-flow\/","name":"Landingpage SEO Laminar Flow - SKAN","isPartOf":{"@id":"https:\/\/skan.com\/de\/#website"},"datePublished":"2021-08-11T09:07:42+00:00","dateModified":"2021-08-25T08:09:01+00:00","breadcrumb":{"@id":"https:\/\/skan.com\/de\/landingpage-seo-laminar-flow\/#breadcrumb"},"inLanguage":"de","potentialAction":[{"@type":"ReadAction","target":["https:\/\/skan.com\/de\/landingpage-seo-laminar-flow\/"]}]},{"@type":"BreadcrumbList","@id":"https:\/\/skan.com\/de\/landingpage-seo-laminar-flow\/#breadcrumb","itemListElement":[{"@type":"ListItem","position":1,"name":"Home","item":"https:\/\/skan.com\/de\/"},{"@type":"ListItem","position":2,"name":"Landingpage SEO Laminar Flow"}]},{"@type":"WebSite","@id":"https:\/\/skan.com\/de\/#website","url":"https:\/\/skan.com\/de\/","name":"SKAN","description":"Ihr Partner f\u00fcr Forschungslaboratorien","potentialAction":[{"@type":"SearchAction","target":{"@type":"EntryPoint","urlTemplate":"https:\/\/skan.com\/de\/?s={search_term_string}"},"query-input":{"@type":"PropertyValueSpecification","valueRequired":true,"valueName":"search_term_string"}}],"inLanguage":"de"}]}},"_links":{"self":[{"href":"https:\/\/skan.com\/de\/wp-json\/wp\/v2\/pages\/3186","targetHints":{"allow":["GET"]}}],"collection":[{"href":"https:\/\/skan.com\/de\/wp-json\/wp\/v2\/pages"}],"about":[{"href":"https:\/\/skan.com\/de\/wp-json\/wp\/v2\/types\/page"}],"author":[{"embeddable":true,"href":"https:\/\/skan.com\/de\/wp-json\/wp\/v2\/users\/16"}],"replies":[{"embeddable":true,"href":"https:\/\/skan.com\/de\/wp-json\/wp\/v2\/comments?post=3186"}],"version-history":[{"count":1,"href":"https:\/\/skan.com\/de\/wp-json\/wp\/v2\/pages\/3186\/revisions"}],"predecessor-version":[{"id":3187,"href":"https:\/\/skan.com\/de\/wp-json\/wp\/v2\/pages\/3186\/revisions\/3187"}],"wp:attachment":[{"href":"https:\/\/skan.com\/de\/wp-json\/wp\/v2\/media?parent=3186"}],"curies":[{"name":"wp","href":"https:\/\/api.w.org\/{rel}","templated":true}]}}