{"id":3113,"date":"2021-08-25T08:09:28","date_gmt":"2021-08-25T08:09:28","guid":{"rendered":"https:\/\/skan.clients.ideeal.ch\/?page_id=3113"},"modified":"2023-11-23T15:32:56","modified_gmt":"2023-11-23T15:32:56","slug":"landingpage-sea-calistair-raumdekontamination","status":"publish","type":"page","link":"https:\/\/skan.com\/de\/landingpage-sea-calistair-raumdekontamination\/","title":{"rendered":"Landingpage SEA Calistair Raumdekontamination"},"content":{"rendered":"\t<!-- section hero-->\r\n\t<section id=\"section-hero-block_5341681071a2129c188ea423d8c0d00b\" class=\"section-hero full-height-screen viewport-section\" >\r\n\t\t\t\t\t<a class=\"link-page-back cusomt-mod\" href=\"#\" target=\"_self\">\r\n\t\t\t\t<span class=\"page-name\">Branchen<\/span>\r\n\t\t\t<\/a>\r\n\t\t\t\t<div class=\"container-fluid\">\r\n\t\t\t<div class=\"full-width-row full-height-holder df-row\">\r\n\t\t\t\t\t\t\t\t\t<div class=\"column-text col-lg-6\">\r\n\t\t\t\t\t\t<div class=\"banner-text text-lead text-secondary js-anim-delay-parent-500 js-anim-default-parent\">\r\n\t\t\t\t\t\t\t<h1>Atmen Sie virenfreie Luft?<\/h1>\n<p>Sch\u00fctzen Sie die Gesundheit ihrer Mitarbeiter, Patienten, Besucher und minimieren Sie die Ansteckungsgefahr.<\/p>\n<p>In einem geschlossenen Raum atmet, hustet, niest ein Infizierter immer wieder Virenwolken in Form von Aerosolen aus.<br \/>Daher warnt das Robert Koch-Institut (RKI), vor l\u00e4ngeren Aufenthalten in kleinen, schlecht oder nicht bel\u00fcfteten R\u00e4umen. Die Wahrscheinlichkeit einer \u00dcbertragung, auch \u00fcber eine gr\u00f6ssere Distanz, ist in solchen R\u00e4umlichkeiten erh\u00f6ht, da die Konzentration der Viren in der Luft stark ansteigt.<\/p>\n\t\t\t\t\t\t\t\t\t\t\t\t\t\t<div class=\"scroll-down-block d-lg-block\">\r\n\t\t\t\t\t\t\t\t<a class=\"link-anchor link-anchor-down\" href=\"#anchor-block\">\r\n\t\t\t\t\t\t\t\t\tWeiter\t\t\t\t\t\t\t\t<\/a>\r\n\t\t\t\t\t\t\t<\/div>\r\n\t\t\t\t\t\t<\/div>\r\n\t\t\t\t\t<\/div>\r\n\t\t\t\t\t            \t\t\t\t\t<div class=\"column-image col-lg-6\">\r\n\t\t\t\t\t\t                                                            <div class=\"visual-box animImage\">\r\n                                                            <picture>\r\n                                                                            <source type=\"image\/jpeg\" srcset=\"https:\/\/skan.com\/wp-content\/uploads\/skan-pure-solutions-air-decontamination-calistair-3-1.jpg 375w, https:\/\/skan.com\/wp-content\/uploads\/skan-pure-solutions-air-decontamination-calistair-3-1.jpg 750w\" sizes=\"100vw\" media=\"(max-width: 767px)\"\/>\r\n                                                                        <source type=\"image\/jpeg\" srcset=\"https:\/\/skan.com\/wp-content\/uploads\/skan-pure-solutions-air-decontamination-calistair-3-1.jpg 736w, https:\/\/skan.com\/wp-content\/uploads\/skan-pure-solutions-air-decontamination-calistair-3-1.jpg 1472w\" sizes=\"(min-width: 768px) 50vw, 100vw\"\/>\r\n                                    <img loading=\"lazy\" decoding=\"async\" width=\"1472\" height=\"1600\" src=\"https:\/\/skan.com\/wp-content\/uploads\/skan-pure-solutions-air-decontamination-calistair-3-1.jpg\" class=\"attachment-full size-full\" alt=\"\" srcset=\"https:\/\/skan.com\/wp-content\/uploads\/skan-pure-solutions-air-decontamination-calistair-3-1.jpg 1472w, https:\/\/skan.com\/wp-content\/uploads\/skan-pure-solutions-air-decontamination-calistair-3-1-276x300.jpg 276w, https:\/\/skan.com\/wp-content\/uploads\/skan-pure-solutions-air-decontamination-calistair-3-1-942x1024.jpg 942w, https:\/\/skan.com\/wp-content\/uploads\/skan-pure-solutions-air-decontamination-calistair-3-1-768x835.jpg 768w, https:\/\/skan.com\/wp-content\/uploads\/skan-pure-solutions-air-decontamination-calistair-3-1-1413x1536.jpg 1413w, https:\/\/skan.com\/wp-content\/uploads\/skan-pure-solutions-air-decontamination-calistair-3-1-736x800.jpg 736w\" sizes=\"auto, (max-width: 1472px) 100vw, 1472px\" \/>                                <\/picture>\r\n                            <\/div>\t\t\t\t\t\t                        \t\t\t\t\t<\/div>\r\n\t            \t\t\t<\/div>\r\n\t\t<\/div>\r\n\t<\/section>\r\n\t<div id=\"anchor-block\"><\/div>\r\n\n\n<!-- divider line-->\r\n<hr class=\"divider\"\/>\r\n\n\n\t<section id=\"section-sides-block_5a9e533ada80594b867668222e3d8676\" class=\"section-main section-sides\">\r\n\t\t<div class=\"container-fluid\">\r\n\t\t\t<div class=\"df-row section-sides-row\">\r\n\t\t\t\t\t\t\t\t\t<div class=\"column-image col-lg-6\">\r\n\t\t\t\t\t\t<div class=\"img-wrap\">\r\n\t\t\t\t\t\t\t<div class=\"vd\">\r\n\t\t\t\t\t\t\t\t<img loading=\"lazy\" decoding=\"async\" width=\"740\" height=\"740\" src=\"https:\/\/skan.com\/wp-content\/uploads\/skan-pure-solutions-air-decontamination-calistair-2.jpg\" class=\"attachment-full size-full\" alt=\"\" srcset=\"https:\/\/skan.com\/wp-content\/uploads\/skan-pure-solutions-air-decontamination-calistair-2.jpg 740w, https:\/\/skan.com\/wp-content\/uploads\/skan-pure-solutions-air-decontamination-calistair-2-300x300.jpg 300w, https:\/\/skan.com\/wp-content\/uploads\/skan-pure-solutions-air-decontamination-calistair-2-150x150.jpg 150w, https:\/\/skan.com\/wp-content\/uploads\/skan-pure-solutions-air-decontamination-calistair-2-50x50.jpg 50w, https:\/\/skan.com\/wp-content\/uploads\/skan-pure-solutions-air-decontamination-calistair-2-180x180.jpg 180w, https:\/\/skan.com\/wp-content\/uploads\/skan-pure-solutions-air-decontamination-calistair-2-360x360.jpg 360w, https:\/\/skan.com\/wp-content\/uploads\/skan-pure-solutions-air-decontamination-calistair-2-375x375.jpg 375w\" sizes=\"auto, (max-width: 740px) 100vw, 740px\" \/>\t\t\t\t\t\t\t<\/div>\r\n\t\t\t\t\t\t\t<div class=\"vm\">\r\n\t\t\t\t\t\t\t\t\t\t\t\t\t\t\t\t\t<img loading=\"lazy\" decoding=\"async\" width=\"740\" height=\"740\" src=\"https:\/\/skan.com\/wp-content\/uploads\/skan-pure-solutions-air-decontamination-calistair-2.jpg\" class=\"attachment-full size-full\" alt=\"\" srcset=\"https:\/\/skan.com\/wp-content\/uploads\/skan-pure-solutions-air-decontamination-calistair-2.jpg 740w, https:\/\/skan.com\/wp-content\/uploads\/skan-pure-solutions-air-decontamination-calistair-2-300x300.jpg 300w, https:\/\/skan.com\/wp-content\/uploads\/skan-pure-solutions-air-decontamination-calistair-2-150x150.jpg 150w, https:\/\/skan.com\/wp-content\/uploads\/skan-pure-solutions-air-decontamination-calistair-2-50x50.jpg 50w, https:\/\/skan.com\/wp-content\/uploads\/skan-pure-solutions-air-decontamination-calistair-2-180x180.jpg 180w, https:\/\/skan.com\/wp-content\/uploads\/skan-pure-solutions-air-decontamination-calistair-2-360x360.jpg 360w, https:\/\/skan.com\/wp-content\/uploads\/skan-pure-solutions-air-decontamination-calistair-2-375x375.jpg 375w\" sizes=\"auto, (max-width: 740px) 100vw, 740px\" \/>\t\t\t\t\t\t\t\t\t\t\t\t\t\t\t<\/div>\r\n\t\t\t\t\t\t<\/div>\r\n\t\t\t\t\t<\/div>\r\n\t\t\t\t\t\t\t\t\t\t\t\t\t<div class=\"column-text col-lg-6\">\r\n\t\t\t\t\t\t<h2>Einzigartige Technologie<\/h2>\n<p>Die einzigartige Technologie von Calistair sorgt, neben der Luftumw\u00e4lzung, f\u00fcr nachweislich virenfreie Raumluft.<br \/>\nSchadstoffe (neben Viren auch Keime, Pilze, Bakterien, Partikel) werden mittels Adsorption gebunden und im zweiten Schritt durch die nicht-thermische Katalyse zerst\u00f6rt, zur\u00fcck bleibt reine und schadstofffreie Luft.<br \/>\nEin renomiertes franz\u00f6sisches Testlabor hat die Wirksamkeit gegen\u00fcber Coronaviren und weiteren Mikroorganismen mehrfach nachgewiesen.<\/p>\n\t\t\t\t\t\t\t\t\t\t\t\t\t<div class=\"btn-wrap\">\r\n\t\t\t\t\t\t\t\t<a class=\"btn btn-secondary\" href=\"https:\/\/skan.com\/produkt\/pure-solutions\/vertikal-flow-werkbank-vlft\/\" target=\"_self\">zum Produkt ????????<\/a>\r\n\t\t\t\t\t\t\t<\/div>\r\n\t\t\t\t\t\t\t\t\t\t\t<\/div>\r\n\t\t\t\t\t\t\t<\/div>\r\n\t\t\t\t\t<\/div>\r\n\t<\/section>\r\n\n\n<!-- divider line-->\r\n<hr class=\"divider\"\/>\r\n\n\n<div class=\"g-container\"><div class=\"inner\">\t<section id=\"section-content-block_1e323df3d0ed2bfeeb3f795a40f4ccf5\" class=\"section-content video-mod\">\r\n\t\t<div class=\"container-fluid\">\r\n\t\t\t<div class=\"column-text\">\r\n\t\t\t\t\t\t\t\t\t<div class=\"block heading-block\">\r\n\t\t\t\t\t\t<h2>Die L\u00f6sung<\/h2>\n<p>Die Technologie wird in Kombination mit HEPA-Filtern (H14) in den mobilen Luftdekontaminations- und Aufreinigungsanlagen verwendet. Die Anlagen sind in zwei Gr\u00f6ssen, Typen R4000 und C300, erh\u00e4ltlich und k\u00f6nnen in R\u00e4umen bis 150 m<sup>2<\/sup> eingesetzt werden.<\/p>\n\t\t\t\t\t<\/div>\r\n\t\t\t\t\t\t\t\t\t\t\t\t\t<div class=\"block img-block\">\r\n\t\t\t\t\t\t\t\t\t\t\t\t\t\t\t\t\t\t\t\t\t\t\t\t\t<div class=\"video-wrap img-wrap\">\r\n\t\t\t\t\t\t\t\t\t\t\t\t\t\t\t\t\t<div class=\"vd\">\r\n\t\t\t\t\t\t\t\t\t\t<img loading=\"lazy\" decoding=\"async\" width=\"2465\" height=\"1295\" src=\"https:\/\/skan.com\/wp-content\/uploads\/skan-pure-solutions-air-decontamination-calistair.jpg\" class=\"attachment-full size-full\" alt=\"\" srcset=\"https:\/\/skan.com\/wp-content\/uploads\/skan-pure-solutions-air-decontamination-calistair.jpg 2465w, https:\/\/skan.com\/wp-content\/uploads\/skan-pure-solutions-air-decontamination-calistair-300x158.jpg 300w, https:\/\/skan.com\/wp-content\/uploads\/skan-pure-solutions-air-decontamination-calistair-1024x538.jpg 1024w, https:\/\/skan.com\/wp-content\/uploads\/skan-pure-solutions-air-decontamination-calistair-768x403.jpg 768w, https:\/\/skan.com\/wp-content\/uploads\/skan-pure-solutions-air-decontamination-calistair-1536x807.jpg 1536w, https:\/\/skan.com\/wp-content\/uploads\/skan-pure-solutions-air-decontamination-calistair-2048x1076.jpg 2048w\" sizes=\"auto, (max-width: 2465px) 100vw, 2465px\" \/>\t\t\t\t\t\t\t\t\t<\/div>\r\n\t\t\t\t\t\t\t\t\t<div class=\"vm\">\r\n\t\t\t\t\t\t\t\t\t\t\t\t\t\t\t\t\t\t\t\t\t<img loading=\"lazy\" decoding=\"async\" width=\"2465\" height=\"1295\" src=\"https:\/\/skan.com\/wp-content\/uploads\/skan-pure-solutions-air-decontamination-calistair.jpg\" class=\"attachment-full size-full\" alt=\"\" srcset=\"https:\/\/skan.com\/wp-content\/uploads\/skan-pure-solutions-air-decontamination-calistair.jpg 2465w, https:\/\/skan.com\/wp-content\/uploads\/skan-pure-solutions-air-decontamination-calistair-300x158.jpg 300w, https:\/\/skan.com\/wp-content\/uploads\/skan-pure-solutions-air-decontamination-calistair-1024x538.jpg 1024w, https:\/\/skan.com\/wp-content\/uploads\/skan-pure-solutions-air-decontamination-calistair-768x403.jpg 768w, https:\/\/skan.com\/wp-content\/uploads\/skan-pure-solutions-air-decontamination-calistair-1536x807.jpg 1536w, https:\/\/skan.com\/wp-content\/uploads\/skan-pure-solutions-air-decontamination-calistair-2048x1076.jpg 2048w\" sizes=\"auto, (max-width: 2465px) 100vw, 2465px\" \/>\t\t\t\t\t\t\t\t\t\t\t\t\t\t\t\t\t\t\t<\/div>\r\n\t\t\t\t\t\t\t\t\t\t\t\t\t\t\t\t\t\t\t\t\t\t\t\t\t<div class=\"btn-wrap\">\r\n\t\t\t\t\t\t\t\t\t\t<a data-fancybox href=\"https:\/\/youtu.be\/ET3XYuc9iAI\" title=\"Play Video\">\r\n                                            <svg width=\"140\" height=\"140\" viewBox=\"0 0 140 140\" fill=\"none\" xmlns=\"http:\/\/www.w3.org\/2000\/svg\">\r\n                                                <circle cx=\"70\" cy=\"70\" r=\"69.25\" stroke=\"#fff\" stroke-opacity=\".8\" stroke-width=\"1.5\"><\/circle>\r\n                                                <path d=\"m60 50 26 20-26 20V50Z\" fill=\"#fff\"><\/path>\r\n                                            <\/svg>\r\n                                        <\/a>\r\n\t\t\t\t\t\t\t\t\t<\/div>\r\n\t\t\t\t\t\t\t\t\t\t\t\t\t\t\t<\/div>\r\n\t\t\t\t\t\t\t\t\t\t\t<\/div>\r\n\t\t\t\t\t\t\t<\/div>\r\n\t\t<\/div>\r\n\t<\/section>\r\n<\/div><\/div>\n\n<!-- divider line-->\r\n<hr class=\"divider\"\/>\r\n\n\n\t<!-- section-->\r\n\t<section id=\"section-technology-block_95864eac2a885ed549849817965ef230\" class=\"section-main section-technology\">\r\n\t\t<div class=\"container-fluid\">\r\n\t\t\t\t\t\t\t<h2 class=\"title-section\">Produkte<\/h2>\r\n\t\t\t\t\t\t\t\t\t\t\t<\/div>\r\n\t<\/section>\r\n\n\n<!-- divider line-->\r\n<hr class=\"divider\"\/>\r\n\n\n\t<!-- section services-->\r\n\t<section id=\"section-services-block_cc78e3099b34b62507e44dd5ac017944\" class=\"section-main section-services three-col-mod\">\r\n\t\t<div class=\"container-fluid\">\r\n\t\t\t\t\t\t\t<h2 class=\"title-section\">Services<\/h2>\r\n\t\t\t\t\t\t\t\t\t\t\t\t\t<!-- gallery services list-->\r\n\t\t\t\t<div class=\"gallery-services-list slider-with-controls-mobile\">\r\n\t\t\t\t\t<div class=\"controls\">\r\n\t\t\t\t\t\t<!--.dots-->\r\n\t\t\t\t\t\t<div class=\"arrows\"><\/div>\r\n\t\t\t\t\t<\/div>\r\n\t\t\t\t\t<div class=\"list-slider-mobile\">\r\n\t\t\t\t\t\t\t\t\t\t\t\t\t<div class=\"slide-service\">\r\n\t\t\t\t\t\t\t\t<div class=\"slide-holder popup-service-wrap\">\r\n\t\t\t\t\t\t\t\t\t\t\t\t\t\t\t\t\t\t<a data-hash=\"#raumdekontamination\" class=\"card-service open-popup-service\" href=\"#\">\r\n\t\t\t\t\t\t\t\t\t\t\t\t\t\t\t\t\t\t\t\t\t<div class=\"card-img\">\r\n\t\t\t\t\t\t\t\t\t\t\t\t<img loading=\"lazy\" decoding=\"async\" width=\"96\" height=\"96\" src=\"https:\/\/skan.com\/wp-content\/uploads\/H2O2-Raumdekontamination.svg\" class=\"attachment-full size-full\" alt=\"\" \/>\t\t\t\t\t\t\t\t\t\t\t<\/div>\r\n\t\t\t\t\t\t\t\t\t\t\t\t\t\t\t\t\t\t\t\t<div class=\"card-body\">\r\n\t\t\t\t\t\t\t\t\t\t\t<h3 class=\"card-title\">H\u2082O\u2082-Raumdekontamination<\/h3>\r\n\t\t\t\t\t\t\t\t\t\t\t<p>Modernste Dekontaminationstechnologie f\u00fcr zuverl\u00e4ssige Ergebnisse<\/p>\n\t\t\t\t\t\t\t\t\t\t\t\t\t\t\t\t\t\t\t\t\t\t\t<div class=\"link-wrap\">\r\n\t\t\t\t\t\t\t\t\t\t\t\t\t<span class=\"link-arrowed\">Details<span class=\"plus\"><\/span><\/span>\r\n\t\t\t\t\t\t\t\t\t\t\t\t<\/div>\r\n\t\t\t\t\t\t\t\t\t\t\t\t\t\t\t\t\t\t\t\t\t<\/div>\r\n\t\t\t\t\t\t\t\t\t<\/a>\t\t\t\t\t\t\t\t\t\t\t\t\t\t\t\t\t\t\t\t\t\t\t\t\t\t\t\t\t\t\t\t\t\t\t\t\t\t\t\t<div class=\"popup-service\">\r\n\t\t\t\t\t\t\t\t\t\t\t\t<a class=\"close-popup-service btn btn-secondary btn-close\" href=\"#\">Close<\/a>\r\n\t\t\t\t\t\t\t\t\t\t\t\t<div class=\"popup-service-holder\">\r\n\t\t\t\t\t\t\t\t\t\t\t\t\t<div class=\"card-service-popup \">\r\n\t\t\t\t\t\t\t\t\t\t\t\t\t\t\t\t\t\t\t\t\t\t\t\t\t\t\t\t\t<div class=\"card-img\">\r\n\t\t\t\t\t\t\t\t\t\t\t\t\t\t\t\t<img loading=\"lazy\" decoding=\"async\" width=\"96\" height=\"96\" src=\"https:\/\/skan.com\/wp-content\/uploads\/H2O2-Raumdekontamination.svg\" class=\"attachment-full size-full\" alt=\"\" \/>\t\t\t\t\t\t\t\t\t\t\t\t\t\t\t<\/div>\r\n\t\t\t\t\t\t\t\t\t\t\t\t\t\t\t\t\t\t\t\t\t\t\t\t\t\t\t\t<div class=\"card-body\">\r\n\t\t\t\t\t\t\t\t\t\t\t\t\t\t\t\t\t\t\t\t\t\t\t\t\t\t\t\t\t\t\t<div class=\"title-block\">\r\n\t\t\t\t\t\t\t\t\t\t\t\t\t\t\t\t\t\t\t\t\t\t\t\t\t\t\t\t\t\t\t\t\t\t\t<h2 class=\"card-title\">H\u2082O\u2082-Raumdekontamination<\/h2>\r\n\t\t\t\t\t\t\t\t\t\t\t\t\t\t\t\t\t\t\t\t\t\t\t\t\t\t\t\t\t\t\t\t\t\t\t\t\t\t\t\t\t\t\t\t\t\t\t\t\t\t\t\t<h3 class=\"card-subtitle\">Modernste Dekontaminationstechnologie f\u00fcr zuverl\u00e4ssige Ergebnisse<\/h3>\r\n\t\t\t\t\t\t\t\t\t\t\t\t\t\t\t\t\t\t\t\t\t\t\t\t\t\t\t\t\t\t\t\t\t<\/div>\r\n\t\t\t\t\t\t\t\t\t\t\t\t\t\t\t\t\t\t\t\t\t\t\t\t\t\t\t\t\t\t\t\t\t\t\t\t\t\t\t\t\t\t\t\t\t\t<p>R\u00e4ume werden heute mit &#8222;kalten&#8220; Verfahren dekontaminiert. Dadurch reduziert man schonend und zuverl\u00e4ssig die Keimbelastung auf Oberfl\u00e4chen, Filtern, ein- und ausgebrachten Materialien und Ger\u00e4ten.<\/p>\r\n\t\t\t\t\t\t\t\t\t\t\t\t\t\t\t\t\t\t\t\t\t\t\t\t\t\t\t\t\t\t\t\t\t\t\t\t\t\t\t\t\t\t\t\t\t\t<div class=\"contact-box\">\r\n\t\t\t\t\t\t\t\t\t\t\t\t\t\t\t\t\t\t\t\t\t\t\t\t\t\t\t\t\t\t\t\t\t\t\t<h3>Alles zum Service<\/h3>\r\n\t\t\t\t\t\t\t\t\t\t\t\t\t\t\t\t\t\t\t\t\t\t\t\t\t\t\t\t\t\t\t\t\t\t\t\t\t\t\t\t\t\t\t\t\t\t\t\t\t\t\t\t\t\t\t\t\t\t\t\t\t\t\t\t\t\t\t\t\t<div class=\"btn-wrap\">\r\n\t\t\t\t\t\t\t\t\t\t\t\t\t\t\t\t\t\t\t<a class=\"btn btn-secondary\" href=\"https:\/\/skan.com\/services\/produkte-und-services-fuers-labor\/service-h2o2-raumdekontamination\/\" target=\"_self\">Mehr erfahren<\/a>\r\n\t\t\t\t\t\t\t\t\t\t\t\t\t\t\t\t\t\t<\/div>\r\n\t\t\t\t\t\t\t\t\t\t\t\t\t\t\t\t\t\t\t\t\t\t\t\t\t\t\t\t\t\t\t\t\t<\/div>\r\n\t\t\t\t\t\t\t\t\t\t\t\t\t\t\t\t\t\t\t\t\t\t\t\t\t\t\t\t\t<\/div>\r\n\t\t\t\t\t\t\t\t\t\t\t\t\t<\/div>\r\n\t\t\t\t\t\t\t\t\t\t\t\t<\/div>\r\n\t\t\t\t\t\t\t\t\t\t\t<\/div>\r\n\t\t\t\t\t\t\t\t\t\t\t\t\t\t\t\t\t\t\t\t\t\t\t\t\t\t\t<\/div>\r\n\t\t\t\t\t\t\t<\/div>\r\n\t\t\t\t\t\t\t\t\t\t\t\t\t<div class=\"slide-service\">\r\n\t\t\t\t\t\t\t\t<div class=\"slide-holder popup-service-wrap\">\r\n\t\t\t\t\t\t\t\t\t\t\t\t\t\t\t\t\t\t<a data-hash=\"#monitoring\" class=\"card-service open-popup-service\" href=\"#\">\r\n\t\t\t\t\t\t\t\t\t\t\t\t\t\t\t\t\t\t\t\t\t<div class=\"card-img\">\r\n\t\t\t\t\t\t\t\t\t\t\t\t<img loading=\"lazy\" decoding=\"async\" width=\"96\" height=\"96\" src=\"https:\/\/skan.com\/wp-content\/uploads\/Mikrobiologisches-Monotoring.svg\" class=\"attachment-full size-full\" alt=\"\" \/>\t\t\t\t\t\t\t\t\t\t\t<\/div>\r\n\t\t\t\t\t\t\t\t\t\t\t\t\t\t\t\t\t\t\t\t<div class=\"card-body\">\r\n\t\t\t\t\t\t\t\t\t\t\t<h3 class=\"card-title\">Mikrobiologisches Monitoring<\/h3>\r\n\t\t\t\t\t\t\t\t\t\t\t<p>Reinr\u00e4ume brauchen Kontrolle<\/p>\n\t\t\t\t\t\t\t\t\t\t\t\t\t\t\t\t\t\t\t\t\t\t\t<div class=\"link-wrap\">\r\n\t\t\t\t\t\t\t\t\t\t\t\t\t<span class=\"link-arrowed\">Details<span class=\"plus\"><\/span><\/span>\r\n\t\t\t\t\t\t\t\t\t\t\t\t<\/div>\r\n\t\t\t\t\t\t\t\t\t\t\t\t\t\t\t\t\t\t\t\t\t<\/div>\r\n\t\t\t\t\t\t\t\t\t<\/a>\t\t\t\t\t\t\t\t\t\t\t\t\t\t\t\t\t\t\t\t\t\t\t\t\t\t\t\t\t\t\t\t\t\t\t\t\t\t\t\t<div class=\"popup-service\">\r\n\t\t\t\t\t\t\t\t\t\t\t\t<a class=\"close-popup-service btn btn-secondary btn-close\" href=\"#\">Close<\/a>\r\n\t\t\t\t\t\t\t\t\t\t\t\t<div class=\"popup-service-holder\">\r\n\t\t\t\t\t\t\t\t\t\t\t\t\t<div class=\"card-service-popup \">\r\n\t\t\t\t\t\t\t\t\t\t\t\t\t\t\t\t\t\t\t\t\t\t\t\t\t\t\t\t\t<div class=\"card-img\">\r\n\t\t\t\t\t\t\t\t\t\t\t\t\t\t\t\t<img loading=\"lazy\" decoding=\"async\" width=\"96\" height=\"96\" src=\"https:\/\/skan.com\/wp-content\/uploads\/Mikrobiologisches-Monotoring.svg\" class=\"attachment-full size-full\" alt=\"\" \/>\t\t\t\t\t\t\t\t\t\t\t\t\t\t\t<\/div>\r\n\t\t\t\t\t\t\t\t\t\t\t\t\t\t\t\t\t\t\t\t\t\t\t\t\t\t\t\t<div class=\"card-body\">\r\n\t\t\t\t\t\t\t\t\t\t\t\t\t\t\t\t\t\t\t\t\t\t\t\t\t\t\t\t\t\t\t<div class=\"title-block\">\r\n\t\t\t\t\t\t\t\t\t\t\t\t\t\t\t\t\t\t\t\t\t\t\t\t\t\t\t\t\t\t\t\t\t\t\t<h2 class=\"card-title\">Mikrobiologisches Monitoring<\/h2>\r\n\t\t\t\t\t\t\t\t\t\t\t\t\t\t\t\t\t\t\t\t\t\t\t\t\t\t\t\t\t\t\t\t\t\t\t\t\t\t\t\t\t\t\t\t\t\t\t\t\t\t\t\t<h3 class=\"card-subtitle\">Reinr\u00e4ume brauchen Kontrolle<\/h3>\r\n\t\t\t\t\t\t\t\t\t\t\t\t\t\t\t\t\t\t\t\t\t\t\t\t\t\t\t\t\t\t\t\t\t<\/div>\r\n\t\t\t\t\t\t\t\t\t\t\t\t\t\t\t\t\t\t\t\t\t\t\t\t\t\t\t\t\t\t\t\t\t\t\t\t\t\t\t\t\t\t\t\t\t\t<p>SKAN verf\u00fcgt \u00fcber langj\u00e4hrige Erfahrung im Bereich der Kontrolle regulierter Produktionsbereiche und bietet daher ein bew\u00e4hrtes mikrobiologisches Monitoring an.<\/p>\r\n\t\t\t\t\t\t\t\t\t\t\t\t\t\t\t\t\t\t\t\t\t\t\t\t\t\t\t\t\t\t\t\t\t\t\t\t\t\t\t\t\t\t\t\t\t\t<div class=\"contact-box\">\r\n\t\t\t\t\t\t\t\t\t\t\t\t\t\t\t\t\t\t\t\t\t\t\t\t\t\t\t\t\t\t\t\t\t\t\t<h3>Alles zum Service<\/h3>\r\n\t\t\t\t\t\t\t\t\t\t\t\t\t\t\t\t\t\t\t\t\t\t\t\t\t\t\t\t\t\t\t\t\t\t\t\t\t\t\t\t\t\t\t\t\t\t\t\t\t\t\t\t\t\t\t\t\t\t\t\t\t\t\t\t\t\t\t\t\t<div class=\"btn-wrap\">\r\n\t\t\t\t\t\t\t\t\t\t\t\t\t\t\t\t\t\t\t<a class=\"btn btn-secondary\" href=\"https:\/\/skan.com\/services\/produkte-und-services-fuers-labor\/service-mikrobiologisches-monitoring\/\" target=\"_self\">Mehr erfahren<\/a>\r\n\t\t\t\t\t\t\t\t\t\t\t\t\t\t\t\t\t\t<\/div>\r\n\t\t\t\t\t\t\t\t\t\t\t\t\t\t\t\t\t\t\t\t\t\t\t\t\t\t\t\t\t\t\t\t\t<\/div>\r\n\t\t\t\t\t\t\t\t\t\t\t\t\t\t\t\t\t\t\t\t\t\t\t\t\t\t\t\t\t<\/div>\r\n\t\t\t\t\t\t\t\t\t\t\t\t\t<\/div>\r\n\t\t\t\t\t\t\t\t\t\t\t\t<\/div>\r\n\t\t\t\t\t\t\t\t\t\t\t<\/div>\r\n\t\t\t\t\t\t\t\t\t\t\t\t\t\t\t\t\t\t\t\t\t\t\t\t\t\t\t<\/div>\r\n\t\t\t\t\t\t\t<\/div>\r\n\t\t\t\t\t\t\t\t\t\t\t\t\t\t\t\t\t<\/div>\r\n\t\t\t\t<\/div>\r\n\t\t\t\t\t<\/div>\r\n\t<\/section>\r\n","protected":false},"excerpt":{"rendered":"","protected":false},"author":16,"featured_media":0,"parent":0,"menu_order":0,"comment_status":"closed","ping_status":"closed","template":"","meta":{"_acf_changed":false,"inline_featured_image":false,"footnotes":""},"class_list":["post-3113","page","type-page","status-publish","hentry"],"acf":[],"yoast_head":"<!-- This site is optimized with the Yoast SEO plugin v26.9 - https:\/\/yoast.com\/product\/yoast-seo-wordpress\/ -->\n<title>Landingpage SEA Calistair Raumdekontamination - SKAN<\/title>\n<meta name=\"description\" content=\"Nachgewiesene Wirkamkeit. Gegen Viren, Keime, Pilze, Bakterien, Partikel. Schutz vor luftgetragenen Partikeln und Mikroorganismen.\" \/>\n<meta name=\"robots\" content=\"noindex, follow\" \/>\n<meta property=\"og:locale\" content=\"de_DE\" \/>\n<meta property=\"og:type\" content=\"article\" \/>\n<meta property=\"og:title\" content=\"Landingpage SEA Calistair Raumdekontamination - SKAN\" \/>\n<meta property=\"og:description\" content=\"Nachgewiesene Wirkamkeit. Gegen Viren, Keime, Pilze, Bakterien, Partikel. Schutz vor luftgetragenen Partikeln und Mikroorganismen.\" \/>\n<meta property=\"og:url\" content=\"https:\/\/skan.com\/de\/landingpage-sea-calistair-raumdekontamination\/\" \/>\n<meta property=\"og:site_name\" content=\"SKAN\" \/>\n<meta property=\"article:modified_time\" content=\"2023-11-23T15:32:56+00:00\" \/>\n<meta name=\"twitter:card\" content=\"summary_large_image\" \/>\n<script type=\"application\/ld+json\" class=\"yoast-schema-graph\">{\"@context\":\"https:\/\/schema.org\",\"@graph\":[{\"@type\":\"WebPage\",\"@id\":\"https:\/\/skan.com\/de\/landingpage-sea-calistair-raumdekontamination\/\",\"url\":\"https:\/\/skan.com\/de\/landingpage-sea-calistair-raumdekontamination\/\",\"name\":\"Landingpage SEA Calistair Raumdekontamination - SKAN\",\"isPartOf\":{\"@id\":\"https:\/\/skan.com\/de\/#website\"},\"datePublished\":\"2021-08-25T08:09:28+00:00\",\"dateModified\":\"2023-11-23T15:32:56+00:00\",\"description\":\"Nachgewiesene Wirkamkeit. Gegen Viren, Keime, Pilze, Bakterien, Partikel. Schutz vor luftgetragenen Partikeln und Mikroorganismen.\",\"breadcrumb\":{\"@id\":\"https:\/\/skan.com\/de\/landingpage-sea-calistair-raumdekontamination\/#breadcrumb\"},\"inLanguage\":\"de\",\"potentialAction\":[{\"@type\":\"ReadAction\",\"target\":[\"https:\/\/skan.com\/de\/landingpage-sea-calistair-raumdekontamination\/\"]}]},{\"@type\":\"BreadcrumbList\",\"@id\":\"https:\/\/skan.com\/de\/landingpage-sea-calistair-raumdekontamination\/#breadcrumb\",\"itemListElement\":[{\"@type\":\"ListItem\",\"position\":1,\"name\":\"Home\",\"item\":\"https:\/\/skan.com\/de\/\"},{\"@type\":\"ListItem\",\"position\":2,\"name\":\"Landingpage SEA Calistair Raumdekontamination\"}]},{\"@type\":\"WebSite\",\"@id\":\"https:\/\/skan.com\/de\/#website\",\"url\":\"https:\/\/skan.com\/de\/\",\"name\":\"SKAN\",\"description\":\"Ihr Partner f\u00fcr Forschungslaboratorien\",\"potentialAction\":[{\"@type\":\"SearchAction\",\"target\":{\"@type\":\"EntryPoint\",\"urlTemplate\":\"https:\/\/skan.com\/de\/?s={search_term_string}\"},\"query-input\":{\"@type\":\"PropertyValueSpecification\",\"valueRequired\":true,\"valueName\":\"search_term_string\"}}],\"inLanguage\":\"de\"}]}<\/script>\n<!-- \/ Yoast SEO plugin. -->","yoast_head_json":{"title":"Landingpage SEA Calistair Raumdekontamination - SKAN","description":"Nachgewiesene Wirkamkeit. Gegen Viren, Keime, Pilze, Bakterien, Partikel. Schutz vor luftgetragenen Partikeln und Mikroorganismen.","robots":{"index":"noindex","follow":"follow"},"og_locale":"de_DE","og_type":"article","og_title":"Landingpage SEA Calistair Raumdekontamination - SKAN","og_description":"Nachgewiesene Wirkamkeit. Gegen Viren, Keime, Pilze, Bakterien, Partikel. Schutz vor luftgetragenen Partikeln und Mikroorganismen.","og_url":"https:\/\/skan.com\/de\/landingpage-sea-calistair-raumdekontamination\/","og_site_name":"SKAN","article_modified_time":"2023-11-23T15:32:56+00:00","twitter_card":"summary_large_image","schema":{"@context":"https:\/\/schema.org","@graph":[{"@type":"WebPage","@id":"https:\/\/skan.com\/de\/landingpage-sea-calistair-raumdekontamination\/","url":"https:\/\/skan.com\/de\/landingpage-sea-calistair-raumdekontamination\/","name":"Landingpage SEA Calistair Raumdekontamination - SKAN","isPartOf":{"@id":"https:\/\/skan.com\/de\/#website"},"datePublished":"2021-08-25T08:09:28+00:00","dateModified":"2023-11-23T15:32:56+00:00","description":"Nachgewiesene Wirkamkeit. Gegen Viren, Keime, Pilze, Bakterien, Partikel. Schutz vor luftgetragenen Partikeln und Mikroorganismen.","breadcrumb":{"@id":"https:\/\/skan.com\/de\/landingpage-sea-calistair-raumdekontamination\/#breadcrumb"},"inLanguage":"de","potentialAction":[{"@type":"ReadAction","target":["https:\/\/skan.com\/de\/landingpage-sea-calistair-raumdekontamination\/"]}]},{"@type":"BreadcrumbList","@id":"https:\/\/skan.com\/de\/landingpage-sea-calistair-raumdekontamination\/#breadcrumb","itemListElement":[{"@type":"ListItem","position":1,"name":"Home","item":"https:\/\/skan.com\/de\/"},{"@type":"ListItem","position":2,"name":"Landingpage SEA Calistair Raumdekontamination"}]},{"@type":"WebSite","@id":"https:\/\/skan.com\/de\/#website","url":"https:\/\/skan.com\/de\/","name":"SKAN","description":"Ihr Partner f\u00fcr Forschungslaboratorien","potentialAction":[{"@type":"SearchAction","target":{"@type":"EntryPoint","urlTemplate":"https:\/\/skan.com\/de\/?s={search_term_string}"},"query-input":{"@type":"PropertyValueSpecification","valueRequired":true,"valueName":"search_term_string"}}],"inLanguage":"de"}]}},"_links":{"self":[{"href":"https:\/\/skan.com\/de\/wp-json\/wp\/v2\/pages\/3113","targetHints":{"allow":["GET"]}}],"collection":[{"href":"https:\/\/skan.com\/de\/wp-json\/wp\/v2\/pages"}],"about":[{"href":"https:\/\/skan.com\/de\/wp-json\/wp\/v2\/types\/page"}],"author":[{"embeddable":true,"href":"https:\/\/skan.com\/de\/wp-json\/wp\/v2\/users\/16"}],"replies":[{"embeddable":true,"href":"https:\/\/skan.com\/de\/wp-json\/wp\/v2\/comments?post=3113"}],"version-history":[{"count":2,"href":"https:\/\/skan.com\/de\/wp-json\/wp\/v2\/pages\/3113\/revisions"}],"predecessor-version":[{"id":35035,"href":"https:\/\/skan.com\/de\/wp-json\/wp\/v2\/pages\/3113\/revisions\/35035"}],"wp:attachment":[{"href":"https:\/\/skan.com\/de\/wp-json\/wp\/v2\/media?parent=3113"}],"curies":[{"name":"wp","href":"https:\/\/api.w.org\/{rel}","templated":true}]}}