{"id":23344,"date":"2022-08-09T11:34:03","date_gmt":"2022-08-09T11:34:03","guid":{"rendered":"https:\/\/skan.com\/?page_id=23344"},"modified":"2023-12-13T13:10:26","modified_gmt":"2023-12-13T13:10:26","slug":"psa-schutzkleidung-overall","status":"publish","type":"page","link":"https:\/\/skan.com\/de\/psa-overall-sea-kampagne\/","title":{"rendered":"PSA Overall (SEA) Kampagne"},"content":{"rendered":"\t<!-- section hero-->\r\n\t<section id=\"section-hero-block_e52161b0241ebfc18602d95f93e06b81\" class=\"section-hero full-height-screen viewport-section\" >\r\n\t\t\t\t<div class=\"container-fluid\">\r\n\t\t\t<div class=\"full-width-row full-height-holder df-row\">\r\n\t\t\t\t\t\t\t\t\t<div class=\"column-text col-lg-6\">\r\n\t\t\t\t\t\t<div class=\"banner-text text-lead text-secondary js-anim-delay-parent-500 js-anim-default-parent\">\r\n\t\t\t\t\t\t\t<h1>Der richtige Schutz-Overall f\u00fcr Ihre Anwendung<\/h1>\n<p>Bekleidungskonzepte vom Fachexperten<\/p>\n<p>&nbsp;<\/p>\n\t\t\t\t\t\t\t\t\t\t\t\t\t\t\t<div class=\"btn-wrap\">\r\n\t\t\t\t\t\t\t\t\t<a class=\"btn btn-primary\" href=\"mailto:david.marek@skan.ch?subject=Anfrage%20f%C3%BCr%20eine%20Pers%C3%B6nliche%20Beratung\" target=\"_blank\">Pers\u00f6nliche Beratung<\/a>\r\n\t\t\t\t\t\t\t\t<\/div>\r\n\t\t\t\t\t\t\t\t\t\t\t\t\t\t<div class=\"scroll-down-block d-lg-block\">\r\n\t\t\t\t\t\t\t\t<a class=\"link-anchor link-anchor-down\" href=\"#anchor-block\">\r\n\t\t\t\t\t\t\t\t\tWeiter\t\t\t\t\t\t\t\t<\/a>\r\n\t\t\t\t\t\t\t<\/div>\r\n\t\t\t\t\t\t<\/div>\r\n\t\t\t\t\t<\/div>\r\n\t\t\t\t\t            \t\t\t\t\t<div class=\"column-image col-lg-6\">\r\n\t\t\t\t\t\t                                                            <div class=\"visual-box animImage\">\r\n                                                            <picture>\r\n                                                                            <source type=\"image\/jpeg\" srcset=\"https:\/\/skan.com\/wp-content\/uploads\/Skan-laboratory-accessories-personal-protective-equipment.jpg 375w, https:\/\/skan.com\/wp-content\/uploads\/Skan-laboratory-accessories-personal-protective-equipment.jpg 750w\" sizes=\"100vw\" media=\"(max-width: 767px)\"\/>\r\n                                                                        <source type=\"image\/jpeg\" srcset=\"https:\/\/skan.com\/wp-content\/uploads\/Skan-laboratory-accessories-personal-protective-equipment.jpg 736w, https:\/\/skan.com\/wp-content\/uploads\/Skan-laboratory-accessories-personal-protective-equipment.jpg 1472w\" sizes=\"(min-width: 768px) 50vw, 100vw\"\/>\r\n                                    <img loading=\"lazy\" decoding=\"async\" width=\"1472\" height=\"2000\" src=\"https:\/\/skan.com\/wp-content\/uploads\/Skan-laboratory-accessories-personal-protective-equipment.jpg\" class=\"attachment-full size-full\" alt=\"\" srcset=\"https:\/\/skan.com\/wp-content\/uploads\/Skan-laboratory-accessories-personal-protective-equipment.jpg 1472w, https:\/\/skan.com\/wp-content\/uploads\/Skan-laboratory-accessories-personal-protective-equipment-221x300.jpg 221w, https:\/\/skan.com\/wp-content\/uploads\/Skan-laboratory-accessories-personal-protective-equipment-754x1024.jpg 754w, https:\/\/skan.com\/wp-content\/uploads\/Skan-laboratory-accessories-personal-protective-equipment-768x1043.jpg 768w, https:\/\/skan.com\/wp-content\/uploads\/Skan-laboratory-accessories-personal-protective-equipment-1130x1536.jpg 1130w\" sizes=\"auto, (max-width: 1472px) 100vw, 1472px\" \/>                                <\/picture>\r\n                            <\/div>\t\t\t\t\t\t                        \t\t\t\t\t<\/div>\r\n\t            \t\t\t<\/div>\r\n\t\t<\/div>\r\n\t<\/section>\r\n\t<div id=\"anchor-block\"><\/div>\r\n\n\n\t<section id=\"section-content-block_79a5c0a1810e5f38d4fad24bd9b41b51\" class=\"section-content info-section-2-columns\">\r\n\t\t<div class=\"container-fluid\">\r\n\t\t\t<div class=\"two-blocks-content\">\r\n\t\t\t\t\t\t\t\t\t<div class=\"article-wrap\">\r\n\t\t\t\t\t\t\t\t\t\t\t\t\t<div class=\"block heading-block\">\r\n\t\t\t\t\t\t\t\t<p>Die Einweg Overalls und Schutzanz\u00fcge von Tyvek bieten die optimale Kombination zwischen Schutzbarriere und Tragekomfort.<\/p>\n\t\t\t\t\t\t\t<\/div>\r\n\t\t\t\t\t\t\t\t\t\t\t\t\t\t\t\t\t\t\t\t\t\t\t\t\t<div class=\"block\">\r\n\t\t\t\t\t\t\t\t<p>Diese Eigenschaften sind auf eine patentierte Technologie zur\u00fcckzuf\u00fchren, bei der die Fasern thermisch zu einem homogenen und weichen Material verdichtet werden. Die Overalls Tyvek\u00ae IsoClean f\u00fcr Reinraum-Anwendungen verf\u00fcgen zudem \u00fcber ein einzigartiges Verpackungssystem.<\/p>\n<p>SKAN begleitet Sie bei der Erstellung und Optimierung des Schutzkleidungskonzepts \u2013 von der Identifikation der Gefahrstoffe bis hin zum Tragetest.<\/p>\n<p><strong>Der Schutz des Anwenders steht im Mittelpunkt<\/strong><br \/>\nUm den Anwender zu sch\u00fctzen ist ein durchdachtes Bekleidungskonzept elementar, sei es beim Umgang mit Chemikalien, sch\u00e4dlichen Mikroorganismen oder pharmazeutischen Substanzen. Die Gefahren k\u00f6nnen von unterschiedlicher physikalischer Natur sein: fl\u00fcssig, gasf\u00f6rmig, Aerosole, Spritzer, Staub oder radioaktive Partikel. Dies beeinflusst auch die Wahl der passenden Schutzkleidung.<\/p>\n<p><strong>Schutz f\u00fcr das Produkt und die Umgebung<\/strong><br \/>\nAbgesehen vom Anwenderschutz gilt es aber auch die Partikellast in Reinr\u00e4umen, zum Schutz von sensiblen Produkten, m\u00f6glichst tief zu halten. Der Anwender stellt dabei die gr\u00f6sste Kontaminationsquelle dar. Die PSA bildet eine Barriere zwischen Anwender und dem Produkt bzw. Reinraum und tr\u00e4gt damit massgeblich dazu bei, die Qualit\u00e4t des Endproduktes zu erh\u00f6hen.<\/p>\n\t\t\t\t\t\t\t<\/div>\r\n\t\t\t\t\t\t\t\t\t\t\t\t\t\t\t\t\t\t\t\t\t\t\t\t\t\t\t\t\t<\/div>\r\n\t\t\t\t\t\t\t\t\t\t\t<\/div>\r\n\t\t<\/div>\r\n\t<\/section>\r\n\n\n<!-- divider line-->\r\n<hr class=\"divider\"\/>\r\n\n\n\t<!-- section services-->\r\n\t<section id=\"section-services-block_a522ae26b5ad236a871aba292fa17ec7\" class=\"section-main section-services \">\r\n\t\t<div class=\"container-fluid\">\r\n\t\t\t\t\t\t\t<h2 class=\"title-section\">Weshalb sollten sie SKAN als Partner ausw\u00e4hlen?<\/h2>\r\n\t\t\t\t\t\t\t\t\t\t\t\t\t<!-- gallery services list-->\r\n\t\t\t\t<div class=\"gallery-services-list slider-with-controls-mobile\">\r\n\t\t\t\t\t<div class=\"controls\">\r\n\t\t\t\t\t\t<!--.dots-->\r\n\t\t\t\t\t\t<div class=\"arrows\"><\/div>\r\n\t\t\t\t\t<\/div>\r\n\t\t\t\t\t<div class=\"list-slider-mobile\">\r\n\t\t\t\t\t\t\t\t\t\t\t\t\t<div class=\"slide-service\">\r\n\t\t\t\t\t\t\t\t<div class=\"slide-holder popup-service-wrap\">\r\n\t\t\t\t\t\t\t\t\t\t\t\t\t\t\t\t\t\t<div class=\"card-service open-popup-service\">\r\n\t\t\t\t\t\t\t\t\t\t\t\t\t\t\t\t\t\t\t\t\t<div class=\"card-img\">\r\n\t\t\t\t\t\t\t\t\t\t\t\t<img loading=\"lazy\" decoding=\"async\" width=\"96\" height=\"96\" src=\"https:\/\/skan.com\/wp-content\/uploads\/Digital-Twin.svg\" class=\"attachment-full size-full\" alt=\"\" \/>\t\t\t\t\t\t\t\t\t\t\t<\/div>\r\n\t\t\t\t\t\t\t\t\t\t\t\t\t\t\t\t\t\t\t\t<div class=\"card-body\">\r\n\t\t\t\t\t\t\t\t\t\t\t<h3 class=\"card-title\">Expertenberatung<\/h3>\r\n\t\t\t\t\t\t\t\t\t\t\t<p>Reinr\u00e4ume, Labore und Ihre Anforderungen sind unser t\u00e4glich Brot. Gemeinsam mit Ihnen entwickeln wir das optimale Schutzkleidungskonzept f\u00fcr Ihre Bed\u00fcrfnisse.<\/p>\n\t\t\t\t\t\t\t\t\t\t\t\t\t\t\t\t\t\t\t\t\t<\/div>\r\n\t\t\t\t\t\t\t\t\t<\/div>\t\t\t\t\t\t\t\t\t\t\t\t\t\t\t\t\t<\/div>\r\n\t\t\t\t\t\t\t<\/div>\r\n\t\t\t\t\t\t\t\t\t\t\t\t\t<div class=\"slide-service\">\r\n\t\t\t\t\t\t\t\t<div class=\"slide-holder popup-service-wrap\">\r\n\t\t\t\t\t\t\t\t\t\t\t\t\t\t\t\t\t\t<div class=\"card-service open-popup-service\">\r\n\t\t\t\t\t\t\t\t\t\t\t\t\t\t\t\t\t\t\t\t\t<div class=\"card-img\">\r\n\t\t\t\t\t\t\t\t\t\t\t\t<img loading=\"lazy\" decoding=\"async\" width=\"96\" height=\"96\" src=\"https:\/\/skan.com\/wp-content\/uploads\/Agilitaet.svg\" class=\"attachment-full size-full\" alt=\"\" \/>\t\t\t\t\t\t\t\t\t\t\t<\/div>\r\n\t\t\t\t\t\t\t\t\t\t\t\t\t\t\t\t\t\t\t\t<div class=\"card-body\">\r\n\t\t\t\t\t\t\t\t\t\t\t<h3 class=\"card-title\">Schnelle Verf\u00fcgbarkeit<\/h3>\r\n\t\t\t\t\t\t\t\t\t\t\t<p>Kurze Transportwege und ein intelligentes Lagersystem erm\u00f6glichen schnelle Verf\u00fcgbarkeiten unseres Schutzkleidungssortiments.<\/p>\n\t\t\t\t\t\t\t\t\t\t\t\t\t\t\t\t\t\t\t\t\t<\/div>\r\n\t\t\t\t\t\t\t\t\t<\/div>\t\t\t\t\t\t\t\t\t\t\t\t\t\t\t\t\t<\/div>\r\n\t\t\t\t\t\t\t<\/div>\r\n\t\t\t\t\t\t\t\t\t\t\t\t\t<div class=\"slide-service\">\r\n\t\t\t\t\t\t\t\t<div class=\"slide-holder popup-service-wrap\">\r\n\t\t\t\t\t\t\t\t\t\t\t\t\t\t\t\t\t\t<div class=\"card-service open-popup-service\">\r\n\t\t\t\t\t\t\t\t\t\t\t\t\t\t\t\t\t\t\t\t\t<div class=\"card-img\">\r\n\t\t\t\t\t\t\t\t\t\t\t\t<img loading=\"lazy\" decoding=\"async\" width=\"96\" height=\"96\" src=\"https:\/\/skan.com\/wp-content\/uploads\/Atmosphaere.svg\" class=\"attachment-full size-full\" alt=\"\" \/>\t\t\t\t\t\t\t\t\t\t\t<\/div>\r\n\t\t\t\t\t\t\t\t\t\t\t\t\t\t\t\t\t\t\t\t<div class=\"card-body\">\r\n\t\t\t\t\t\t\t\t\t\t\t<h3 class=\"card-title\">H\u00f6chste Produktqualit\u00e4t<\/h3>\r\n\t\t\t\t\t\t\t\t\t\t\t<p>Die Produkte in unserem Sortiment werden sorgf\u00e4ltig gepr\u00fcft und ausgew\u00e4hlt. So erhalten Sie stets die h\u00f6chste SKAN-Qualit\u00e4t.<\/p>\n\t\t\t\t\t\t\t\t\t\t\t\t\t\t\t\t\t\t\t\t\t<\/div>\r\n\t\t\t\t\t\t\t\t\t<\/div>\t\t\t\t\t\t\t\t\t\t\t\t\t\t\t\t\t<\/div>\r\n\t\t\t\t\t\t\t<\/div>\r\n\t\t\t\t\t\t\t\t\t\t\t\t\t<div class=\"slide-service\">\r\n\t\t\t\t\t\t\t\t<div class=\"slide-holder popup-service-wrap\">\r\n\t\t\t\t\t\t\t\t\t\t\t\t\t\t\t\t\t\t<div class=\"card-service open-popup-service\">\r\n\t\t\t\t\t\t\t\t\t\t\t\t\t\t\t\t\t\t\t\t\t<div class=\"card-img\">\r\n\t\t\t\t\t\t\t\t\t\t\t\t<img loading=\"lazy\" decoding=\"async\" width=\"96\" height=\"96\" src=\"https:\/\/skan.com\/wp-content\/uploads\/GXP-Qualification.svg\" class=\"attachment-full size-full\" alt=\"\" \/>\t\t\t\t\t\t\t\t\t\t\t<\/div>\r\n\t\t\t\t\t\t\t\t\t\t\t\t\t\t\t\t\t\t\t\t<div class=\"card-body\">\r\n\t\t\t\t\t\t\t\t\t\t\t<h3 class=\"card-title\">Normenkonform<\/h3>\r\n\t\t\t\t\t\t\t\t\t\t\t<p>Seien Sie auf der sicheren Seite &#8211; wir beraten Sie \u00fcber die aktuellsten Regularien und Anforderungen im aseptischen Bereich (PSA-Kategorie III, PSA-Verordnung 2016\/425, GMP Annex 1).<\/p>\n\t\t\t\t\t\t\t\t\t\t\t\t\t\t\t\t\t\t\t\t\t<\/div>\r\n\t\t\t\t\t\t\t\t\t<\/div>\t\t\t\t\t\t\t\t\t\t\t\t\t\t\t\t\t<\/div>\r\n\t\t\t\t\t\t\t<\/div>\r\n\t\t\t\t\t\t\t\t\t\t\t\t\t\t\t\t\t<\/div>\r\n\t\t\t\t<\/div>\r\n\t\t\t\t\t<\/div>\r\n\t<\/section>\r\n\n\n    <!-- Team Teaser Block -->\r\n    <section id=\"section-block_e67cfb3ab7ac3946b0070816c15d4835\" class=\"section section-team\">\r\n        <div class=\"container-fluid\">\r\n                            <h2 class=\"title-section\">Jetzt beraten lassen!<\/h2>\r\n                                        <div class=\"section-team-slider\">\r\n                    <div class=\"controls\">\r\n                        <div class=\"arrows\"><\/div>\r\n                    <\/div>\r\n                    <div class=\"team-result-list\">\r\n\t\t                                            <li>\r\n                                <div class=\"card-profile\">\r\n\t\t\t\t\t                                                        <div class=\"card-img\">\r\n\t\t\t\t\t\t\t                <img loading=\"lazy\" decoding=\"async\" width=\"384\" height=\"384\" src=\"https:\/\/skan.com\/wp-content\/uploads\/icon_mail_thumb.png\" class=\"attachment-full size-full\" alt=\"\" srcset=\"https:\/\/skan.com\/wp-content\/uploads\/icon_mail_thumb.png 384w, https:\/\/skan.com\/wp-content\/uploads\/icon_mail_thumb-300x300.png 300w, https:\/\/skan.com\/wp-content\/uploads\/icon_mail_thumb-150x150.png 150w, https:\/\/skan.com\/wp-content\/uploads\/icon_mail_thumb-50x50.png 50w\" sizes=\"auto, (max-width: 384px) 100vw, 384px\" \/>                                        <\/div>\r\n\t\t\t\t\t                                                    <div class=\"card-body\">\r\n\t\t\t\t\t\t                                                            <h3 class=\"card-title\">\r\n                                                <a href=\"mailto:psa@skan.ch?subject=Anfrage%20f%C3%BCr%20eine%20Pers%C3%B6nliche%20Beratung\">Per E-Mail!<\/a>\r\n                                            <\/h3>\r\n\t\t\t\t\t\t                \t\t\t\t\t\t                \t\t\t\t\t\t                                                            <div class=\"link-wrap\">\r\n                                                <a class=\"link-arrowed\" href=\"mailto:psa@skan.ch?subject=Anfrage%20f%C3%BCr%20eine%20Pers%C3%B6nliche%20Beratung\" target=\"_blank\">\r\n\t\t\t\t\t\t\t\t\t                E-Mail senden                                                <\/a>\r\n                                            <\/div>\r\n\t\t\t\t\t\t                                                    <\/div>\r\n                                <\/div>\r\n                            <\/li>\r\n\t\t                                            <li>\r\n                                <div class=\"card-profile\">\r\n\t\t\t\t\t                                                        <div class=\"card-img\">\r\n\t\t\t\t\t\t\t                <img loading=\"lazy\" decoding=\"async\" width=\"384\" height=\"384\" src=\"https:\/\/skan.com\/wp-content\/uploads\/icon_phone_thumb.png\" class=\"attachment-full size-full\" alt=\"\" srcset=\"https:\/\/skan.com\/wp-content\/uploads\/icon_phone_thumb.png 384w, https:\/\/skan.com\/wp-content\/uploads\/icon_phone_thumb-300x300.png 300w, https:\/\/skan.com\/wp-content\/uploads\/icon_phone_thumb-150x150.png 150w, https:\/\/skan.com\/wp-content\/uploads\/icon_phone_thumb-50x50.png 50w\" sizes=\"auto, (max-width: 384px) 100vw, 384px\" \/>                                        <\/div>\r\n\t\t\t\t\t                                                    <div class=\"card-body\">\r\n\t\t\t\t\t\t                                                            <h3 class=\"card-title\">\r\n                                                <a href=\"tel:0614854587\">Per Telefon!<\/a>\r\n                                            <\/h3>\r\n\t\t\t\t\t\t                \t\t\t\t\t\t                \t\t\t\t\t\t                                                            <div class=\"link-wrap\">\r\n                                                <a class=\"link-arrowed\" href=\"tel:0614854587\" target=\"_blank\">\r\n\t\t\t\t\t\t\t\t\t                Direkt anrufen                                                <\/a>\r\n                                            <\/div>\r\n\t\t\t\t\t\t                                                    <\/div>\r\n                                <\/div>\r\n                            <\/li>\r\n\t\t                                            <li>\r\n                                <div class=\"card-profile\">\r\n\t\t\t\t\t                                                        <div class=\"card-img\">\r\n\t\t\t\t\t\t\t                <img loading=\"lazy\" decoding=\"async\" width=\"384\" height=\"384\" src=\"https:\/\/skan.com\/wp-content\/uploads\/icon_phone_thumb.png\" class=\"attachment-full size-full\" alt=\"\" srcset=\"https:\/\/skan.com\/wp-content\/uploads\/icon_phone_thumb.png 384w, https:\/\/skan.com\/wp-content\/uploads\/icon_phone_thumb-300x300.png 300w, https:\/\/skan.com\/wp-content\/uploads\/icon_phone_thumb-150x150.png 150w, https:\/\/skan.com\/wp-content\/uploads\/icon_phone_thumb-50x50.png 50w\" sizes=\"auto, (max-width: 384px) 100vw, 384px\" \/>                                        <\/div>\r\n\t\t\t\t\t                                                    <div class=\"card-body\">\r\n\t\t\t\t\t\t                                                            <h3 class=\"card-title\">\r\n                                                <a href=\"mailto:psa@skan.ch\">R\u00fcckruf!<\/a>\r\n                                            <\/h3>\r\n\t\t\t\t\t\t                \t\t\t\t\t\t                \t\t\t\t\t\t                                                            <div class=\"link-wrap\">\r\n                                                <a class=\"link-arrowed\" href=\"mailto:psa@skan.ch\" target=\"_blank\">\r\n\t\t\t\t\t\t\t\t\t                R\u00fcckruf anfragen                                                <\/a>\r\n                                            <\/div>\r\n\t\t\t\t\t\t                                                    <\/div>\r\n                                <\/div>\r\n                            <\/li>\r\n\t\t                                    <\/div>\r\n                <\/div>\r\n                    <\/div>\r\n    <\/section>\r\n","protected":false},"excerpt":{"rendered":"","protected":false},"author":3,"featured_media":0,"parent":0,"menu_order":0,"comment_status":"closed","ping_status":"closed","template":"","meta":{"_acf_changed":false,"inline_featured_image":false,"footnotes":""},"class_list":["post-23344","page","type-page","status-publish","hentry"],"acf":[],"yoast_head":"<!-- This site is optimized with the Yoast SEO plugin v26.9 - https:\/\/yoast.com\/product\/yoast-seo-wordpress\/ -->\n<title>Der richtige Schutz-Overall f\u00fcr Ihre Anwendung<\/title>\n<meta name=\"description\" content=\"Die Einweg Overalls und Schutzanz\u00fcge von Tyvek bieten die optimale Kombination zwischen Schutzbarriere und Tragekomfort.\" \/>\n<meta name=\"robots\" content=\"noindex, nofollow\" \/>\n<meta property=\"og:locale\" content=\"de_DE\" \/>\n<meta property=\"og:type\" content=\"article\" \/>\n<meta property=\"og:title\" content=\"Der richtige Schutz-Overall f\u00fcr Ihre Anwendung\" \/>\n<meta property=\"og:description\" content=\"Die Einweg Overalls und Schutzanz\u00fcge von Tyvek bieten die optimale Kombination zwischen Schutzbarriere und Tragekomfort.\" \/>\n<meta property=\"og:url\" content=\"https:\/\/skan.com\/de\/psa-overall-sea-kampagne\/\" \/>\n<meta property=\"og:site_name\" content=\"SKAN\" \/>\n<meta property=\"article:modified_time\" content=\"2023-12-13T13:10:26+00:00\" \/>\n<meta name=\"twitter:card\" content=\"summary_large_image\" \/>\n<script type=\"application\/ld+json\" class=\"yoast-schema-graph\">{\"@context\":\"https:\/\/schema.org\",\"@graph\":[{\"@type\":\"WebPage\",\"@id\":\"https:\/\/skan.com\/de\/psa-overall-sea-kampagne\/\",\"url\":\"https:\/\/skan.com\/de\/psa-overall-sea-kampagne\/\",\"name\":\"Der richtige Schutz-Overall f\u00fcr Ihre Anwendung\",\"isPartOf\":{\"@id\":\"https:\/\/skan.com\/de\/#website\"},\"datePublished\":\"2022-08-09T11:34:03+00:00\",\"dateModified\":\"2023-12-13T13:10:26+00:00\",\"description\":\"Die Einweg Overalls und Schutzanz\u00fcge von Tyvek bieten die optimale Kombination zwischen Schutzbarriere und Tragekomfort.\",\"breadcrumb\":{\"@id\":\"https:\/\/skan.com\/de\/psa-overall-sea-kampagne\/#breadcrumb\"},\"inLanguage\":\"de\",\"potentialAction\":[{\"@type\":\"ReadAction\",\"target\":[\"https:\/\/skan.com\/de\/psa-overall-sea-kampagne\/\"]}]},{\"@type\":\"BreadcrumbList\",\"@id\":\"https:\/\/skan.com\/de\/psa-overall-sea-kampagne\/#breadcrumb\",\"itemListElement\":[{\"@type\":\"ListItem\",\"position\":1,\"name\":\"Home\",\"item\":\"https:\/\/skan.com\/de\/\"},{\"@type\":\"ListItem\",\"position\":2,\"name\":\"PSA Overall (SEA) Kampagne\"}]},{\"@type\":\"WebSite\",\"@id\":\"https:\/\/skan.com\/de\/#website\",\"url\":\"https:\/\/skan.com\/de\/\",\"name\":\"SKAN\",\"description\":\"Ihr Partner f\u00fcr Forschungslaboratorien\",\"potentialAction\":[{\"@type\":\"SearchAction\",\"target\":{\"@type\":\"EntryPoint\",\"urlTemplate\":\"https:\/\/skan.com\/de\/?s={search_term_string}\"},\"query-input\":{\"@type\":\"PropertyValueSpecification\",\"valueRequired\":true,\"valueName\":\"search_term_string\"}}],\"inLanguage\":\"de\"}]}<\/script>\n<!-- \/ Yoast SEO plugin. -->","yoast_head_json":{"title":"Der richtige Schutz-Overall f\u00fcr Ihre Anwendung","description":"Die Einweg Overalls und Schutzanz\u00fcge von Tyvek bieten die optimale Kombination zwischen Schutzbarriere und Tragekomfort.","robots":{"index":"noindex","follow":"nofollow"},"og_locale":"de_DE","og_type":"article","og_title":"Der richtige Schutz-Overall f\u00fcr Ihre Anwendung","og_description":"Die Einweg Overalls und Schutzanz\u00fcge von Tyvek bieten die optimale Kombination zwischen Schutzbarriere und Tragekomfort.","og_url":"https:\/\/skan.com\/de\/psa-overall-sea-kampagne\/","og_site_name":"SKAN","article_modified_time":"2023-12-13T13:10:26+00:00","twitter_card":"summary_large_image","schema":{"@context":"https:\/\/schema.org","@graph":[{"@type":"WebPage","@id":"https:\/\/skan.com\/de\/psa-overall-sea-kampagne\/","url":"https:\/\/skan.com\/de\/psa-overall-sea-kampagne\/","name":"Der richtige Schutz-Overall f\u00fcr Ihre Anwendung","isPartOf":{"@id":"https:\/\/skan.com\/de\/#website"},"datePublished":"2022-08-09T11:34:03+00:00","dateModified":"2023-12-13T13:10:26+00:00","description":"Die Einweg Overalls und Schutzanz\u00fcge von Tyvek bieten die optimale Kombination zwischen Schutzbarriere und Tragekomfort.","breadcrumb":{"@id":"https:\/\/skan.com\/de\/psa-overall-sea-kampagne\/#breadcrumb"},"inLanguage":"de","potentialAction":[{"@type":"ReadAction","target":["https:\/\/skan.com\/de\/psa-overall-sea-kampagne\/"]}]},{"@type":"BreadcrumbList","@id":"https:\/\/skan.com\/de\/psa-overall-sea-kampagne\/#breadcrumb","itemListElement":[{"@type":"ListItem","position":1,"name":"Home","item":"https:\/\/skan.com\/de\/"},{"@type":"ListItem","position":2,"name":"PSA Overall (SEA) Kampagne"}]},{"@type":"WebSite","@id":"https:\/\/skan.com\/de\/#website","url":"https:\/\/skan.com\/de\/","name":"SKAN","description":"Ihr Partner f\u00fcr Forschungslaboratorien","potentialAction":[{"@type":"SearchAction","target":{"@type":"EntryPoint","urlTemplate":"https:\/\/skan.com\/de\/?s={search_term_string}"},"query-input":{"@type":"PropertyValueSpecification","valueRequired":true,"valueName":"search_term_string"}}],"inLanguage":"de"}]}},"_links":{"self":[{"href":"https:\/\/skan.com\/de\/wp-json\/wp\/v2\/pages\/23344","targetHints":{"allow":["GET"]}}],"collection":[{"href":"https:\/\/skan.com\/de\/wp-json\/wp\/v2\/pages"}],"about":[{"href":"https:\/\/skan.com\/de\/wp-json\/wp\/v2\/types\/page"}],"author":[{"embeddable":true,"href":"https:\/\/skan.com\/de\/wp-json\/wp\/v2\/users\/3"}],"replies":[{"embeddable":true,"href":"https:\/\/skan.com\/de\/wp-json\/wp\/v2\/comments?post=23344"}],"version-history":[{"count":24,"href":"https:\/\/skan.com\/de\/wp-json\/wp\/v2\/pages\/23344\/revisions"}],"predecessor-version":[{"id":35419,"href":"https:\/\/skan.com\/de\/wp-json\/wp\/v2\/pages\/23344\/revisions\/35419"}],"wp:attachment":[{"href":"https:\/\/skan.com\/de\/wp-json\/wp\/v2\/media?parent=23344"}],"curies":[{"name":"wp","href":"https:\/\/api.w.org\/{rel}","templated":true}]}}