{"id":20745,"date":"2022-04-01T09:54:23","date_gmt":"2022-04-01T09:54:23","guid":{"rendered":"https:\/\/skan.com\/?page_id=20745"},"modified":"2023-05-11T13:19:45","modified_gmt":"2023-05-11T13:19:45","slug":"skanalytix","status":"publish","type":"page","link":"https:\/\/skan.com\/de\/services\/skanalytix\/","title":{"rendered":"SKANalytix"},"content":{"rendered":"\t<!-- section hero-->\r\n\t<section id=\"section-hero-block_3e50047129d7b2e121b89226c2ddcf72\" class=\"section-hero full-height-screen viewport-section\" >\r\n\t\t\t\t\t<a class=\"link-page-back cusomt-mod\" href=\"https:\/\/skan.com\/\" target=\"_self\">\r\n\t\t\t\t<span class=\"page-name\">Startseite<\/span>\r\n\t\t\t<\/a>\r\n\t\t\t\t<div class=\"container-fluid\">\r\n\t\t\t<div class=\"full-width-row full-height-holder df-row\">\r\n\t\t\t\t\t\t\t\t\t<div class=\"column-text col-lg-6\">\r\n\t\t\t\t\t\t<div class=\"banner-text text-lead text-secondary js-anim-delay-parent-500 js-anim-default-parent\">\r\n\t\t\t\t\t\t\t<h1>SKANalytix<\/h1>\n<p>Mit analytischen Daten die Sicherheit von Prozessen, Produkten und Personen gew\u00e4hrleisten<\/p>\n\t\t\t\t\t\t\t\t\t\t\t\t\t\t<div class=\"scroll-down-block d-lg-block\">\r\n\t\t\t\t\t\t\t\t<a class=\"link-anchor link-anchor-down\" href=\"#anchor-block\">\r\n\t\t\t\t\t\t\t\t\tWeiter\t\t\t\t\t\t\t\t<\/a>\r\n\t\t\t\t\t\t\t<\/div>\r\n\t\t\t\t\t\t<\/div>\r\n\t\t\t\t\t<\/div>\r\n\t\t\t\t\t            \t\t\t\t\t<div class=\"column-image col-lg-6\">\r\n\t\t\t\t\t\t                                                            <div class=\"visual-box animImage\">\r\n                                                            <picture>\r\n                                                                            <source type=\"image\/jpeg\" srcset=\"https:\/\/skan.com\/wp-content\/uploads\/Skan-analytical-services-cleaning-validation-h2o2-surfaces.jpg 375w, https:\/\/skan.com\/wp-content\/uploads\/Skan-analytical-services-cleaning-validation-h2o2-surfaces.jpg 750w\" sizes=\"100vw\" media=\"(max-width: 767px)\"\/>\r\n                                                                        <source type=\"image\/jpeg\" srcset=\"https:\/\/skan.com\/wp-content\/uploads\/Skan-analytical-services-cleaning-validation-h2o2-surfaces.jpg 736w, https:\/\/skan.com\/wp-content\/uploads\/Skan-analytical-services-cleaning-validation-h2o2-surfaces.jpg 1472w\" sizes=\"(min-width: 768px) 50vw, 100vw\"\/>\r\n                                    <img loading=\"lazy\" decoding=\"async\" width=\"2106\" height=\"2560\" src=\"https:\/\/skan.com\/wp-content\/uploads\/Skan-analytical-services-cleaning-validation-h2o2-surfaces.jpg\" class=\"attachment-full size-full\" alt=\"Female scientist using pipette in a modern laboratory\" srcset=\"https:\/\/skan.com\/wp-content\/uploads\/Skan-analytical-services-cleaning-validation-h2o2-surfaces.jpg 2106w, https:\/\/skan.com\/wp-content\/uploads\/Skan-analytical-services-cleaning-validation-h2o2-surfaces-247x300.jpg 247w, https:\/\/skan.com\/wp-content\/uploads\/Skan-analytical-services-cleaning-validation-h2o2-surfaces-842x1024.jpg 842w, https:\/\/skan.com\/wp-content\/uploads\/Skan-analytical-services-cleaning-validation-h2o2-surfaces-768x934.jpg 768w, https:\/\/skan.com\/wp-content\/uploads\/Skan-analytical-services-cleaning-validation-h2o2-surfaces-1264x1536.jpg 1264w, https:\/\/skan.com\/wp-content\/uploads\/Skan-analytical-services-cleaning-validation-h2o2-surfaces-1685x2048.jpg 1685w\" sizes=\"auto, (max-width: 2106px) 100vw, 2106px\" \/>                                <\/picture>\r\n                            <\/div>\t\t\t\t\t\t                        \t\t\t\t\t<\/div>\r\n\t            \t\t\t<\/div>\r\n\t\t<\/div>\r\n\t<\/section>\r\n\t<div id=\"anchor-block\"><\/div>\r\n\n\n\t<section id=\"section-content-block_21a2fd2ca5f3824f800998bac58c6cfd\" class=\"section-content info-section-2-columns\">\r\n\t\t<div class=\"container-fluid\">\r\n\t\t\t<div class=\"two-blocks-content\">\r\n\t\t\t\t\t\t\t\t\t<div class=\"article-wrap\">\r\n\t\t\t\t\t\t\t\t\t\t\t\t\t<div class=\"block heading-block\">\r\n\t\t\t\t\t\t\t\t<p>Mit unseren analytischen Dienstleistungen verbessern Sie die Sicherheit Ihrer Produkte.<\/p>\n\t\t\t\t\t\t\t<\/div>\r\n\t\t\t\t\t\t\t\t\t\t\t\t                            <aside class=\"mobile-mod\">\r\n                                <div class=\"widget\">\r\n                                    <div class=\"contact-block\">\r\n\t\t\t\t\t\t\t\t\t\t\t\t\t\t\t\t\t\t\t\t                                            <h3>SKANalytix<\/h3>\r\n\t\t\t\t\t\t\t\t\t\t\t\t\t\t\t\t\t\t\t\t                                            <div class=\"contact-block-holder\">\r\n\t\t\t\t\t\t\t\t\t\t\t\t                                                    <address>Kreuzstrasse 5<br> 4123 Allschwil<br> Schweiz<\/address>\r\n\t\t\t\t\t\t\t\t\t\t\t\t\t\t\t\t\t\t\t\t\t\t\t\t                                            <\/div>\r\n\t\t\t\t\t\t\t\t\t\t\t\t\t\t\t\t\t\t\t\t                                            <a class=\"btn btn-secondary\" href=\"mailto:analytix@skan.ch\" target=\"_self\">Kontakt<\/a>\r\n\t\t\t\t\t\t\t\t\t\t                                    <\/div>\r\n                                <\/div>\r\n                            <\/aside>\r\n\t\t\t\t\t\t\t\t\t\t\t\t\t\t\t\t\t\t\t<div class=\"block\">\r\n\t\t\t\t\t\t\t\t<p>SKAN bietet umfassende analytische Dienstleistungen f\u00fcr die Arzneimittel-, Biotech-, Medizinger\u00e4te- und Kosmetikbranche, wo \u00e4hnliche regulatorische Anforderungen an Verpackungsmaterialien, Rohstoffe, pharmazeutische Wirkstoffe (API) und Arzneimittel gestellt werden.<\/p>\n<p>SKAN ist bestens vertraut mit verschiedensten physikalisch-chemischen Analysen und Pr\u00fcfverfahren f\u00fcr prozessrelevante Molek\u00fcle. Wir setzen hochmoderne Analysetechniken ein, darunter:<\/p>\n<ul>\n<li>Chromatografische Trenntechniken<\/li>\n<li>H<sub>2<\/sub>O<sub>2<\/sub>&#8211; und Ozonanalysen im Ultraspurbereich<\/li>\n<li>Optische Spektrometrie<\/li>\n<li>Partikelgr\u00f6ssenmessung<\/li>\n<\/ul>\n<p>Dank dieser fortschrittlichen Analysetechniken kann SKAN L\u00f6sungen unter anderem f\u00fcr folgende Aufgaben anbieten:<\/p>\n<ul>\n<li>Reinigungsvalidierung<\/li>\n<li>Pr\u00fcfung auf migrierte Extractables und Leachables<\/li>\n<li>Feststellung genotoxischer Verunreinigungen<\/li>\n<li>Arbeitshygienische Analysen<\/li>\n<li>Tests nach Vorgaben der Arzneimittelb\u00fccher<\/li>\n<li>Freigabetests<\/li>\n<li>Pr\u00fcfung auf L\u00f6sungsmittelr\u00fcckst\u00e4nde<\/li>\n<li>Stabilit\u00e4tspr\u00fcfungen<\/li>\n<\/ul>\n<p>Wir wollen unseren Kunden ein zuverl\u00e4ssiger und vertrauensw\u00fcrdiger Partner sein, der Dienstleistungen f\u00fcr alle Prozesse im Bereich der Isolatortechnologie anbietet und Ihnen die Erfahrung und die Ressourcen zur Verf\u00fcgung stellt, die Sie im Umgang mit der stetig zunehmenden Komplexit\u00e4t in der Life-Science-Branche ben\u00f6tigen.<\/p>\n\t\t\t\t\t\t\t<\/div>\r\n\t\t\t\t\t\t\t\t\t\t\t\t\t\t\t\t\t\t\t\t\t\t\t\t\t\t\t\t\t<\/div>\r\n\t\t\t\t\t\t\t\t\t\t\t\t\t<aside class=\"desktop-mod\">\r\n\t\t\t\t\t\t<div class=\"widget\">\r\n\t\t\t\t\t\t\t<div class=\"contact-block\">\r\n\t\t\t\t\t\t\t\t\t\t\t\t\t\t\t\t\t\t\t\t\t\t\t\t\t<h3>SKANalytix<\/h3>\r\n\t\t\t\t\t\t\t\t\t\t\t\t\t\t\t\t\t\t\t\t\t\t\t\t\t<div class=\"contact-block-holder\">\r\n\t\t\t\t\t\t\t\t\t\t\t\t\t\t\t\t\t\t\t\t\t<address>Kreuzstrasse 5<br> 4123 Allschwil<br> Schweiz<\/address>\r\n\t\t\t\t\t\t\t\t\t\t\t\t\t\t\t\t\t\t\t\t\t\t\t\t\t\t\t\t\t<\/div>\r\n\t\t\t\t\t\t\t\t\t\t\t\t\t\t\t\t\t\t\t\t\t\t\t\t\t<a class=\"btn btn-secondary\" href=\"mailto:analytix@skan.ch\" target=\"_self\">Kontakt<\/a>\r\n\t\t\t\t\t\t\t\t\t\t\t\t\t\t\t<\/div>\r\n\t\t\t\t\t\t<\/div>\r\n\t\t\t\t\t<\/aside>\r\n\t\t\t\t\t\t\t<\/div>\r\n\t\t<\/div>\r\n\t<\/section>\r\n\n\n\t<!-- section visuals-->\r\n\t<div id=\"section-visuals-block_307e3e26bf8295de4bf8188322561908\" class=\"section-main section-visuals\">\r\n\t\t<div class=\"visuals-container container-fluid\">\r\n\t\t\t<div class=\"full-width-row\">\r\n\t\t\t\t<div class=\"visuals-row js-masonry\" data-masonry-options=\"{&quot;itemSelector&quot;: &quot;.grid-item&quot;, &quot;percentPosition&quot;: true }\">\r\n\t\t\t\t\t\t\t\t\t\t\t\t\t\t\t\t\t\t\t\t\t\t\t<div class=\"visual-column grid-item has-heading\">\r\n\t\t\t\t\t\t\t\t\t\t\t\t\t\t\t\t\t<h2 class=\"visuals-title\">Wir bieten umfassende Dienstleistungen aus einer Hand, darunter: <\/h2>\r\n\t\t\t\t\t\t\t\t\t\t\t\t\t\t\t\t<a class=\"card-visual card-animated card-short\" href=\"https:\/\/skan.com\/de\/services\/skanalytix\/persist\/\" target=\"_self\">\r\n\t\t\t\t\t\t\t\t\t<div class=\"card-img\" >\r\n\t\t\t\t\t\t\t\t\t\t\t\t\t\t\t\t\t\t\t\t\t\t\t\t\t\t\t\t\t\t\t<picture>\r\n\t\t\t\t\t\t\t\t\t\t\t\t\t\t\t\t\t\t\t\t\t\t\t\t\t<source type=\"image\/jpeg\" srcset=\"https:\/\/skan.com\/wp-content\/uploads\/skan-services-skanalytix-persist.jpg 375w, https:\/\/skan.com\/wp-content\/uploads\/skan-services-skanalytix-persist.jpg 750w\" sizes=\"100vw \" media=\"(max-width: 767px)\"\/>\r\n\t\t\t\t\t\t\t\t\t\t\t\t\t\t\t\t\t\t\t\t\t\t\t\t<source type=\"image\/jpeg\" srcset=\"https:\/\/skan.com\/wp-content\/uploads\/skan-services-skanalytix-persist.jpg 736w, https:\/\/skan.com\/wp-content\/uploads\/skan-services-skanalytix-persist.jpg 1472w\" sizes=\"(min-width: 768px) 50vw, 100vw\"\/>\r\n\t\t\t\t\t\t\t\t\t\t\t\t<img loading=\"lazy\" decoding=\"async\" width=\"2560\" height=\"1707\" src=\"https:\/\/skan.com\/wp-content\/uploads\/skan-services-skanalytix-persist.jpg\" class=\"attachment-full size-full\" alt=\"Young male scientist examining his medical research while working in laboratory.\" srcset=\"https:\/\/skan.com\/wp-content\/uploads\/skan-services-skanalytix-persist.jpg 2560w, https:\/\/skan.com\/wp-content\/uploads\/skan-services-skanalytix-persist-300x200.jpg 300w, https:\/\/skan.com\/wp-content\/uploads\/skan-services-skanalytix-persist-1024x683.jpg 1024w, https:\/\/skan.com\/wp-content\/uploads\/skan-services-skanalytix-persist-768x512.jpg 768w, https:\/\/skan.com\/wp-content\/uploads\/skan-services-skanalytix-persist-1536x1024.jpg 1536w, https:\/\/skan.com\/wp-content\/uploads\/skan-services-skanalytix-persist-2048x1366.jpg 2048w\" sizes=\"auto, (max-width: 2560px) 100vw, 2560px\" \/>\t\t\t\t\t\t\t\t\t\t\t<\/picture>\r\n\t\t\t\t\t\t\t\t\t\t\t\t\t\t\t\t\t\t\t<\/div>\r\n\t\t\t\t\t\t\t\t\t\t\t\t\t\t\t\t\t\t\t<div class=\"card-body-wrap\">\r\n\t\t\t\t\t\t\t\t\t\t\t<div class=\"card-body\">\r\n\t\t\t\t\t\t\t\t\t\t\t\t\t\t\t\t\t\t\t\t\t\t\t\t\t<h2 class=\"card-title\">persist<\/h2>\r\n\t\t\t\t\t\t\t\t\t\t\t\t\t\t\t\t\t\t\t\t\t\t\t\t\t\t\t\t\t\t\t\t\t\t\t\t\t<p>W\u00e4hlen Sie die am besten geeigneten Materialien f\u00fcr Ihren Prozess aus<\/p>\r\n\t\t\t\t\t\t\t\t\t\t\t\t\t\t\t\t\t\t\t\t\t\t\t\t\t\t\t\t\t\t\t\t\t\t\t\t\t<div class=\"link-wrap\">\r\n\t\t\t\t\t\t\t\t\t\t\t\t\t\t<span class=\"link-arrowed\">Mehr erfahren<\/span>\r\n\t\t\t\t\t\t\t\t\t\t\t\t\t<\/div>\r\n\t\t\t\t\t\t\t\t\t\t\t\t\t\t\t\t\t\t\t\t\t\t\t<\/div>\r\n\t\t\t\t\t\t\t\t\t\t<\/div>\r\n\t\t\t\t\t\t\t\t\t\t\t\t\t\t\t\t\t<\/a>\r\n\t\t\t\t\t\t\t<\/div>\r\n\t\t\t\t\t\t\t\t\t\t\t\t\t\t\t\t\t\t\t\t\t\t\t\t\t\t\t\t\t\t\t<div class=\"visual-column grid-item \">\r\n\t\t\t\t\t\t\t\t\t\t\t\t\t\t\t\t<a class=\"card-visual card-animated card-short\" href=\"https:\/\/skan.com\/de\/services\/skanalytix\/active\/\" target=\"_self\">\r\n\t\t\t\t\t\t\t\t\t<div class=\"card-img\" >\r\n\t\t\t\t\t\t\t\t\t\t\t\t\t\t\t\t\t\t\t\t\t\t\t\t\t\t\t\t\t\t\t<picture>\r\n\t\t\t\t\t\t\t\t\t\t\t\t\t\t\t\t\t\t\t\t\t\t\t\t\t<source type=\"image\/jpeg\" srcset=\"https:\/\/skan.com\/wp-content\/uploads\/GettyImages-1284044330-scaled.jpg 375w, https:\/\/skan.com\/wp-content\/uploads\/GettyImages-1284044330-scaled.jpg 750w\" sizes=\"100vw \" media=\"(max-width: 767px)\"\/>\r\n\t\t\t\t\t\t\t\t\t\t\t\t\t\t\t\t\t\t\t\t\t\t\t\t<source type=\"image\/jpeg\" srcset=\"https:\/\/skan.com\/wp-content\/uploads\/GettyImages-1284044330-scaled.jpg 736w, https:\/\/skan.com\/wp-content\/uploads\/GettyImages-1284044330-scaled.jpg 1472w\" sizes=\"(min-width: 768px) 50vw, 100vw\"\/>\r\n\t\t\t\t\t\t\t\t\t\t\t\t<img loading=\"lazy\" decoding=\"async\" width=\"2560\" height=\"1707\" src=\"https:\/\/skan.com\/wp-content\/uploads\/GettyImages-1284044330-scaled.jpg\" class=\"attachment-full size-full\" alt=\"\" srcset=\"https:\/\/skan.com\/wp-content\/uploads\/GettyImages-1284044330-scaled.jpg 2560w, https:\/\/skan.com\/wp-content\/uploads\/GettyImages-1284044330-300x200.jpg 300w, https:\/\/skan.com\/wp-content\/uploads\/GettyImages-1284044330-1024x683.jpg 1024w, https:\/\/skan.com\/wp-content\/uploads\/GettyImages-1284044330-768x512.jpg 768w, https:\/\/skan.com\/wp-content\/uploads\/GettyImages-1284044330-1536x1024.jpg 1536w, https:\/\/skan.com\/wp-content\/uploads\/GettyImages-1284044330-2048x1365.jpg 2048w\" sizes=\"auto, (max-width: 2560px) 100vw, 2560px\" \/>\t\t\t\t\t\t\t\t\t\t\t<\/picture>\r\n\t\t\t\t\t\t\t\t\t\t\t\t\t\t\t\t\t\t\t<\/div>\r\n\t\t\t\t\t\t\t\t\t\t\t\t\t\t\t\t\t\t\t<div class=\"card-body-wrap\">\r\n\t\t\t\t\t\t\t\t\t\t\t<div class=\"card-body\">\r\n\t\t\t\t\t\t\t\t\t\t\t\t\t\t\t\t\t\t\t\t\t\t\t\t\t<h2 class=\"card-title\">active<\/h2>\r\n\t\t\t\t\t\t\t\t\t\t\t\t\t\t\t\t\t\t\t\t\t\t\t\t\t\t\t\t\t\t\t\t\t\t\t\t\t<p>Ermitteln Sie m\u00f6gliche Gefahren und sch\u00fctzen Sie Ihre Produkte<\/p>\r\n\t\t\t\t\t\t\t\t\t\t\t\t\t\t\t\t\t\t\t\t\t\t\t\t\t\t\t\t\t\t\t\t\t\t\t\t\t<div class=\"link-wrap\">\r\n\t\t\t\t\t\t\t\t\t\t\t\t\t\t<span class=\"link-arrowed\">Mehr erfahren<\/span>\r\n\t\t\t\t\t\t\t\t\t\t\t\t\t<\/div>\r\n\t\t\t\t\t\t\t\t\t\t\t\t\t\t\t\t\t\t\t\t\t\t\t<\/div>\r\n\t\t\t\t\t\t\t\t\t\t<\/div>\r\n\t\t\t\t\t\t\t\t\t\t\t\t\t\t\t\t\t<\/a>\r\n\t\t\t\t\t\t\t<\/div>\r\n\t\t\t\t\t\t\t\t\t\t\t\t\t\t\t\t\t\t\t\t\t\t\t\t\t\t\t\t\t\t\t<div class=\"visual-column grid-item \">\r\n\t\t\t\t\t\t\t\t\t\t\t\t\t\t\t\t<a class=\"card-visual card-animated card-short\" href=\"https:\/\/skan.com\/de\/services\/skanalytix\/clean\/\" target=\"_self\">\r\n\t\t\t\t\t\t\t\t\t<div class=\"card-img\" >\r\n\t\t\t\t\t\t\t\t\t\t\t\t\t\t\t\t\t\t\t\t\t\t\t\t\t\t\t\t\t\t\t<picture>\r\n\t\t\t\t\t\t\t\t\t\t\t\t\t\t\t\t\t\t\t\t\t\t\t\t\t<source type=\"image\/jpeg\" srcset=\"https:\/\/skan.com\/wp-content\/uploads\/GettyImages-1266845414-scaled.jpg 375w, https:\/\/skan.com\/wp-content\/uploads\/GettyImages-1266845414-scaled.jpg 750w\" sizes=\"100vw \" media=\"(max-width: 767px)\"\/>\r\n\t\t\t\t\t\t\t\t\t\t\t\t\t\t\t\t\t\t\t\t\t\t\t\t<source type=\"image\/jpeg\" srcset=\"https:\/\/skan.com\/wp-content\/uploads\/GettyImages-1266845414-scaled.jpg 736w, https:\/\/skan.com\/wp-content\/uploads\/GettyImages-1266845414-scaled.jpg 1472w\" sizes=\"(min-width: 768px) 50vw, 100vw\"\/>\r\n\t\t\t\t\t\t\t\t\t\t\t\t<img loading=\"lazy\" decoding=\"async\" width=\"2560\" height=\"1920\" src=\"https:\/\/skan.com\/wp-content\/uploads\/GettyImages-1266845414-scaled.jpg\" class=\"attachment-full size-full\" alt=\"\" srcset=\"https:\/\/skan.com\/wp-content\/uploads\/GettyImages-1266845414-scaled.jpg 2560w, https:\/\/skan.com\/wp-content\/uploads\/GettyImages-1266845414-300x225.jpg 300w, https:\/\/skan.com\/wp-content\/uploads\/GettyImages-1266845414-1024x768.jpg 1024w, https:\/\/skan.com\/wp-content\/uploads\/GettyImages-1266845414-768x576.jpg 768w, https:\/\/skan.com\/wp-content\/uploads\/GettyImages-1266845414-1536x1152.jpg 1536w, https:\/\/skan.com\/wp-content\/uploads\/GettyImages-1266845414-2048x1536.jpg 2048w\" sizes=\"auto, (max-width: 2560px) 100vw, 2560px\" \/>\t\t\t\t\t\t\t\t\t\t\t<\/picture>\r\n\t\t\t\t\t\t\t\t\t\t\t\t\t\t\t\t\t\t\t<\/div>\r\n\t\t\t\t\t\t\t\t\t\t\t\t\t\t\t\t\t\t\t<div class=\"card-body-wrap\">\r\n\t\t\t\t\t\t\t\t\t\t\t<div class=\"card-body\">\r\n\t\t\t\t\t\t\t\t\t\t\t\t\t\t\t\t\t\t\t\t\t\t\t\t\t<h2 class=\"card-title\">clean<\/h2>\r\n\t\t\t\t\t\t\t\t\t\t\t\t\t\t\t\t\t\t\t\t\t\t\t\t\t\t\t\t\t\t\t\t\t\t\t\t\t<p>Wir unterst\u00fctzen Sie bei der Entwicklung einer effektiven Reinigungsstrategie<\/p>\r\n\t\t\t\t\t\t\t\t\t\t\t\t\t\t\t\t\t\t\t\t\t\t\t\t\t\t\t\t\t\t\t\t\t\t\t\t\t<div class=\"link-wrap\">\r\n\t\t\t\t\t\t\t\t\t\t\t\t\t\t<span class=\"link-arrowed\">Mehr erfahren<\/span>\r\n\t\t\t\t\t\t\t\t\t\t\t\t\t<\/div>\r\n\t\t\t\t\t\t\t\t\t\t\t\t\t\t\t\t\t\t\t\t\t\t\t<\/div>\r\n\t\t\t\t\t\t\t\t\t\t<\/div>\r\n\t\t\t\t\t\t\t\t\t\t\t\t\t\t\t\t\t<\/a>\r\n\t\t\t\t\t\t\t<\/div>\r\n\t\t\t\t\t\t\t\t\t\t\t\t\t\t\t\t\t\t\t\t\t\t\t\t\t\t\t\t\t\t\t<div class=\"visual-column grid-item \">\r\n\t\t\t\t\t\t\t\t\t\t\t\t\t\t\t\t<a class=\"card-visual card-animated card-short\" href=\"https:\/\/skan.com\/de\/services\/skanalytix\/insilico\/\" target=\"_self\">\r\n\t\t\t\t\t\t\t\t\t<div class=\"card-img\" >\r\n\t\t\t\t\t\t\t\t\t\t\t\t\t\t\t\t\t\t\t\t\t\t\t\t\t\t\t\t\t\t\t<picture>\r\n\t\t\t\t\t\t\t\t\t\t\t\t\t\t\t\t\t\t\t\t\t\t\t\t\t<source type=\"image\/jpeg\" srcset=\"https:\/\/skan.com\/wp-content\/uploads\/SKANalytix-inSIlico-flow-simulations-kachel-1.jpg 375w, https:\/\/skan.com\/wp-content\/uploads\/SKANalytix-inSIlico-flow-simulations-kachel-1.jpg 750w\" sizes=\"100vw \" media=\"(max-width: 767px)\"\/>\r\n\t\t\t\t\t\t\t\t\t\t\t\t\t\t\t\t\t\t\t\t\t\t\t\t<source type=\"image\/jpeg\" srcset=\"https:\/\/skan.com\/wp-content\/uploads\/SKANalytix-inSIlico-flow-simulations-kachel-1.jpg 736w, https:\/\/skan.com\/wp-content\/uploads\/SKANalytix-inSIlico-flow-simulations-kachel-1.jpg 1472w\" sizes=\"(min-width: 768px) 50vw, 100vw\"\/>\r\n\t\t\t\t\t\t\t\t\t\t\t\t<img loading=\"lazy\" decoding=\"async\" width=\"1472\" height=\"1000\" src=\"https:\/\/skan.com\/wp-content\/uploads\/SKANalytix-inSIlico-flow-simulations-kachel-1.jpg\" class=\"attachment-full size-full\" alt=\"\" srcset=\"https:\/\/skan.com\/wp-content\/uploads\/SKANalytix-inSIlico-flow-simulations-kachel-1.jpg 1472w, https:\/\/skan.com\/wp-content\/uploads\/SKANalytix-inSIlico-flow-simulations-kachel-1-300x204.jpg 300w, https:\/\/skan.com\/wp-content\/uploads\/SKANalytix-inSIlico-flow-simulations-kachel-1-1024x696.jpg 1024w, https:\/\/skan.com\/wp-content\/uploads\/SKANalytix-inSIlico-flow-simulations-kachel-1-768x522.jpg 768w\" sizes=\"auto, (max-width: 1472px) 100vw, 1472px\" \/>\t\t\t\t\t\t\t\t\t\t\t<\/picture>\r\n\t\t\t\t\t\t\t\t\t\t\t\t\t\t\t\t\t\t\t<\/div>\r\n\t\t\t\t\t\t\t\t\t\t\t\t\t\t\t\t\t\t\t<div class=\"card-body-wrap\">\r\n\t\t\t\t\t\t\t\t\t\t\t<div class=\"card-body\">\r\n\t\t\t\t\t\t\t\t\t\t\t\t\t\t\t\t\t\t\t\t\t\t\t\t\t<h2 class=\"card-title\">inSilico<\/h2>\r\n\t\t\t\t\t\t\t\t\t\t\t\t\t\t\t\t\t\t\t\t\t\t\t\t\t\t\t\t\t\t\t\t\t\t\t\t\t<p>Modernste Str\u00f6mungssimulationen<\/p>\r\n\t\t\t\t\t\t\t\t\t\t\t\t\t\t\t\t\t\t\t\t\t\t\t\t\t\t\t\t\t\t\t\t\t\t\t\t\t<div class=\"link-wrap\">\r\n\t\t\t\t\t\t\t\t\t\t\t\t\t\t<span class=\"link-arrowed\">Mehr erfahren<\/span>\r\n\t\t\t\t\t\t\t\t\t\t\t\t\t<\/div>\r\n\t\t\t\t\t\t\t\t\t\t\t\t\t\t\t\t\t\t\t\t\t\t\t<\/div>\r\n\t\t\t\t\t\t\t\t\t\t<\/div>\r\n\t\t\t\t\t\t\t\t\t\t\t\t\t\t\t\t\t<\/a>\r\n\t\t\t\t\t\t\t<\/div>\r\n\t\t\t\t\t\t\t\t\t\t\t\t\t\t\t\t\t\t\t\t\t\t<\/div>\r\n\t\t\t<\/div>\r\n\t\t<\/div>\r\n\t<\/div>\r\n\r\n\n\n\n\n<!-- divider line-->\r\n<hr class=\"divider\"\/>\r\n\n\n\t<!-- section-->\r\n\t<section id=\"section-technology-block_9094590e737f245cb8d20444ace47060\" class=\"section-main section-technology\">\r\n\t\t<div class=\"container-fluid\">\r\n\t\t\t\t\t\t\t<h2 class=\"title-section\"> <\/h2>\r\n\t\t\t\t\t\t\t\t\t\t\t<\/div>\r\n\t<\/section>\r\n","protected":false},"excerpt":{"rendered":"","protected":false},"author":3,"featured_media":0,"parent":12228,"menu_order":0,"comment_status":"closed","ping_status":"closed","template":"","meta":{"_acf_changed":false,"inline_featured_image":false,"footnotes":""},"class_list":["post-20745","page","type-page","status-publish","hentry"],"acf":[],"yoast_head":"<!-- This site is optimized with the Yoast SEO plugin v26.9 - https:\/\/yoast.com\/product\/yoast-seo-wordpress\/ -->\n<title>SKANalytix - SKAN<\/title>\n<meta name=\"description\" content=\"SKAN Laboratories ist spezialisiert auf biologische Indikatoren f\u00fcr H2O2-basierte Dekontaminationssysteme.\" \/>\n<meta name=\"robots\" content=\"index, follow, max-snippet:-1, max-image-preview:large, max-video-preview:-1\" \/>\n<link rel=\"canonical\" href=\"https:\/\/skan.com\/de\/services\/skanalytix\/\" \/>\n<meta property=\"og:locale\" content=\"de_DE\" \/>\n<meta property=\"og:type\" content=\"article\" \/>\n<meta property=\"og:title\" content=\"SKANalytix - SKAN\" \/>\n<meta property=\"og:description\" content=\"SKAN Laboratories ist spezialisiert auf biologische Indikatoren f\u00fcr H2O2-basierte Dekontaminationssysteme.\" \/>\n<meta property=\"og:url\" content=\"https:\/\/skan.com\/de\/services\/skanalytix\/\" \/>\n<meta property=\"og:site_name\" content=\"SKAN\" \/>\n<meta property=\"article:modified_time\" content=\"2023-05-11T13:19:45+00:00\" \/>\n<meta name=\"twitter:card\" content=\"summary_large_image\" \/>\n<script type=\"application\/ld+json\" class=\"yoast-schema-graph\">{\"@context\":\"https:\/\/schema.org\",\"@graph\":[{\"@type\":\"WebPage\",\"@id\":\"https:\/\/skan.com\/de\/services\/skanalytix\/\",\"url\":\"https:\/\/skan.com\/de\/services\/skanalytix\/\",\"name\":\"SKANalytix - SKAN\",\"isPartOf\":{\"@id\":\"https:\/\/skan.com\/de\/#website\"},\"datePublished\":\"2022-04-01T09:54:23+00:00\",\"dateModified\":\"2023-05-11T13:19:45+00:00\",\"description\":\"SKAN Laboratories ist spezialisiert auf biologische Indikatoren f\u00fcr H2O2-basierte Dekontaminationssysteme.\",\"breadcrumb\":{\"@id\":\"https:\/\/skan.com\/de\/services\/skanalytix\/#breadcrumb\"},\"inLanguage\":\"de\",\"potentialAction\":[{\"@type\":\"ReadAction\",\"target\":[\"https:\/\/skan.com\/de\/services\/skanalytix\/\"]}]},{\"@type\":\"BreadcrumbList\",\"@id\":\"https:\/\/skan.com\/de\/services\/skanalytix\/#breadcrumb\",\"itemListElement\":[{\"@type\":\"ListItem\",\"position\":1,\"name\":\"Home\",\"item\":\"https:\/\/skan.com\/de\/\"},{\"@type\":\"ListItem\",\"position\":2,\"name\":\"Services\",\"item\":\"https:\/\/skan.com\/de\/services\/\"},{\"@type\":\"ListItem\",\"position\":3,\"name\":\"SKANalytix\"}]},{\"@type\":\"WebSite\",\"@id\":\"https:\/\/skan.com\/de\/#website\",\"url\":\"https:\/\/skan.com\/de\/\",\"name\":\"SKAN\",\"description\":\"Ihr Partner f\u00fcr Forschungslaboratorien\",\"potentialAction\":[{\"@type\":\"SearchAction\",\"target\":{\"@type\":\"EntryPoint\",\"urlTemplate\":\"https:\/\/skan.com\/de\/?s={search_term_string}\"},\"query-input\":{\"@type\":\"PropertyValueSpecification\",\"valueRequired\":true,\"valueName\":\"search_term_string\"}}],\"inLanguage\":\"de\"}]}<\/script>\n<!-- \/ Yoast SEO plugin. -->","yoast_head_json":{"title":"SKANalytix - SKAN","description":"SKAN Laboratories ist spezialisiert auf biologische Indikatoren f\u00fcr H2O2-basierte Dekontaminationssysteme.","robots":{"index":"index","follow":"follow","max-snippet":"max-snippet:-1","max-image-preview":"max-image-preview:large","max-video-preview":"max-video-preview:-1"},"canonical":"https:\/\/skan.com\/de\/services\/skanalytix\/","og_locale":"de_DE","og_type":"article","og_title":"SKANalytix - SKAN","og_description":"SKAN Laboratories ist spezialisiert auf biologische Indikatoren f\u00fcr H2O2-basierte Dekontaminationssysteme.","og_url":"https:\/\/skan.com\/de\/services\/skanalytix\/","og_site_name":"SKAN","article_modified_time":"2023-05-11T13:19:45+00:00","twitter_card":"summary_large_image","schema":{"@context":"https:\/\/schema.org","@graph":[{"@type":"WebPage","@id":"https:\/\/skan.com\/de\/services\/skanalytix\/","url":"https:\/\/skan.com\/de\/services\/skanalytix\/","name":"SKANalytix - SKAN","isPartOf":{"@id":"https:\/\/skan.com\/de\/#website"},"datePublished":"2022-04-01T09:54:23+00:00","dateModified":"2023-05-11T13:19:45+00:00","description":"SKAN Laboratories ist spezialisiert auf biologische Indikatoren f\u00fcr H2O2-basierte Dekontaminationssysteme.","breadcrumb":{"@id":"https:\/\/skan.com\/de\/services\/skanalytix\/#breadcrumb"},"inLanguage":"de","potentialAction":[{"@type":"ReadAction","target":["https:\/\/skan.com\/de\/services\/skanalytix\/"]}]},{"@type":"BreadcrumbList","@id":"https:\/\/skan.com\/de\/services\/skanalytix\/#breadcrumb","itemListElement":[{"@type":"ListItem","position":1,"name":"Home","item":"https:\/\/skan.com\/de\/"},{"@type":"ListItem","position":2,"name":"Services","item":"https:\/\/skan.com\/de\/services\/"},{"@type":"ListItem","position":3,"name":"SKANalytix"}]},{"@type":"WebSite","@id":"https:\/\/skan.com\/de\/#website","url":"https:\/\/skan.com\/de\/","name":"SKAN","description":"Ihr Partner f\u00fcr Forschungslaboratorien","potentialAction":[{"@type":"SearchAction","target":{"@type":"EntryPoint","urlTemplate":"https:\/\/skan.com\/de\/?s={search_term_string}"},"query-input":{"@type":"PropertyValueSpecification","valueRequired":true,"valueName":"search_term_string"}}],"inLanguage":"de"}]}},"_links":{"self":[{"href":"https:\/\/skan.com\/de\/wp-json\/wp\/v2\/pages\/20745","targetHints":{"allow":["GET"]}}],"collection":[{"href":"https:\/\/skan.com\/de\/wp-json\/wp\/v2\/pages"}],"about":[{"href":"https:\/\/skan.com\/de\/wp-json\/wp\/v2\/types\/page"}],"author":[{"embeddable":true,"href":"https:\/\/skan.com\/de\/wp-json\/wp\/v2\/users\/3"}],"replies":[{"embeddable":true,"href":"https:\/\/skan.com\/de\/wp-json\/wp\/v2\/comments?post=20745"}],"version-history":[{"count":22,"href":"https:\/\/skan.com\/de\/wp-json\/wp\/v2\/pages\/20745\/revisions"}],"predecessor-version":[{"id":32657,"href":"https:\/\/skan.com\/de\/wp-json\/wp\/v2\/pages\/20745\/revisions\/32657"}],"up":[{"embeddable":true,"href":"https:\/\/skan.com\/de\/wp-json\/wp\/v2\/pages\/12228"}],"wp:attachment":[{"href":"https:\/\/skan.com\/de\/wp-json\/wp\/v2\/media?parent=20745"}],"curies":[{"name":"wp","href":"https:\/\/api.w.org\/{rel}","templated":true}]}}