{"id":18492,"date":"2021-12-16T13:04:23","date_gmt":"2021-12-16T13:04:23","guid":{"rendered":"https:\/\/skan.com\/?page_id=18492"},"modified":"2025-12-10T09:06:22","modified_gmt":"2025-12-10T09:06:22","slug":"frohe-weihnachten","status":"publish","type":"page","link":"https:\/\/skan.com\/de\/forget-about-isolators\/","title":{"rendered":"Forget about isolators"},"content":{"rendered":"\t<!-- section hero-->\r\n\t<section id=\"section-hero-block_699ebafb0d3a11284b64acfed1decf43\" class=\"section-hero full-height-screen viewport-section\" >\r\n\t\t\t\t<div class=\"container-fluid\">\r\n\t\t\t<div class=\"full-width-row full-height-holder df-row\">\r\n\t\t\t\t\t\t\t\t\t<div class=\"column-text col-lg-6\">\r\n\t\t\t\t\t\t<div class=\"banner-text text-lead text-secondary js-anim-delay-parent-500 js-anim-default-parent\">\r\n\t\t\t\t\t\t\t<h1>Forget about isolators<\/h1>\n<p>Es g\u00e4be sicher einfachere Wege<\/p>\n\t\t\t\t\t\t\t\t\t\t\t\t\t\t<div class=\"scroll-down-block d-lg-block\">\r\n\t\t\t\t\t\t\t\t<a class=\"link-anchor link-anchor-down\" href=\"#anchor-block\">\r\n\t\t\t\t\t\t\t\t\tWeiter\t\t\t\t\t\t\t\t<\/a>\r\n\t\t\t\t\t\t\t<\/div>\r\n\t\t\t\t\t\t<\/div>\r\n\t\t\t\t\t<\/div>\r\n\t\t\t\t\t            \t\t\t\t\t<div class=\"column-image col-lg-6\">\r\n\t\t\t\t\t\t                                                    <div class=\"visual-box video-mod animImage\">\r\n                                <picture>\r\n                                                                            <source type=\"image\/jpeg\" srcset=\"https:\/\/skan.com\/wp-content\/uploads\/website_hero_bild.png 375w, https:\/\/skan.com\/wp-content\/uploads\/website_hero_bild.png 750w\" sizes=\"100vw\" media=\"(max-width: 767px)\"\/>\r\n                                                                        <source type=\"image\/jpeg\" srcset=\"https:\/\/skan.com\/wp-content\/uploads\/website_hero_bild.png 736w, https:\/\/skan.com\/wp-content\/uploads\/website_hero_bild.png 1472w\" sizes=\"(min-width: 768px) 50vw, 100vw\"\/>\r\n                                    <img loading=\"lazy\" decoding=\"async\" width=\"6133\" height=\"8333\" src=\"https:\/\/skan.com\/wp-content\/uploads\/website_hero_bild.png\" class=\"attachment-full size-full\" alt=\"three scientists in the lab\" srcset=\"https:\/\/skan.com\/wp-content\/uploads\/website_hero_bild.png 6133w, https:\/\/skan.com\/wp-content\/uploads\/website_hero_bild-221x300.png 221w, https:\/\/skan.com\/wp-content\/uploads\/website_hero_bild-754x1024.png 754w, https:\/\/skan.com\/wp-content\/uploads\/website_hero_bild-768x1043.png 768w, https:\/\/skan.com\/wp-content\/uploads\/website_hero_bild-1130x1536.png 1130w, https:\/\/skan.com\/wp-content\/uploads\/website_hero_bild-1507x2048.png 1507w\" sizes=\"auto, (max-width: 6133px) 100vw, 6133px\" \/>                                <\/picture>\r\n                                                                    <a data-fancybox=\"\" href=\"https:\/\/youtu.be\/_EOWDBYCZAs\">\r\n                                        <svg width=\"80\" height=\"80\" viewBox=\"0 0 80 80\" fill=\"none\" xmlns=\"http:\/\/www.w3.org\/2000\/svg\">\r\n                                            <circle cx=\"40\" cy=\"40\" r=\"40\" fill=\"#004682\"><\/circle>\r\n                                            <path d=\"m36 29 13 10-13 10V29Z\" fill=\"#fff\"><\/path>\r\n                                        <\/svg>\r\n                                    <\/a>\r\n                                                            <\/div>\r\n                        \t\t\t\t\t<\/div>\r\n\t            \t\t\t<\/div>\r\n\t\t<\/div>\r\n\t<\/section>\r\n\t<div id=\"anchor-block\"><\/div>\r\n\n\n<div class=\"g-container\"><div class=\"inner\">\t<section id=\"section-content-block_c56f5c514a32c2c7ad80e3940274c665\" class=\"section-content video-mod\">\r\n\t\t<div class=\"container-fluid\">\r\n\t\t\t<div class=\"column-text\">\r\n\t\t\t\t\t\t\t\t\t<div class=\"block heading-block\">\r\n\t\t\t\t\t\t<p>Wenn sich 2025 dem Ende zuneigt, lohnt sich ein Blick zur\u00fcck \u2013 auf Herausforderungen, auf Innovation und auf ein paar Ideen, die im Reinraum dann doch nichts verloren hatten:<\/p>\n\t\t\t\t\t<\/div>\r\n\t\t\t\t\t\t\t\t\t\t\t\t\t<div class=\"block img-block\">\r\n\t\t\t\t\t\t\t\t\t\t\t\t\t\t\t\t\t\t\t\t\t\t\t\t\t<div class=\"video-wrap img-wrap\">\r\n\t\t\t\t\t\t\t\t\t\t\t\t\t\t\t\t\t<div class=\"vd\">\r\n\t\t\t\t\t\t\t\t\t\t<img loading=\"lazy\" decoding=\"async\" width=\"1280\" height=\"720\" src=\"https:\/\/skan.com\/wp-content\/uploads\/youtube_banner.jpg\" class=\"attachment-full size-full\" alt=\"\" srcset=\"https:\/\/skan.com\/wp-content\/uploads\/youtube_banner.jpg 1280w, https:\/\/skan.com\/wp-content\/uploads\/youtube_banner-300x169.jpg 300w, https:\/\/skan.com\/wp-content\/uploads\/youtube_banner-1024x576.jpg 1024w, https:\/\/skan.com\/wp-content\/uploads\/youtube_banner-768x432.jpg 768w\" sizes=\"auto, (max-width: 1280px) 100vw, 1280px\" \/>\t\t\t\t\t\t\t\t\t<\/div>\r\n\t\t\t\t\t\t\t\t\t<div class=\"vm\">\r\n\t\t\t\t\t\t\t\t\t\t\t\t\t\t\t\t\t\t\t\t\t<img loading=\"lazy\" decoding=\"async\" width=\"1280\" height=\"720\" src=\"https:\/\/skan.com\/wp-content\/uploads\/youtube_banner.jpg\" class=\"attachment-full size-full\" alt=\"\" srcset=\"https:\/\/skan.com\/wp-content\/uploads\/youtube_banner.jpg 1280w, https:\/\/skan.com\/wp-content\/uploads\/youtube_banner-300x169.jpg 300w, https:\/\/skan.com\/wp-content\/uploads\/youtube_banner-1024x576.jpg 1024w, https:\/\/skan.com\/wp-content\/uploads\/youtube_banner-768x432.jpg 768w\" sizes=\"auto, (max-width: 1280px) 100vw, 1280px\" \/>\t\t\t\t\t\t\t\t\t\t\t\t\t\t\t\t\t\t\t<\/div>\r\n\t\t\t\t\t\t\t\t\t\t\t\t\t\t\t\t\t\t\t\t\t\t\t\t\t<div class=\"btn-wrap\">\r\n\t\t\t\t\t\t\t\t\t\t<a data-fancybox href=\"https:\/\/youtu.be\/_EOWDBYCZAs\" title=\"Play Video\">\r\n                                            <svg width=\"140\" height=\"140\" viewBox=\"0 0 140 140\" fill=\"none\" xmlns=\"http:\/\/www.w3.org\/2000\/svg\">\r\n                                                <circle cx=\"70\" cy=\"70\" r=\"69.25\" stroke=\"#fff\" stroke-opacity=\".8\" stroke-width=\"1.5\"><\/circle>\r\n                                                <path d=\"m60 50 26 20-26 20V50Z\" fill=\"#fff\"><\/path>\r\n                                            <\/svg>\r\n                                        <\/a>\r\n\t\t\t\t\t\t\t\t\t<\/div>\r\n\t\t\t\t\t\t\t\t\t\t\t\t\t\t\t<\/div>\r\n\t\t\t\t\t\t\t\t\t\t\t<\/div>\r\n\t\t\t\t\t\t\t<\/div>\r\n\t\t<\/div>\r\n\t<\/section>\r\n<\/div><\/div>\n\n\t<section class=\"text-section \">\r\n\t\t<div id=\"text-sectionblock_75894fdc6f9819e9d286bdf08224d4cf\" class=\"section-main twocolumns-section\">\r\n\t\t\t<div class=\"container-fluid\">\r\n\t\t\t\t\t\t\t\t<div class=\"column-text\">\r\n\t\t\t\t\t<p>In diesem Jahr hat SKAN Grenzen verschoben, neue Ans\u00e4tze ausprobiert und sich dabei immer auf das Wesentliche verlassen: Verl\u00e4sslichkeit und Sicherheit.<\/p>\n<p>Vielen Dank f\u00fcr Ihr Vertrauen im Jahr 2025. Wir w\u00fcnschen Ihnen erholsame Festtage und freuen uns darauf, auch im kommenden Jahr gemeinsam den Weg von Innovation und Verl\u00e4sslichkeit weiterzugehen.<\/p>\n<p>Festliche Gr\u00fcsse \ud83c\udf84<br \/>\nIhre SKAN Group<\/p>\n\t\t\t\t<\/div>\r\n\t\t\t<\/div>\r\n\t\t<\/div>\r\n\t<\/section>\r\n\n\n<div class=\"g-container\"><div class=\"inner\">\n<p><\/p>\n<\/div><\/div>","protected":false},"excerpt":{"rendered":"","protected":false},"author":5,"featured_media":0,"parent":0,"menu_order":0,"comment_status":"closed","ping_status":"closed","template":"","meta":{"_acf_changed":false,"inline_featured_image":false,"footnotes":""},"class_list":["post-18492","page","type-page","status-publish","hentry"],"acf":[],"yoast_head":"<!-- This site is optimized with the Yoast SEO plugin v26.9 - https:\/\/yoast.com\/product\/yoast-seo-wordpress\/ -->\n<title>Frohe Weihnachten und ein gutes neues Jahr! SKAN Group<\/title>\n<meta name=\"description\" content=\"Wenn sich 2025 dem Ende zuneigt, lohnt sich ein Blick zur\u00fcck. Jetzt Video anschauen!\" \/>\n<meta name=\"robots\" content=\"index, follow, max-snippet:-1, max-image-preview:large, max-video-preview:-1\" \/>\n<link rel=\"canonical\" href=\"https:\/\/skan.com\/de\/forget-about-isolators\/\" \/>\n<meta property=\"og:locale\" content=\"de_DE\" \/>\n<meta property=\"og:type\" content=\"article\" \/>\n<meta property=\"og:title\" content=\"Frohe Weihnachten und ein gutes neues Jahr! SKAN Group\" \/>\n<meta property=\"og:description\" content=\"Wenn sich 2025 dem Ende zuneigt, lohnt sich ein Blick zur\u00fcck. Jetzt Video anschauen!\" \/>\n<meta property=\"og:url\" content=\"https:\/\/skan.com\/de\/forget-about-isolators\/\" \/>\n<meta property=\"og:site_name\" content=\"SKAN\" \/>\n<meta property=\"article:modified_time\" content=\"2025-12-10T09:06:22+00:00\" \/>\n<meta name=\"twitter:card\" content=\"summary_large_image\" \/>\n<script type=\"application\/ld+json\" class=\"yoast-schema-graph\">{\"@context\":\"https:\/\/schema.org\",\"@graph\":[{\"@type\":\"WebPage\",\"@id\":\"https:\/\/skan.com\/de\/forget-about-isolators\/\",\"url\":\"https:\/\/skan.com\/de\/forget-about-isolators\/\",\"name\":\"Frohe Weihnachten und ein gutes neues Jahr! SKAN Group\",\"isPartOf\":{\"@id\":\"https:\/\/skan.com\/de\/#website\"},\"datePublished\":\"2021-12-16T13:04:23+00:00\",\"dateModified\":\"2025-12-10T09:06:22+00:00\",\"description\":\"Wenn sich 2025 dem Ende zuneigt, lohnt sich ein Blick zur\u00fcck. Jetzt Video anschauen!\",\"breadcrumb\":{\"@id\":\"https:\/\/skan.com\/de\/forget-about-isolators\/#breadcrumb\"},\"inLanguage\":\"de\",\"potentialAction\":[{\"@type\":\"ReadAction\",\"target\":[\"https:\/\/skan.com\/de\/forget-about-isolators\/\"]}]},{\"@type\":\"BreadcrumbList\",\"@id\":\"https:\/\/skan.com\/de\/forget-about-isolators\/#breadcrumb\",\"itemListElement\":[{\"@type\":\"ListItem\",\"position\":1,\"name\":\"Home\",\"item\":\"https:\/\/skan.com\/de\/\"},{\"@type\":\"ListItem\",\"position\":2,\"name\":\"Forget about isolators\"}]},{\"@type\":\"WebSite\",\"@id\":\"https:\/\/skan.com\/de\/#website\",\"url\":\"https:\/\/skan.com\/de\/\",\"name\":\"SKAN\",\"description\":\"Ihr Partner f\u00fcr Forschungslaboratorien\",\"potentialAction\":[{\"@type\":\"SearchAction\",\"target\":{\"@type\":\"EntryPoint\",\"urlTemplate\":\"https:\/\/skan.com\/de\/?s={search_term_string}\"},\"query-input\":{\"@type\":\"PropertyValueSpecification\",\"valueRequired\":true,\"valueName\":\"search_term_string\"}}],\"inLanguage\":\"de\"}]}<\/script>\n<!-- \/ Yoast SEO plugin. -->","yoast_head_json":{"title":"Frohe Weihnachten und ein gutes neues Jahr! SKAN Group","description":"Wenn sich 2025 dem Ende zuneigt, lohnt sich ein Blick zur\u00fcck. Jetzt Video anschauen!","robots":{"index":"index","follow":"follow","max-snippet":"max-snippet:-1","max-image-preview":"max-image-preview:large","max-video-preview":"max-video-preview:-1"},"canonical":"https:\/\/skan.com\/de\/forget-about-isolators\/","og_locale":"de_DE","og_type":"article","og_title":"Frohe Weihnachten und ein gutes neues Jahr! SKAN Group","og_description":"Wenn sich 2025 dem Ende zuneigt, lohnt sich ein Blick zur\u00fcck. Jetzt Video anschauen!","og_url":"https:\/\/skan.com\/de\/forget-about-isolators\/","og_site_name":"SKAN","article_modified_time":"2025-12-10T09:06:22+00:00","twitter_card":"summary_large_image","schema":{"@context":"https:\/\/schema.org","@graph":[{"@type":"WebPage","@id":"https:\/\/skan.com\/de\/forget-about-isolators\/","url":"https:\/\/skan.com\/de\/forget-about-isolators\/","name":"Frohe Weihnachten und ein gutes neues Jahr! SKAN Group","isPartOf":{"@id":"https:\/\/skan.com\/de\/#website"},"datePublished":"2021-12-16T13:04:23+00:00","dateModified":"2025-12-10T09:06:22+00:00","description":"Wenn sich 2025 dem Ende zuneigt, lohnt sich ein Blick zur\u00fcck. Jetzt Video anschauen!","breadcrumb":{"@id":"https:\/\/skan.com\/de\/forget-about-isolators\/#breadcrumb"},"inLanguage":"de","potentialAction":[{"@type":"ReadAction","target":["https:\/\/skan.com\/de\/forget-about-isolators\/"]}]},{"@type":"BreadcrumbList","@id":"https:\/\/skan.com\/de\/forget-about-isolators\/#breadcrumb","itemListElement":[{"@type":"ListItem","position":1,"name":"Home","item":"https:\/\/skan.com\/de\/"},{"@type":"ListItem","position":2,"name":"Forget about isolators"}]},{"@type":"WebSite","@id":"https:\/\/skan.com\/de\/#website","url":"https:\/\/skan.com\/de\/","name":"SKAN","description":"Ihr Partner f\u00fcr Forschungslaboratorien","potentialAction":[{"@type":"SearchAction","target":{"@type":"EntryPoint","urlTemplate":"https:\/\/skan.com\/de\/?s={search_term_string}"},"query-input":{"@type":"PropertyValueSpecification","valueRequired":true,"valueName":"search_term_string"}}],"inLanguage":"de"}]}},"_links":{"self":[{"href":"https:\/\/skan.com\/de\/wp-json\/wp\/v2\/pages\/18492","targetHints":{"allow":["GET"]}}],"collection":[{"href":"https:\/\/skan.com\/de\/wp-json\/wp\/v2\/pages"}],"about":[{"href":"https:\/\/skan.com\/de\/wp-json\/wp\/v2\/types\/page"}],"author":[{"embeddable":true,"href":"https:\/\/skan.com\/de\/wp-json\/wp\/v2\/users\/5"}],"replies":[{"embeddable":true,"href":"https:\/\/skan.com\/de\/wp-json\/wp\/v2\/comments?post=18492"}],"version-history":[{"count":220,"href":"https:\/\/skan.com\/de\/wp-json\/wp\/v2\/pages\/18492\/revisions"}],"predecessor-version":[{"id":43060,"href":"https:\/\/skan.com\/de\/wp-json\/wp\/v2\/pages\/18492\/revisions\/43060"}],"wp:attachment":[{"href":"https:\/\/skan.com\/de\/wp-json\/wp\/v2\/media?parent=18492"}],"curies":[{"name":"wp","href":"https:\/\/api.w.org\/{rel}","templated":true}]}}